{"id":100,"date":"2025-03-06T14:52:41","date_gmt":"2025-03-06T13:52:41","guid":{"rendered":"https:\/\/bibart.inha.fr\/?page_id=100"},"modified":"2025-08-21T17:43:11","modified_gmt":"2025-08-21T15:43:11","slug":"politique-de-confidentialite-2","status":"publish","type":"page","link":"https:\/\/portail.reseaubibart.inha.fr\/?page_id=100","title":{"rendered":"Politique de confidentialit\u00e9"},"content":{"rendered":"\n<h2 class=\"wp-block-heading\">Propri\u00e9taire du site :<\/h2>\n\n\n\n<p>Institut national d\u2019histoire de l\u2019art (INHA)<br>2, rue Vivienne<br>75002 Paris<br>T\u00e9l : +33 (0)1 47 03 86 04 ou 89 00<\/p>\n\n\n\n<p>Directeur de la publication : , directeur g\u00e9n\u00e9ral de l\u2019INHA<\/p>\n\n\n\n<p>Responsable de la r\u00e9daction : J\u00e9r\u00f4me Bessi\u00e8re, directeur de la biblioth\u00e8que de l\u2019INHA<\/p>\n\n\n\n<p>H\u00e9bergement : service des Syst\u00e8mes d\u2019information de l\u2019INHA<\/p>\n\n\n\n<h2 class=\"wp-block-heading\">Disponibilit\u00e9 du service<\/h2>\n\n\n\n<p>L\u2019INHA s\u2019efforce d\u2019ouvrir l\u2019acc\u00e8s au site 24 heures sur 24, 7 jours sur 7, sauf en cas de force majeure et sous r\u00e9serve d\u2019\u00e9ventuelles pannes et d\u2019interventions de maintenance. L\u2019INHA peut \u00eatre amen\u00e9 \u00e0 interrompre le site ou une partie des services, \u00e0 tout moment et sans pr\u00e9avis.<\/p>\n\n\n\n<p>La responsabilit\u00e9 de l\u2019INHA ne saurait \u00eatre engag\u00e9e en cas d\u2019impossibilit\u00e9 d\u2019acc\u00e8s au site ou d\u2019utilisation de ces services.<\/p>\n\n\n\n<h2 class=\"wp-block-heading\">Informations contenues sur ce site<\/h2>\n\n\n\n<p>Les informations figurant sur le site proviennent de sources consid\u00e9r\u00e9es comme \u00e9tant fiables. Toutefois, elles sont susceptibles de contenir des erreurs que l\u2019INHA se r\u00e9serve le droit de corriger d\u00e8s qu\u2019elles sont port\u00e9es \u00e0 sa connaissance. Les informations disponibles sur le site sont susceptibles d\u2019\u00eatre modifi\u00e9es \u00e0 tout moment, et peuvent avoir fait l\u2019objet de mises \u00e0 jour depuis leur derni\u00e8re consultation.<\/p>\n\n\n\n<p>Les sites internet ou informations tierces r\u00e9f\u00e9renc\u00e9es sur le site par des liens ont \u00e9t\u00e9 s\u00e9lectionn\u00e9s et mis \u00e0 disposition des utilisateurs \u00e0 titre d\u2019information. Malgr\u00e9 le soin apport\u00e9 \u00e0 leur s\u00e9lection, ceux-ci peuvent contenir des informations inexactes ou sujettes \u00e0 interpr\u00e9tation.<\/p>\n\n\n\n<p>L\u2019INHA ne pourra en aucun cas \u00eatre tenu responsable de tout dommage de quelque nature qu\u2019il soit r\u00e9sultant de l\u2019interpr\u00e9tation ou de l\u2019utilisation des informations disponibles sur le site ou sur les sites tiers.<\/p>\n\n\n\n<h2 class=\"wp-block-heading\">Utilisation de t\u00e9moins (\u00ab cookies \u00bb)<\/h2>\n\n\n\n<p>Ce site est dot\u00e9 d\u2019un outil statistique destin\u00e9 \u00e0 mesurer le nombre de visites, de mani\u00e8re \u00e0 am\u00e9liorer la navigation et le contenu. Certaines pages peuvent contenir un marqueur t\u00e9moin (\u00ab cookie \u00bb) qui recueille des informations. Aucune information nominative n\u2019est enregistr\u00e9e et les adresses IP sont anonymis\u00e9es. Ces donn\u00e9es sont conserv\u00e9es 12 mois.<\/p>\n\n\n\n<p>Vous pouvez refuser l\u2019enregistrement des donn\u00e9es recueillies en modifiant la configuration de votre navigateur internet ou en cliquant sur le lien disponible en bas de cette page (pour ce site uniquement), de mani\u00e8re \u00e0 autoriser ou non l\u2019enregistrement de cookies. Accepter ou refuser les cookies n\u2019a pas d\u2019incidence sur la qualit\u00e9 de la navigation sur le site. Pour vous opposer \u00e0 l\u2019enregistrement de cookies ou \u00eatre pr\u00e9venu avant d\u2019accepter les cookies, nous vous recommandons la lecture de la rubrique d\u2019aide de votre navigateur qui vous pr\u00e9cisera la marche \u00e0 suivre.<\/p>\n","protected":false},"excerpt":{"rendered":"<p>Propri\u00e9taire du site : Institut national d\u2019histoire de l\u2019art (INHA)2, rue Vivienne75002 ParisT\u00e9l : +33 (0)1 47 03 86 04 ou 89 00 Directeur de la publication : , directeur g\u00e9n\u00e9ral de l\u2019INHA Responsable de la r\u00e9daction : J\u00e9r\u00f4me Bessi\u00e8re, directeur de la biblioth\u00e8que de l\u2019INHA H\u00e9bergement : service des Syst\u00e8mes d\u2019information de l\u2019INHA Disponibilit\u00e9 [&hellip;]<\/p>\n","protected":false},"author":1,"featured_media":0,"parent":0,"menu_order":0,"comment_status":"closed","ping_status":"closed","template":"","meta":{"footnotes":""},"class_list":["post-100","page","type-page","status-publish","hentry"],"_links":{"self":[{"href":"https:\/\/portail.reseaubibart.inha.fr\/index.php?rest_route=\/wp\/v2\/pages\/100","targetHints":{"allow":["GET"]}}],"collection":[{"href":"https:\/\/portail.reseaubibart.inha.fr\/index.php?rest_route=\/wp\/v2\/pages"}],"about":[{"href":"https:\/\/portail.reseaubibart.inha.fr\/index.php?rest_route=\/wp\/v2\/types\/page"}],"author":[{"embeddable":true,"href":"https:\/\/portail.reseaubibart.inha.fr\/index.php?rest_route=\/wp\/v2\/users\/1"}],"replies":[{"embeddable":true,"href":"https:\/\/portail.reseaubibart.inha.fr\/index.php?rest_route=%2Fwp%2Fv2%2Fcomments&post=100"}],"version-history":[{"count":2,"href":"https:\/\/portail.reseaubibart.inha.fr\/index.php?rest_route=\/wp\/v2\/pages\/100\/revisions"}],"predecessor-version":[{"id":3358,"href":"https:\/\/portail.reseaubibart.inha.fr\/index.php?rest_route=\/wp\/v2\/pages\/100\/revisions\/3358"}],"wp:attachment":[{"href":"https:\/\/portail.reseaubibart.inha.fr\/index.php?rest_route=%2Fwp%2Fv2%2Fmedia&parent=100"}],"curies":[{"name":"wp","href":"https:\/\/api.w.org\/{rel}","templated":true}]}}