{"id":1143,"date":"2025-04-07T10:31:14","date_gmt":"2025-04-07T08:31:14","guid":{"rendered":"https:\/\/bibart.inha.fr\/?page_id=1143"},"modified":"2025-06-16T14:53:35","modified_gmt":"2025-06-16T12:53:35","slug":"ecole-nationale-superieure-darchitecture-de-lyon","status":"publish","type":"page","link":"https:\/\/portail.reseaubibart.inha.fr\/?page_id=1143","title":{"rendered":"\u00c9cole nationale sup\u00e9rieure d&rsquo;architecture de Lyon"},"content":{"rendered":"\n<p><strong>Ensa Lyon<\/strong><\/p>\n\n\n\n<figure class=\"wp-block-image aligncenter size-full is-resized\"><img loading=\"lazy\" decoding=\"async\" width=\"666\" height=\"257\" src=\"https:\/\/bibart.inha.fr\/wp-content\/uploads\/2025\/04\/Logo_ENSA_Lyon.png\" alt=\"\" class=\"wp-image-1153\" style=\"width:174px;height:auto\" srcset=\"https:\/\/portail.reseaubibart.inha.fr\/wp-content\/uploads\/2025\/04\/Logo_ENSA_Lyon.png 666w, https:\/\/portail.reseaubibart.inha.fr\/wp-content\/uploads\/2025\/04\/Logo_ENSA_Lyon-300x116.png 300w\" sizes=\"auto, (max-width: 666px) 100vw, 666px\" \/><\/figure>\n\n\n\n<div class=\"wp-block-group has-global-padding is-layout-constrained wp-block-group-is-layout-constrained\">\n<div class=\"wp-block-group has-global-padding is-layout-constrained wp-block-group-is-layout-constrained\">\n<h2 class=\"wp-block-heading\">Coordonn\u00e9es<\/h2>\n\n\n\n<p class=\"has-accent-5-background-color has-background\"><span class=\"wp-rich-text-font-awesome-icon wp-font-awesome-icon\"><svg aria-hidden=\"true\" focusable=\"false\" data-prefix=\"fas\" data-icon=\"house\" class=\"svg-inline--fa fa-house \" role=\"img\" xmlns=\"http:\/\/www.w3.org\/2000\/svg\" viewBox=\"0 0 576 512\"><path fill=\"currentColor\" d=\"M575.8 255.5c0 18-15 32.1-32 32.1l-32 0 .7 160.2c0 2.7-.2 5.4-.5 8.1l0 16.2c0 22.1-17.9 40-40 40l-16 0c-1.1 0-2.2 0-3.3-.1c-1.4 .1-2.8 .1-4.2 .1L416 512l-24 0c-22.1 0-40-17.9-40-40l0-24 0-64c0-17.7-14.3-32-32-32l-64 0c-17.7 0-32 14.3-32 32l0 64 0 24c0 22.1-17.9 40-40 40l-24 0-31.9 0c-1.5 0-3-.1-4.5-.2c-1.2 .1-2.4 .2-3.6 .2l-16 0c-22.1 0-40-17.9-40-40l0-112c0-.9 0-1.9 .1-2.8l0-69.7-32 0c-18 0-32-14-32-32.1c0-9 3-17 10-24L266.4 8c7-7 15-8 22-8s15 2 21 7L564.8 231.5c8 7 12 15 11 24z\"><\/path><\/svg><\/span> <strong>Adresse <\/strong>: 3 rue Maurice Audin BP 170, 69512 Vaulx-en-Velin Cedex<br><span class=\"wp-rich-text-font-awesome-icon wp-font-awesome-icon\"><svg aria-hidden=\"true\" focusable=\"false\" data-prefix=\"fas\" data-icon=\"phone\" class=\"svg-inline--fa fa-phone \" role=\"img\" xmlns=\"http:\/\/www.w3.org\/2000\/svg\" viewBox=\"0 0 512 512\"><path fill=\"currentColor\" d=\"M164.9 24.6c-7.7-18.6-28-28.5-47.4-23.2l-88 24C12.1 30.2 0 46 0 64C0 311.4 200.6 512 448 512c18 0 33.8-12.1 38.6-29.5l24-88c5.3-19.4-4.6-39.7-23.2-47.4l-96-40c-16.3-6.8-35.2-2.1-46.3 11.6L304.7 368C234.3 334.7 177.3 277.7 144 207.3L193.3 167c13.7-11.2 18.4-30 11.6-46.3l-40-96z\"><\/path><\/svg><\/span> <strong>T\u00e9l\u00e9phone<\/strong> : 04-78-79-50-77<\/p>\n<\/div>\n\n\n\n<div class=\"wp-block-buttons is-content-justification-center is-layout-flex wp-container-core-buttons-is-layout-a89b3969 wp-block-buttons-is-layout-flex\">\n<div class=\"wp-block-button\"><a class=\"wp-block-button__link wp-element-button\" href=\"mailto: bibliotheque@lyon.archi.fr\"><span class=\"wp-rich-text-font-awesome-icon wp-font-awesome-icon\"><svg aria-hidden=\"true\" focusable=\"false\" data-prefix=\"fas\" data-icon=\"envelope\" class=\"svg-inline--fa fa-envelope \" role=\"img\" xmlns=\"http:\/\/www.w3.org\/2000\/svg\" viewBox=\"0 0 512 512\"><path fill=\"currentColor\" d=\"M48 64C21.5 64 0 85.5 0 112c0 15.1 7.1 29.3 19.2 38.4L236.8 313.6c11.4 8.5 27 8.5 38.4 0L492.8 150.4c12.1-9.1 19.2-23.3 19.2-38.4c0-26.5-21.5-48-48-48L48 64zM0 176L0 384c0 35.3 28.7 64 64 64l384 0c35.3 0 64-28.7 64-64l0-208L294.4 339.2c-22.8 17.1-54 17.1-76.8 0L0 176z\"><\/path><\/svg><\/span> Courriel<\/a><\/div>\n\n\n\n<div class=\"wp-block-button\"><a class=\"wp-block-button__link wp-element-button\" href=\"http:\/\/www.lyon.archi.fr\/\" target=\"_blank\" rel=\"noreferrer noopener\"><span class=\"wp-rich-text-font-awesome-icon wp-font-awesome-icon\"><svg aria-hidden=\"true\" focusable=\"false\" data-prefix=\"fas\" data-icon=\"globe\" class=\"svg-inline--fa fa-globe \" role=\"img\" xmlns=\"http:\/\/www.w3.org\/2000\/svg\" viewBox=\"0 0 512 512\"><path fill=\"currentColor\" d=\"M352 256c0 22.2-1.2 43.6-3.3 64l-185.3 0c-2.2-20.4-3.3-41.8-3.3-64s1.2-43.6 3.3-64l185.3 0c2.2 20.4 3.3 41.8 3.3 64zm28.8-64l123.1 0c5.3 20.5 8.1 41.9 8.1 64s-2.8 43.5-8.1 64l-123.1 0c2.1-20.6 3.2-42 3.2-64s-1.1-43.4-3.2-64zm112.6-32l-116.7 0c-10-63.9-29.8-117.4-55.3-151.6c78.3 20.7 142 77.5 171.9 151.6zm-149.1 0l-176.6 0c6.1-36.4 15.5-68.6 27-94.7c10.5-23.6 22.2-40.7 33.5-51.5C239.4 3.2 248.7 0 256 0s16.6 3.2 27.8 13.8c11.3 10.8 23 27.9 33.5 51.5c11.6 26 20.9 58.2 27 94.7zm-209 0L18.6 160C48.6 85.9 112.2 29.1 190.6 8.4C165.1 42.6 145.3 96.1 135.3 160zM8.1 192l123.1 0c-2.1 20.6-3.2 42-3.2 64s1.1 43.4 3.2 64L8.1 320C2.8 299.5 0 278.1 0 256s2.8-43.5 8.1-64zM194.7 446.6c-11.6-26-20.9-58.2-27-94.6l176.6 0c-6.1 36.4-15.5 68.6-27 94.6c-10.5 23.6-22.2 40.7-33.5 51.5C272.6 508.8 263.3 512 256 512s-16.6-3.2-27.8-13.8c-11.3-10.8-23-27.9-33.5-51.5zM135.3 352c10 63.9 29.8 117.4 55.3 151.6C112.2 482.9 48.6 426.1 18.6 352l116.7 0zm358.1 0c-30 74.1-93.6 130.9-171.9 151.6c25.5-34.2 45.2-87.7 55.3-151.6l116.7 0z\"><\/path><\/svg><\/span> Site internet<\/a><\/div>\n<\/div>\n<\/div>\n\n\n\n<h2 class=\"wp-block-heading\">Informations compl\u00e9mentaires<\/h2>\n\n\n\n<p>M\u00e9diath\u00e8que<\/p>\n\n\n\n<p><strong>R\u00e9seau <\/strong>: ArchiR\u00e8s<\/p>\n\n\n\n<p><strong>R\u00e9gion <\/strong>: Auvergne \/ Rh\u00f4ne-Alpes<\/p>\n\n\n\n<p><strong>D\u00e9partement <\/strong>: Rh\u00f4ne (69)<\/p>\n\n\n\n<p><strong>RCR Sudoc<\/strong> : 692562302<\/p>\n\n\n\n<p><strong>Type d&rsquo;\u00e9tablissement<\/strong> : \u00c9cole d&rsquo;architecture<\/p>\n\n\n\n<p><strong>Date de cr\u00e9ation<\/strong> : 1988<\/p>\n\n\n\n<p><strong>Historique <\/strong>: Initialement install\u00e9e au palais des Beaux-Arts de Lyon, puis \u00e0 Ecully, l&rsquo;ENSAL s&rsquo;est implant\u00e9e \u00e0 Vaulx-en-Velin. Le b\u00e2timent de l\u2019ENSAL est n\u00e9 d\u2019une commande publique port\u00e9e par le directeur de l&rsquo;architecture au minist\u00e8re de l&rsquo;urbanisme et du logement de l\u2019\u00e9poque &#8211; Jean-Pierre Duport &#8211; apr\u00e8s qu\u2019un incendie ait ravag\u00e9 en 1976, les locaux de l\u2019\u00c9cole, alors situ\u00e9e \u00e0 Saint-Just. Le concours pour la construction d\u2019un b\u00e2timent devant \u00eatre exemplaire par sa conception, est remport\u00e9 en 1982 par deux jeunes architectes, dipl\u00f4m\u00e9s quatre ans plus t\u00f4t de l\u2019\u00c9cole, face \u00e0 huit autres agences nationales et internationales. Le projet de Fran\u00e7oise-H\u00e9l\u00e8ne Jourda et Gilles Perraudin fait la part belle \u00e0 la lumi\u00e8re et valorise des mat\u00e9riaux bruts, le b\u00e9ton et le verre, avec une structure aux lignes \u00e9pur\u00e9es, construite autour d\u2019un axe central : \u00ab\u00a0La Rue\u00a0\u00bb. Cette rue est une v\u00e9ritable colonne vert\u00e9brale qui a permis une distribution \u00e9quilibr\u00e9e des espaces et a donn\u00e9 \u00e0 l\u2019\u00e9cole l\u2019aspect d\u2019une petite ville o\u00f9 se croisent \u00e9tudiants, chercheurs, personnels enseignants et administratifs. Les salles de cours vout\u00e9es en b\u00e9ton supportent les ateliers aux fa\u00e7ades vitr\u00e9es du premier \u00e9tage. En 1987, le projet re\u00e7oit la mention sp\u00e9ciale du prix de l\u2019\u00c9querre d\u2019argent. Une extension a \u00e9t\u00e9 construite dans le prolongement du b\u00e2timent en 2011 pour accro\u00eetre la capacit\u00e9 d\u2019accueil de l\u2019\u00e9cole. Le b\u00e2timent a \u00e9t\u00e9 labellis\u00e9 \u00ab\u00a0Architecture contemporaine remarquable\u00a0\u00bben 2020 par le Minist\u00e8re de la culture.<\/p>\n\n\n\n<p><strong>SIGB <\/strong>: Koha<\/p>\n\n\n\n<p><strong>Catalogue collectif<\/strong> : SUDOC<\/p>\n\n\n\n<h2 class=\"wp-block-heading\">Acc\u00e8s et services<\/h2>\n\n\n\n<p><strong>Horaires <\/strong>: lundi : 13h &#8211; 16h45 ; mardi : 09h &#8211; 16h45 ; mercredi en drive uniquement : 9h30 &#8211; 16h45 ; jeudi : 10h &#8211; 17h45 ; vendredi : 9h &#8211; 16h45<\/p>\n\n\n\n<p><strong>Public <\/strong>: \u00c9tudiants niveau licence, \u00c9tudiants niveau master et doctorat, Enseignants-chercheurs, Professionnels<\/p>\n\n\n\n<p><strong>Inscription <\/strong>: Acc\u00e8s sur inscription, Acc\u00e8s sans rendez-vous<\/p>\n\n\n\n<p><strong>Services <\/strong>: Catalogue en ligne, Acc\u00e8s internet, Reproduction, Pr\u00eat \u00e0 domicile, Pr\u00eat entre biblioth\u00e8ques<\/p>\n\n\n\n<p><strong>Site Affluences<\/strong> : Non<\/p>\n\n\n\n<h2 class=\"wp-block-heading\">Collections<\/h2>\n\n\n\n<p><strong>Domaine principal<\/strong> : Architecture, Arts d\u00e9coratifs-Design<\/p>\n\n\n\n<p><strong>Description des collections<\/strong> : La m\u00e9diath\u00e8que de l&rsquo;\u00e9cole nationale sup\u00e9rieure d&rsquo;architecture de Lyon offre un important fonds de r\u00e9f\u00e9rence dans les domaines de l&rsquo;architecture, de la construction, de l&rsquo;urbanisme, de l&rsquo;habitat, du paysage et de l&rsquo;histoire de l&rsquo;art. La collection rassemble un peu plus de 14 500 ouvrages, 110 titres de revues et 1 800 travaux d\u2019\u00e9tudiants. Des ouvrages num\u00e9riques sont aussi disponibles pour les etudiant.e.s et enseignant.e.s de l&rsquo;ENSAL. Un fonds ancien est conserv\u00e9 et consultable sur place.<\/p>\n\n\n\n<p><strong>Types de documents<\/strong> : Imprim\u00e9s courants, Documents audiovisuels, Ressources \u00e9lectroniques, Biblioth\u00e8que num\u00e9rique<\/p>\n\n\n\n<p><strong>P\u00e9riodes <\/strong>: Toutes p\u00e9riodes<\/p>\n\n\n\n<p><strong>Aires g\u00e9ographiques<\/strong> : Monde<\/p>\n\n\n\n<h2 class=\"wp-block-heading\">Voir sur la carte<\/h2>\n\n\n\n<div class=\"wp-block-columns is-layout-flex wp-container-core-columns-is-layout-28f84493 wp-block-columns-is-layout-flex\">\n<div class=\"wp-block-column is-layout-flow wp-block-column-is-layout-flow\">\n<iframe loading=\"lazy\" width=\"800\" height=\"600\" src=\"https:\/\/reseaubibart.inha.fr\/map?iframe=1&#038;noheader=1#\/fiche\/Cole-nationale-superieure-darchitecture-de-Lyon-ENSA-Lyon\/6q\/bnu@45.780,4.902,14z?cat=all\" frameborder=\"0\" marginheight=\"0\" marginwidth=\"0\"><\/iframe>\n<\/div>\n<\/div>\n","protected":false},"excerpt":{"rendered":"<p>Ensa Lyon Coordonn\u00e9es Adresse : 3 rue Maurice Audin BP 170, 69512 Vaulx-en-Velin Cedex T\u00e9l\u00e9phone : 04-78-79-50-77 Informations compl\u00e9mentaires M\u00e9diath\u00e8que R\u00e9seau : ArchiR\u00e8s R\u00e9gion : Auvergne \/ Rh\u00f4ne-Alpes D\u00e9partement : Rh\u00f4ne (69) RCR Sudoc : 692562302 Type d&rsquo;\u00e9tablissement : \u00c9cole d&rsquo;architecture Date de cr\u00e9ation : 1988 Historique : Initialement install\u00e9e au palais des Beaux-Arts de [&hellip;]<\/p>\n","protected":false},"author":1,"featured_media":0,"parent":25,"menu_order":2,"comment_status":"closed","ping_status":"closed","template":"","meta":{"footnotes":""},"class_list":["post-1143","page","type-page","status-publish","hentry"],"_links":{"self":[{"href":"https:\/\/portail.reseaubibart.inha.fr\/index.php?rest_route=\/wp\/v2\/pages\/1143","targetHints":{"allow":["GET"]}}],"collection":[{"href":"https:\/\/portail.reseaubibart.inha.fr\/index.php?rest_route=\/wp\/v2\/pages"}],"about":[{"href":"https:\/\/portail.reseaubibart.inha.fr\/index.php?rest_route=\/wp\/v2\/types\/page"}],"author":[{"embeddable":true,"href":"https:\/\/portail.reseaubibart.inha.fr\/index.php?rest_route=\/wp\/v2\/users\/1"}],"replies":[{"embeddable":true,"href":"https:\/\/portail.reseaubibart.inha.fr\/index.php?rest_route=%2Fwp%2Fv2%2Fcomments&post=1143"}],"version-history":[{"count":6,"href":"https:\/\/portail.reseaubibart.inha.fr\/index.php?rest_route=\/wp\/v2\/pages\/1143\/revisions"}],"predecessor-version":[{"id":2744,"href":"https:\/\/portail.reseaubibart.inha.fr\/index.php?rest_route=\/wp\/v2\/pages\/1143\/revisions\/2744"}],"up":[{"embeddable":true,"href":"https:\/\/portail.reseaubibart.inha.fr\/index.php?rest_route=\/wp\/v2\/pages\/25"}],"wp:attachment":[{"href":"https:\/\/portail.reseaubibart.inha.fr\/index.php?rest_route=%2Fwp%2Fv2%2Fmedia&parent=1143"}],"curies":[{"name":"wp","href":"https:\/\/api.w.org\/{rel}","templated":true}]}}