{"id":1213,"date":"2025-04-11T10:24:23","date_gmt":"2025-04-11T08:24:23","guid":{"rendered":"https:\/\/bibart.inha.fr\/?page_id=1213"},"modified":"2025-06-17T11:46:35","modified_gmt":"2025-06-17T09:46:35","slug":"ecole-dart-et-de-design-dorleans","status":"publish","type":"page","link":"https:\/\/portail.reseaubibart.inha.fr\/?page_id=1213","title":{"rendered":"\u00c9cole d&rsquo;art et de design d&rsquo;Orl\u00e9ans"},"content":{"rendered":"\n<p><strong>ESAD Orl\u00e9ans<\/strong><\/p>\n\n\n\n<figure class=\"wp-block-image aligncenter size-full is-resized\"><img decoding=\"async\" src=\"https:\/\/bibart.inha.fr\/wp-content\/uploads\/2025\/04\/Logo_esad_orleans.jpg\" alt=\"\" class=\"wp-image-1265\" style=\"width:186px;height:auto\"\/><\/figure>\n\n\n\n<div class=\"wp-block-group has-global-padding is-layout-constrained wp-block-group-is-layout-constrained\">\n<div class=\"wp-block-group has-global-padding is-layout-constrained wp-block-group-is-layout-constrained\">\n<h2 class=\"wp-block-heading\">Coordonn\u00e9es<\/h2>\n\n\n\n<p class=\"has-accent-5-background-color has-background\"><span class=\"wp-rich-text-font-awesome-icon wp-font-awesome-icon\"><svg aria-hidden=\"true\" focusable=\"false\" data-prefix=\"fas\" data-icon=\"house\" class=\"svg-inline--fa fa-house \" role=\"img\" xmlns=\"http:\/\/www.w3.org\/2000\/svg\" viewBox=\"0 0 576 512\"><path fill=\"currentColor\" d=\"M575.8 255.5c0 18-15 32.1-32 32.1l-32 0 .7 160.2c0 2.7-.2 5.4-.5 8.1l0 16.2c0 22.1-17.9 40-40 40l-16 0c-1.1 0-2.2 0-3.3-.1c-1.4 .1-2.8 .1-4.2 .1L416 512l-24 0c-22.1 0-40-17.9-40-40l0-24 0-64c0-17.7-14.3-32-32-32l-64 0c-17.7 0-32 14.3-32 32l0 64 0 24c0 22.1-17.9 40-40 40l-24 0-31.9 0c-1.5 0-3-.1-4.5-.2c-1.2 .1-2.4 .2-3.6 .2l-16 0c-22.1 0-40-17.9-40-40l0-112c0-.9 0-1.9 .1-2.8l0-69.7-32 0c-18 0-32-14-32-32.1c0-9 3-17 10-24L266.4 8c7-7 15-8 22-8s15 2 21 7L564.8 231.5c8 7 12 15 11 24z\"><\/path><\/svg><\/span> <strong>Adresse <\/strong>: 14 rue Dupanloup &#8211; 45000 Orl\u00e9ans France<br><span class=\"wp-rich-text-font-awesome-icon wp-font-awesome-icon\"><svg aria-hidden=\"true\" focusable=\"false\" data-prefix=\"fas\" data-icon=\"phone\" class=\"svg-inline--fa fa-phone \" role=\"img\" xmlns=\"http:\/\/www.w3.org\/2000\/svg\" viewBox=\"0 0 512 512\"><path fill=\"currentColor\" d=\"M164.9 24.6c-7.7-18.6-28-28.5-47.4-23.2l-88 24C12.1 30.2 0 46 0 64C0 311.4 200.6 512 448 512c18 0 33.8-12.1 38.6-29.5l24-88c5.3-19.4-4.6-39.7-23.2-47.4l-96-40c-16.3-6.8-35.2-2.1-46.3 11.6L304.7 368C234.3 334.7 177.3 277.7 144 207.3L193.3 167c13.7-11.2 18.4-30 11.6-46.3l-40-96z\"><\/path><\/svg><\/span> <strong>T\u00e9l\u00e9phone<\/strong> : 02-38-79-21-96<\/p>\n<\/div>\n\n\n\n<div class=\"wp-block-buttons is-content-justification-center is-layout-flex wp-container-core-buttons-is-layout-a89b3969 wp-block-buttons-is-layout-flex\">\n<div class=\"wp-block-button\"><a class=\"wp-block-button__link wp-element-button\" href=\"mailto:  biblio@esad-orleans.fr\"><span class=\"wp-rich-text-font-awesome-icon wp-font-awesome-icon\"><svg aria-hidden=\"true\" focusable=\"false\" data-prefix=\"fas\" data-icon=\"envelope\" class=\"svg-inline--fa fa-envelope \" role=\"img\" xmlns=\"http:\/\/www.w3.org\/2000\/svg\" viewBox=\"0 0 512 512\"><path fill=\"currentColor\" d=\"M48 64C21.5 64 0 85.5 0 112c0 15.1 7.1 29.3 19.2 38.4L236.8 313.6c11.4 8.5 27 8.5 38.4 0L492.8 150.4c12.1-9.1 19.2-23.3 19.2-38.4c0-26.5-21.5-48-48-48L48 64zM0 176L0 384c0 35.3 28.7 64 64 64l384 0c35.3 0 64-28.7 64-64l0-208L294.4 339.2c-22.8 17.1-54 17.1-76.8 0L0 176z\"><\/path><\/svg><\/span> Courriel<\/a><\/div>\n\n\n\n<div class=\"wp-block-button\"><a class=\"wp-block-button__link wp-element-button\" href=\"https:\/\/esadorleans.fr\/ecole\/bibliotheque-esad-orleans\/\" target=\"_blank\" rel=\"noreferrer noopener\"><span class=\"wp-rich-text-font-awesome-icon wp-font-awesome-icon\"><svg aria-hidden=\"true\" focusable=\"false\" data-prefix=\"fas\" data-icon=\"globe\" class=\"svg-inline--fa fa-globe \" role=\"img\" xmlns=\"http:\/\/www.w3.org\/2000\/svg\" viewBox=\"0 0 512 512\"><path fill=\"currentColor\" d=\"M352 256c0 22.2-1.2 43.6-3.3 64l-185.3 0c-2.2-20.4-3.3-41.8-3.3-64s1.2-43.6 3.3-64l185.3 0c2.2 20.4 3.3 41.8 3.3 64zm28.8-64l123.1 0c5.3 20.5 8.1 41.9 8.1 64s-2.8 43.5-8.1 64l-123.1 0c2.1-20.6 3.2-42 3.2-64s-1.1-43.4-3.2-64zm112.6-32l-116.7 0c-10-63.9-29.8-117.4-55.3-151.6c78.3 20.7 142 77.5 171.9 151.6zm-149.1 0l-176.6 0c6.1-36.4 15.5-68.6 27-94.7c10.5-23.6 22.2-40.7 33.5-51.5C239.4 3.2 248.7 0 256 0s16.6 3.2 27.8 13.8c11.3 10.8 23 27.9 33.5 51.5c11.6 26 20.9 58.2 27 94.7zm-209 0L18.6 160C48.6 85.9 112.2 29.1 190.6 8.4C165.1 42.6 145.3 96.1 135.3 160zM8.1 192l123.1 0c-2.1 20.6-3.2 42-3.2 64s1.1 43.4 3.2 64L8.1 320C2.8 299.5 0 278.1 0 256s2.8-43.5 8.1-64zM194.7 446.6c-11.6-26-20.9-58.2-27-94.6l176.6 0c-6.1 36.4-15.5 68.6-27 94.6c-10.5 23.6-22.2 40.7-33.5 51.5C272.6 508.8 263.3 512 256 512s-16.6-3.2-27.8-13.8c-11.3-10.8-23-27.9-33.5-51.5zM135.3 352c10 63.9 29.8 117.4 55.3 151.6C112.2 482.9 48.6 426.1 18.6 352l116.7 0zm358.1 0c-30 74.1-93.6 130.9-171.9 151.6c25.5-34.2 45.2-87.7 55.3-151.6l116.7 0z\"><\/path><\/svg><\/span> Site internet<\/a><\/div>\n<\/div>\n<\/div>\n\n\n\n<h2 class=\"wp-block-heading\">Informations compl\u00e9mentaires<\/h2>\n\n\n\n<p>Biblioth\u00e8que<\/p>\n\n\n\n<p><strong>R\u00e9seau <\/strong>: BEAR<\/p>\n\n\n\n<p><strong>R\u00e9gion <\/strong>: Bourgogne \/Franche-Comt\u00e9<\/p>\n\n\n\n<p><strong>D\u00e9partement <\/strong>: Doubs (25)<\/p>\n\n\n\n<p><strong>Type d&rsquo;\u00e9tablissement<\/strong> : \u00c9cole d&rsquo;art<\/p>\n\n\n\n<p><strong>RCR Sudoc<\/strong> : 250565108<\/p>\n\n\n\n<p><strong>Date de cr\u00e9ation<\/strong> : 1972 (batiment actuel)<\/p>\n\n\n\n<p><strong>Historique <\/strong>: L\u2019ISBA \u2013 Institut Sup\u00e9rieur des Beaux Arts de Besan\u00e7on\/Franche Comt\u00e9 est l&rsquo;h\u00e9ritier d\u2019une longue histoire qui d\u00e9bute au XVIII<sup>e<\/sup> si\u00e8cle par une Acad\u00e9mie Royale install\u00e9e en centre ville, la long\u00e9vit\u00e9 de l\u2019\u00e9cole s\u2019est poursuivie jusqu\u2019\u00e0 son installation \u00e0 la Bouloie (si\u00e8ge de la facult\u00e9 des Sciences de l\u2019Universit\u00e9 de Franche-Comt\u00e9) en 1972 dans les locaux con\u00e7us par l\u2019architecte catalan Josep Lluis Sert, \u00e0 qui l\u2019on doit \u00e9galement les b\u00e2timents de la fondation MAEGHT. Ceux-ci sont inscrits au patrimoine architectural du XXe si\u00e8cle. Toujours install\u00e9 sur ce m\u00eame site. La biblioth\u00e8que &#8211; Centre de recherche actuel a subi quelques d\u00e9m\u00e9nagements et modifications mais son histoire se d\u00e9ploie en parall\u00e8le \u00e0 celle de l&rsquo;\u00e9cole.<\/p>\n\n\n\n<p><strong>SIGB <\/strong>: Orph\u00e9e<\/p>\n\n\n\n<p><strong>Catalogue collectif<\/strong> : BEAR, SUDOC-PS<\/p>\n\n\n\n<h2 class=\"wp-block-heading\">Acc\u00e8s et services<\/h2>\n\n\n\n<p><strong>Horaires <\/strong>: De fin septembre \u00e0 d\u00e9but juillet : lundi 14h-18h \/ mardi 9h-12h et 14h-18h \/ mercredi 14h-18h\/ jeudi et vendredi 9h-12h<\/p>\n\n\n\n<p><strong>Public <\/strong>: Tout public Tout public, \u00c9tudiants niveau licence, \u00c9tudiants niveau master et doctorat, Enseignants-chercheurs, Professionnels<\/p>\n\n\n\n<p><strong>Inscription <\/strong>: Acc\u00e8s sans inscription Acc\u00e8s sans rendez-vous<\/p>\n\n\n\n<p><strong>Services <\/strong>: Catalogue en ligne, Acc\u00e8s internet, Pr\u00eat \u00e0 domicile, Pr\u00eat entre biblioth\u00e8ques, Renseignements bibliographiques \u00e0 distance<\/p>\n\n\n\n<p><strong>Communication <\/strong>: Facebook, Lettre d&rsquo;information, Intranet<\/p>\n\n\n\n<p><strong>Site Affluences<\/strong> : Non<\/p>\n\n\n\n<h2 class=\"wp-block-heading\">Collections<\/h2>\n\n\n\n<p><strong>Domaine principal<\/strong> : Architecture, Arch\u00e9ologie, Peinture, Sculpture, Arts graphiques, Arts d\u00e9coratifs et design, Photographie, Arts du spectacle-cin\u00e9ma, Arts de la Performance<\/p>\n\n\n\n<p><strong>Collections notables<\/strong> : Fonds d&rsquo;archives, Collections sp\u00e9cialis\u00e9es<\/p>\n\n\n\n<p><strong>Collections sp\u00e9cialis\u00e9es <\/strong>: Fonds anciens patrimonial, Reproduction florale (gravure et lithographie)<\/p>\n\n\n\n<p><strong>Fonds d&rsquo;archives<\/strong> : Fonds d&rsquo;archives p\u00e9riodiques<\/p>\n\n\n\n<p><strong>Description des collections<\/strong> : Avec ses quelques 15000 titres dont plus de 300 livres d\u2019artistes et son tr\u00e8s riche fonds des revues sp\u00e9cialis\u00e9es, la biblioth\u00e8que de l\u2019ISBA est une des plus importantes du r\u00e9seau. Son fonctionnement en fait un outil p\u00e9dagogique pr\u00e9cieux. Lieu d\u2019\u00e9change et d\u2019apprentissage de la recherche, la biblioth\u00e8que est non seulement un centre de ressources documentaires incontournable mais encore un v\u00e9ritable soutien \u00e0 la cr\u00e9ation individuelle.Des plages horaires am\u00e9nag\u00e9es dans les emplois du temps permettent en cycle pr\u00e9paratoire (premi\u00e8re et deuxi\u00e8me ann\u00e9e) d\u2019utiliser pleinement ce fonds exceptionnel et l\u2019aide \u00e0 la recherche documentaire qui y est propos\u00e9e. Lieu vivant au rythme de l\u2019\u00e9cole et de sa p\u00e9dagogie, elle accompagne les projets d\u2019enseignement, les ateliers et les workshops, les conf\u00e9rences et les expositions par des pr\u00e9sentations de documents, des bibliographies et des dossiers documentaires (plus de 1000). Soucieuse d\u2019offrir les meilleurs outils, la biblioth\u00e8que b\u00e9n\u00e9ficie d\u2019un acc\u00e8s internet (wifi) et met \u00e0 disposition des \u00e9tudiants tablettes tactiles et liseuses garnies de livres et revues num\u00e9riques . \u00c9galement h\u00e9riti\u00e8re de l\u2019ancienne Acad\u00e9mie Royale, la biblioth\u00e8que est lieu de m\u00e9moire puisqu\u2019elle conserve un fonds patrimonial d\u2019ouvrages anciens datant du XVI<sup>e<\/sup> si\u00e8cle au XIX<sup>e<\/sup> si\u00e8cle sur l\u2019architecture, l\u2019arch\u00e9ologie, les arts graphiques et d\u00e9coratifs, consultables sur place. Lieu d\u2019animation, elle propose expositions, rencontres et ateliers d\u2019\u00e9criture tout au long de l\u2019ann\u00e9e.<\/p>\n\n\n\n<p><strong>Types de documents<\/strong> : Imprim\u00e9s courants, Documents patrimoniaux, Documents audiovisuels<\/p>\n\n\n\n<p><strong>P\u00e9riodes <\/strong>: XIX<sup>e<\/sup>-XXI<sup>e<\/sup> si\u00e8cles<\/p>\n\n\n\n<p><strong>Aires g\u00e9ographiques<\/strong> : Monde<\/p>\n\n\n\n<h2 class=\"wp-block-heading\">Voir sur la carte<\/h2>\n\n\n\n<div class=\"wp-block-columns is-layout-flex wp-container-core-columns-is-layout-28f84493 wp-block-columns-is-layout-flex\">\n<div class=\"wp-block-column is-layout-flow wp-block-column-is-layout-flow\">\n<iframe loading=\"lazy\" width=\"800\" height=\"600\" src=\"https:\/\/reseaubibart.inha.fr\/map?iframe=1&#038;noheader=1#\/carte\/@47.243,5.986,14z?cat=all\" frameborder=\"0\" marginheight=\"0\" marginwidth=\"0\"><\/iframe>\n<\/div>\n<\/div>\n","protected":false},"excerpt":{"rendered":"<p>ESAD Orl\u00e9ans Coordonn\u00e9es Adresse : 14 rue Dupanloup &#8211; 45000 Orl\u00e9ans France T\u00e9l\u00e9phone : 02-38-79-21-96 Informations compl\u00e9mentaires Biblioth\u00e8que R\u00e9seau : BEAR R\u00e9gion : Bourgogne \/Franche-Comt\u00e9 D\u00e9partement : Doubs (25) Type d&rsquo;\u00e9tablissement : \u00c9cole d&rsquo;art RCR Sudoc : 250565108 Date de cr\u00e9ation : 1972 (batiment actuel) Historique : L\u2019ISBA \u2013 Institut Sup\u00e9rieur des Beaux Arts de [&hellip;]<\/p>\n","protected":false},"author":1,"featured_media":0,"parent":472,"menu_order":0,"comment_status":"closed","ping_status":"closed","template":"","meta":{"footnotes":""},"class_list":["post-1213","page","type-page","status-publish","hentry"],"_links":{"self":[{"href":"https:\/\/portail.reseaubibart.inha.fr\/index.php?rest_route=\/wp\/v2\/pages\/1213","targetHints":{"allow":["GET"]}}],"collection":[{"href":"https:\/\/portail.reseaubibart.inha.fr\/index.php?rest_route=\/wp\/v2\/pages"}],"about":[{"href":"https:\/\/portail.reseaubibart.inha.fr\/index.php?rest_route=\/wp\/v2\/types\/page"}],"author":[{"embeddable":true,"href":"https:\/\/portail.reseaubibart.inha.fr\/index.php?rest_route=\/wp\/v2\/users\/1"}],"replies":[{"embeddable":true,"href":"https:\/\/portail.reseaubibart.inha.fr\/index.php?rest_route=%2Fwp%2Fv2%2Fcomments&post=1213"}],"version-history":[{"count":6,"href":"https:\/\/portail.reseaubibart.inha.fr\/index.php?rest_route=\/wp\/v2\/pages\/1213\/revisions"}],"predecessor-version":[{"id":2781,"href":"https:\/\/portail.reseaubibart.inha.fr\/index.php?rest_route=\/wp\/v2\/pages\/1213\/revisions\/2781"}],"up":[{"embeddable":true,"href":"https:\/\/portail.reseaubibart.inha.fr\/index.php?rest_route=\/wp\/v2\/pages\/472"}],"wp:attachment":[{"href":"https:\/\/portail.reseaubibart.inha.fr\/index.php?rest_route=%2Fwp%2Fv2%2Fmedia&parent=1213"}],"curies":[{"name":"wp","href":"https:\/\/api.w.org\/{rel}","templated":true}]}}