{"id":1294,"date":"2025-04-09T09:52:58","date_gmt":"2025-04-09T07:52:58","guid":{"rendered":"https:\/\/bibart.inha.fr\/?page_id=1294"},"modified":"2025-11-20T18:53:54","modified_gmt":"2025-11-20T17:53:54","slug":"cite-de-larchitecture-et-du-patrimoine-paris","status":"publish","type":"page","link":"https:\/\/portail.reseaubibart.inha.fr\/?page_id=1294","title":{"rendered":"Cit\u00e9 de l&rsquo;architecture et du patrimoine"},"content":{"rendered":"\n<figure class=\"wp-block-image aligncenter size-full is-resized\"><img loading=\"lazy\" decoding=\"async\" width=\"203\" height=\"191\" src=\"https:\/\/bibart.inha.fr\/wp-content\/uploads\/2025\/04\/Logo_Cite_de_l_architecture.jpg\" alt=\"\" class=\"wp-image-1557\" style=\"width:177px;height:auto\"\/><\/figure>\n\n\n\n<div class=\"wp-block-group has-global-padding is-layout-constrained wp-block-group-is-layout-constrained\">\n<div class=\"wp-block-group has-global-padding is-layout-constrained wp-block-group-is-layout-constrained\">\n<h2 class=\"wp-block-heading\">Coordonn\u00e9es<\/h2>\n\n\n\n<p class=\"has-accent-5-background-color has-background\"><span class=\"wp-rich-text-font-awesome-icon wp-font-awesome-icon\"><svg aria-hidden=\"true\" focusable=\"false\" data-prefix=\"fas\" data-icon=\"house\" class=\"svg-inline--fa fa-house \" role=\"img\" xmlns=\"http:\/\/www.w3.org\/2000\/svg\" viewBox=\"0 0 576 512\"><path fill=\"currentColor\" d=\"M575.8 255.5c0 18-15 32.1-32 32.1l-32 0 .7 160.2c0 2.7-.2 5.4-.5 8.1l0 16.2c0 22.1-17.9 40-40 40l-16 0c-1.1 0-2.2 0-3.3-.1c-1.4 .1-2.8 .1-4.2 .1L416 512l-24 0c-22.1 0-40-17.9-40-40l0-24 0-64c0-17.7-14.3-32-32-32l-64 0c-17.7 0-32 14.3-32 32l0 64 0 24c0 22.1-17.9 40-40 40l-24 0-31.9 0c-1.5 0-3-.1-4.5-.2c-1.2 .1-2.4 .2-3.6 .2l-16 0c-22.1 0-40-17.9-40-40l0-112c0-.9 0-1.9 .1-2.8l0-69.7-32 0c-18 0-32-14-32-32.1c0-9 3-17 10-24L266.4 8c7-7 15-8 22-8s15 2 21 7L564.8 231.5c8 7 12 15 11 24z\"><\/path><\/svg><\/span> <strong>Adresse <\/strong>: 1 place du Trocad\u00e9ro et du 11 novembre &#8211; 75116 Paris France<br><span class=\"wp-rich-text-font-awesome-icon wp-font-awesome-icon\"><svg aria-hidden=\"true\" focusable=\"false\" data-prefix=\"fas\" data-icon=\"phone\" class=\"svg-inline--fa fa-phone \" role=\"img\" xmlns=\"http:\/\/www.w3.org\/2000\/svg\" viewBox=\"0 0 512 512\"><path fill=\"currentColor\" d=\"M164.9 24.6c-7.7-18.6-28-28.5-47.4-23.2l-88 24C12.1 30.2 0 46 0 64C0 311.4 200.6 512 448 512c18 0 33.8-12.1 38.6-29.5l24-88c5.3-19.4-4.6-39.7-23.2-47.4l-96-40c-16.3-6.8-35.2-2.1-46.3 11.6L304.7 368C234.3 334.7 177.3 277.7 144 207.3L193.3 167c13.7-11.2 18.4-30 11.6-46.3l-40-96z\"><\/path><\/svg><\/span> <strong>T\u00e9l\u00e9phone<\/strong> : 01-58-51-52-68<\/p>\n<\/div>\n\n\n\n<div class=\"wp-block-buttons is-content-justification-center is-layout-flex wp-container-core-buttons-is-layout-a89b3969 wp-block-buttons-is-layout-flex\">\n<div class=\"wp-block-button\"><a class=\"wp-block-button__link wp-element-button\" href=\"mailto: documentation-mmf@citedelarchitecture.fr\"><span class=\"wp-rich-text-font-awesome-icon wp-font-awesome-icon\"><svg aria-hidden=\"true\" focusable=\"false\" data-prefix=\"fas\" data-icon=\"envelope\" class=\"svg-inline--fa fa-envelope \" role=\"img\" xmlns=\"http:\/\/www.w3.org\/2000\/svg\" viewBox=\"0 0 512 512\"><path fill=\"currentColor\" d=\"M48 64C21.5 64 0 85.5 0 112c0 15.1 7.1 29.3 19.2 38.4L236.8 313.6c11.4 8.5 27 8.5 38.4 0L492.8 150.4c12.1-9.1 19.2-23.3 19.2-38.4c0-26.5-21.5-48-48-48L48 64zM0 176L0 384c0 35.3 28.7 64 64 64l384 0c35.3 0 64-28.7 64-64l0-208L294.4 339.2c-22.8 17.1-54 17.1-76.8 0L0 176z\"><\/path><\/svg><\/span> Courriel<\/a><\/div>\n<\/div>\n<\/div>\n\n\n\n<h2 class=\"wp-block-heading\">Informations compl\u00e9mentaires<\/h2>\n\n\n\n<p>Documentation &#8211; Mus\u00e9e des monuments fran\u00e7ais<\/p>\n\n\n\n<p><strong>R\u00e9seau <\/strong>: RBMN<\/p>\n\n\n\n<p><strong>R\u00e9gion <\/strong>: Ile-de-France<\/p>\n\n\n\n<p><strong>D\u00e9partement <\/strong>: Paris (75)<\/p>\n\n\n\n<p><strong>RCR Sudoc <\/strong>: 751165214<\/p>\n\n\n\n<p><strong>Type d&rsquo;\u00e9tablissement<\/strong> : Mus\u00e9e<\/p>\n\n\n\n<p><strong>Date de cr\u00e9ation<\/strong> : 1886<\/p>\n\n\n\n<p><strong>Historique <\/strong>: La biblioth\u00e8que est cr\u00e9\u00e9e en 1886 en m\u00eame temps qu&rsquo;ouvre au public le mus\u00e9e de Sculpture Compar\u00e9e. Le fonds initial porte sur le patrimoine fran\u00e7ais en lien avec les collections du mus\u00e9e. Elle est accessible au public d\u00e8s son ouverture. Elle est \u00e9galement le lieu o\u00f9 se d\u00e9roulent les cours sur l&rsquo;architecture d&rsquo;Anatole de Baudot suite \u00e0 la cr\u00e9ation de la chaire d&rsquo;architecture fran\u00e7aise en 1887. Depuis l&rsquo;int\u00e9gration du mus\u00e9e au sein de la Cit\u00e9 de l&rsquo;architecture et du patrimoine et la cr\u00e9ation d&rsquo;une galerie d&rsquo;architecture moderne et contemporaine en 2007, la biblioth\u00e8que, au sein de la documentation du mus\u00e9e, poursuit sa politique d&rsquo;acquisition et d&rsquo;enrichissement dans les domaines de l&rsquo;architecture et du patrimoine fran\u00e7ais.<\/p>\n\n\n\n<p><strong>SIGB <\/strong>: Koha<\/p>\n\n\n\n<p><strong>Catalogue collectif <\/strong>: catalogue collectif des biblioth\u00e8ques des mus\u00e9es nationaux<\/p>\n\n\n\n<h2 class=\"wp-block-heading\">Acc\u00e8s et services<\/h2>\n\n\n\n<p><strong>Horaires <\/strong>: Sur rendez-vous<\/p>\n\n\n\n<p><strong>Public <\/strong>: Tout public<\/p>\n\n\n\n<p><strong>Inscription <\/strong>: Acc\u00e8s sans inscription, Acc\u00e8s sur rendez-vous<\/p>\n\n\n\n<p><strong>Services <\/strong>: Catalogue en ligne, Renseignements bibliographiques \u00e0 distance<\/p>\n\n\n\n<p><strong>Site Affluences <\/strong>: Non<\/p>\n\n\n\n<h2 class=\"wp-block-heading\">Collections<\/h2>\n\n\n\n<p><strong>Domaine principal <\/strong>: Architecture, Peinture, Sculpture<\/p>\n\n\n\n<p><strong>Description des collections :\u00a0 <\/strong>La biblioth\u00e8que du mus\u00e9e des monuments conserve plus de 10 000 r\u00e9f\u00e9rences d&rsquo;ouvrages et de p\u00e9riodiques se rapportant aux missions du mus\u00e9e des monuments fran\u00e7ais. Ces fonds sp\u00e9cialis\u00e9s portent principalement sur les domaines des collections du mus\u00e9e, moulages, peintures murales, architecture fran\u00e7aise et plus largement sur le patrimoine fran\u00e7ais mais \u00e9galement sur l&rsquo;histoire du palais et les expositions universelles. Les collections comprennent des monographies, des catalogues de collections et de mus\u00e9es, d&rsquo;expositions, des brochures et des tir\u00e9s \u00e0 part et plus de 30 titres de p\u00e9riodiques sp\u00e9cialis\u00e9s majoritairement en langue fran\u00e7aise.<\/p>\n\n\n\n<p><strong>Types de documents :&nbsp;<\/strong>Imprim\u00e9s courants, Documents patrimoniaux, Documents iconographiques<\/p>\n\n\n\n<p><strong>URL Biblioth\u00e8que num\u00e9rique : <\/strong><a href=\"https:\/\/ccbmn.culture.gouv.fr\/\">https:\/\/ccbmn.culture.gouv.fr\/<\/a><\/p>\n\n\n\n<p><strong>P\u00e9riodes : <\/strong>Toutes p\u00e9riodes<\/p>\n\n\n\n<p><strong>Aires g\u00e9ographiques : <\/strong>France, Europe<\/p>\n\n\n\n<h2 class=\"wp-block-heading\">Voir sur la carte<\/h2>\n\n\n\n<div class=\"wp-block-columns is-layout-flex wp-container-core-columns-is-layout-28f84493 wp-block-columns-is-layout-flex\">\n<div class=\"wp-block-column is-layout-flow wp-block-column-is-layout-flow\">\n<iframe loading=\"lazy\" width=\"800\" height=\"600\" src=\"https:\/\/reseaubibart.inha.fr\/map?iframe=1&#038;noheader=1#\/fiche\/Cite-de-larchitecture-et-du-patrimoine\/7P\/@48.862,2.269,14z?cat=all\" frameborder=\"0\" marginheight=\"0\" marginwidth=\"0\"><\/iframe>\n<\/div>\n<\/div>\n","protected":false},"excerpt":{"rendered":"<p>Coordonn\u00e9es Adresse : 1 place du Trocad\u00e9ro et du 11 novembre &#8211; 75116 Paris France T\u00e9l\u00e9phone : 01-58-51-52-68 Informations compl\u00e9mentaires Documentation &#8211; Mus\u00e9e des monuments fran\u00e7ais R\u00e9seau : RBMN R\u00e9gion : Ile-de-France D\u00e9partement : Paris (75) RCR Sudoc : 751165214 Type d&rsquo;\u00e9tablissement : Mus\u00e9e Date de cr\u00e9ation : 1886 Historique : La biblioth\u00e8que est cr\u00e9\u00e9e [&hellip;]<\/p>\n","protected":false},"author":1,"featured_media":0,"parent":21,"menu_order":0,"comment_status":"open","ping_status":"closed","template":"","meta":{"footnotes":""},"class_list":["post-1294","page","type-page","status-publish","hentry"],"_links":{"self":[{"href":"https:\/\/portail.reseaubibart.inha.fr\/index.php?rest_route=\/wp\/v2\/pages\/1294","targetHints":{"allow":["GET"]}}],"collection":[{"href":"https:\/\/portail.reseaubibart.inha.fr\/index.php?rest_route=\/wp\/v2\/pages"}],"about":[{"href":"https:\/\/portail.reseaubibart.inha.fr\/index.php?rest_route=\/wp\/v2\/types\/page"}],"author":[{"embeddable":true,"href":"https:\/\/portail.reseaubibart.inha.fr\/index.php?rest_route=\/wp\/v2\/users\/1"}],"replies":[{"embeddable":true,"href":"https:\/\/portail.reseaubibart.inha.fr\/index.php?rest_route=%2Fwp%2Fv2%2Fcomments&post=1294"}],"version-history":[{"count":5,"href":"https:\/\/portail.reseaubibart.inha.fr\/index.php?rest_route=\/wp\/v2\/pages\/1294\/revisions"}],"predecessor-version":[{"id":4535,"href":"https:\/\/portail.reseaubibart.inha.fr\/index.php?rest_route=\/wp\/v2\/pages\/1294\/revisions\/4535"}],"up":[{"embeddable":true,"href":"https:\/\/portail.reseaubibart.inha.fr\/index.php?rest_route=\/wp\/v2\/pages\/21"}],"wp:attachment":[{"href":"https:\/\/portail.reseaubibart.inha.fr\/index.php?rest_route=%2Fwp%2Fv2%2Fmedia&parent=1294"}],"curies":[{"name":"wp","href":"https:\/\/api.w.org\/{rel}","templated":true}]}}