{"id":1298,"date":"2025-04-09T09:52:59","date_gmt":"2025-04-09T07:52:59","guid":{"rendered":"https:\/\/bibart.inha.fr\/?page_id=1298"},"modified":"2025-06-19T16:26:46","modified_gmt":"2025-06-19T14:26:46","slug":"ensa-paris-est","status":"publish","type":"page","link":"https:\/\/portail.reseaubibart.inha.fr\/?page_id=1298","title":{"rendered":"\u00c9cole d&rsquo;architecture de la ville et des territoires Paris-Est"},"content":{"rendered":"\n<p><strong>ENSA Paris-Est<\/strong><\/p>\n\n\n\n<figure class=\"wp-block-image aligncenter size-full\"><img loading=\"lazy\" decoding=\"async\" width=\"221\" height=\"70\" src=\"https:\/\/bibart.inha.fr\/wp-content\/uploads\/2025\/04\/Logo_ENSA_Paris_Est.png\" alt=\"\" class=\"wp-image-1775\"\/><\/figure>\n\n\n\n<div class=\"wp-block-group has-global-padding is-layout-constrained wp-block-group-is-layout-constrained\">\n<div class=\"wp-block-group has-global-padding is-layout-constrained wp-block-group-is-layout-constrained\">\n<h2 class=\"wp-block-heading\">Coordonn\u00e9es<\/h2>\n\n\n\n<p class=\"has-accent-5-background-color has-background\"><span class=\"wp-rich-text-font-awesome-icon wp-font-awesome-icon\"><svg aria-hidden=\"true\" focusable=\"false\" data-prefix=\"fas\" data-icon=\"house\" class=\"svg-inline--fa fa-house \" role=\"img\" xmlns=\"http:\/\/www.w3.org\/2000\/svg\" viewBox=\"0 0 576 512\"><path fill=\"currentColor\" d=\"M575.8 255.5c0 18-15 32.1-32 32.1l-32 0 .7 160.2c0 2.7-.2 5.4-.5 8.1l0 16.2c0 22.1-17.9 40-40 40l-16 0c-1.1 0-2.2 0-3.3-.1c-1.4 .1-2.8 .1-4.2 .1L416 512l-24 0c-22.1 0-40-17.9-40-40l0-24 0-64c0-17.7-14.3-32-32-32l-64 0c-17.7 0-32 14.3-32 32l0 64 0 24c0 22.1-17.9 40-40 40l-24 0-31.9 0c-1.5 0-3-.1-4.5-.2c-1.2 .1-2.4 .2-3.6 .2l-16 0c-22.1 0-40-17.9-40-40l0-112c0-.9 0-1.9 .1-2.8l0-69.7-32 0c-18 0-32-14-32-32.1c0-9 3-17 10-24L266.4 8c7-7 15-8 22-8s15 2 21 7L564.8 231.5c8 7 12 15 11 24z\"><\/path><\/svg><\/span> <strong>Adresse <\/strong>: 12 avenue Blaise Pascal &#8211; 77420 Champs-sur-Marne<br><span class=\"wp-rich-text-font-awesome-icon wp-font-awesome-icon\"><svg aria-hidden=\"true\" focusable=\"false\" data-prefix=\"fas\" data-icon=\"phone\" class=\"svg-inline--fa fa-phone \" role=\"img\" xmlns=\"http:\/\/www.w3.org\/2000\/svg\" viewBox=\"0 0 512 512\"><path fill=\"currentColor\" d=\"M164.9 24.6c-7.7-18.6-28-28.5-47.4-23.2l-88 24C12.1 30.2 0 46 0 64C0 311.4 200.6 512 448 512c18 0 33.8-12.1 38.6-29.5l24-88c5.3-19.4-4.6-39.7-23.2-47.4l-96-40c-16.3-6.8-35.2-2.1-46.3 11.6L304.7 368C234.3 334.7 177.3 277.7 144 207.3L193.3 167c13.7-11.2 18.4-30 11.6-46.3l-40-96z\"><\/path><\/svg><\/span> <strong>T\u00e9l\u00e9phone<\/strong> : 01-60-95-84-38<\/p>\n<\/div>\n\n\n\n<div class=\"wp-block-buttons is-content-justification-center is-layout-flex wp-container-core-buttons-is-layout-a89b3969 wp-block-buttons-is-layout-flex\">\n<div class=\"wp-block-button\"><a class=\"wp-block-button__link wp-element-button\" href=\"mailto: bibliotheque@paris-est.archi.fr\"><span class=\"wp-rich-text-font-awesome-icon wp-font-awesome-icon\"><svg aria-hidden=\"true\" focusable=\"false\" data-prefix=\"fas\" data-icon=\"envelope\" class=\"svg-inline--fa fa-envelope \" role=\"img\" xmlns=\"http:\/\/www.w3.org\/2000\/svg\" viewBox=\"0 0 512 512\"><path fill=\"currentColor\" d=\"M48 64C21.5 64 0 85.5 0 112c0 15.1 7.1 29.3 19.2 38.4L236.8 313.6c11.4 8.5 27 8.5 38.4 0L492.8 150.4c12.1-9.1 19.2-23.3 19.2-38.4c0-26.5-21.5-48-48-48L48 64zM0 176L0 384c0 35.3 28.7 64 64 64l384 0c35.3 0 64-28.7 64-64l0-208L294.4 339.2c-22.8 17.1-54 17.1-76.8 0L0 176z\"><\/path><\/svg><\/span> Courriel<\/a><\/div>\n\n\n\n<div class=\"wp-block-button\"><a class=\"wp-block-button__link wp-element-button\" href=\"https:\/\/paris-est.archi.fr\/ecole\/bibliotheque\" target=\"_blank\" rel=\"noreferrer noopener\"><span class=\"wp-rich-text-font-awesome-icon wp-font-awesome-icon\"><svg aria-hidden=\"true\" focusable=\"false\" data-prefix=\"fas\" data-icon=\"globe\" class=\"svg-inline--fa fa-globe \" role=\"img\" xmlns=\"http:\/\/www.w3.org\/2000\/svg\" viewBox=\"0 0 512 512\"><path fill=\"currentColor\" d=\"M352 256c0 22.2-1.2 43.6-3.3 64l-185.3 0c-2.2-20.4-3.3-41.8-3.3-64s1.2-43.6 3.3-64l185.3 0c2.2 20.4 3.3 41.8 3.3 64zm28.8-64l123.1 0c5.3 20.5 8.1 41.9 8.1 64s-2.8 43.5-8.1 64l-123.1 0c2.1-20.6 3.2-42 3.2-64s-1.1-43.4-3.2-64zm112.6-32l-116.7 0c-10-63.9-29.8-117.4-55.3-151.6c78.3 20.7 142 77.5 171.9 151.6zm-149.1 0l-176.6 0c6.1-36.4 15.5-68.6 27-94.7c10.5-23.6 22.2-40.7 33.5-51.5C239.4 3.2 248.7 0 256 0s16.6 3.2 27.8 13.8c11.3 10.8 23 27.9 33.5 51.5c11.6 26 20.9 58.2 27 94.7zm-209 0L18.6 160C48.6 85.9 112.2 29.1 190.6 8.4C165.1 42.6 145.3 96.1 135.3 160zM8.1 192l123.1 0c-2.1 20.6-3.2 42-3.2 64s1.1 43.4 3.2 64L8.1 320C2.8 299.5 0 278.1 0 256s2.8-43.5 8.1-64zM194.7 446.6c-11.6-26-20.9-58.2-27-94.6l176.6 0c-6.1 36.4-15.5 68.6-27 94.6c-10.5 23.6-22.2 40.7-33.5 51.5C272.6 508.8 263.3 512 256 512s-16.6-3.2-27.8-13.8c-11.3-10.8-23-27.9-33.5-51.5zM135.3 352c10 63.9 29.8 117.4 55.3 151.6C112.2 482.9 48.6 426.1 18.6 352l116.7 0zm358.1 0c-30 74.1-93.6 130.9-171.9 151.6c25.5-34.2 45.2-87.7 55.3-151.6l116.7 0z\"><\/path><\/svg><\/span> Site internet<\/a><\/div>\n<\/div>\n<\/div>\n\n\n\n<h2 class=\"wp-block-heading\">Informations compl\u00e9mentaires<\/h2>\n\n\n\n<p>Biblioth\u00e8que<\/p>\n\n\n\n<p><strong>R\u00e9seau <\/strong>: ArchiR\u00e8s<\/p>\n\n\n\n<p><strong>R\u00e9gion <\/strong>: Ile-de-France<\/p>\n\n\n\n<p><strong>D\u00e9partement <\/strong>: Seine-et-Marne (77)<\/p>\n\n\n\n<p><strong>RCR Sudoc <\/strong>: 774682305<\/p>\n\n\n\n<p><strong>Type d&rsquo;\u00e9tablissement<\/strong> : \u00c9cole d&rsquo;architecture<\/p>\n\n\n\n<p><strong>Date de cr\u00e9ation<\/strong> : 1998<\/p>\n\n\n\n<p><strong>Historique <\/strong>: L\u2019\u00c9cole d\u2019architecture de la ville et des territoires, situ\u00e9e dans la ville nouvelle de Marne-la-Vall\u00e9e, a \u00e9t\u00e9 cr\u00e9\u00e9e en 1998. Elle s\u2019est structur\u00e9e autour de l\u2019engagement d\u2019une \u00e9quipe d\u2019enseignants porteuse d\u2019un projet p\u00e9dagogique pionnier qui consid\u00e8re l\u2019architecture comme la ma\u00eetrise des transformations de l\u2019environnement et des situations construites, \u00e0 l\u2019interface de l\u2019urbanisme, du paysage et de l\u2019ing\u00e9nierie. Ce projet prend place dans un b\u00e2timent construit par l\u2019architecte Bernard Tschumi propice \u00e0 la concentration comme aux \u00e9changes. Un des atouts de&nbsp;l\u2019\u00e9cole est son appartenance, depuis 2020, \u00e0&nbsp;l\u2019Universit\u00e9 Gustave Eiffel&nbsp;:&nbsp;premier \u00e9tablissement rassemblant un&nbsp;organisme de&nbsp;recherche, une universit\u00e9, une \u00e9cole d\u2019architecture et&nbsp;trois \u00e9coles d\u2019ing\u00e9nieurs. Les liens ainsi tiss\u00e9s avec les diff\u00e9rentes composantes de&nbsp;l\u2019universit\u00e9 mais \u00e9galement avec les autres \u00e9tablissements du&nbsp;campus de&nbsp;la Cit\u00e9 Descartes (\u00c9cole des Ponts ParisTech, \u00c9cole d\u2019urbanisme de&nbsp;Paris) ou&nbsp;avec le&nbsp;r\u00e9seau des ENSA, permettent d\u2019\u00e9largir et&nbsp;de confronter les champs de&nbsp;connaissance tant en&nbsp;mati\u00e8re d\u2019enseignement que de&nbsp;recherche, engageant l\u2019\u00e9cole dans une dynamique scientifique et&nbsp;intellectuelle exceptionnelle<\/p>\n\n\n\n<p><strong>SIGB <\/strong>: Koha<\/p>\n\n\n\n<p><strong>Catalogue collectif <\/strong>: SUDOC<\/p>\n\n\n\n<h2 class=\"wp-block-heading\">Acc\u00e8s et services<\/h2>\n\n\n\n<p><strong>Horaires <\/strong>: Hors vacances universitaires &gt; lundi-vendredi : 9h-20h (18h en septembre)<\/p>\n\n\n\n<p><strong>Public <\/strong>: \u00c9tudiants niveau licence, \u00c9tudiants niveau master et doctorat, Enseignants-chercheurs, Professionnels<\/p>\n\n\n\n<p><strong>Inscription <\/strong>: Acc\u00e8s sur inscription, Acc\u00e8s sans rendez-vous<\/p>\n\n\n\n<p><strong>Services <\/strong>: Catalogue en ligne, Acc\u00e8s internet, Reproduction, Pr\u00eat \u00e0 domicile, Pr\u00eat entre biblioth\u00e8ques<\/p>\n\n\n\n<p><strong>Communication <\/strong>: Lettre d&rsquo;information, Facebook, Instagram, Linkedin, Cha\u00eene Youtube<\/p>\n\n\n\n<p><strong>Site Affluences <\/strong>: Non<\/p>\n\n\n\n<h2 class=\"wp-block-heading\">Collections<\/h2>\n\n\n\n<p><strong>Domaine principal <\/strong>: Architecture, Arts d\u00e9coratifs-design, Photographie<\/p>\n\n\n\n<p><strong>Label CollEx :<\/strong> Ville : architecture, g\u00e9nie civil, urbanisme<\/p>\n\n\n\n<p><strong>Description des collections :&nbsp; <\/strong>La biblioth\u00e8que de l\u2019\u00c9cole d&rsquo;architecture de la ville et des territoires Paris-Est a repris les fonds de la biblioth\u00e8que de l\u2019\u00c9cole d\u2019architecture de Tolbiac, pour les d\u00e9velopper en accord avec&nbsp;: -le projet p\u00e9dagogique de l&rsquo;\u00e9cole&nbsp;que son appellation m\u00eame traduit&nbsp;: \u00ab&nbsp;l&rsquo;architecture, la ville et les territoires \u00bb &#8211; et les axes de recherche du laboratoire OCS : l\u2019architecture face aux transitions \u00e9nerg\u00e9tiques et environnementales ; l\u2019\u00e9lucidation et l\u2019approfondissement d\u2019une notion capitale sur laquelle s\u2019est fond\u00e9 le programme originel de l\u2019\u00e9cole : le territoire ; l\u2019histoire et les th\u00e9ories de l\u2019architecture et les pens\u00e9es du projet. Les fonds se composent de 23 000 livres, 2000 vid\u00e9os, 2000 travaux d&rsquo;\u00e9tudiants, 480 titres de p\u00e9riodiques (75 vivants) dont un fonds remarquable de p\u00e9riodiques d\u2019architecture am\u00e9ricains (Progressive architecture, Architectural record) et anglais (The magazine of the Royal Institute of British architects- Riba Journal).<\/p>\n\n\n\n<p><strong>Types de documents : <\/strong>Imprim\u00e9s courants, Documents audiovisuels, Ressources \u00e9lectroniques, Biblioth\u00e8que num\u00e9rique<\/p>\n\n\n\n<p><strong>P\u00e9riodes : <\/strong>Toutes p\u00e9riodes<\/p>\n\n\n\n<p><strong>Aires g\u00e9ographiques : <\/strong>Monde<\/p>\n\n\n\n<h2 class=\"wp-block-heading\">Voir sur la carte :<\/h2>\n\n\n\n<div class=\"wp-block-columns is-layout-flex wp-container-core-columns-is-layout-28f84493 wp-block-columns-is-layout-flex\">\n<div class=\"wp-block-column is-layout-flow wp-block-column-is-layout-flow\">\n<iframe loading=\"lazy\" width=\"800\" height=\"600\" src=\"https:\/\/reseaubibart.inha.fr\/map?iframe=1&#038;noheader=1#\/fiche\/Ecole-darchitecture-de-la-ville-et-des-territoires-Paris-Est\/6k\/@48.842,2.592,12z?cat=all\" frameborder=\"0\" marginheight=\"0\" marginwidth=\"0\"><\/iframe>\n<\/div>\n<\/div>\n","protected":false},"excerpt":{"rendered":"<p>ENSA Paris-Est Coordonn\u00e9es Adresse : 12 avenue Blaise Pascal &#8211; 77420 Champs-sur-Marne T\u00e9l\u00e9phone : 01-60-95-84-38 Informations compl\u00e9mentaires Biblioth\u00e8que R\u00e9seau : ArchiR\u00e8s R\u00e9gion : Ile-de-France D\u00e9partement : Seine-et-Marne (77) RCR Sudoc : 774682305 Type d&rsquo;\u00e9tablissement : \u00c9cole d&rsquo;architecture Date de cr\u00e9ation : 1998 Historique : L\u2019\u00c9cole d\u2019architecture de la ville et des territoires, situ\u00e9e dans la [&hellip;]<\/p>\n","protected":false},"author":1,"featured_media":0,"parent":21,"menu_order":0,"comment_status":"open","ping_status":"open","template":"","meta":{"footnotes":""},"class_list":["post-1298","page","type-page","status-publish","hentry"],"_links":{"self":[{"href":"https:\/\/portail.reseaubibart.inha.fr\/index.php?rest_route=\/wp\/v2\/pages\/1298","targetHints":{"allow":["GET"]}}],"collection":[{"href":"https:\/\/portail.reseaubibart.inha.fr\/index.php?rest_route=\/wp\/v2\/pages"}],"about":[{"href":"https:\/\/portail.reseaubibart.inha.fr\/index.php?rest_route=\/wp\/v2\/types\/page"}],"author":[{"embeddable":true,"href":"https:\/\/portail.reseaubibart.inha.fr\/index.php?rest_route=\/wp\/v2\/users\/1"}],"replies":[{"embeddable":true,"href":"https:\/\/portail.reseaubibart.inha.fr\/index.php?rest_route=%2Fwp%2Fv2%2Fcomments&post=1298"}],"version-history":[{"count":6,"href":"https:\/\/portail.reseaubibart.inha.fr\/index.php?rest_route=\/wp\/v2\/pages\/1298\/revisions"}],"predecessor-version":[{"id":2984,"href":"https:\/\/portail.reseaubibart.inha.fr\/index.php?rest_route=\/wp\/v2\/pages\/1298\/revisions\/2984"}],"up":[{"embeddable":true,"href":"https:\/\/portail.reseaubibart.inha.fr\/index.php?rest_route=\/wp\/v2\/pages\/21"}],"wp:attachment":[{"href":"https:\/\/portail.reseaubibart.inha.fr\/index.php?rest_route=%2Fwp%2Fv2%2Fmedia&parent=1298"}],"curies":[{"name":"wp","href":"https:\/\/api.w.org\/{rel}","templated":true}]}}