{"id":1309,"date":"2025-04-09T09:53:04","date_gmt":"2025-04-09T07:53:04","guid":{"rendered":"https:\/\/bibart.inha.fr\/?page_id=1309"},"modified":"2025-06-17T14:51:49","modified_gmt":"2025-06-17T12:51:49","slug":"ensba-departement-des-etudes-paris","status":"publish","type":"page","link":"https:\/\/portail.reseaubibart.inha.fr\/?page_id=1309","title":{"rendered":"\u00c9cole nationale sup\u00e9rieure des Beaux-Arts de Paris &#8211; D\u00e9partement des \u00e9tudes"},"content":{"rendered":"\n<p><strong>ENSBA D\u00e9partement des \u00e9tudes Paris<\/strong><\/p>\n\n\n\n<figure class=\"wp-block-image aligncenter size-full is-resized\"><img loading=\"lazy\" decoding=\"async\" width=\"300\" height=\"300\" src=\"https:\/\/bibart.inha.fr\/wp-content\/uploads\/2025\/04\/ENSBA_Logo.jpg\" alt=\"\" class=\"wp-image-1826\" style=\"width:166px;height:auto\" srcset=\"https:\/\/portail.reseaubibart.inha.fr\/wp-content\/uploads\/2025\/04\/ENSBA_Logo.jpg 300w, https:\/\/portail.reseaubibart.inha.fr\/wp-content\/uploads\/2025\/04\/ENSBA_Logo-150x150.jpg 150w\" sizes=\"auto, (max-width: 300px) 100vw, 300px\" \/><\/figure>\n\n\n\n<div class=\"wp-block-group has-global-padding is-layout-constrained wp-block-group-is-layout-constrained\">\n<div class=\"wp-block-group has-global-padding is-layout-constrained wp-block-group-is-layout-constrained\">\n<h2 class=\"wp-block-heading\">Coordonn\u00e9es<\/h2>\n\n\n\n<p class=\"has-accent-5-background-color has-background\"><span class=\"wp-rich-text-font-awesome-icon wp-font-awesome-icon\"><svg aria-hidden=\"true\" focusable=\"false\" data-prefix=\"fas\" data-icon=\"house\" class=\"svg-inline--fa fa-house \" role=\"img\" xmlns=\"http:\/\/www.w3.org\/2000\/svg\" viewBox=\"0 0 576 512\"><path fill=\"currentColor\" d=\"M575.8 255.5c0 18-15 32.1-32 32.1l-32 0 .7 160.2c0 2.7-.2 5.4-.5 8.1l0 16.2c0 22.1-17.9 40-40 40l-16 0c-1.1 0-2.2 0-3.3-.1c-1.4 .1-2.8 .1-4.2 .1L416 512l-24 0c-22.1 0-40-17.9-40-40l0-24 0-64c0-17.7-14.3-32-32-32l-64 0c-17.7 0-32 14.3-32 32l0 64 0 24c0 22.1-17.9 40-40 40l-24 0-31.9 0c-1.5 0-3-.1-4.5-.2c-1.2 .1-2.4 .2-3.6 .2l-16 0c-22.1 0-40-17.9-40-40l0-112c0-.9 0-1.9 .1-2.8l0-69.7-32 0c-18 0-32-14-32-32.1c0-9 3-17 10-24L266.4 8c7-7 15-8 22-8s15 2 21 7L564.8 231.5c8 7 12 15 11 24z\"><\/path><\/svg><\/span> <strong>Adresse <\/strong>: 14 rue Bonaparte &#8211; 75006 Paris France<br><span class=\"wp-rich-text-font-awesome-icon wp-font-awesome-icon\"><svg aria-hidden=\"true\" focusable=\"false\" data-prefix=\"fas\" data-icon=\"phone\" class=\"svg-inline--fa fa-phone \" role=\"img\" xmlns=\"http:\/\/www.w3.org\/2000\/svg\" viewBox=\"0 0 512 512\"><path fill=\"currentColor\" d=\"M164.9 24.6c-7.7-18.6-28-28.5-47.4-23.2l-88 24C12.1 30.2 0 46 0 64C0 311.4 200.6 512 448 512c18 0 33.8-12.1 38.6-29.5l24-88c5.3-19.4-4.6-39.7-23.2-47.4l-96-40c-16.3-6.8-35.2-2.1-46.3 11.6L304.7 368C234.3 334.7 177.3 277.7 144 207.3L193.3 167c13.7-11.2 18.4-30 11.6-46.3l-40-96z\"><\/path><\/svg><\/span> <strong>T\u00e9l\u00e9phone<\/strong> : 01-47-03-54-03<\/p>\n<\/div>\n\n\n\n<div class=\"wp-block-buttons is-content-justification-center is-layout-flex wp-container-core-buttons-is-layout-a89b3969 wp-block-buttons-is-layout-flex\">\n<div class=\"wp-block-button\"><a class=\"wp-block-button__link wp-element-button\" href=\"mailto: bibliotheque@beauxartsparis.fr\"><span class=\"wp-rich-text-font-awesome-icon wp-font-awesome-icon\"><svg aria-hidden=\"true\" focusable=\"false\" data-prefix=\"fas\" data-icon=\"envelope\" class=\"svg-inline--fa fa-envelope \" role=\"img\" xmlns=\"http:\/\/www.w3.org\/2000\/svg\" viewBox=\"0 0 512 512\"><path fill=\"currentColor\" d=\"M48 64C21.5 64 0 85.5 0 112c0 15.1 7.1 29.3 19.2 38.4L236.8 313.6c11.4 8.5 27 8.5 38.4 0L492.8 150.4c12.1-9.1 19.2-23.3 19.2-38.4c0-26.5-21.5-48-48-48L48 64zM0 176L0 384c0 35.3 28.7 64 64 64l384 0c35.3 0 64-28.7 64-64l0-208L294.4 339.2c-22.8 17.1-54 17.1-76.8 0L0 176z\"><\/path><\/svg><\/span> Courriel<\/a><\/div>\n\n\n\n<div class=\"wp-block-button\"><a class=\"wp-block-button__link wp-element-button\" href=\"https:\/\/catalogue.beauxartsparis.fr\/\" target=\"_blank\" rel=\"noreferrer noopener\"><span class=\"wp-rich-text-font-awesome-icon wp-font-awesome-icon\"><svg aria-hidden=\"true\" focusable=\"false\" data-prefix=\"fas\" data-icon=\"globe\" class=\"svg-inline--fa fa-globe \" role=\"img\" xmlns=\"http:\/\/www.w3.org\/2000\/svg\" viewBox=\"0 0 512 512\"><path fill=\"currentColor\" d=\"M352 256c0 22.2-1.2 43.6-3.3 64l-185.3 0c-2.2-20.4-3.3-41.8-3.3-64s1.2-43.6 3.3-64l185.3 0c2.2 20.4 3.3 41.8 3.3 64zm28.8-64l123.1 0c5.3 20.5 8.1 41.9 8.1 64s-2.8 43.5-8.1 64l-123.1 0c2.1-20.6 3.2-42 3.2-64s-1.1-43.4-3.2-64zm112.6-32l-116.7 0c-10-63.9-29.8-117.4-55.3-151.6c78.3 20.7 142 77.5 171.9 151.6zm-149.1 0l-176.6 0c6.1-36.4 15.5-68.6 27-94.7c10.5-23.6 22.2-40.7 33.5-51.5C239.4 3.2 248.7 0 256 0s16.6 3.2 27.8 13.8c11.3 10.8 23 27.9 33.5 51.5c11.6 26 20.9 58.2 27 94.7zm-209 0L18.6 160C48.6 85.9 112.2 29.1 190.6 8.4C165.1 42.6 145.3 96.1 135.3 160zM8.1 192l123.1 0c-2.1 20.6-3.2 42-3.2 64s1.1 43.4 3.2 64L8.1 320C2.8 299.5 0 278.1 0 256s2.8-43.5 8.1-64zM194.7 446.6c-11.6-26-20.9-58.2-27-94.6l176.6 0c-6.1 36.4-15.5 68.6-27 94.6c-10.5 23.6-22.2 40.7-33.5 51.5C272.6 508.8 263.3 512 256 512s-16.6-3.2-27.8-13.8c-11.3-10.8-23-27.9-33.5-51.5zM135.3 352c10 63.9 29.8 117.4 55.3 151.6C112.2 482.9 48.6 426.1 18.6 352l116.7 0zm358.1 0c-30 74.1-93.6 130.9-171.9 151.6c25.5-34.2 45.2-87.7 55.3-151.6l116.7 0z\"><\/path><\/svg><\/span> Site internet<\/a><\/div>\n<\/div>\n<\/div>\n\n\n\n<h2 class=\"wp-block-heading\">Informations compl\u00e9mentaires<\/h2>\n\n\n\n<p>D\u00e9partement des \u00c9tudes, Biblioth\u00e8que d&rsquo;art contemporain<\/p>\n\n\n\n<p><strong>R\u00e9seau <\/strong>: BEAR<\/p>\n\n\n\n<p><strong>R\u00e9gion <\/strong>: \u00cele-de-France<\/p>\n\n\n\n<p><strong>D\u00e9partement <\/strong>: Paris (75)<\/p>\n\n\n\n<p><strong>RCR Sudoc <\/strong>: 751062312<\/p>\n\n\n\n<p><strong>Type d&rsquo;\u00e9tablissement<\/strong> : \u00c9cole d&rsquo;art<\/p>\n\n\n\n<p><strong>Date de cr\u00e9ation<\/strong> : 1992<\/p>\n\n\n\n<p><strong>Historique <\/strong>: Situ\u00e9e dans le Palais des \u00c9tudes, la biblioth\u00e8que d\u2019art contemporain de l&rsquo;\u00c9cole des beaux-arts de Paris est issue des activit\u00e9s du Centre d\u2019information et de documentation (CID) qui, \u00e0 l\u2019initiative de Mathilde Ferrer, organise \u00e0 partir des ann\u00e9es 70 une programmation culturelle autour de l\u2019art contemporain et constitue parall\u00e8lement des ressources documentaires en ad\u00e9quation avec les probl\u00e9matiques soulev\u00e9es par les mouvements artistiques de l\u2019\u00e9poque. En 1983, il \u00e9volue avec l\u2019adjonction d\u2019une Salle d&rsquo;actualit\u00e9 et la constitution d&rsquo;un groupe de documentalistes issues de l&rsquo;Institut de l&rsquo;Environnement. La Biblioth\u00e8que proprement dite ouvre en 1992. En 1994, elle b\u00e9n\u00e9ficie du m\u00e9c\u00e9nat des Amis de Stratis Andreadis, lequel donne son nom \u00e0 la salle de lecture principale o\u00f9 sont pr\u00e9sent\u00e9s, en acc\u00e8s libre, les livres, catalogues d&rsquo;expositions et monographies d&rsquo;artistes. La Salle multim\u00e9dia, d\u00e9di\u00e9e principalement aux p\u00e9riodiques, \u00e0 l\u2019audiovisuel et aux \u00ab th\u00e8mes dans l\u2019art \u00bb ainsi qu\u2019aux monographies d\u2019artistes ant\u00e9rieurs au 20\u00e8me si\u00e8cle, a \u00e9t\u00e9 r\u00e9am\u00e9nag\u00e9e en 2017 gr\u00e2ce au m\u00e9c\u00e9nat des Amis de Stratis Andreadis et Dorette Karaiossifoglou, et de la Stravos Niarchos Foundation.<\/p>\n\n\n\n<p><strong>SIGB <\/strong>: Koha<\/p>\n\n\n\n<p><strong>Catalogue collectif <\/strong>: SUDOC, PSL, Worldcat<\/p>\n\n\n\n<h2 class=\"wp-block-heading\">Acc\u00e8s et services<\/h2>\n\n\n\n<p><strong>Horaires <\/strong>: Rentr\u00e9e universitaire \u00e0 juin &gt; lundi : 14 h-19 h, mardi vendredi : 11 h -19 h. Juillet et septembre : \u00c9tudiants de l&rsquo;ENSBA qui \u00e9crivent leur m\u00e9moire, enseignants et personnels ENSBA sur RDV &gt; lundi vendredi : 14h-18h<\/p>\n\n\n\n<p><strong>Public <\/strong>: \u00c9tudiants niveau licence, \u00c9tudiants niveau master et doctorat, Enseignants-Chercheurs, Professionnels<\/p>\n\n\n\n<p><strong>Inscription <\/strong>: Acc\u00e8s sur inscription, Les enseignants, \u00e9tudiants et personnels de l\u2019\u00c9cole sont inscrits automatiquement, Les lecteurs ext\u00e9rieurs s\u2019inscrivent sur place<\/p>\n\n\n\n<p><strong>Services <\/strong>: Catalogue en ligne, Acc\u00e8s internet, Reproduction, Consultation sur place pour les ext\u00e9rieurs, Pr\u00eat \u00e0 domicile pour les \u00e9tudiants, enseignants et personnels de l&rsquo;\u00e9cole<\/p>\n\n\n\n<p><strong>Communication <\/strong>: Blog \/ Site en attendant le portail documentaire<\/p>\n\n\n\n<p><strong>Site Affluences <\/strong>: Non<\/p>\n\n\n\n<h2 class=\"wp-block-heading\">Collections<\/h2>\n\n\n\n<p><strong>Domaine principal <\/strong>: Peinture, Sculpture, Arts graphiques, Arts d\u00e9coratifs-design, Photographie, Arts du spectacle-cin\u00e9ma, Arts de la performance<\/p>\n\n\n\n<p><strong>Collections notables : <\/strong>Monographies d&rsquo;artistes, Catalogues d&rsquo;expositions<\/p>\n\n\n\n<p><strong>Collections sp\u00e9cialis\u00e9es :<\/strong> Art moderne et contemporain<\/p>\n\n\n\n<p><strong>Description des collections :&nbsp; <\/strong>Riche de plus de 60 000 documents tout support, hors p\u00e9riodiques, la Biblioth\u00e8que d&rsquo;art contemporain des Beaux-Arts de Paris constitue l\u2019une des principales biblioth\u00e8ques fran\u00e7aises d\u00e9di\u00e9es \u00e0 l\u2019art contemporain. Elle offre une documentation actualis\u00e9e sur la cr\u00e9ation et son contexte \u2013 histoire de l\u2019art occidental et non occidental, sciences humaines et sociales\u2013, afin d\u2019accompagner les \u00e9tudiants dans leur formation et dans leurs projets artistiques. Elle est \u00e9galement ouverte \u00e0 un plus large public, sur demande. Le c\u0153ur des collections est constitu\u00e9 de monographies des ann\u00e9es 1960 a aujourd\u2019hui et de plus de 500 titres de revues sp\u00e9cialis\u00e9es, source premi\u00e8re d\u2019information sur la jeune cr\u00e9ation, les d\u00e9bats d\u2019actualit\u00e9 et les expositions. La biblioth\u00e8que propose en outre des entr\u00e9es par champ disciplinaire, chronologique ou g\u00e9ographique ainsi qu\u2019un remarquable ensemble de catalogues d\u2019expositions collectives.<\/p>\n\n\n\n<p><strong>Types de documents : <\/strong>Imprim\u00e9s courants, Documents iconographiques, Documents audiovisuels, Biblioth\u00e8que num\u00e9rique (A venir)<\/p>\n\n\n\n<p><strong>URL Biblioth\u00e8que num\u00e9rique : <\/strong>A venir<\/p>\n\n\n\n<p><strong>P\u00e9riodes : <\/strong>Toutes p\u00e9riodes<\/p>\n\n\n\n<p><strong>Aires g\u00e9ographiques : <\/strong>Monde<\/p>\n\n\n\n<div class=\"wp-block-columns is-layout-flex wp-container-core-columns-is-layout-28f84493 wp-block-columns-is-layout-flex\">\n<div class=\"wp-block-column is-layout-flow wp-block-column-is-layout-flow\">\n<iframe loading=\"lazy\" width=\"800\" height=\"600\" src=\"https:\/\/reseaubibart.inha.fr\/map?iframe=1&#038;noheader=1#\/fiche\/Beaux-arts-de-Paris-ENSBA-Paris\/6a\/ensa-paris-est@48.857,2.313,14z?cat=all\" frameborder=\"0\" marginheight=\"0\" marginwidth=\"0\"><\/iframe>\n<\/div>\n<\/div>\n","protected":false},"excerpt":{"rendered":"<p>ENSBA D\u00e9partement des \u00e9tudes Paris Coordonn\u00e9es Adresse : 14 rue Bonaparte &#8211; 75006 Paris France T\u00e9l\u00e9phone : 01-47-03-54-03 Informations compl\u00e9mentaires D\u00e9partement des \u00c9tudes, Biblioth\u00e8que d&rsquo;art contemporain R\u00e9seau : BEAR R\u00e9gion : \u00cele-de-France D\u00e9partement : Paris (75) RCR Sudoc : 751062312 Type d&rsquo;\u00e9tablissement : \u00c9cole d&rsquo;art Date de cr\u00e9ation : 1992 Historique : Situ\u00e9e dans le [&hellip;]<\/p>\n","protected":false},"author":1,"featured_media":0,"parent":21,"menu_order":0,"comment_status":"open","ping_status":"open","template":"","meta":{"footnotes":""},"class_list":["post-1309","page","type-page","status-publish","hentry"],"_links":{"self":[{"href":"https:\/\/portail.reseaubibart.inha.fr\/index.php?rest_route=\/wp\/v2\/pages\/1309","targetHints":{"allow":["GET"]}}],"collection":[{"href":"https:\/\/portail.reseaubibart.inha.fr\/index.php?rest_route=\/wp\/v2\/pages"}],"about":[{"href":"https:\/\/portail.reseaubibart.inha.fr\/index.php?rest_route=\/wp\/v2\/types\/page"}],"author":[{"embeddable":true,"href":"https:\/\/portail.reseaubibart.inha.fr\/index.php?rest_route=\/wp\/v2\/users\/1"}],"replies":[{"embeddable":true,"href":"https:\/\/portail.reseaubibart.inha.fr\/index.php?rest_route=%2Fwp%2Fv2%2Fcomments&post=1309"}],"version-history":[{"count":3,"href":"https:\/\/portail.reseaubibart.inha.fr\/index.php?rest_route=\/wp\/v2\/pages\/1309\/revisions"}],"predecessor-version":[{"id":2852,"href":"https:\/\/portail.reseaubibart.inha.fr\/index.php?rest_route=\/wp\/v2\/pages\/1309\/revisions\/2852"}],"up":[{"embeddable":true,"href":"https:\/\/portail.reseaubibart.inha.fr\/index.php?rest_route=\/wp\/v2\/pages\/21"}],"wp:attachment":[{"href":"https:\/\/portail.reseaubibart.inha.fr\/index.php?rest_route=%2Fwp%2Fv2%2Fmedia&parent=1309"}],"curies":[{"name":"wp","href":"https:\/\/api.w.org\/{rel}","templated":true}]}}