{"id":1316,"date":"2025-04-09T09:53:06","date_gmt":"2025-04-09T07:53:06","guid":{"rendered":"https:\/\/bibart.inha.fr\/?page_id=1316"},"modified":"2025-12-12T12:01:36","modified_gmt":"2025-12-12T11:01:36","slug":"musee-dorsay","status":"publish","type":"page","link":"https:\/\/portail.reseaubibart.inha.fr\/?page_id=1316","title":{"rendered":"Mus\u00e9e d&rsquo;Orsay"},"content":{"rendered":"\n<figure class=\"wp-block-image aligncenter size-full is-resized\"><img loading=\"lazy\" decoding=\"async\" width=\"204\" height=\"192\" src=\"https:\/\/bibart.inha.fr\/wp-content\/uploads\/2025\/04\/Musee_Orsay_Logo.png\" alt=\"\" class=\"wp-image-2088\" style=\"width:179px;height:auto\"\/><\/figure>\n\n\n\n<div class=\"wp-block-group has-global-padding is-layout-constrained wp-block-group-is-layout-constrained\">\n<div class=\"wp-block-group has-global-padding is-layout-constrained wp-block-group-is-layout-constrained\">\n<h2 class=\"wp-block-heading\">Coordonn\u00e9es<\/h2>\n\n\n\n<p class=\"has-accent-5-background-color has-background\"><span class=\"wp-rich-text-font-awesome-icon wp-font-awesome-icon\"><svg aria-hidden=\"true\" focusable=\"false\" data-prefix=\"fas\" data-icon=\"house\" class=\"svg-inline--fa fa-house \" role=\"img\" xmlns=\"http:\/\/www.w3.org\/2000\/svg\" viewBox=\"0 0 576 512\"><path fill=\"currentColor\" d=\"M575.8 255.5c0 18-15 32.1-32 32.1l-32 0 .7 160.2c0 2.7-.2 5.4-.5 8.1l0 16.2c0 22.1-17.9 40-40 40l-16 0c-1.1 0-2.2 0-3.3-.1c-1.4 .1-2.8 .1-4.2 .1L416 512l-24 0c-22.1 0-40-17.9-40-40l0-24 0-64c0-17.7-14.3-32-32-32l-64 0c-17.7 0-32 14.3-32 32l0 64 0 24c0 22.1-17.9 40-40 40l-24 0-31.9 0c-1.5 0-3-.1-4.5-.2c-1.2 .1-2.4 .2-3.6 .2l-16 0c-22.1 0-40-17.9-40-40l0-112c0-.9 0-1.9 .1-2.8l0-69.7-32 0c-18 0-32-14-32-32.1c0-9 3-17 10-24L266.4 8c7-7 15-8 22-8s15 2 21 7L564.8 231.5c8 7 12 15 11 24z\"><\/path><\/svg><\/span> <strong>Adresse <\/strong>: Esplanade Val\u00e9ry Giscard d&rsquo;Estaing &#8211; 75007 Paris France<br><span class=\"wp-rich-text-font-awesome-icon wp-font-awesome-icon\"><svg aria-hidden=\"true\" focusable=\"false\" data-prefix=\"fas\" data-icon=\"phone\" class=\"svg-inline--fa fa-phone \" role=\"img\" xmlns=\"http:\/\/www.w3.org\/2000\/svg\" viewBox=\"0 0 512 512\"><path fill=\"currentColor\" d=\"M164.9 24.6c-7.7-18.6-28-28.5-47.4-23.2l-88 24C12.1 30.2 0 46 0 64C0 311.4 200.6 512 448 512c18 0 33.8-12.1 38.6-29.5l24-88c5.3-19.4-4.6-39.7-23.2-47.4l-96-40c-16.3-6.8-35.2-2.1-46.3 11.6L304.7 368C234.3 334.7 177.3 277.7 144 207.3L193.3 167c13.7-11.2 18.4-30 11.6-46.3l-40-96z\"><\/path><\/svg><\/span> <strong>T\u00e9l\u00e9phone<\/strong> : 01-40-49-49-29<\/p>\n<\/div>\n\n\n\n<div class=\"wp-block-buttons is-content-justification-center is-layout-flex wp-container-core-buttons-is-layout-a89b3969 wp-block-buttons-is-layout-flex\">\n<div class=\"wp-block-button\"><a class=\"wp-block-button__link wp-element-button\" href=\"mailto: bibliotheque.conservation@musee-orsay.fr\"><span class=\"wp-rich-text-font-awesome-icon wp-font-awesome-icon\"><svg aria-hidden=\"true\" focusable=\"false\" data-prefix=\"fas\" data-icon=\"envelope\" class=\"svg-inline--fa fa-envelope \" role=\"img\" xmlns=\"http:\/\/www.w3.org\/2000\/svg\" viewBox=\"0 0 512 512\"><path fill=\"currentColor\" d=\"M48 64C21.5 64 0 85.5 0 112c0 15.1 7.1 29.3 19.2 38.4L236.8 313.6c11.4 8.5 27 8.5 38.4 0L492.8 150.4c12.1-9.1 19.2-23.3 19.2-38.4c0-26.5-21.5-48-48-48L48 64zM0 176L0 384c0 35.3 28.7 64 64 64l384 0c35.3 0 64-28.7 64-64l0-208L294.4 339.2c-22.8 17.1-54 17.1-76.8 0L0 176z\"><\/path><\/svg><\/span> Courriel<\/a><\/div>\n\n\n\n<div class=\"wp-block-button\"><a class=\"wp-block-button__link wp-element-button\" href=\"https:\/\/www.musee-orsay.fr\/fr\/ressources\/ressources-scientifiques-0\" target=\"_blank\" rel=\"noreferrer noopener\"><span class=\"wp-rich-text-font-awesome-icon wp-font-awesome-icon\"><svg aria-hidden=\"true\" focusable=\"false\" data-prefix=\"fas\" data-icon=\"globe\" class=\"svg-inline--fa fa-globe \" role=\"img\" xmlns=\"http:\/\/www.w3.org\/2000\/svg\" viewBox=\"0 0 512 512\"><path fill=\"currentColor\" d=\"M352 256c0 22.2-1.2 43.6-3.3 64l-185.3 0c-2.2-20.4-3.3-41.8-3.3-64s1.2-43.6 3.3-64l185.3 0c2.2 20.4 3.3 41.8 3.3 64zm28.8-64l123.1 0c5.3 20.5 8.1 41.9 8.1 64s-2.8 43.5-8.1 64l-123.1 0c2.1-20.6 3.2-42 3.2-64s-1.1-43.4-3.2-64zm112.6-32l-116.7 0c-10-63.9-29.8-117.4-55.3-151.6c78.3 20.7 142 77.5 171.9 151.6zm-149.1 0l-176.6 0c6.1-36.4 15.5-68.6 27-94.7c10.5-23.6 22.2-40.7 33.5-51.5C239.4 3.2 248.7 0 256 0s16.6 3.2 27.8 13.8c11.3 10.8 23 27.9 33.5 51.5c11.6 26 20.9 58.2 27 94.7zm-209 0L18.6 160C48.6 85.9 112.2 29.1 190.6 8.4C165.1 42.6 145.3 96.1 135.3 160zM8.1 192l123.1 0c-2.1 20.6-3.2 42-3.2 64s1.1 43.4 3.2 64L8.1 320C2.8 299.5 0 278.1 0 256s2.8-43.5 8.1-64zM194.7 446.6c-11.6-26-20.9-58.2-27-94.6l176.6 0c-6.1 36.4-15.5 68.6-27 94.6c-10.5 23.6-22.2 40.7-33.5 51.5C272.6 508.8 263.3 512 256 512s-16.6-3.2-27.8-13.8c-11.3-10.8-23-27.9-33.5-51.5zM135.3 352c10 63.9 29.8 117.4 55.3 151.6C112.2 482.9 48.6 426.1 18.6 352l116.7 0zm358.1 0c-30 74.1-93.6 130.9-171.9 151.6c25.5-34.2 45.2-87.7 55.3-151.6l116.7 0z\"><\/path><\/svg><\/span> Site internet<\/a><\/div>\n<\/div>\n<\/div>\n\n\n\n<h2 class=\"wp-block-heading\">Informations compl\u00e9mentaires<\/h2>\n\n\n\n<p>Biblioth\u00e8que de la conservation<\/p>\n\n\n\n<p><strong>R\u00e9seau <\/strong>: RBMN<\/p>\n\n\n\n<p><strong>R\u00e9gion <\/strong>: Ile-de-France<\/p>\n\n\n\n<p><strong>D\u00e9partement <\/strong>: Paris (75)<\/p>\n\n\n\n<p><strong>Type d&rsquo;\u00e9tablissement<\/strong> : Mus\u00e9e<\/p>\n\n\n\n<p><strong>Date de cr\u00e9ation<\/strong> : 1975<\/p>\n\n\n\n<p><strong>Historique <\/strong>: La situation centrale de la biblioth\u00e8que \u2013 ainsi que la documentation \u2013 a \u00e9t\u00e9 fondamentale au moment de la pr\u00e9figuration (1976-1986) pour \u00e9laborer le propos scientifique du futur \u00e9tablissement, contribuer \u00e0 la politique d\u2019acquisition, participer \u00e0 l\u2019\u00e9laboration des expositions destin\u00e9es \u00e0 ouvrir des champs de l\u2019histoire de l\u2019art et pr\u00e9parer ainsi le public \u00e0 l\u2019ouverture d\u2019un mus\u00e9e de la seconde moiti\u00e9 du XIX<sup>e<\/sup> si\u00e8cle et du d\u00e9but du XX<sup>e<\/sup> si\u00e8cle. Sont ainsi r\u00e9unis les ouvrages, les dossiers d\u2019artistes et les dossiers d\u2019\u0153uvres venant du mus\u00e9e du Louvre, de l\u2019Orangerie et du Jeu de Paume, de l\u2019ancien mus\u00e9e d\u2019art moderne au Palais de Tokyo sur la p\u00e9riode 1848-1914. L\u2019ouverture d\u2019un futur centre de ressources et de recherche a pour vocation d\u2019accroitre la visibilit\u00e9 des collections et des ressources documentaires de l\u2019\u00e9tablissement, d\u2019am\u00e9liorer l\u2019accueil et l\u2019offre de service destin\u00e9s aux chercheurs internes et externes et de valoriser, en son sein et en ligne, la production scientifique<\/p>\n\n\n\n<p><strong>SIGB <\/strong>: Syracuse<\/p>\n\n\n\n<p><strong>Catalogue collectif <\/strong>: catalogue collectif des biblioth\u00e8ques des mus\u00e9es nationaux<\/p>\n\n\n\n<h2 class=\"wp-block-heading\">Acc\u00e8s et services<\/h2>\n\n\n\n<p><strong>Horaires <\/strong>: Lundi-vendredi : 14h-17h30<\/p>\n\n\n\n<p><strong>Public <\/strong>: \u00c9tudiants niveau master et doctorat, Enseignants-Chercheurs, Professionnels<\/p>\n\n\n\n<p><strong>Inscription <\/strong>: Acc\u00e8s sur inscription, Acc\u00e8s sans rendez-vous<\/p>\n\n\n\n<p><strong>Services <\/strong>: Catalogue en ligne, Acc\u00e8s internet, Reproduction<\/p>\n\n\n\n<p><strong>Site Affluences <\/strong>: Non<\/p>\n\n\n\n<h2 class=\"wp-block-heading\">Collections<\/h2>\n\n\n\n<p><strong>Domaine principal <\/strong>: &nbsp;Architecture, Peinture, Sculpture, Arts graphiques, Arts d\u00e9coratifs-design, Photographie, Arts du spectacle-cin\u00e9ma<\/p>\n\n\n\n<p><strong>Collections notables : <\/strong>Collections sp\u00e9cialis\u00e9es, Fonds d&rsquo;archives<\/p>\n\n\n\n<p><strong>Collections sp\u00e9cialis\u00e9es : <\/strong>Fonds patrimonial, Ouvrages et p\u00e9riodiques sp\u00e9cialis\u00e9s du et sur le XIX<sup>e<\/sup> si\u00e8cle-d\u00e9but XX<sup>e<\/sup> si\u00e8cle<\/p>\n\n\n\n<p><strong>Fonds d&rsquo;archives : <\/strong><a href=\"https:\/\/www.musee-orsay.fr\/fr\/articles\/les-fonds-darchives-199562\" target=\"_blank\" rel=\"noreferrer noopener\">https:\/\/www.musee-orsay.fr\/fr\/articles\/les-fonds-darchives-199562<\/a><\/p>\n\n\n\n<p><strong>Description des collections :\u00a0 <\/strong>Depuis pr\u00e8s de dix ans, les notices sont tr\u00e8s largement d\u00e9velopp\u00e9es (sommaire, r\u00e9sum\u00e9, notes, descripteurs, liens avec la version num\u00e9ris\u00e9e), ce qui entraine un enrichissement des donn\u00e9es scientifiques des ouvrages et permet des recherches plus fines. Fin 2021, la biblioth\u00e8que comprend pr\u00e8s de 50 000 ouvrages scientifiques dans les techniques et domaines du et sur la deuxi\u00e8me moiti\u00e9 du XIX<sup>e<\/sup> si\u00e8cle et le d\u00e9but du XX<sup>e<\/sup> si\u00e8cle : monographies d\u2019artistes, catalogues d\u2019expositions depuis 1848, catalogues de vente, catalogues de marchands ou de collectionneurs, th\u00e8ses et m\u00e9moires. Outre la peinture, la sculpture, les dessins et pastels, les arts d\u00e9coratifs, l\u2019architecture, la photographie et le cin\u00e9ma, les fonds sont constitu\u00e9s de domaines transversaux tels que la litt\u00e9rature, la musique, l\u2019histoire et de fonds plus sp\u00e9cifiques comme les Salons, les Expositions universelles, les fonds patrimoniaux, la recherche de provenance. L\u2019acc\u00e8s est semi-direct et les ouvrages ne sont consultables que sur place.<\/p>\n\n\n\n<p><strong>Types de documents : <\/strong>Imprim\u00e9s courants, Catalogues de vente, Documents patrimoniaux, Documents iconographiques, Ressources \u00e9lectroniques<\/p>\n\n\n\n<p><strong>Catalogue en ligne : <\/strong><a href=\"https:\/\/ccbmn.culture.gouv.fr\/\">https:\/\/ccbmn.culture.gouv.fr\/<\/a><\/p>\n\n\n\n<p><strong>P\u00e9riodes : <\/strong>XIX<sup>e<\/sup>-XXI<sup>e<\/sup> si\u00e8cles<\/p>\n\n\n\n<p><strong>Aires g\u00e9ographiques : <\/strong>France, Europe, Am\u00e9riques<\/p>\n\n\n\n<h2 class=\"wp-block-heading\">Voir sur la carte<\/h2>\n\n\n\n<div class=\"wp-block-columns is-layout-flex wp-container-core-columns-is-layout-28f84493 wp-block-columns-is-layout-flex\">\n<div class=\"wp-block-column is-layout-flow wp-block-column-is-layout-flow\">\n<iframe loading=\"lazy\" width=\"800\" height=\"600\" src=\"https:\/\/reseaubibart.inha.fr\/map?iframe=1&#038;noheader=1#\/fiche\/Musee-dOrsay\/7I\/orsay@48.697,2.190,14z?cat=all\" frameborder=\"0\" marginheight=\"0\" marginwidth=\"0\"><\/iframe>\n<\/div>\n<\/div>\n","protected":false},"excerpt":{"rendered":"<p>Coordonn\u00e9es Adresse : Esplanade Val\u00e9ry Giscard d&rsquo;Estaing &#8211; 75007 Paris France T\u00e9l\u00e9phone : 01-40-49-49-29 Informations compl\u00e9mentaires Biblioth\u00e8que de la conservation R\u00e9seau : RBMN R\u00e9gion : Ile-de-France D\u00e9partement : Paris (75) Type d&rsquo;\u00e9tablissement : Mus\u00e9e Date de cr\u00e9ation : 1975 Historique : La situation centrale de la biblioth\u00e8que \u2013 ainsi que la documentation \u2013 a \u00e9t\u00e9 [&hellip;]<\/p>\n","protected":false},"author":1,"featured_media":0,"parent":21,"menu_order":0,"comment_status":"open","ping_status":"open","template":"","meta":{"footnotes":""},"class_list":["post-1316","page","type-page","status-publish","hentry"],"_links":{"self":[{"href":"https:\/\/portail.reseaubibart.inha.fr\/index.php?rest_route=\/wp\/v2\/pages\/1316","targetHints":{"allow":["GET"]}}],"collection":[{"href":"https:\/\/portail.reseaubibart.inha.fr\/index.php?rest_route=\/wp\/v2\/pages"}],"about":[{"href":"https:\/\/portail.reseaubibart.inha.fr\/index.php?rest_route=\/wp\/v2\/types\/page"}],"author":[{"embeddable":true,"href":"https:\/\/portail.reseaubibart.inha.fr\/index.php?rest_route=\/wp\/v2\/users\/1"}],"replies":[{"embeddable":true,"href":"https:\/\/portail.reseaubibart.inha.fr\/index.php?rest_route=%2Fwp%2Fv2%2Fcomments&post=1316"}],"version-history":[{"count":7,"href":"https:\/\/portail.reseaubibart.inha.fr\/index.php?rest_route=\/wp\/v2\/pages\/1316\/revisions"}],"predecessor-version":[{"id":4548,"href":"https:\/\/portail.reseaubibart.inha.fr\/index.php?rest_route=\/wp\/v2\/pages\/1316\/revisions\/4548"}],"up":[{"embeddable":true,"href":"https:\/\/portail.reseaubibart.inha.fr\/index.php?rest_route=\/wp\/v2\/pages\/21"}],"wp:attachment":[{"href":"https:\/\/portail.reseaubibart.inha.fr\/index.php?rest_route=%2Fwp%2Fv2%2Fmedia&parent=1316"}],"curies":[{"name":"wp","href":"https:\/\/api.w.org\/{rel}","templated":true}]}}