{"id":1318,"date":"2025-04-09T09:53:07","date_gmt":"2025-04-09T07:53:07","guid":{"rendered":"https:\/\/bibart.inha.fr\/?page_id=1318"},"modified":"2025-11-20T18:55:11","modified_gmt":"2025-11-20T17:55:11","slug":"musee-darcheologie-nationale-saint-germain-en-laye","status":"publish","type":"page","link":"https:\/\/portail.reseaubibart.inha.fr\/?page_id=1318","title":{"rendered":"Mus\u00e9e d&rsquo;arch\u00e9ologie nationale"},"content":{"rendered":"\n<p><strong>Mus\u00e9e d&rsquo;arch\u00e9ologie nationale &#8211; Saint-Germain-en-Laye<\/strong><\/p>\n\n\n\n<figure class=\"wp-block-image aligncenter size-full is-resized\"><img loading=\"lazy\" decoding=\"async\" width=\"681\" height=\"241\" src=\"https:\/\/bibart.inha.fr\/wp-content\/uploads\/2025\/04\/Logo_Musee_Archeologie_Nationale.png\" alt=\"\" class=\"wp-image-2055\" style=\"width:322px;height:auto\" srcset=\"https:\/\/portail.reseaubibart.inha.fr\/wp-content\/uploads\/2025\/04\/Logo_Musee_Archeologie_Nationale.png 681w, https:\/\/portail.reseaubibart.inha.fr\/wp-content\/uploads\/2025\/04\/Logo_Musee_Archeologie_Nationale-300x106.png 300w\" sizes=\"auto, (max-width: 681px) 100vw, 681px\" \/><\/figure>\n\n\n\n<div class=\"wp-block-group has-global-padding is-layout-constrained wp-block-group-is-layout-constrained\">\n<div class=\"wp-block-group has-global-padding is-layout-constrained wp-block-group-is-layout-constrained\">\n<h2 class=\"wp-block-heading\">Coordonn\u00e9es<\/h2>\n\n\n\n<p class=\"has-accent-5-background-color has-background\"><span class=\"wp-rich-text-font-awesome-icon wp-font-awesome-icon\"><svg aria-hidden=\"true\" focusable=\"false\" data-prefix=\"fas\" data-icon=\"house\" class=\"svg-inline--fa fa-house \" role=\"img\" xmlns=\"http:\/\/www.w3.org\/2000\/svg\" viewBox=\"0 0 576 512\"><path fill=\"currentColor\" d=\"M575.8 255.5c0 18-15 32.1-32 32.1l-32 0 .7 160.2c0 2.7-.2 5.4-.5 8.1l0 16.2c0 22.1-17.9 40-40 40l-16 0c-1.1 0-2.2 0-3.3-.1c-1.4 .1-2.8 .1-4.2 .1L416 512l-24 0c-22.1 0-40-17.9-40-40l0-24 0-64c0-17.7-14.3-32-32-32l-64 0c-17.7 0-32 14.3-32 32l0 64 0 24c0 22.1-17.9 40-40 40l-24 0-31.9 0c-1.5 0-3-.1-4.5-.2c-1.2 .1-2.4 .2-3.6 .2l-16 0c-22.1 0-40-17.9-40-40l0-112c0-.9 0-1.9 .1-2.8l0-69.7-32 0c-18 0-32-14-32-32.1c0-9 3-17 10-24L266.4 8c7-7 15-8 22-8s15 2 21 7L564.8 231.5c8 7 12 15 11 24z\"><\/path><\/svg><\/span> <strong>Adresse <\/strong>: Ch\u00e2teau \u2013 Place Charles de Gaulle &#8211; 78100 Saint-Germain-en-Laye France<br><span class=\"wp-rich-text-font-awesome-icon wp-font-awesome-icon\"><svg aria-hidden=\"true\" focusable=\"false\" data-prefix=\"fas\" data-icon=\"phone\" class=\"svg-inline--fa fa-phone \" role=\"img\" xmlns=\"http:\/\/www.w3.org\/2000\/svg\" viewBox=\"0 0 512 512\"><path fill=\"currentColor\" d=\"M164.9 24.6c-7.7-18.6-28-28.5-47.4-23.2l-88 24C12.1 30.2 0 46 0 64C0 311.4 200.6 512 448 512c18 0 33.8-12.1 38.6-29.5l24-88c5.3-19.4-4.6-39.7-23.2-47.4l-96-40c-16.3-6.8-35.2-2.1-46.3 11.6L304.7 368C234.3 334.7 177.3 277.7 144 207.3L193.3 167c13.7-11.2 18.4-30 11.6-46.3l-40-96z\"><\/path><\/svg><\/span> <strong>T\u00e9l\u00e9phone<\/strong> : 01-39-10-21-37<\/p>\n<\/div>\n\n\n\n<div class=\"wp-block-buttons is-content-justification-center is-layout-flex wp-container-core-buttons-is-layout-a89b3969 wp-block-buttons-is-layout-flex\">\n<div class=\"wp-block-button\"><a class=\"wp-block-button__link wp-element-button\" href=\"mailto: gregoire.meylan@culture.gouv.fr\"><span class=\"wp-rich-text-font-awesome-icon wp-font-awesome-icon\"><svg aria-hidden=\"true\" focusable=\"false\" data-prefix=\"fas\" data-icon=\"envelope\" class=\"svg-inline--fa fa-envelope \" role=\"img\" xmlns=\"http:\/\/www.w3.org\/2000\/svg\" viewBox=\"0 0 512 512\"><path fill=\"currentColor\" d=\"M48 64C21.5 64 0 85.5 0 112c0 15.1 7.1 29.3 19.2 38.4L236.8 313.6c11.4 8.5 27 8.5 38.4 0L492.8 150.4c12.1-9.1 19.2-23.3 19.2-38.4c0-26.5-21.5-48-48-48L48 64zM0 176L0 384c0 35.3 28.7 64 64 64l384 0c35.3 0 64-28.7 64-64l0-208L294.4 339.2c-22.8 17.1-54 17.1-76.8 0L0 176z\"><\/path><\/svg><\/span> Courriel<\/a><\/div>\n\n\n\n<div class=\"wp-block-button\"><a class=\"wp-block-button__link wp-element-button\" href=\"https:\/\/musee-archeologienationale.fr\/bibliotheque\" target=\"_blank\" rel=\"noreferrer noopener\"><span class=\"wp-rich-text-font-awesome-icon wp-font-awesome-icon\"><svg aria-hidden=\"true\" focusable=\"false\" data-prefix=\"fas\" data-icon=\"globe\" class=\"svg-inline--fa fa-globe \" role=\"img\" xmlns=\"http:\/\/www.w3.org\/2000\/svg\" viewBox=\"0 0 512 512\"><path fill=\"currentColor\" d=\"M352 256c0 22.2-1.2 43.6-3.3 64l-185.3 0c-2.2-20.4-3.3-41.8-3.3-64s1.2-43.6 3.3-64l185.3 0c2.2 20.4 3.3 41.8 3.3 64zm28.8-64l123.1 0c5.3 20.5 8.1 41.9 8.1 64s-2.8 43.5-8.1 64l-123.1 0c2.1-20.6 3.2-42 3.2-64s-1.1-43.4-3.2-64zm112.6-32l-116.7 0c-10-63.9-29.8-117.4-55.3-151.6c78.3 20.7 142 77.5 171.9 151.6zm-149.1 0l-176.6 0c6.1-36.4 15.5-68.6 27-94.7c10.5-23.6 22.2-40.7 33.5-51.5C239.4 3.2 248.7 0 256 0s16.6 3.2 27.8 13.8c11.3 10.8 23 27.9 33.5 51.5c11.6 26 20.9 58.2 27 94.7zm-209 0L18.6 160C48.6 85.9 112.2 29.1 190.6 8.4C165.1 42.6 145.3 96.1 135.3 160zM8.1 192l123.1 0c-2.1 20.6-3.2 42-3.2 64s1.1 43.4 3.2 64L8.1 320C2.8 299.5 0 278.1 0 256s2.8-43.5 8.1-64zM194.7 446.6c-11.6-26-20.9-58.2-27-94.6l176.6 0c-6.1 36.4-15.5 68.6-27 94.6c-10.5 23.6-22.2 40.7-33.5 51.5C272.6 508.8 263.3 512 256 512s-16.6-3.2-27.8-13.8c-11.3-10.8-23-27.9-33.5-51.5zM135.3 352c10 63.9 29.8 117.4 55.3 151.6C112.2 482.9 48.6 426.1 18.6 352l116.7 0zm358.1 0c-30 74.1-93.6 130.9-171.9 151.6c25.5-34.2 45.2-87.7 55.3-151.6l116.7 0z\"><\/path><\/svg><\/span> Site internet<\/a><\/div>\n<\/div>\n<\/div>\n\n\n\n<h2 class=\"wp-block-heading\">Informations compl\u00e9mentaires<\/h2>\n\n\n\n<p>Biblioth\u00e8que<\/p>\n\n\n\n<p><strong>R\u00e9seau <\/strong>: RBMN<\/p>\n\n\n\n<p><strong>R\u00e9gion <\/strong>: ile-de-France<\/p>\n\n\n\n<p><strong>D\u00e9partement <\/strong>: Yvelines (78)<\/p>\n\n\n\n<p><strong>RCR Sudoc <\/strong>: 785515201<\/p>\n\n\n\n<p><strong>Type d&rsquo;\u00e9tablissement<\/strong> : Mus\u00e9e<\/p>\n\n\n\n<p><strong>Date de cr\u00e9ation<\/strong> : 1862<\/p>\n\n\n\n<p><strong>Historique <\/strong>: P\u00f4le d\u2019excellence en arch\u00e9ologie, la biblioth\u00e8que est cr\u00e9\u00e9e d\u00e8s la fondation du mus\u00e9e en 1862 afin de favoriser le travail scientifique sur les collections. Elle a vocation \u00e0 rassembler, conserver et mettre \u00e0 disposition un large choix d\u2019ouvrages et de documents fran\u00e7ais et \u00e9trangers relatifs \u00e0 l\u2019arch\u00e9ologie.<\/p>\n\n\n\n<p><strong>SIGB <\/strong>: Syracuse, Koha<\/p>\n\n\n\n<p><strong>Catalogue collectif <\/strong>: catalogue collectif des biblioth\u00e8ques des mus\u00e9es nationaux, CCI Frantiq, SUDOC<\/p>\n\n\n\n<h2 class=\"wp-block-heading\">Acc\u00e8s et services<\/h2>\n\n\n\n<p><strong>Horaires <\/strong>: Sur rendez-vous : lundi-vendredi : 9h30-17h30<\/p>\n\n\n\n<p><strong>Public <\/strong>: Tout public<\/p>\n\n\n\n<p><strong>Inscription <\/strong>: Acc\u00e8s sans inscription, Acc\u00e8s sur rendez-vous<\/p>\n\n\n\n<p><strong>Services <\/strong>: Catalogue en ligne, Pr\u00eat entre biblioth\u00e8ques, Renseignements bibliographiques \u00e0 distance<\/p>\n\n\n\n<p><strong>Site Affluences <\/strong>: Non<\/p>\n\n\n\n<h2 class=\"wp-block-heading\">Collections<\/h2>\n\n\n\n<p><strong>Domaine principal <\/strong>: Arch\u00e9ologie<\/p>\n\n\n\n<p><strong>Collections notables : <\/strong>Fonds local<\/p>\n\n\n\n<p><strong>Fonds local : <\/strong>Fonds sur l\u2019histoire du ch\u00e2teau et du domaine<\/p>\n\n\n\n<p><strong>Label CollEx : <\/strong>Arch\u00e9ologie de la France<\/p>\n\n\n\n<p><strong>Description des collections :&nbsp; <\/strong>La biblioth\u00e8que du MAN propose aux conservateurs, arch\u00e9ologues, chercheurs, \u00e9tudiants et amateurs passionn\u00e9s une offre documentaire tr\u00e8s riche sur l\u2019arch\u00e9ologie et l\u2019histoire de cette discipline, mais aussi sur l\u2019histoire du mus\u00e9e et de ses collections, ainsi que sur l\u2019histoire du ch\u00e2teau et du domaine de Saint-Germain-en-Laye. Les collections contiennent un fonds sp\u00e9cialis\u00e9 d\u2019environ 55 000 ouvrages, tir\u00e9s-\u00e0-part, catalogues de vente, de collections mus\u00e9ales ou d\u2019exposition, actes de congr\u00e8s, th\u00e8ses et m\u00e9moires universitaires ainsi que plus de 800 titres de p\u00e9riodiques, en langue fran\u00e7aise ou \u00e9trang\u00e8re.<\/p>\n\n\n\n<p><strong>Types de documents : <\/strong>Imprim\u00e9s courants, Documents patrimoniaux, Documents iconographiques, Documents audiovisuels, Ressources \u00e9lectroniques, Biblioth\u00e8que num\u00e9rique<\/p>\n\n\n\n<p><strong>URL Biblioth\u00e8que num\u00e9rique : <\/strong><a href=\"https:\/\/ccbmn.culture.gouv.fr\/\">https:\/\/ccbmn.culture.gouv.fr\/<\/a><\/p>\n\n\n\n<p><strong>P\u00e9riodes : <\/strong>Pr\u00e9histoire, Antiquit\u00e9, IV<sup>e<\/sup>-XV<sup>e<\/sup> si\u00e8cles<\/p>\n\n\n\n<p><strong>Aires g\u00e9ographiques : <\/strong>Monde<\/p>\n\n\n\n<h2 class=\"wp-block-heading\">Voir sur la carte<\/h2>\n\n\n\n<div class=\"wp-block-columns is-layout-flex wp-container-core-columns-is-layout-28f84493 wp-block-columns-is-layout-flex\">\n<div class=\"wp-block-column is-layout-flow wp-block-column-is-layout-flow\">\n<iframe loading=\"lazy\" width=\"800\" height=\"600\" src=\"https:\/\/reseaubibart.inha.fr\/map?iframe=1&#038;noheader=1#\/fiche\/Musee-darcheologie-nationale\/7L\/@48.897,2.075,14z?cat=all\" frameborder=\"0\" marginheight=\"0\" marginwidth=\"0\"><\/iframe>\n<\/div>\n<\/div>\n","protected":false},"excerpt":{"rendered":"<p>Mus\u00e9e d&rsquo;arch\u00e9ologie nationale &#8211; Saint-Germain-en-Laye Coordonn\u00e9es Adresse : Ch\u00e2teau \u2013 Place Charles de Gaulle &#8211; 78100 Saint-Germain-en-Laye France T\u00e9l\u00e9phone : 01-39-10-21-37 Informations compl\u00e9mentaires Biblioth\u00e8que R\u00e9seau : RBMN R\u00e9gion : ile-de-France D\u00e9partement : Yvelines (78) RCR Sudoc : 785515201 Type d&rsquo;\u00e9tablissement : Mus\u00e9e Date de cr\u00e9ation : 1862 Historique : P\u00f4le d\u2019excellence en arch\u00e9ologie, la biblioth\u00e8que [&hellip;]<\/p>\n","protected":false},"author":1,"featured_media":0,"parent":21,"menu_order":0,"comment_status":"open","ping_status":"open","template":"","meta":{"footnotes":""},"class_list":["post-1318","page","type-page","status-publish","hentry"],"_links":{"self":[{"href":"https:\/\/portail.reseaubibart.inha.fr\/index.php?rest_route=\/wp\/v2\/pages\/1318","targetHints":{"allow":["GET"]}}],"collection":[{"href":"https:\/\/portail.reseaubibart.inha.fr\/index.php?rest_route=\/wp\/v2\/pages"}],"about":[{"href":"https:\/\/portail.reseaubibart.inha.fr\/index.php?rest_route=\/wp\/v2\/types\/page"}],"author":[{"embeddable":true,"href":"https:\/\/portail.reseaubibart.inha.fr\/index.php?rest_route=\/wp\/v2\/users\/1"}],"replies":[{"embeddable":true,"href":"https:\/\/portail.reseaubibart.inha.fr\/index.php?rest_route=%2Fwp%2Fv2%2Fcomments&post=1318"}],"version-history":[{"count":5,"href":"https:\/\/portail.reseaubibart.inha.fr\/index.php?rest_route=\/wp\/v2\/pages\/1318\/revisions"}],"predecessor-version":[{"id":4537,"href":"https:\/\/portail.reseaubibart.inha.fr\/index.php?rest_route=\/wp\/v2\/pages\/1318\/revisions\/4537"}],"up":[{"embeddable":true,"href":"https:\/\/portail.reseaubibart.inha.fr\/index.php?rest_route=\/wp\/v2\/pages\/21"}],"wp:attachment":[{"href":"https:\/\/portail.reseaubibart.inha.fr\/index.php?rest_route=%2Fwp%2Fv2%2Fmedia&parent=1318"}],"curies":[{"name":"wp","href":"https:\/\/api.w.org\/{rel}","templated":true}]}}