{"id":142,"date":"2025-03-07T16:27:57","date_gmt":"2025-03-07T15:27:57","guid":{"rendered":"https:\/\/bibart.inha.fr\/?page_id=142"},"modified":"2025-11-19T14:42:09","modified_gmt":"2025-11-19T13:42:09","slug":"rencontres-bibart","status":"publish","type":"page","link":"https:\/\/portail.reseaubibart.inha.fr\/?page_id=142","title":{"rendered":"Rencontres BibArt"},"content":{"rendered":"\n<div class=\"wp-block-group alignfull is-style-default has-accent-5-background-color has-background has-global-padding is-layout-constrained wp-block-group-is-layout-constrained\" style=\"margin-top:0;margin-bottom:0;padding-top:var(--wp--preset--spacing--60);padding-bottom:var(--wp--preset--spacing--60)\">\n<div class=\"wp-block-columns alignwide is-layout-flex wp-container-core-columns-is-layout-643ced6b wp-block-columns-is-layout-flex\">\n<div class=\"wp-block-column is-layout-flow wp-block-column-is-layout-flow\" style=\"flex-basis:40%\">\n<figure class=\"wp-block-image size-full\"><img loading=\"lazy\" decoding=\"async\" width=\"447\" height=\"313\" src=\"https:\/\/bibart.inha.fr\/wp-content\/uploads\/2025\/03\/affiche-seminaire-2019-1.png\" alt=\"\" class=\"wp-image-145\" srcset=\"https:\/\/portail.reseaubibart.inha.fr\/wp-content\/uploads\/2025\/03\/affiche-seminaire-2019-1.png 447w, https:\/\/portail.reseaubibart.inha.fr\/wp-content\/uploads\/2025\/03\/affiche-seminaire-2019-1-300x210.png 300w\" sizes=\"auto, (max-width: 447px) 100vw, 447px\" \/><\/figure>\n<\/div>\n\n\n\n<div class=\"wp-block-column is-vertically-aligned-center is-layout-flow wp-container-core-column-is-layout-119bc444 wp-block-column-is-layout-flow\" style=\"flex-basis:60%\">\n<h2 class=\"wp-block-heading has-xx-large-font-size\">Les rencontres<\/h2>\n\n\n\n<p>Le r\u00e9seau BibArt organise annuellement deux rencontres :<\/p>\n\n\n\n<ul class=\"wp-block-list\">\n<li>la rencontre du r\u00e9seau BibArt, ouverte \u00e0 tous et toutes<\/li>\n\n\n\n<li>une rencontre professionnelle autour de questions pratiques<\/li>\n<\/ul>\n\n\n\n<div class=\"wp-block-group is-vertical is-layout-flex wp-container-core-group-is-layout-41e20069 wp-block-group-is-layout-flex\">\n<p class=\"has-medium-font-size\"><span class=\"wp-rich-text-font-awesome-icon wp-font-awesome-icon\"><svg aria-hidden=\"true\" focusable=\"false\" data-prefix=\"far\" data-icon=\"calendar-check\" class=\"svg-inline--fa fa-calendar-check \" role=\"img\" xmlns=\"http:\/\/www.w3.org\/2000\/svg\" viewBox=\"0 0 448 512\"><path fill=\"currentColor\" d=\"M128 0c13.3 0 24 10.7 24 24l0 40 144 0 0-40c0-13.3 10.7-24 24-24s24 10.7 24 24l0 40 40 0c35.3 0 64 28.7 64 64l0 16 0 48 0 256c0 35.3-28.7 64-64 64L64 512c-35.3 0-64-28.7-64-64L0 192l0-48 0-16C0 92.7 28.7 64 64 64l40 0 0-40c0-13.3 10.7-24 24-24zM400 192L48 192l0 256c0 8.8 7.2 16 16 16l320 0c8.8 0 16-7.2 16-16l0-256zM329 297L217 409c-9.4 9.4-24.6 9.4-33.9 0l-64-64c-9.4-9.4-9.4-24.6 0-33.9s24.6-9.4 33.9 0l47 47 95-95c9.4-9.4 24.6-9.4 33.9 0s9.4 24.6 0 33.9z\"><\/path><\/svg><\/span>  Soyez inform\u00e9s des prochaines dates en consultant nos actualit\u00e9s<\/p>\n\n\n\n<div class=\"wp-block-buttons is-content-justification-center is-layout-flex wp-container-core-buttons-is-layout-a89b3969 wp-block-buttons-is-layout-flex\">\n<div class=\"wp-block-button\"><a class=\"wp-block-button__link wp-element-button\" href=\"https:\/\/portail.reseaubibart.inha.fr\/?page_id=2898\">Actualit\u00e9s du r\u00e9seau<\/a><\/div>\n<\/div>\n<\/div>\n<\/div>\n<\/div>\n<\/div>\n\n\n\n<div class=\"wp-block-group alignfull is-style-section-2 has-base-color has-text-color has-link-color wp-elements-3ea0c758384771c7f615f213af4f638e has-global-padding is-layout-constrained wp-block-group-is-layout-constrained is-style-section-2--1\" style=\"margin-top:0;margin-bottom:0;padding-top:var(--wp--preset--spacing--50);padding-bottom:var(--wp--preset--spacing--50)\">\n<div class=\"wp-block-columns alignwide is-layout-flex wp-container-core-columns-is-layout-7ee84d44 wp-block-columns-is-layout-flex\">\n<div class=\"wp-block-column is-vertically-aligned-center is-layout-flow wp-block-column-is-layout-flow\" style=\"flex-basis:50%\">\n<h2 class=\"wp-block-heading has-base-color has-text-color has-link-color wp-elements-00d32c52abffc56eb44de2570ea932bd\">\u00c0 propos de nos rencontres<\/h2>\n\n\n\n<p class=\"is-style-default\"><strong>Rencontre BiBArt <\/strong><br>Ce rendez-vous annuel est l&rsquo;occasion de r\u00e9unir les professionnels des biblioth\u00e8ques sp\u00e9cialis\u00e9es en histoire de l&rsquo;art, arch\u00e9ologie et patrimoine venus de toute la France. L&rsquo;objectif de ces rencontres est d&rsquo;offrir un \u00e9clairage sur les enjeux actuels auxquels sont confront\u00e9es les biblioth\u00e8ques d&rsquo;art et d&rsquo;histoire de l&rsquo;art et de cr\u00e9er des moments privil\u00e9gi\u00e9s de discussions et de d\u00e9bats entre professionnels.<\/p>\n\n\n\n<p class=\"is-style-default\"><strong>Questions pratiques <\/strong> <br>Cette rencontre a pour objectif d\u2019\u00e9changer sur les pratiques professionnelles en mettant en avant les derni\u00e8res actualit\u00e9s et de proposer des ateliers th\u00e9matiques dans les domaines du traitement, de la conservation et de la valorisation des fonds, offrant ainsi \u00e0 celles et ceux qui font vivre les collections des moments conviviaux d&rsquo;\u00e9change sur l&rsquo;\u00e9volution de leur m\u00e9tier.<\/p>\n\n\n\n<h2 class=\"wp-block-heading is-style-default\"><\/h2>\n<\/div>\n\n\n\n<div class=\"wp-block-column is-vertically-aligned-center is-layout-flow wp-block-column-is-layout-flow\" style=\"flex-basis:50%\">\n<figure class=\"wp-block-image size-full\"><img loading=\"lazy\" decoding=\"async\" width=\"447\" height=\"313\" src=\"https:\/\/bibart.inha.fr\/wp-content\/uploads\/2025\/03\/affiche-seminaire-2019-1.png\" alt=\"\" class=\"wp-image-145\" style=\"aspect-ratio:1;object-fit:cover\" srcset=\"https:\/\/portail.reseaubibart.inha.fr\/wp-content\/uploads\/2025\/03\/affiche-seminaire-2019-1.png 447w, https:\/\/portail.reseaubibart.inha.fr\/wp-content\/uploads\/2025\/03\/affiche-seminaire-2019-1-300x210.png 300w\" sizes=\"auto, (max-width: 447px) 100vw, 447px\" \/><\/figure>\n<\/div>\n<\/div>\n<\/div>\n\n\n\n<div class=\"wp-block-columns alignfull has-accent-5-background-color has-text-color has-background is-layout-flex wp-container-core-columns-is-layout-28f84493 wp-block-columns-is-layout-flex\" style=\"color:#000000\">\n<div class=\"wp-block-column is-layout-flow wp-block-column-is-layout-flow\">\n<h3 class=\"wp-block-heading\" style=\"font-size:clamp(15.747px, 0.984rem + ((1vw - 3.2px) * 0.809), 24px);line-height:1.3\"><strong>Captations des rencontres BibArt <\/strong><\/h3>\n\n\n\n<p>Visionnez les captations des rencontres Bibart des ann\u00e9es pr\u00e9c\u00e9dentes :<\/p>\n\n\n\n<ul class=\"wp-block-list has-accent-2-color has-text-color has-link-color wp-elements-ef189dff82eed1f8ca2e008448a26b03\">\n<li><a href=\"https:\/\/www.youtube.com\/watch?v=glKlYa0wotw&amp;list=PLsl8NWzVv6T1BPziNJe6tfITHZNayu5CA\" target=\"_blank\" rel=\"noreferrer noopener\">2025 : \u00ab\u00a0Mutualisation entre biblioth\u00e8ques\u00a0\u00bb<\/a><\/li>\n\n\n\n<li><a href=\"https:\/\/portail.reseaubibart.inha.fr\/?page_id=2491\" data-type=\"page\" data-id=\"2491\">2024 : \u00ab\u00a0Richesses et enjeux des collections iconographiques\u00a0\u00bb<\/a><\/li>\n\n\n\n<li><a href=\"https:\/\/portail.reseaubibart.inha.fr\/?page_id=2492\" data-type=\"page\" data-id=\"2492\">2023 : \u00ab\u00a0G\u00e9rer des p\u00e9riodiques\u00a0\u00bb<\/a><\/li>\n\n\n\n<li><a href=\"https:\/\/portail.reseaubibart.inha.fr\/?page_id=708\" data-type=\"page\" data-id=\"708\">2022 : \u00ab\u00a0Avec les publics\u00a0\u00bb<\/a><\/li>\n\n\n\n<li><a href=\"https:\/\/www.youtube.com\/watch?v=sbeUvgTtNjU&amp;list=PLsl8NWzVv6T291RKLmNk5mDh3BYXjEH4a&amp;index=1\" target=\"_blank\" rel=\"noreferrer noopener\">2021 : \u00ab\u00a0Signaler des collections pour les valoriser\u00a0\u00bb<\/a><\/li>\n\n\n\n<li><a href=\"https:\/\/portail.reseaubibart.inha.fr\/?page_id=620\" data-type=\"page\" data-id=\"620\">2020 : \u00ab\u00a0Politique et charte documentaires\u00a0\u00bb<\/a><\/li>\n\n\n\n<li><a href=\"https:\/\/portail.reseaubibart.inha.fr\/?page_id=150\" data-type=\"page\" data-id=\"150\">2019 : \u00ab\u00a0Actualit\u00e9 des associations professionnelles\u00a0\u00bb<\/a><\/li>\n<\/ul>\n<\/div>\n\n\n\n<div class=\"wp-block-column is-layout-flow wp-block-column-is-layout-flow\">\n<h3 class=\"wp-block-heading\" style=\"font-size:clamp(15.747px, 0.984rem + ((1vw - 3.2px) * 0.809), 24px);line-height:1.3\"><strong>Diaporamas des rencontres des catalogueurs<\/strong><\/h3>\n\n\n\n<p>Consultez les diaporamas des rencontres des catalogueurs des ann\u00e9es pr\u00e9c\u00e9dentes :<\/p>\n\n\n\n<ul class=\"wp-block-list has-accent-2-color has-text-color has-link-color wp-elements-d714cab71636707e51c6f7d0d55594be\">\n<li><a href=\"https:\/\/portail.reseaubibart.inha.fr\/?page_id=2538\" data-type=\"page\" data-id=\"2538\">2023 : \u00ab\u00a0Cataloguer les documents \u00e9lectroniques\u00a0\u00bb<\/a><\/li>\n\n\n\n<li><a href=\"https:\/\/portail.reseaubibart.inha.fr\/?page_id=2526\" data-type=\"page\" data-id=\"2526\">2022 : \u00ab\u00a0La formation en catalogage en art et en histoire de l&rsquo;art\u00a0\u00bb<\/a><\/li>\n\n\n\n<li><a href=\"https:\/\/portail.reseaubibart.inha.fr\/?page_id=2512\" data-type=\"page\" data-id=\"2512\">2021 : \u00ab\u00a0Ceci n&rsquo;est pas un livre (mais \u00e7a se catalogue quand m\u00eame&#8230;)\u00a0\u00bb<\/a><\/li>\n\n\n\n<li><a href=\"https:\/\/portail.reseaubibart.inha.fr\/?page_id=2505\" data-type=\"page\" data-id=\"2505\">2019 : \u00ab\u00a0Rencontre des catalogueurs\u00a0\u00bb<\/a><\/li>\n<\/ul>\n<\/div>\n\n\n\n<div class=\"wp-block-column is-layout-flow wp-block-column-is-layout-flow\">\n<h3 class=\"wp-block-heading has-large-font-size\"><strong>Atelier Questions pratiques<\/strong><\/h3>\n\n\n\n<ul class=\"wp-block-list\">\n<li>2025 : \u00ab\u00a0Les abonnements de p\u00e9riodiques\u00a0\u00bb(\u00e0 venir)<\/li>\n<\/ul>\n<\/div>\n<\/div>\n\n\n\n<p><\/p>\n","protected":false},"excerpt":{"rendered":"<p>Les rencontres Le r\u00e9seau BibArt organise annuellement deux rencontres : Soyez inform\u00e9s des prochaines dates en consultant nos actualit\u00e9s \u00c0 propos de nos rencontres Rencontre BiBArt Ce rendez-vous annuel est l&rsquo;occasion de r\u00e9unir les professionnels des biblioth\u00e8ques sp\u00e9cialis\u00e9es en histoire de l&rsquo;art, arch\u00e9ologie et patrimoine venus de toute la France. L&rsquo;objectif de ces rencontres est [&hellip;]<\/p>\n","protected":false},"author":1,"featured_media":0,"parent":0,"menu_order":0,"comment_status":"closed","ping_status":"closed","template":"","meta":{"footnotes":""},"class_list":["post-142","page","type-page","status-publish","hentry"],"_links":{"self":[{"href":"https:\/\/portail.reseaubibart.inha.fr\/index.php?rest_route=\/wp\/v2\/pages\/142","targetHints":{"allow":["GET"]}}],"collection":[{"href":"https:\/\/portail.reseaubibart.inha.fr\/index.php?rest_route=\/wp\/v2\/pages"}],"about":[{"href":"https:\/\/portail.reseaubibart.inha.fr\/index.php?rest_route=\/wp\/v2\/types\/page"}],"author":[{"embeddable":true,"href":"https:\/\/portail.reseaubibart.inha.fr\/index.php?rest_route=\/wp\/v2\/users\/1"}],"replies":[{"embeddable":true,"href":"https:\/\/portail.reseaubibart.inha.fr\/index.php?rest_route=%2Fwp%2Fv2%2Fcomments&post=142"}],"version-history":[{"count":48,"href":"https:\/\/portail.reseaubibart.inha.fr\/index.php?rest_route=\/wp\/v2\/pages\/142\/revisions"}],"predecessor-version":[{"id":4448,"href":"https:\/\/portail.reseaubibart.inha.fr\/index.php?rest_route=\/wp\/v2\/pages\/142\/revisions\/4448"}],"wp:attachment":[{"href":"https:\/\/portail.reseaubibart.inha.fr\/index.php?rest_route=%2Fwp%2Fv2%2Fmedia&parent=142"}],"curies":[{"name":"wp","href":"https:\/\/api.w.org\/{rel}","templated":true}]}}