{"id":1429,"date":"2025-04-09T09:53:49","date_gmt":"2025-04-09T07:53:49","guid":{"rendered":"https:\/\/bibart.inha.fr\/?page_id=1429"},"modified":"2025-06-19T17:14:39","modified_gmt":"2025-06-19T15:14:39","slug":"ensap-bordeaux","status":"publish","type":"page","link":"https:\/\/portail.reseaubibart.inha.fr\/?page_id=1429","title":{"rendered":"\u00c9cole nationale sup\u00e9rieure d&rsquo;architecture et de paysage de Bordeaux"},"content":{"rendered":"\n<p><strong>ENSAP Bordeaux<\/strong><\/p>\n\n\n\n<figure class=\"wp-block-image aligncenter size-full is-resized\"><img loading=\"lazy\" decoding=\"async\" width=\"500\" height=\"130\" src=\"https:\/\/bibart.inha.fr\/wp-content\/uploads\/2025\/04\/Logo_ENSAP_Bordeaux.png\" alt=\"\" class=\"wp-image-1815\" style=\"width:331px;height:auto\" srcset=\"https:\/\/portail.reseaubibart.inha.fr\/wp-content\/uploads\/2025\/04\/Logo_ENSAP_Bordeaux.png 500w, https:\/\/portail.reseaubibart.inha.fr\/wp-content\/uploads\/2025\/04\/Logo_ENSAP_Bordeaux-300x78.png 300w\" sizes=\"auto, (max-width: 500px) 100vw, 500px\" \/><\/figure>\n\n\n\n<div class=\"wp-block-group has-global-padding is-layout-constrained wp-block-group-is-layout-constrained\">\n<div class=\"wp-block-group has-global-padding is-layout-constrained wp-block-group-is-layout-constrained\">\n<h2 class=\"wp-block-heading\">Coordonn\u00e9es<\/h2>\n\n\n\n<p class=\"has-accent-5-background-color has-background\"><span class=\"wp-rich-text-font-awesome-icon wp-font-awesome-icon\"><svg aria-hidden=\"true\" focusable=\"false\" data-prefix=\"fas\" data-icon=\"house\" class=\"svg-inline--fa fa-house \" role=\"img\" xmlns=\"http:\/\/www.w3.org\/2000\/svg\" viewBox=\"0 0 576 512\"><path fill=\"currentColor\" d=\"M575.8 255.5c0 18-15 32.1-32 32.1l-32 0 .7 160.2c0 2.7-.2 5.4-.5 8.1l0 16.2c0 22.1-17.9 40-40 40l-16 0c-1.1 0-2.2 0-3.3-.1c-1.4 .1-2.8 .1-4.2 .1L416 512l-24 0c-22.1 0-40-17.9-40-40l0-24 0-64c0-17.7-14.3-32-32-32l-64 0c-17.7 0-32 14.3-32 32l0 64 0 24c0 22.1-17.9 40-40 40l-24 0-31.9 0c-1.5 0-3-.1-4.5-.2c-1.2 .1-2.4 .2-3.6 .2l-16 0c-22.1 0-40-17.9-40-40l0-112c0-.9 0-1.9 .1-2.8l0-69.7-32 0c-18 0-32-14-32-32.1c0-9 3-17 10-24L266.4 8c7-7 15-8 22-8s15 2 21 7L564.8 231.5c8 7 12 15 11 24z\"><\/path><\/svg><\/span> <strong>Adresse <\/strong>: 740 cours de la Lib\u00e9ration &#8211; 33405 Talence cedex France<br><span class=\"wp-rich-text-font-awesome-icon wp-font-awesome-icon\"><svg aria-hidden=\"true\" focusable=\"false\" data-prefix=\"fas\" data-icon=\"phone\" class=\"svg-inline--fa fa-phone \" role=\"img\" xmlns=\"http:\/\/www.w3.org\/2000\/svg\" viewBox=\"0 0 512 512\"><path fill=\"currentColor\" d=\"M164.9 24.6c-7.7-18.6-28-28.5-47.4-23.2l-88 24C12.1 30.2 0 46 0 64C0 311.4 200.6 512 448 512c18 0 33.8-12.1 38.6-29.5l24-88c5.3-19.4-4.6-39.7-23.2-47.4l-96-40c-16.3-6.8-35.2-2.1-46.3 11.6L304.7 368C234.3 334.7 177.3 277.7 144 207.3L193.3 167c13.7-11.2 18.4-30 11.6-46.3l-40-96z\"><\/path><\/svg><\/span> <strong>T\u00e9l\u00e9phone<\/strong> : 05-57-35-11-20<\/p>\n<\/div>\n\n\n\n<div class=\"wp-block-buttons is-content-justification-center is-layout-flex wp-container-core-buttons-is-layout-a89b3969 wp-block-buttons-is-layout-flex\">\n<div class=\"wp-block-button\"><a class=\"wp-block-button__link wp-element-button\" href=\"mailto: doc@bordeaux.archi.fr\"><span class=\"wp-rich-text-font-awesome-icon wp-font-awesome-icon\"><svg aria-hidden=\"true\" focusable=\"false\" data-prefix=\"fas\" data-icon=\"envelope\" class=\"svg-inline--fa fa-envelope \" role=\"img\" xmlns=\"http:\/\/www.w3.org\/2000\/svg\" viewBox=\"0 0 512 512\"><path fill=\"currentColor\" d=\"M48 64C21.5 64 0 85.5 0 112c0 15.1 7.1 29.3 19.2 38.4L236.8 313.6c11.4 8.5 27 8.5 38.4 0L492.8 150.4c12.1-9.1 19.2-23.3 19.2-38.4c0-26.5-21.5-48-48-48L48 64zM0 176L0 384c0 35.3 28.7 64 64 64l384 0c35.3 0 64-28.7 64-64l0-208L294.4 339.2c-22.8 17.1-54 17.1-76.8 0L0 176z\"><\/path><\/svg><\/span> Courriel<\/a><\/div>\n\n\n\n<div class=\"wp-block-button\"><a class=\"wp-block-button__link wp-element-button\" href=\"http:\/\/www.bordeaux.archi.fr\/ecole\/ressources\/mediatheque.html\" target=\"_blank\" rel=\"noreferrer noopener\"><span class=\"wp-rich-text-font-awesome-icon wp-font-awesome-icon\"><svg aria-hidden=\"true\" focusable=\"false\" data-prefix=\"fas\" data-icon=\"globe\" class=\"svg-inline--fa fa-globe \" role=\"img\" xmlns=\"http:\/\/www.w3.org\/2000\/svg\" viewBox=\"0 0 512 512\"><path fill=\"currentColor\" d=\"M352 256c0 22.2-1.2 43.6-3.3 64l-185.3 0c-2.2-20.4-3.3-41.8-3.3-64s1.2-43.6 3.3-64l185.3 0c2.2 20.4 3.3 41.8 3.3 64zm28.8-64l123.1 0c5.3 20.5 8.1 41.9 8.1 64s-2.8 43.5-8.1 64l-123.1 0c2.1-20.6 3.2-42 3.2-64s-1.1-43.4-3.2-64zm112.6-32l-116.7 0c-10-63.9-29.8-117.4-55.3-151.6c78.3 20.7 142 77.5 171.9 151.6zm-149.1 0l-176.6 0c6.1-36.4 15.5-68.6 27-94.7c10.5-23.6 22.2-40.7 33.5-51.5C239.4 3.2 248.7 0 256 0s16.6 3.2 27.8 13.8c11.3 10.8 23 27.9 33.5 51.5c11.6 26 20.9 58.2 27 94.7zm-209 0L18.6 160C48.6 85.9 112.2 29.1 190.6 8.4C165.1 42.6 145.3 96.1 135.3 160zM8.1 192l123.1 0c-2.1 20.6-3.2 42-3.2 64s1.1 43.4 3.2 64L8.1 320C2.8 299.5 0 278.1 0 256s2.8-43.5 8.1-64zM194.7 446.6c-11.6-26-20.9-58.2-27-94.6l176.6 0c-6.1 36.4-15.5 68.6-27 94.6c-10.5 23.6-22.2 40.7-33.5 51.5C272.6 508.8 263.3 512 256 512s-16.6-3.2-27.8-13.8c-11.3-10.8-23-27.9-33.5-51.5zM135.3 352c10 63.9 29.8 117.4 55.3 151.6C112.2 482.9 48.6 426.1 18.6 352l116.7 0zm358.1 0c-30 74.1-93.6 130.9-171.9 151.6c25.5-34.2 45.2-87.7 55.3-151.6l116.7 0z\"><\/path><\/svg><\/span> Site internet<\/a><\/div>\n<\/div>\n<\/div>\n\n\n\n<h2 class=\"wp-block-heading\">Informations compl\u00e9mentaires<\/h2>\n\n\n\n<p>M\u00e9diath\u00e8que<\/p>\n\n\n\n<p><strong>R\u00e9seau <\/strong>: ArchiR\u00e8s<\/p>\n\n\n\n<p><strong>R\u00e9gion <\/strong>: Nouvelle-Aquitaine<\/p>\n\n\n\n<p><strong>D\u00e9partement <\/strong>: Gironde <span class=\"option-value col gogo-color-as s12 last first\"><span class=\"option-name\">(33)<\/span><\/span><\/p>\n\n\n\n<p><strong>RCR Sudoc <\/strong>: 335222303<\/p>\n\n\n\n<p><strong>Type d&rsquo;\u00e9tablissement<\/strong> : \u00c9cole d&rsquo;architecture<\/p>\n\n\n\n<p><strong>Historique <\/strong>: R\u00e9alis\u00e9e par l\u2019atelier Claude Ferret, l\u2019actuelle \u00e9cole d\u2019architecture de Bordeaux a vu le jour en 1973. Elle prend place sur le domaine universitaire de Raba \u00e0 Talence, suite au d\u00e9part en d\u00e9cembre 1968 de l\u2019enseignement de l\u2019architecture de l\u2019\u00e9cole r\u00e9gionale des Beaux-arts situ\u00e9e dans le centre de Bordeaux. En 1984, l\u2019unit\u00e9 p\u00e9dagogique d\u2019architecture et d\u2019urbanisme de Bordeaux, issue de la scission de 1968, devient \u00c9cole d\u2019architecture, puis \u00c9cole d\u2019architecture et de paysage en 1994 et \u00c9cole nationale sup\u00e9rieure d\u2019architecture et de paysage (ENSAP) en 2005. La m\u00e9diath\u00e8que garde la m\u00e9moire de l\u2019enseignement de l\u2019architecture \u00e0 Bordeaux avant 1968, marqu\u00e9 par l\u2019enseignement de copies sur planches, en conservant dans son fonds ancien actuel quelques 93 documents poss\u00e9dant le tampon de l\u2019atelier Ferret, une trentaine de titres de revues et au moins 250 ouvrages ayant accompagn\u00e9 avec certitudes les ateliers d\u2019architecture de cette p\u00e9riode. \u00c0 partir de 1969, les \u00e9quipes p\u00e9dagogiques commencent \u00e0 constituer le fonds actuel de la m\u00e9diath\u00e8que en s\u2019int\u00e9ressant notamment \u00e0 l\u2019architecture moderne. Avant son projet de restructuration int\u00e9rieure et d\u2019extension lanc\u00e9 en septembre 1998, la m\u00e9diath\u00e8que de l\u2019ENSAP est d\u2019abord un centre de documentation et d\u2019action culturelle qui accueille \u00e0 l\u2019\u00e9tage la reprographie, une imprimerie et un laboratoire photo. En 1999, le projet de Marc-Antoine Florin, architecte designer et enseignant \u00e0 l\u2019ENSAP de Bordeaux voit l\u2019ajout d\u2019un sas d\u2019entr\u00e9e vitr\u00e9 et de nouveaux magasins (par la transformation de l\u2019ancien l\u2019atelier d\u00e9p\u00f4t), la transformation d\u2019un magasin en salle de lecture, la cr\u00e9ation de mobilier en bois et m\u00e9tal, le d\u00e9part de l\u2019activit\u00e9 de reprographie de la m\u00e9diath\u00e8que et la cr\u00e9ation dans l\u2019espace laiss\u00e9 vacant de treize boxes pour le travail en groupe, aujourd\u2019hui tr\u00e8s utilis\u00e9s par les \u00e9tudiants.<\/p>\n\n\n\n<p><strong>SIGB <\/strong>: Koha<\/p>\n\n\n\n<p><strong>Catalogue collectif <\/strong>: SUDOC<\/p>\n\n\n\n<h2 class=\"wp-block-heading\">Acc\u00e8s et services<\/h2>\n\n\n\n<p><strong>Horaires <\/strong>: lundi : 14h-17h30 ; mardi-jeudi : 9h-17h30 ; vendredi : 9h-17h<\/p>\n\n\n\n<p><strong>Public <\/strong>: Tout public, \u00c9tudiants niveau licence, \u00c9tudiants niveau master et doctorat, Enseignants-Chercheurs, Professionnels<\/p>\n\n\n\n<p><strong>Inscription <\/strong>: Acc\u00e8s sans inscription<\/p>\n\n\n\n<p><strong>Services <\/strong>: Catalogue en ligne, Acc\u00e8s internet, Reproduction, Pr\u00eat \u00e0 domicile, Pr\u00eat entre biblioth\u00e8ques<\/p>\n\n\n\n<p><strong>Site Affluences <\/strong>: Non<\/p>\n\n\n\n<h2 class=\"wp-block-heading\">Collections<\/h2>\n\n\n\n<p><strong>Domaine principal <\/strong>: Architecture, Arts d\u00e9coratifs-design<\/p>\n\n\n\n<p><strong>Collections notables : <\/strong>Collections sp\u00e9cialis\u00e9es, Fonds d&rsquo;archives<\/p>\n\n\n\n<p><strong>Collections sp\u00e9cialis\u00e9es : <\/strong>Ouvrages estampill\u00e9s Atelier Ferret<\/p>\n\n\n\n<p><strong>Fonds d&rsquo;archives : <\/strong>Fonds Pierre Lajus, sur la maison individuelle (1964-1999) , Fonds Jungmann (A\u00e9rolande, Utopie)<\/p>\n\n\n\n<p><strong>Description des collections :&nbsp; <\/strong>La m\u00e9diath\u00e8que de l\u2019ENSAP de Bordeaux est constitu\u00e9e d&rsquo;une biblioth\u00e8que (plus de 21 000 ouvrages, 446 titres de p\u00e9riodiques dont 94 abonnements), d&rsquo;une mat\u00e9riauth\u00e8que (150 \u00e9chantillons), cartoth\u00e8que (796 documents) et d&rsquo;une vid\u00e9oth\u00e8que (plus de 600 titres). Elle conserve plus de 3200 travaux d&rsquo;\u00e9tudiants sous forme papier ou num\u00e9rique. Elle diffuse des outils d&rsquo;aide \u00e0 la recherche et promeut les fonds dont elle est d\u00e9positaire.<\/p>\n\n\n\n<p><strong>Types de documents : <\/strong>Imprim\u00e9s courants, Documents audiovisuels, Ressources \u00e9lectroniques, Biblioth\u00e8que num\u00e9rique<\/p>\n\n\n\n<p><strong>P\u00e9riodes : <\/strong>Toutes p\u00e9riodes<\/p>\n\n\n\n<p><strong>Aires g\u00e9ographiques : <\/strong>Monde<\/p>\n\n\n\n<div class=\"wp-block-columns is-layout-flex wp-container-core-columns-is-layout-28f84493 wp-block-columns-is-layout-flex\">\n<div class=\"wp-block-column is-layout-flow wp-block-column-is-layout-flow\">\n<iframe loading=\"lazy\" width=\"800\" height=\"600\" src=\"https:\/\/reseaubibart.inha.fr\/map?iframe=1&#038;noheader=1#\/fiche\/Cole-nationale-superieure-darchitecture-et-de-Paysage-de-Bordeaux-ENSAP-Bordeaux\/6u\/ensa-paris-est@44.794,-0.626,14z?cat=all\" frameborder=\"0\" marginheight=\"0\" marginwidth=\"0\"><\/iframe>\n<\/div>\n<\/div>\n","protected":false},"excerpt":{"rendered":"<p>ENSAP Bordeaux Coordonn\u00e9es Adresse : 740 cours de la Lib\u00e9ration &#8211; 33405 Talence cedex France T\u00e9l\u00e9phone : 05-57-35-11-20 Informations compl\u00e9mentaires M\u00e9diath\u00e8que R\u00e9seau : ArchiR\u00e8s R\u00e9gion : Nouvelle-Aquitaine D\u00e9partement : Gironde (33) RCR Sudoc : 335222303 Type d&rsquo;\u00e9tablissement : \u00c9cole d&rsquo;architecture Historique : R\u00e9alis\u00e9e par l\u2019atelier Claude Ferret, l\u2019actuelle \u00e9cole d\u2019architecture de Bordeaux a vu le [&hellip;]<\/p>\n","protected":false},"author":1,"featured_media":0,"parent":521,"menu_order":0,"comment_status":"open","ping_status":"open","template":"","meta":{"footnotes":""},"class_list":["post-1429","page","type-page","status-publish","hentry"],"_links":{"self":[{"href":"https:\/\/portail.reseaubibart.inha.fr\/index.php?rest_route=\/wp\/v2\/pages\/1429","targetHints":{"allow":["GET"]}}],"collection":[{"href":"https:\/\/portail.reseaubibart.inha.fr\/index.php?rest_route=\/wp\/v2\/pages"}],"about":[{"href":"https:\/\/portail.reseaubibart.inha.fr\/index.php?rest_route=\/wp\/v2\/types\/page"}],"author":[{"embeddable":true,"href":"https:\/\/portail.reseaubibart.inha.fr\/index.php?rest_route=\/wp\/v2\/users\/1"}],"replies":[{"embeddable":true,"href":"https:\/\/portail.reseaubibart.inha.fr\/index.php?rest_route=%2Fwp%2Fv2%2Fcomments&post=1429"}],"version-history":[{"count":5,"href":"https:\/\/portail.reseaubibart.inha.fr\/index.php?rest_route=\/wp\/v2\/pages\/1429\/revisions"}],"predecessor-version":[{"id":3029,"href":"https:\/\/portail.reseaubibart.inha.fr\/index.php?rest_route=\/wp\/v2\/pages\/1429\/revisions\/3029"}],"up":[{"embeddable":true,"href":"https:\/\/portail.reseaubibart.inha.fr\/index.php?rest_route=\/wp\/v2\/pages\/521"}],"wp:attachment":[{"href":"https:\/\/portail.reseaubibart.inha.fr\/index.php?rest_route=%2Fwp%2Fv2%2Fmedia&parent=1429"}],"curies":[{"name":"wp","href":"https:\/\/api.w.org\/{rel}","templated":true}]}}