{"id":1439,"date":"2025-04-09T09:53:53","date_gmt":"2025-04-09T07:53:53","guid":{"rendered":"https:\/\/bibart.inha.fr\/?page_id=1439"},"modified":"2025-06-20T11:23:05","modified_gmt":"2025-06-20T09:23:05","slug":"ensa-toulouse","status":"publish","type":"page","link":"https:\/\/portail.reseaubibart.inha.fr\/?page_id=1439","title":{"rendered":"\u00c9cole nationale sup\u00e9rieure d&rsquo;architecture de Toulouse"},"content":{"rendered":"\n<p><strong>ENSA Toulouse<\/strong><\/p>\n\n\n\n<figure class=\"wp-block-image aligncenter size-full is-resized\"><img loading=\"lazy\" decoding=\"async\" width=\"758\" height=\"302\" src=\"https:\/\/bibart.inha.fr\/wp-content\/uploads\/2025\/04\/Logo_ENSA_Toulouse.png\" alt=\"\" class=\"wp-image-1799\" style=\"width:233px;height:auto\" srcset=\"https:\/\/portail.reseaubibart.inha.fr\/wp-content\/uploads\/2025\/04\/Logo_ENSA_Toulouse.png 758w, https:\/\/portail.reseaubibart.inha.fr\/wp-content\/uploads\/2025\/04\/Logo_ENSA_Toulouse-300x120.png 300w\" sizes=\"auto, (max-width: 758px) 100vw, 758px\" \/><\/figure>\n\n\n\n<div class=\"wp-block-group has-global-padding is-layout-constrained wp-block-group-is-layout-constrained\">\n<div class=\"wp-block-group has-global-padding is-layout-constrained wp-block-group-is-layout-constrained\">\n<h2 class=\"wp-block-heading\">Coordonn\u00e9es<\/h2>\n\n\n\n<p class=\"has-accent-5-background-color has-background\"><span class=\"wp-rich-text-font-awesome-icon wp-font-awesome-icon\"><svg aria-hidden=\"true\" focusable=\"false\" data-prefix=\"fas\" data-icon=\"house\" class=\"svg-inline--fa fa-house \" role=\"img\" xmlns=\"http:\/\/www.w3.org\/2000\/svg\" viewBox=\"0 0 576 512\"><path fill=\"currentColor\" d=\"M575.8 255.5c0 18-15 32.1-32 32.1l-32 0 .7 160.2c0 2.7-.2 5.4-.5 8.1l0 16.2c0 22.1-17.9 40-40 40l-16 0c-1.1 0-2.2 0-3.3-.1c-1.4 .1-2.8 .1-4.2 .1L416 512l-24 0c-22.1 0-40-17.9-40-40l0-24 0-64c0-17.7-14.3-32-32-32l-64 0c-17.7 0-32 14.3-32 32l0 64 0 24c0 22.1-17.9 40-40 40l-24 0-31.9 0c-1.5 0-3-.1-4.5-.2c-1.2 .1-2.4 .2-3.6 .2l-16 0c-22.1 0-40-17.9-40-40l0-112c0-.9 0-1.9 .1-2.8l0-69.7-32 0c-18 0-32-14-32-32.1c0-9 3-17 10-24L266.4 8c7-7 15-8 22-8s15 2 21 7L564.8 231.5c8 7 12 15 11 24z\"><\/path><\/svg><\/span> <strong>Adresse <\/strong>: 83, rue Aristide Maillol, BP 10629, 31106 &#8211; Toulouse cedex 1 France<br><span class=\"wp-rich-text-font-awesome-icon wp-font-awesome-icon\"><svg aria-hidden=\"true\" focusable=\"false\" data-prefix=\"fas\" data-icon=\"phone\" class=\"svg-inline--fa fa-phone \" role=\"img\" xmlns=\"http:\/\/www.w3.org\/2000\/svg\" viewBox=\"0 0 512 512\"><path fill=\"currentColor\" d=\"M164.9 24.6c-7.7-18.6-28-28.5-47.4-23.2l-88 24C12.1 30.2 0 46 0 64C0 311.4 200.6 512 448 512c18 0 33.8-12.1 38.6-29.5l24-88c5.3-19.4-4.6-39.7-23.2-47.4l-96-40c-16.3-6.8-35.2-2.1-46.3 11.6L304.7 368C234.3 334.7 177.3 277.7 144 207.3L193.3 167c13.7-11.2 18.4-30 11.6-46.3l-40-96z\"><\/path><\/svg><\/span> <strong>T\u00e9l\u00e9phone<\/strong> : 05-62-11-50-92<\/p>\n<\/div>\n\n\n\n<div class=\"wp-block-buttons is-content-justification-center is-layout-flex wp-container-core-buttons-is-layout-a89b3969 wp-block-buttons-is-layout-flex\">\n<div class=\"wp-block-button\"><a class=\"wp-block-button__link wp-element-button\" href=\"mailto: infodoc@toulouse.archi.fr\"><span class=\"wp-rich-text-font-awesome-icon wp-font-awesome-icon\"><svg aria-hidden=\"true\" focusable=\"false\" data-prefix=\"fas\" data-icon=\"envelope\" class=\"svg-inline--fa fa-envelope \" role=\"img\" xmlns=\"http:\/\/www.w3.org\/2000\/svg\" viewBox=\"0 0 512 512\"><path fill=\"currentColor\" d=\"M48 64C21.5 64 0 85.5 0 112c0 15.1 7.1 29.3 19.2 38.4L236.8 313.6c11.4 8.5 27 8.5 38.4 0L492.8 150.4c12.1-9.1 19.2-23.3 19.2-38.4c0-26.5-21.5-48-48-48L48 64zM0 176L0 384c0 35.3 28.7 64 64 64l384 0c35.3 0 64-28.7 64-64l0-208L294.4 339.2c-22.8 17.1-54 17.1-76.8 0L0 176z\"><\/path><\/svg><\/span> Courriel<\/a><\/div>\n\n\n\n<div class=\"wp-block-button\"><a class=\"wp-block-button__link wp-element-button\" href=\"https:\/\/www.toulouse.archi.fr\/fr\/lecole\/ressources-pedagogiques\/centre-de-ressources\" target=\"_blank\" rel=\"noreferrer noopener\"><span class=\"wp-rich-text-font-awesome-icon wp-font-awesome-icon\"><svg aria-hidden=\"true\" focusable=\"false\" data-prefix=\"fas\" data-icon=\"globe\" class=\"svg-inline--fa fa-globe \" role=\"img\" xmlns=\"http:\/\/www.w3.org\/2000\/svg\" viewBox=\"0 0 512 512\"><path fill=\"currentColor\" d=\"M352 256c0 22.2-1.2 43.6-3.3 64l-185.3 0c-2.2-20.4-3.3-41.8-3.3-64s1.2-43.6 3.3-64l185.3 0c2.2 20.4 3.3 41.8 3.3 64zm28.8-64l123.1 0c5.3 20.5 8.1 41.9 8.1 64s-2.8 43.5-8.1 64l-123.1 0c2.1-20.6 3.2-42 3.2-64s-1.1-43.4-3.2-64zm112.6-32l-116.7 0c-10-63.9-29.8-117.4-55.3-151.6c78.3 20.7 142 77.5 171.9 151.6zm-149.1 0l-176.6 0c6.1-36.4 15.5-68.6 27-94.7c10.5-23.6 22.2-40.7 33.5-51.5C239.4 3.2 248.7 0 256 0s16.6 3.2 27.8 13.8c11.3 10.8 23 27.9 33.5 51.5c11.6 26 20.9 58.2 27 94.7zm-209 0L18.6 160C48.6 85.9 112.2 29.1 190.6 8.4C165.1 42.6 145.3 96.1 135.3 160zM8.1 192l123.1 0c-2.1 20.6-3.2 42-3.2 64s1.1 43.4 3.2 64L8.1 320C2.8 299.5 0 278.1 0 256s2.8-43.5 8.1-64zM194.7 446.6c-11.6-26-20.9-58.2-27-94.6l176.6 0c-6.1 36.4-15.5 68.6-27 94.6c-10.5 23.6-22.2 40.7-33.5 51.5C272.6 508.8 263.3 512 256 512s-16.6-3.2-27.8-13.8c-11.3-10.8-23-27.9-33.5-51.5zM135.3 352c10 63.9 29.8 117.4 55.3 151.6C112.2 482.9 48.6 426.1 18.6 352l116.7 0zm358.1 0c-30 74.1-93.6 130.9-171.9 151.6c25.5-34.2 45.2-87.7 55.3-151.6l116.7 0z\"><\/path><\/svg><\/span> Site internet<\/a><\/div>\n<\/div>\n<\/div>\n\n\n\n<h2 class=\"wp-block-heading\">Informations compl\u00e9mentaires<\/h2>\n\n\n\n<p>Centre de ressources documentaires et p\u00e9dagogiques<\/p>\n\n\n\n<p><strong>R\u00e9seau <\/strong>: ArchiR\u00e8s<\/p>\n\n\n\n<p><strong>R\u00e9gion <\/strong>: Occitanie<\/p>\n\n\n\n<p><strong>D\u00e9partement <\/strong>: Haute-Garonne (31)<\/p>\n\n\n\n<p><strong>RCR Sudoc <\/strong>: 352382318<\/p>\n\n\n\n<p><strong>Type d&rsquo;\u00e9tablissement<\/strong> : \u00c9cole d&rsquo;architecture<\/p>\n\n\n\n<p><strong>Date de cr\u00e9ation<\/strong> : 1969<\/p>\n\n\n\n<p><strong>Historique <\/strong>: L\u2019enseignement de l\u2019architecture \u00e0 Toulouse d\u00e9bute en 1740, par des cours \u00e0 l\u2019\u00c9cole de dessin gratuite qui, ouverte par le peintre attitr\u00e9 de l\u2019h\u00f4tel de ville Antoine Rivalz en 1726 avait b\u00e9n\u00e9fici\u00e9 d\u00e8s l\u2019ann\u00e9e suivante du soutien financier durable des Capitouls. Cette \u00e9cole deviendra l\u2019Acad\u00e9mie royale de peinture, sculpture et architecture en 1750. En 1782, une \u00e9cole du g\u00e9nie est cr\u00e9\u00e9e au sein de l\u2019acad\u00e9mie toulousaine, avec des cours de math\u00e9matiques, d\u2019architecture civile, de ponts et chauss\u00e9es et de cartographie. Apr\u00e8s la R\u00e9volution, l\u2019enseignement de l\u2019architecture se poursuit dans les locaux de l\u2019\u00c9cole centrale de la Haute-Garonne. En 1804 est cr\u00e9\u00e9e l\u2019\u00c9cole sp\u00e9ciale des arts de Toulouse qui s\u2019installe ensuite dans l\u2019actuel Mus\u00e9e des Augustins. En 1833 elle devient l\u2019\u00e9cole des beaux-arts et des sciences industrielles et s\u2019installe en 1895 dans l\u2019ancien couvent de la Daurade qu\u2019occupe toujours l\u2019\u00c9cole des beaux-arts. Cr\u00e9\u00e9e en 1969 par Andr\u00e9 Malraux au Mirail, l\u2019ENSA de Toulouse fait \u00e9voluer ses pratiques p\u00e9dagogiques diversifi\u00e9es \u00e0 l\u2019aune des probl\u00e9matiques des transitions \u00e9cologique et num\u00e9rique, des mutations urbaines et rurales et de l\u2019\u00e9volution des patrimoines mat\u00e9riel et immat\u00e9riel. Positionn\u00e9 au carrefour des cultures artistiques, techniques et sociales, l\u2019enseignement de l\u2019architecture se r\u00e9v\u00e8le aussi passionnant qu\u2019exigeant et se transforme pour anticiper un monde qui change. Dans ce cadre, l\u2019ENSA de Toulouse s\u2019attache \u00e0 accompagner l\u2019\u00e9volution des missions de ma\u00eetrise d\u2019\u0153uvre et la diversification des modes d\u2019exercice du m\u00e9tier d\u2019architecte. Pour ce faire, elle s\u2019adosse notamment \u00e0 son histoire qui constitue un marqueur essentiel de son identit\u00e9.<\/p>\n\n\n\n<p><strong>SIGB <\/strong>: Koha<\/p>\n\n\n\n<p><strong>Catalogue collectif <\/strong>: SUDOC<\/p>\n\n\n\n<h2 class=\"wp-block-heading\">Acc\u00e8s et services<\/h2>\n\n\n\n<p><strong>Horaires <\/strong>: Hors vacances universitaires &gt; lundi-jeudi : 9h-18h ; vendredi 9h-17h<\/p>\n\n\n\n<p><strong>Public <\/strong>: \u00c9tudiants niveau licence, \u00c9tudiants niveau master et doctorat, Enseignants-Chercheurs, Professionnels.<\/p>\n\n\n\n<p><strong>Inscription <\/strong>: Acc\u00e8s sur inscription, Acc\u00e8s sans rendez-vous<\/p>\n\n\n\n<p><strong>Services <\/strong>: Catalogue en ligne, Acc\u00e8s internet, Reproduction, Pr\u00eat \u00e0 domicile, Pr\u00eat entre biblioth\u00e8ques<\/p>\n\n\n\n<p><strong>Communication <\/strong>: Facebook, Instagram<\/p>\n\n\n\n<p><strong>Site Affluences <\/strong>: Non<\/p>\n\n\n\n<h2 class=\"wp-block-heading\">Collections<\/h2>\n\n\n\n<p><strong>Domaine principal <\/strong>: Architecture, Arts d\u00e9coratifs-design<\/p>\n\n\n\n<p><strong>Collections notables : <\/strong>Collections sp\u00e9cialis\u00e9es<\/p>\n\n\n\n<p><strong>Collections sp\u00e9cialis\u00e9es : <\/strong>Biblioth\u00e8que de l&rsquo;architecte Georges Candilis<\/p>\n\n\n\n<p><strong>Description des collections :&nbsp; <\/strong>Le centre de ressources documentaires et p\u00e9dagogiques est destin\u00e9 en priorit\u00e9 aux \u00e9tudiants et enseignants de l\u2019\u00e9tablissement. Il comprend un p\u00f4le biblioth\u00e8que et un p\u00f4le ing\u00e9nierie p\u00e9dagogiques. Il r\u00e9pond aux besoins li\u00e9s aux enseignements dispens\u00e9s \u00e0 l\u2019\u00e9cole en proposant un fonds sp\u00e9cialis\u00e9 qui couvre ainsi les domaines de l\u2019architecture, de la construction, de l\u2019urbanisme, du design, du paysage, des jardins, de l&rsquo;environnement, de la p\u00e9dagogie et de l\u2019art. Son fonds est constitu\u00e9 aujourd\u2019hui d&rsquo;environ 23 000 ouvrages, de 200 titres de revues dont 90 en cours, d&rsquo;une collection de 600 DVD, et d&rsquo;un fonds de pr\u00e8s de 3400 travaux d&rsquo;\u00e9tudiants (TPFE, PFE, m\u00e9moires) num\u00e9ris\u00e9s depuis 2014. Cette biblioth\u00e8que num\u00e9rique s&rsquo;enrichit par l&rsquo;acquisition de ebooks. Le centre dispose \u00e9galement d&rsquo;une mat\u00e9riauth\u00e8que connect\u00e9e.<\/p>\n\n\n\n<p><strong>Types de documents : <\/strong>Imprim\u00e9s courants, Documents audiovisuels, Ressources \u00e9lectroniques, Biblioth\u00e8que num\u00e9rique<\/p>\n\n\n\n<p><strong>P\u00e9riodes : <\/strong>Toutes p\u00e9riodes<\/p>\n\n\n\n<p><strong>Aires g\u00e9ographiques : <\/strong>Monde<\/p>\n\n\n\n<div class=\"wp-block-columns is-layout-flex wp-container-core-columns-is-layout-28f84493 wp-block-columns-is-layout-flex\">\n<div class=\"wp-block-column is-layout-flow wp-block-column-is-layout-flow\">\n<iframe loading=\"lazy\" width=\"800\" height=\"600\" src=\"https:\/\/reseaubibart.inha.fr\/map?iframe=1&#038;noheader=1#\/fiche\/Cole-nationale-superieure-darchitecture-de-Toulouse-ENSA-Toulouse\/6m\/ensa-paris-est@43.580,1.375,14z?cat=all\" frameborder=\"0\" marginheight=\"0\" marginwidth=\"0\"><\/iframe>\n<\/div>\n<\/div>\n","protected":false},"excerpt":{"rendered":"<p>ENSA Toulouse Coordonn\u00e9es Adresse : 83, rue Aristide Maillol, BP 10629, 31106 &#8211; Toulouse cedex 1 France T\u00e9l\u00e9phone : 05-62-11-50-92 Informations compl\u00e9mentaires Centre de ressources documentaires et p\u00e9dagogiques R\u00e9seau : ArchiR\u00e8s R\u00e9gion : Occitanie D\u00e9partement : Haute-Garonne (31) RCR Sudoc : 352382318 Type d&rsquo;\u00e9tablissement : \u00c9cole d&rsquo;architecture Date de cr\u00e9ation : 1969 Historique : L\u2019enseignement [&hellip;]<\/p>\n","protected":false},"author":1,"featured_media":0,"parent":540,"menu_order":0,"comment_status":"open","ping_status":"open","template":"","meta":{"footnotes":""},"class_list":["post-1439","page","type-page","status-publish","hentry"],"_links":{"self":[{"href":"https:\/\/portail.reseaubibart.inha.fr\/index.php?rest_route=\/wp\/v2\/pages\/1439","targetHints":{"allow":["GET"]}}],"collection":[{"href":"https:\/\/portail.reseaubibart.inha.fr\/index.php?rest_route=\/wp\/v2\/pages"}],"about":[{"href":"https:\/\/portail.reseaubibart.inha.fr\/index.php?rest_route=\/wp\/v2\/types\/page"}],"author":[{"embeddable":true,"href":"https:\/\/portail.reseaubibart.inha.fr\/index.php?rest_route=\/wp\/v2\/users\/1"}],"replies":[{"embeddable":true,"href":"https:\/\/portail.reseaubibart.inha.fr\/index.php?rest_route=%2Fwp%2Fv2%2Fcomments&post=1439"}],"version-history":[{"count":5,"href":"https:\/\/portail.reseaubibart.inha.fr\/index.php?rest_route=\/wp\/v2\/pages\/1439\/revisions"}],"predecessor-version":[{"id":3040,"href":"https:\/\/portail.reseaubibart.inha.fr\/index.php?rest_route=\/wp\/v2\/pages\/1439\/revisions\/3040"}],"up":[{"embeddable":true,"href":"https:\/\/portail.reseaubibart.inha.fr\/index.php?rest_route=\/wp\/v2\/pages\/540"}],"wp:attachment":[{"href":"https:\/\/portail.reseaubibart.inha.fr\/index.php?rest_route=%2Fwp%2Fv2%2Fmedia&parent=1439"}],"curies":[{"name":"wp","href":"https:\/\/api.w.org\/{rel}","templated":true}]}}