{"id":1450,"date":"2025-04-09T09:53:57","date_gmt":"2025-04-09T07:53:57","guid":{"rendered":"https:\/\/bibart.inha.fr\/?page_id=1450"},"modified":"2025-06-20T11:57:42","modified_gmt":"2025-06-20T09:57:42","slug":"ensp-arles","status":"publish","type":"page","link":"https:\/\/portail.reseaubibart.inha.fr\/?page_id=1450","title":{"rendered":"\u00c9cole nationale sup\u00e9rieure de photographie d&rsquo;Arles"},"content":{"rendered":"\n<p><strong>ENSP Arles<\/strong><\/p>\n\n\n\n<figure class=\"wp-block-image aligncenter size-full is-resized\"><img loading=\"lazy\" decoding=\"async\" width=\"225\" height=\"225\" src=\"https:\/\/bibart.inha.fr\/wp-content\/uploads\/2025\/04\/logo_ensp_arles.png\" alt=\"\" class=\"wp-image-1835\" style=\"width:151px;height:auto\" srcset=\"https:\/\/portail.reseaubibart.inha.fr\/wp-content\/uploads\/2025\/04\/logo_ensp_arles.png 225w, https:\/\/portail.reseaubibart.inha.fr\/wp-content\/uploads\/2025\/04\/logo_ensp_arles-150x150.png 150w\" sizes=\"auto, (max-width: 225px) 100vw, 225px\" \/><\/figure>\n\n\n\n<div class=\"wp-block-group has-global-padding is-layout-constrained wp-block-group-is-layout-constrained\">\n<div class=\"wp-block-group has-global-padding is-layout-constrained wp-block-group-is-layout-constrained\">\n<h2 class=\"wp-block-heading\">Coordonn\u00e9es<\/h2>\n\n\n\n<p class=\"has-accent-5-background-color has-background\"><span class=\"wp-rich-text-font-awesome-icon wp-font-awesome-icon\"><svg aria-hidden=\"true\" focusable=\"false\" data-prefix=\"fas\" data-icon=\"house\" class=\"svg-inline--fa fa-house \" role=\"img\" xmlns=\"http:\/\/www.w3.org\/2000\/svg\" viewBox=\"0 0 576 512\"><path fill=\"currentColor\" d=\"M575.8 255.5c0 18-15 32.1-32 32.1l-32 0 .7 160.2c0 2.7-.2 5.4-.5 8.1l0 16.2c0 22.1-17.9 40-40 40l-16 0c-1.1 0-2.2 0-3.3-.1c-1.4 .1-2.8 .1-4.2 .1L416 512l-24 0c-22.1 0-40-17.9-40-40l0-24 0-64c0-17.7-14.3-32-32-32l-64 0c-17.7 0-32 14.3-32 32l0 64 0 24c0 22.1-17.9 40-40 40l-24 0-31.9 0c-1.5 0-3-.1-4.5-.2c-1.2 .1-2.4 .2-3.6 .2l-16 0c-22.1 0-40-17.9-40-40l0-112c0-.9 0-1.9 .1-2.8l0-69.7-32 0c-18 0-32-14-32-32.1c0-9 3-17 10-24L266.4 8c7-7 15-8 22-8s15 2 21 7L564.8 231.5c8 7 12 15 11 24z\"><\/path><\/svg><\/span> <strong>Adresse <\/strong>: 30 avenue Victor Hugo 13200 Arles<br><span class=\"wp-rich-text-font-awesome-icon wp-font-awesome-icon\"><svg aria-hidden=\"true\" focusable=\"false\" data-prefix=\"fas\" data-icon=\"phone\" class=\"svg-inline--fa fa-phone \" role=\"img\" xmlns=\"http:\/\/www.w3.org\/2000\/svg\" viewBox=\"0 0 512 512\"><path fill=\"currentColor\" d=\"M164.9 24.6c-7.7-18.6-28-28.5-47.4-23.2l-88 24C12.1 30.2 0 46 0 64C0 311.4 200.6 512 448 512c18 0 33.8-12.1 38.6-29.5l24-88c5.3-19.4-4.6-39.7-23.2-47.4l-96-40c-16.3-6.8-35.2-2.1-46.3 11.6L304.7 368C234.3 334.7 177.3 277.7 144 207.3L193.3 167c13.7-11.2 18.4-30 11.6-46.3l-40-96z\"><\/path><\/svg><\/span> <strong>T\u00e9l\u00e9phone<\/strong> : 04-90-99-33-39<\/p>\n<\/div>\n\n\n\n<div class=\"wp-block-buttons is-content-justification-center is-layout-flex wp-container-core-buttons-is-layout-a89b3969 wp-block-buttons-is-layout-flex\">\n<div class=\"wp-block-button\"><a class=\"wp-block-button__link wp-element-button\" href=\"mailto: marie.viguie@ensp-arles.fr\"><span class=\"wp-rich-text-font-awesome-icon wp-font-awesome-icon\"><svg aria-hidden=\"true\" focusable=\"false\" data-prefix=\"fas\" data-icon=\"envelope\" class=\"svg-inline--fa fa-envelope \" role=\"img\" xmlns=\"http:\/\/www.w3.org\/2000\/svg\" viewBox=\"0 0 512 512\"><path fill=\"currentColor\" d=\"M48 64C21.5 64 0 85.5 0 112c0 15.1 7.1 29.3 19.2 38.4L236.8 313.6c11.4 8.5 27 8.5 38.4 0L492.8 150.4c12.1-9.1 19.2-23.3 19.2-38.4c0-26.5-21.5-48-48-48L48 64zM0 176L0 384c0 35.3 28.7 64 64 64l384 0c35.3 0 64-28.7 64-64l0-208L294.4 339.2c-22.8 17.1-54 17.1-76.8 0L0 176z\"><\/path><\/svg><\/span> Courriel<\/a><\/div>\n\n\n\n<div class=\"wp-block-button\"><a class=\"wp-block-button__link wp-element-button\" href=\"https:\/\/www.ensp-arles.fr\/lecole\/le-lieu\/la-bibliotheque\/\" target=\"_blank\" rel=\"noreferrer noopener\"><span class=\"wp-rich-text-font-awesome-icon wp-font-awesome-icon\"><svg aria-hidden=\"true\" focusable=\"false\" data-prefix=\"fas\" data-icon=\"globe\" class=\"svg-inline--fa fa-globe \" role=\"img\" xmlns=\"http:\/\/www.w3.org\/2000\/svg\" viewBox=\"0 0 512 512\"><path fill=\"currentColor\" d=\"M352 256c0 22.2-1.2 43.6-3.3 64l-185.3 0c-2.2-20.4-3.3-41.8-3.3-64s1.2-43.6 3.3-64l185.3 0c2.2 20.4 3.3 41.8 3.3 64zm28.8-64l123.1 0c5.3 20.5 8.1 41.9 8.1 64s-2.8 43.5-8.1 64l-123.1 0c2.1-20.6 3.2-42 3.2-64s-1.1-43.4-3.2-64zm112.6-32l-116.7 0c-10-63.9-29.8-117.4-55.3-151.6c78.3 20.7 142 77.5 171.9 151.6zm-149.1 0l-176.6 0c6.1-36.4 15.5-68.6 27-94.7c10.5-23.6 22.2-40.7 33.5-51.5C239.4 3.2 248.7 0 256 0s16.6 3.2 27.8 13.8c11.3 10.8 23 27.9 33.5 51.5c11.6 26 20.9 58.2 27 94.7zm-209 0L18.6 160C48.6 85.9 112.2 29.1 190.6 8.4C165.1 42.6 145.3 96.1 135.3 160zM8.1 192l123.1 0c-2.1 20.6-3.2 42-3.2 64s1.1 43.4 3.2 64L8.1 320C2.8 299.5 0 278.1 0 256s2.8-43.5 8.1-64zM194.7 446.6c-11.6-26-20.9-58.2-27-94.6l176.6 0c-6.1 36.4-15.5 68.6-27 94.6c-10.5 23.6-22.2 40.7-33.5 51.5C272.6 508.8 263.3 512 256 512s-16.6-3.2-27.8-13.8c-11.3-10.8-23-27.9-33.5-51.5zM135.3 352c10 63.9 29.8 117.4 55.3 151.6C112.2 482.9 48.6 426.1 18.6 352l116.7 0zm358.1 0c-30 74.1-93.6 130.9-171.9 151.6c25.5-34.2 45.2-87.7 55.3-151.6l116.7 0z\"><\/path><\/svg><\/span> Site internet<\/a><\/div>\n<\/div>\n<\/div>\n\n\n\n<h2 class=\"wp-block-heading\">Informations compl\u00e9mentaires<\/h2>\n\n\n\n<p>Biblioth\u00e8que<\/p>\n\n\n\n<p><strong>R\u00e9seau <\/strong>: BEAR<\/p>\n\n\n\n<p><strong>R\u00e9gion <\/strong>: Provence-Alpes-C\u00f4te d&rsquo;Azur<\/p>\n\n\n\n<p><strong>D\u00e9partement <\/strong>: Bouches-du-Rh\u00f4ne (13)<\/p>\n\n\n\n<p><strong>Type d&rsquo;\u00e9tablissement<\/strong> : \u00c9cole d&rsquo;art<\/p>\n\n\n\n<p><strong>Date de cr\u00e9ation<\/strong> : 1983<\/p>\n\n\n\n<p><strong>Historique <\/strong>: Fond\u00e9e \u00e0 Arles en 1982, l\u2019\u00c9cole nationale sup\u00e9rieure de la photographie est la seule \u00e9cole d\u2019art en France exclusivement consacr\u00e9e \u00e0 la photographie. Depuis des ann\u00e9es, Lucien Clergue, Maryse Cordesse, Jean-Maurice Rouquette, Michel Tournier avaient fait d\u2019Arles une capitale incontestable et incontest\u00e9e de la photographie. C\u2019est la raison pour laquelle il fut d\u00e9cid\u00e9 d\u2019y installer une \u00e9cole nationale de la photographie, hommage aux fondateurs des Rencontres, mais aussi reconnaissance de la cit\u00e9 arlesienne comme forum mondial de la photo, patrie de la photographie. La p\u00e9dagogie mise en place par Alain Desvergnes est \u00e0 l\u2019\u00e9poque totalement novatrice. Se basant sur une petite \u00e9quipe d\u2019enseignants, un syst\u00e8me de r\u00e9sidence d\u2019artistes et d\u2019intervenants se met en place. L\u2019\u00e9cole nationale de la photographie mise sur la libert\u00e9 cr\u00e9atrice, la d\u00e9couverte et la responsabilit\u00e9 de ses \u00e9tudiants. C&rsquo;est dans ce cadre et cette intention que la biblioth\u00e8que de l\u2019\u00c9cole nationale sup\u00e9rieure de la photographie ouvre en 1983 au sein de l&rsquo;\u00e9cole : c\u2019est \u00e0 la fois un centre de documentation et une biblioth\u00e8que sp\u00e9cialis\u00e9e en photographie et en art contemporain.<\/p>\n\n\n\n<p><strong>SIGB <\/strong>: PMB<\/p>\n\n\n\n<p><strong>Catalogue collectif <\/strong>: BSAD<\/p>\n\n\n\n<h2 class=\"wp-block-heading\">Acc\u00e8s et services<\/h2>\n\n\n\n<p><strong>Horaires <\/strong>: De septembre \u00e0 mi-juillet ; ouverture en fonction du calendrier scolaire &gt; lundi ; mercredi-vendredi : 9h-12h30 \/ 13h30-18h ; mardi : 13h30-18h<\/p>\n\n\n\n<p><strong>Public <\/strong>: Tout public, \u00c9tudiants niveau licence, \u00c9tudiants niveau master et doctorat, Enseignants-chercheurs, Professionnels<\/p>\n\n\n\n<p><strong>Inscription <\/strong>: Acc\u00e8s sans inscription, Acc\u00e8s sur rendez-vous<\/p>\n\n\n\n<p><strong>Services <\/strong>: Catalogue en ligne, Acc\u00e8s internet, Reproduction, Pr\u00eat entre biblioth\u00e8ques (voir conditions), Renseignements bibliographiques \u00e0 distance, Services aux usagers en situation de handicap<\/p>\n\n\n\n<p><strong>Communication <\/strong>: Facebook<\/p>\n\n\n\n<p><strong>Site Affluences <\/strong>: Non<\/p>\n\n\n\n<h2 class=\"wp-block-heading\">Collections<\/h2>\n\n\n\n<p><strong>Domaine principal <\/strong>: Photographie<\/p>\n\n\n\n<p><strong>Collections notables : <\/strong>Fonds d&rsquo;archives, Collections sp\u00e9cialis\u00e9es<\/p>\n\n\n\n<p><strong>Collections sp\u00e9cialis\u00e9es : <\/strong>Autographes, Ephemera, Photographies<\/p>\n\n\n\n<p><strong>Fonds d&rsquo;archives : <\/strong>Desvergnes Alain<\/p>\n\n\n\n<p><strong>Label CollEx : <\/strong>Photographie, Art contemporain<\/p>\n\n\n\n<p><strong>Description des collections :&nbsp; <\/strong>Riche de nombreux tr\u00e9sors en mati\u00e8re d\u2019\u00e9dition photographique, la biblioth\u00e8que est un outil fondamental de la p\u00e9dagogie de l\u2019ENSP. De part l\u2019histoire de sa cr\u00e9ation, elle offre une collection singuli\u00e8re. La biblioth\u00e8que est aujourd\u2019hui dot\u00e9e d\u2019un fonds d\u2019environ 30 000 documents. Le fonds s\u2019enrichit r\u00e9guli\u00e8rement gr\u00e2ce \u00e0 des dons d\u2019anciens \u00e9tudiants et \u00e0 des dons priv\u00e9s. La biblioth\u00e8que conserve \u00e9galement les ouvrages du Prix du livre du festival des Rencontres d\u2019Arles et ce, depuis la premi\u00e8re ann\u00e9e du festival en 1971. Le fonds sp\u00e9cialis\u00e9 de la biblioth\u00e8que est compos\u00e9e : d\u2019imprim\u00e9s en libre acc\u00e8s ; d\u2019abonnements \u00e0 des revues g\u00e9n\u00e9ralistes, sp\u00e9cialis\u00e9es et internationales ; des abonnements \u00e0 des quotidiens d\u2019information g\u00e9n\u00e9rale ; de documents audiovisuels dont la collection unique des conf\u00e9rences des intervenant\u00b7e\u00b7s de l\u2019ENSP (visionnage sur place uniquement) ; de dossiers documentaires de photographes enrichis notamment par le don des dossiers documentaires du Mus\u00e9e Carnavalet ; de M\u00e9moires et travaux des \u00e9tudiant\u00b7e\u00b7s depuis 2012.<\/p>\n\n\n\n<p><strong>Types de documents : <\/strong>Imprim\u00e9s courants, Catalogues de vente, Documents audiovisuels, Ressources \u00e9lectroniques<\/p>\n\n\n\n<p><strong>P\u00e9riodes : <\/strong>XIX<sup>e<\/sup>-XXI<sup>e<\/sup> si\u00e8cles<\/p>\n\n\n\n<p><strong>Aires g\u00e9ographiques : <\/strong>Monde<\/p>\n\n\n\n<div class=\"wp-block-columns is-layout-flex wp-container-core-columns-is-layout-28f84493 wp-block-columns-is-layout-flex\">\n<div class=\"wp-block-column is-layout-flow wp-block-column-is-layout-flow\">\n<iframe loading=\"lazy\" width=\"800\" height=\"600\" src=\"https:\/\/reseaubibart.inha.fr\/map?iframe=1#\/fiche\/Ecole-Nationale-superieure-de-la-Photographie-ENSP-Arles\/5p\/@43.675,4.615,14z?cat=all\" frameborder=\"0\" marginheight=\"0\" marginwidth=\"0\"><\/iframe>\n<\/div>\n<\/div>\n","protected":false},"excerpt":{"rendered":"<p>ENSP Arles Coordonn\u00e9es Adresse : 30 avenue Victor Hugo 13200 Arles T\u00e9l\u00e9phone : 04-90-99-33-39 Informations compl\u00e9mentaires Biblioth\u00e8que R\u00e9seau : BEAR R\u00e9gion : Provence-Alpes-C\u00f4te d&rsquo;Azur D\u00e9partement : Bouches-du-Rh\u00f4ne (13) Type d&rsquo;\u00e9tablissement : \u00c9cole d&rsquo;art Date de cr\u00e9ation : 1983 Historique : Fond\u00e9e \u00e0 Arles en 1982, l\u2019\u00c9cole nationale sup\u00e9rieure de la photographie est la seule \u00e9cole [&hellip;]<\/p>\n","protected":false},"author":1,"featured_media":0,"parent":547,"menu_order":0,"comment_status":"open","ping_status":"open","template":"","meta":{"footnotes":""},"class_list":["post-1450","page","type-page","status-publish","hentry"],"_links":{"self":[{"href":"https:\/\/portail.reseaubibart.inha.fr\/index.php?rest_route=\/wp\/v2\/pages\/1450","targetHints":{"allow":["GET"]}}],"collection":[{"href":"https:\/\/portail.reseaubibart.inha.fr\/index.php?rest_route=\/wp\/v2\/pages"}],"about":[{"href":"https:\/\/portail.reseaubibart.inha.fr\/index.php?rest_route=\/wp\/v2\/types\/page"}],"author":[{"embeddable":true,"href":"https:\/\/portail.reseaubibart.inha.fr\/index.php?rest_route=\/wp\/v2\/users\/1"}],"replies":[{"embeddable":true,"href":"https:\/\/portail.reseaubibart.inha.fr\/index.php?rest_route=%2Fwp%2Fv2%2Fcomments&post=1450"}],"version-history":[{"count":4,"href":"https:\/\/portail.reseaubibart.inha.fr\/index.php?rest_route=\/wp\/v2\/pages\/1450\/revisions"}],"predecessor-version":[{"id":3051,"href":"https:\/\/portail.reseaubibart.inha.fr\/index.php?rest_route=\/wp\/v2\/pages\/1450\/revisions\/3051"}],"up":[{"embeddable":true,"href":"https:\/\/portail.reseaubibart.inha.fr\/index.php?rest_route=\/wp\/v2\/pages\/547"}],"wp:attachment":[{"href":"https:\/\/portail.reseaubibart.inha.fr\/index.php?rest_route=%2Fwp%2Fv2%2Fmedia&parent=1450"}],"curies":[{"name":"wp","href":"https:\/\/api.w.org\/{rel}","templated":true}]}}