{"id":1455,"date":"2025-04-09T09:53:59","date_gmt":"2025-04-09T07:53:59","guid":{"rendered":"https:\/\/bibart.inha.fr\/?page_id=1455"},"modified":"2025-06-20T11:58:38","modified_gmt":"2025-06-20T09:58:38","slug":"inseamm-marseille","status":"publish","type":"page","link":"https:\/\/portail.reseaubibart.inha.fr\/?page_id=1455","title":{"rendered":"Institut national sup\u00e9rieur d&rsquo;enseignement artistique Marseille-M\u00e9diterran\u00e9e"},"content":{"rendered":"\n<p class=\"is-style-default\"><strong>INSEAMM Marseille<\/strong> <strong>&#8211; Beaux-Arts de Marseille <\/strong><\/p>\n\n\n\n<figure class=\"wp-block-image aligncenter size-full is-resized\"><img loading=\"lazy\" decoding=\"async\" width=\"355\" height=\"207\" src=\"https:\/\/bibart.inha.fr\/wp-content\/uploads\/2025\/04\/Logo_INSEAMM_Marseille.jpg\" alt=\"\" class=\"wp-image-1985\" style=\"width:149px;height:auto\" srcset=\"https:\/\/portail.reseaubibart.inha.fr\/wp-content\/uploads\/2025\/04\/Logo_INSEAMM_Marseille.jpg 355w, https:\/\/portail.reseaubibart.inha.fr\/wp-content\/uploads\/2025\/04\/Logo_INSEAMM_Marseille-300x175.jpg 300w\" sizes=\"auto, (max-width: 355px) 100vw, 355px\" \/><\/figure>\n\n\n\n<div class=\"wp-block-group has-global-padding is-layout-constrained wp-block-group-is-layout-constrained\">\n<div class=\"wp-block-group has-global-padding is-layout-constrained wp-block-group-is-layout-constrained\">\n<h2 class=\"wp-block-heading\">Coordonn\u00e9es<\/h2>\n\n\n\n<p class=\"has-accent-5-background-color has-background\"><span class=\"wp-rich-text-font-awesome-icon wp-font-awesome-icon\"><svg aria-hidden=\"true\" focusable=\"false\" data-prefix=\"fas\" data-icon=\"house\" class=\"svg-inline--fa fa-house \" role=\"img\" xmlns=\"http:\/\/www.w3.org\/2000\/svg\" viewBox=\"0 0 576 512\"><path fill=\"currentColor\" d=\"M575.8 255.5c0 18-15 32.1-32 32.1l-32 0 .7 160.2c0 2.7-.2 5.4-.5 8.1l0 16.2c0 22.1-17.9 40-40 40l-16 0c-1.1 0-2.2 0-3.3-.1c-1.4 .1-2.8 .1-4.2 .1L416 512l-24 0c-22.1 0-40-17.9-40-40l0-24 0-64c0-17.7-14.3-32-32-32l-64 0c-17.7 0-32 14.3-32 32l0 64 0 24c0 22.1-17.9 40-40 40l-24 0-31.9 0c-1.5 0-3-.1-4.5-.2c-1.2 .1-2.4 .2-3.6 .2l-16 0c-22.1 0-40-17.9-40-40l0-112c0-.9 0-1.9 .1-2.8l0-69.7-32 0c-18 0-32-14-32-32.1c0-9 3-17 10-24L266.4 8c7-7 15-8 22-8s15 2 21 7L564.8 231.5c8 7 12 15 11 24z\"><\/path><\/svg><\/span> <strong>Adresse <\/strong>: 184 Avenue de Luminy CS 70912 13288 Cedex 09 Marseille France<br><span class=\"wp-rich-text-font-awesome-icon wp-font-awesome-icon\"><svg aria-hidden=\"true\" focusable=\"false\" data-prefix=\"fas\" data-icon=\"phone\" class=\"svg-inline--fa fa-phone \" role=\"img\" xmlns=\"http:\/\/www.w3.org\/2000\/svg\" viewBox=\"0 0 512 512\"><path fill=\"currentColor\" d=\"M164.9 24.6c-7.7-18.6-28-28.5-47.4-23.2l-88 24C12.1 30.2 0 46 0 64C0 311.4 200.6 512 448 512c18 0 33.8-12.1 38.6-29.5l24-88c5.3-19.4-4.6-39.7-23.2-47.4l-96-40c-16.3-6.8-35.2-2.1-46.3 11.6L304.7 368C234.3 334.7 177.3 277.7 144 207.3L193.3 167c13.7-11.2 18.4-30 11.6-46.3l-40-96z\"><\/path><\/svg><\/span> <strong>T\u00e9l\u00e9phone<\/strong> : 04-91-82-83-45<\/p>\n<\/div>\n\n\n\n<div class=\"wp-block-buttons is-content-justification-center is-layout-flex wp-container-core-buttons-is-layout-a89b3969 wp-block-buttons-is-layout-flex\">\n<div class=\"wp-block-button\"><a class=\"wp-block-button__link wp-element-button\" href=\"mailto: bibliotheque@beauxartsdemarseille.fr\"><span class=\"wp-rich-text-font-awesome-icon wp-font-awesome-icon\"><svg aria-hidden=\"true\" focusable=\"false\" data-prefix=\"fas\" data-icon=\"envelope\" class=\"svg-inline--fa fa-envelope \" role=\"img\" xmlns=\"http:\/\/www.w3.org\/2000\/svg\" viewBox=\"0 0 512 512\"><path fill=\"currentColor\" d=\"M48 64C21.5 64 0 85.5 0 112c0 15.1 7.1 29.3 19.2 38.4L236.8 313.6c11.4 8.5 27 8.5 38.4 0L492.8 150.4c12.1-9.1 19.2-23.3 19.2-38.4c0-26.5-21.5-48-48-48L48 64zM0 176L0 384c0 35.3 28.7 64 64 64l384 0c35.3 0 64-28.7 64-64l0-208L294.4 339.2c-22.8 17.1-54 17.1-76.8 0L0 176z\"><\/path><\/svg><\/span> Courriel<\/a><\/div>\n\n\n\n<div class=\"wp-block-button\"><a class=\"wp-block-button__link wp-element-button\" href=\"https:\/\/catalogue.esadmm.fr\/\" target=\"_blank\" rel=\"noreferrer noopener\"><span class=\"wp-rich-text-font-awesome-icon wp-font-awesome-icon\"><svg aria-hidden=\"true\" focusable=\"false\" data-prefix=\"fas\" data-icon=\"globe\" class=\"svg-inline--fa fa-globe \" role=\"img\" xmlns=\"http:\/\/www.w3.org\/2000\/svg\" viewBox=\"0 0 512 512\"><path fill=\"currentColor\" d=\"M352 256c0 22.2-1.2 43.6-3.3 64l-185.3 0c-2.2-20.4-3.3-41.8-3.3-64s1.2-43.6 3.3-64l185.3 0c2.2 20.4 3.3 41.8 3.3 64zm28.8-64l123.1 0c5.3 20.5 8.1 41.9 8.1 64s-2.8 43.5-8.1 64l-123.1 0c2.1-20.6 3.2-42 3.2-64s-1.1-43.4-3.2-64zm112.6-32l-116.7 0c-10-63.9-29.8-117.4-55.3-151.6c78.3 20.7 142 77.5 171.9 151.6zm-149.1 0l-176.6 0c6.1-36.4 15.5-68.6 27-94.7c10.5-23.6 22.2-40.7 33.5-51.5C239.4 3.2 248.7 0 256 0s16.6 3.2 27.8 13.8c11.3 10.8 23 27.9 33.5 51.5c11.6 26 20.9 58.2 27 94.7zm-209 0L18.6 160C48.6 85.9 112.2 29.1 190.6 8.4C165.1 42.6 145.3 96.1 135.3 160zM8.1 192l123.1 0c-2.1 20.6-3.2 42-3.2 64s1.1 43.4 3.2 64L8.1 320C2.8 299.5 0 278.1 0 256s2.8-43.5 8.1-64zM194.7 446.6c-11.6-26-20.9-58.2-27-94.6l176.6 0c-6.1 36.4-15.5 68.6-27 94.6c-10.5 23.6-22.2 40.7-33.5 51.5C272.6 508.8 263.3 512 256 512s-16.6-3.2-27.8-13.8c-11.3-10.8-23-27.9-33.5-51.5zM135.3 352c10 63.9 29.8 117.4 55.3 151.6C112.2 482.9 48.6 426.1 18.6 352l116.7 0zm358.1 0c-30 74.1-93.6 130.9-171.9 151.6c25.5-34.2 45.2-87.7 55.3-151.6l116.7 0z\"><\/path><\/svg><\/span> Site internet<\/a><\/div>\n<\/div>\n<\/div>\n\n\n\n<h2 class=\"wp-block-heading\">Informations compl\u00e9mentaires<\/h2>\n\n\n\n<p>Biblioth\u00e8que des Beaux-arts de Marseille<\/p>\n\n\n\n<p><strong>R\u00e9seau <\/strong>: BEAR<\/p>\n\n\n\n<p><strong>R\u00e9gion <\/strong>: Provence-Alpes-C\u00f4te d&rsquo;Azur<\/p>\n\n\n\n<p><strong>D\u00e9partement <\/strong>: Bouches-du-Rh\u00f4ne (13)<\/p>\n\n\n\n<p><strong>RCR Sudoc <\/strong>: 130555109<\/p>\n\n\n\n<p><strong>Type d&rsquo;\u00e9tablissement<\/strong> : \u00c9cole d&rsquo;art<\/p>\n\n\n\n<p><strong>Date de cr\u00e9ation<\/strong> : 1969 (sur le site du campus de Luminy)<\/p>\n\n\n\n<p><strong>Historique <\/strong>: L\u2019\u00c9cole acad\u00e9mique de dessin de Marseille a \u00e9t\u00e9 fond\u00e9e en 1752 sous l\u2019impulsion d\u2019artistes de la r\u00e9gion et du gouverneur de Provence. D\u2019abord install\u00e9e dans le couvent des Bernardines, elle est d\u00e9plac\u00e9e en 1874 dans le Palais des Arts, place Carli, sp\u00e9cialement construit par l\u2019architecte Henry Esp\u00e9randieu pour accueillir l\u2019\u00c9cole et la biblioth\u00e8que municipale. Un si\u00e8cle plus tard, en 1969, elle est transf\u00e9r\u00e9e dans le Parc scientifique et technologique de Luminy dans lequel l\u2019\u00e9cole d\u2019art y est mitoyenne de l\u2019\u00c9cole nationale sup\u00e9rieure d\u2019architecture \u2013 ensa-m. H\u00e9riti\u00e8re de l&rsquo;acad\u00e9mie de peinture et de sculpture, la biblioth\u00e8que conserve un fonds patrimonial et ancien d\u2019au moins 1500 ouvrages, dont 544 ouvrages appartenant au fonds du don Marcel Valensi (1952). Actuellement, la biblioth\u00e8que est un lieu partag\u00e9 avec la biblioth\u00e8que de l&rsquo;\u00e9cole nationale sup\u00e9rieure d&rsquo;architecture Marseille. Trois espaces agencent la biblioth\u00e8que : une mezzanine (acc\u00e8s libres collection Beaux-Arts), un rez-de-chauss\u00e9e collection d&rsquo;architecture (ensa-m) ainsi qu&rsquo;un espace d&rsquo;accueil et de renseignement, deux \u00e9tages de magasins.<\/p>\n\n\n\n<p><strong>SIGB <\/strong>: Koha<\/p>\n\n\n\n<p><strong>Catalogue collectif <\/strong>: SUDOC, CCFr<\/p>\n\n\n\n<h2 class=\"wp-block-heading\">Acc\u00e8s et services<\/h2>\n\n\n\n<p><strong>Horaires <\/strong>: De septembre \u00e0 juin &gt; lundi-mercredi-jeudi : 9h30-18h ; mardi : 11h-18h ; vendredi : 9h30-17h En juillet et ao\u00fbt &gt; lundi-vendredi : 9h30-18h<\/p>\n\n\n\n<p><strong>Public <\/strong>: \u00c9tudiants niveau licence, \u00c9tudiants niveau master et doctorat, Enseignants-chercheurs, Professionnels<\/p>\n\n\n\n<p><strong>Inscription <\/strong>: Acc\u00e8s sans inscription, Acc\u00e8s sans rendez-vous<\/p>\n\n\n\n<p><strong>Services <\/strong>: Catalogue en ligne, Acc\u00e8s internet, Reproduction, Pr\u00eat \u00e0 domicile, Pr\u00eat entre biblioth\u00e8ques, Renseignements bibliographiques \u00e0 distance<\/p>\n\n\n\n<p><strong>Communication <\/strong>: Facebook, Instagram, Revue de presse, Carnet de biblioth\u00e8que sur la plateforme <a href=\"https:\/\/lapepite.hypotheses.org\/\" target=\"_blank\" rel=\"noreferrer noopener\">Hypoth\u00e8ses<\/a>.<\/p>\n\n\n\n<p><strong>Site Affluences <\/strong>: Non<\/p>\n\n\n\n<h2 class=\"wp-block-heading\">Collections<\/h2>\n\n\n\n<p><strong>Domaine principal <\/strong>: Architecture, Peinture, Sculpture, Arts graphiques, Arts d\u00e9coratifs-design, Photographie, Arts du spectacle-cin\u00e9ma, Arts de la performance<\/p>\n\n\n\n<p><strong>Description des collections :&nbsp; <\/strong>Les collections de la biblioth\u00e8que de l&rsquo;\u00c9cole des Beaux-Arts comprend un total de pr\u00e8s de 30000 ouvrages et 110 de ressources continues dont des titres historiques dans les collections d\u2019art. Elle dispose d\u2019un fonds ancien d\u2019au moins 1500 ouvrages, dont 544 ouvrages appartenant au fonds du don Marcel Valensi. Ce don effectu\u00e9 en 1952 par la famille de l\u2019architecte DPLG Marcel Valensi, comprend divers ouvrages en art, en peinture, en gravure, en sculpture, en architecture, en d\u00e9corations, en histoire de l\u2019art, en histoire et civilisations. Les collections de la biblioth\u00e8que sont r\u00e9parties dans le classement entre : le fonds d\u2019art (qui comprend les monographies et les \u00e9crits d\u2019artistes, les critiques d\u2019artistes, les catalogues d\u2019exposition, les th\u00e9matiques de l\u2019art et de l\u2019histoire de l\u2019art), le fonds design (qui inclue tout type de design, l\u2019architecture, l\u2019urbanisme, le paysage, les catalogues d\u2019exposition, les ouvrages th\u00e9oriques en design, les monographies de designers et d\u2019architectes, les mat\u00e9riaux, la typographie et le graphisme), le fonds th\u00e9orique regroupant les essais dans tous les domaines scientifiques et des sciences humaines et sociales, le fonds de litt\u00e9rature, de po\u00e9sie et de bandes dessin\u00e9es, le fonds de livres d\u2019artistes, le fonds des rendus \u00e9tudiants (m\u00e9moires, rapport de dipl\u00f4mes, journal de bord). La biblioth\u00e8que dispose \u00e9galement d&rsquo;un fonds des publications de l&rsquo;\u00e9cole, commenc\u00e9 en 1989 et qui se d\u00e9ploie autour des catalogues de dipl\u00f4m\u00e9s, de catalogues d&rsquo;exposition, des monographies d&rsquo;artistes et des actes de colloques.<\/p>\n\n\n\n<p><strong>Types de documents : <\/strong>Imprim\u00e9s courants, Documents patrimoniaux, Documents audiovisuels, Ressources \u00e9lectroniques<\/p>\n\n\n\n<p><strong>P\u00e9riodes : <\/strong>XIX<sup>e<\/sup>-XXI<sup>e<\/sup> si\u00e8cles<\/p>\n\n\n\n<p><strong>Aires g\u00e9ographiques : <\/strong>Monde<\/p>\n\n\n\n<div class=\"wp-block-columns is-layout-flex wp-container-core-columns-is-layout-28f84493 wp-block-columns-is-layout-flex\">\n<div class=\"wp-block-column is-layout-flow wp-block-column-is-layout-flow\">\n<iframe loading=\"lazy\" width=\"800\" height=\"600\" src=\"https:\/\/reseaubibart.inha.fr\/map?iframe=1&#038;noheader=1#\/fiche\/Beaux-arts-de-Marseille\/5n\/@43.239,5.417,14z?cat=all\" frameborder=\"0\" marginheight=\"0\" marginwidth=\"0\"><\/iframe>\n<\/div>\n<\/div>\n","protected":false},"excerpt":{"rendered":"<p>INSEAMM Marseille &#8211; Beaux-Arts de Marseille Coordonn\u00e9es Adresse : 184 Avenue de Luminy CS 70912 13288 Cedex 09 Marseille France T\u00e9l\u00e9phone : 04-91-82-83-45 Informations compl\u00e9mentaires Biblioth\u00e8que des Beaux-arts de Marseille R\u00e9seau : BEAR R\u00e9gion : Provence-Alpes-C\u00f4te d&rsquo;Azur D\u00e9partement : Bouches-du-Rh\u00f4ne (13) RCR Sudoc : 130555109 Type d&rsquo;\u00e9tablissement : \u00c9cole d&rsquo;art Date de cr\u00e9ation : 1969 [&hellip;]<\/p>\n","protected":false},"author":1,"featured_media":0,"parent":547,"menu_order":0,"comment_status":"open","ping_status":"open","template":"","meta":{"footnotes":""},"class_list":["post-1455","page","type-page","status-publish","hentry"],"_links":{"self":[{"href":"https:\/\/portail.reseaubibart.inha.fr\/index.php?rest_route=\/wp\/v2\/pages\/1455","targetHints":{"allow":["GET"]}}],"collection":[{"href":"https:\/\/portail.reseaubibart.inha.fr\/index.php?rest_route=\/wp\/v2\/pages"}],"about":[{"href":"https:\/\/portail.reseaubibart.inha.fr\/index.php?rest_route=\/wp\/v2\/types\/page"}],"author":[{"embeddable":true,"href":"https:\/\/portail.reseaubibart.inha.fr\/index.php?rest_route=\/wp\/v2\/users\/1"}],"replies":[{"embeddable":true,"href":"https:\/\/portail.reseaubibart.inha.fr\/index.php?rest_route=%2Fwp%2Fv2%2Fcomments&post=1455"}],"version-history":[{"count":3,"href":"https:\/\/portail.reseaubibart.inha.fr\/index.php?rest_route=\/wp\/v2\/pages\/1455\/revisions"}],"predecessor-version":[{"id":3056,"href":"https:\/\/portail.reseaubibart.inha.fr\/index.php?rest_route=\/wp\/v2\/pages\/1455\/revisions\/3056"}],"up":[{"embeddable":true,"href":"https:\/\/portail.reseaubibart.inha.fr\/index.php?rest_route=\/wp\/v2\/pages\/547"}],"wp:attachment":[{"href":"https:\/\/portail.reseaubibart.inha.fr\/index.php?rest_route=%2Fwp%2Fv2%2Fmedia&parent=1455"}],"curies":[{"name":"wp","href":"https:\/\/api.w.org\/{rel}","templated":true}]}}