{"id":15,"date":"2025-03-06T14:07:38","date_gmt":"2025-03-06T13:07:38","guid":{"rendered":"https:\/\/bibart.inha.fr\/?page_id=15"},"modified":"2025-10-08T16:07:33","modified_gmt":"2025-10-08T14:07:33","slug":"repertoire-des-bibliotheques","status":"publish","type":"page","link":"https:\/\/portail.reseaubibart.inha.fr\/?page_id=15","title":{"rendered":"Les biblioth\u00e8ques du r\u00e9seau BibArt"},"content":{"rendered":"\n<h2 class=\"wp-block-heading\">Par r\u00e9gion<\/h2>\n\n\n\n<p>S\u00e9lectionner une r\u00e9gion pour acc\u00e9der \u00e0 la liste des biblioth\u00e8ques d&rsquo;art correspondante.<\/p>\n\n\n\n<h3 class=\"wp-block-heading\">France m\u00e9tropolitaine<\/h3>\n\n\n<div class=\"map_wrapper\" id=\"map_wrapper_2375\">\n<div class=\"map_box\" style=\"max-width:2000px\">\n<div class=\"map_aspect_ratio\" style=\"padding-top:56%\" data-padding-top=\"56%\" data-padding-top-mobile=\"0%\">\n<div class=\"map_container\">\n<div class=\"map_render map_loading\" id=\"map_2375\"><\/div>\n<\/div>\n<\/div>\n<\/div>\n<\/div>\n\n\n\n<h3 class=\"wp-block-heading\">D\u00e9partements et r\u00e9gions d&rsquo;outre-mer<\/h3>\n\n\n<div class=\"map_wrapper\" id=\"map_wrapper_2380\">\n<div class=\"map_box\" style=\"max-width:250px\">\n<div class=\"map_aspect_ratio\" style=\"padding-top:56%\" data-padding-top=\"56%\" data-padding-top-mobile=\"0%\">\n<div class=\"map_container\">\n<div class=\"map_render map_loading\" id=\"map_2380\"><\/div>\n<\/div>\n<\/div>\n<\/div>\n<\/div>\n\n\n\n<h2 class=\"wp-block-heading\">Par r\u00e9seau<\/h2>\n\n\n\n<ul class=\"wp-block-list\">\n<li><a href=\"https:\/\/portail.reseaubibart.inha.fr\/?page_id=2400\" data-type=\"page\" data-id=\"2400\">Archir\u00e8s<\/a><\/li>\n\n\n\n<li><a href=\"https:\/\/portail.reseaubibart.inha.fr\/?page_id=2411\" data-type=\"page\" data-id=\"2411\">BEAR<\/a><\/li>\n\n\n\n<li><a href=\"https:\/\/portail.reseaubibart.inha.fr\/?page_id=2465\" data-type=\"page\" data-id=\"2465\">RBMN<\/a><\/li>\n<\/ul>\n","protected":false},"excerpt":{"rendered":"<p>Par r\u00e9gion S\u00e9lectionner une r\u00e9gion pour acc\u00e9der \u00e0 la liste des biblioth\u00e8ques d&rsquo;art correspondante. France m\u00e9tropolitaine D\u00e9partements et r\u00e9gions d&rsquo;outre-mer Par r\u00e9seau<\/p>\n","protected":false},"author":1,"featured_media":0,"parent":0,"menu_order":0,"comment_status":"closed","ping_status":"closed","template":"","meta":{"footnotes":""},"class_list":["post-15","page","type-page","status-publish","hentry"],"_links":{"self":[{"href":"https:\/\/portail.reseaubibart.inha.fr\/index.php?rest_route=\/wp\/v2\/pages\/15","targetHints":{"allow":["GET"]}}],"collection":[{"href":"https:\/\/portail.reseaubibart.inha.fr\/index.php?rest_route=\/wp\/v2\/pages"}],"about":[{"href":"https:\/\/portail.reseaubibart.inha.fr\/index.php?rest_route=\/wp\/v2\/types\/page"}],"author":[{"embeddable":true,"href":"https:\/\/portail.reseaubibart.inha.fr\/index.php?rest_route=\/wp\/v2\/users\/1"}],"replies":[{"embeddable":true,"href":"https:\/\/portail.reseaubibart.inha.fr\/index.php?rest_route=%2Fwp%2Fv2%2Fcomments&post=15"}],"version-history":[{"count":27,"href":"https:\/\/portail.reseaubibart.inha.fr\/index.php?rest_route=\/wp\/v2\/pages\/15\/revisions"}],"predecessor-version":[{"id":4015,"href":"https:\/\/portail.reseaubibart.inha.fr\/index.php?rest_route=\/wp\/v2\/pages\/15\/revisions\/4015"}],"wp:attachment":[{"href":"https:\/\/portail.reseaubibart.inha.fr\/index.php?rest_route=%2Fwp%2Fv2%2Fmedia&parent=15"}],"curies":[{"name":"wp","href":"https:\/\/api.w.org\/{rel}","templated":true}]}}