{"id":2400,"date":"2025-05-20T12:13:18","date_gmt":"2025-05-20T10:13:18","guid":{"rendered":"https:\/\/bibart.inha.fr\/?page_id=2400"},"modified":"2025-10-08T16:40:36","modified_gmt":"2025-10-08T14:40:36","slug":"reseau-archires","status":"publish","type":"page","link":"https:\/\/portail.reseaubibart.inha.fr\/?page_id=2400","title":{"rendered":"Biblioth\u00e8ques du r\u00e9seau ArchiR\u00e8s"},"content":{"rendered":"\n<figure class=\"wp-block-image aligncenter size-large is-resized\"><img loading=\"lazy\" decoding=\"async\" width=\"1024\" height=\"256\" src=\"https:\/\/bibart.inha.fr\/wp-content\/uploads\/2025\/03\/logo-archires-chemin-1024x256.png\" alt=\"\" class=\"wp-image-105\" style=\"width:388px;height:auto\" srcset=\"https:\/\/portail.reseaubibart.inha.fr\/wp-content\/uploads\/2025\/03\/logo-archires-chemin-1024x256.png 1024w, https:\/\/portail.reseaubibart.inha.fr\/wp-content\/uploads\/2025\/03\/logo-archires-chemin-300x75.png 300w, https:\/\/portail.reseaubibart.inha.fr\/wp-content\/uploads\/2025\/03\/logo-archires-chemin-768x192.png 768w, https:\/\/portail.reseaubibart.inha.fr\/wp-content\/uploads\/2025\/03\/logo-archires-chemin-1536x384.png 1536w, https:\/\/portail.reseaubibart.inha.fr\/wp-content\/uploads\/2025\/03\/logo-archires-chemin-2048x512.png 2048w\" sizes=\"auto, (max-width: 1024px) 100vw, 1024px\" \/><\/figure>\n\n\n\n<div class=\"wp-block-group alignwide is-layout-grid wp-container-core-group-is-layout-bcb8ac2c wp-block-group-is-layout-grid\">\n<p class=\"has-text-align-center has-accent-5-background-color has-background\"><strong><a href=\"https:\/\/portail.reseaubibart.inha.fr\/?page_id=1225\" data-type=\"page\" data-id=\"1225\">\u00c9cole nationale sup\u00e9rieure d&rsquo;architecture de Bretagne<\/a><\/strong><br>Rennes<br><em><em><em>Biblioth\u00e8que d&rsquo;\u00e9cole d&rsquo;architecture<\/em><\/em><\/em><\/p>\n\n\n\n<p class=\"has-text-align-center has-accent-5-background-color has-background\"><strong><a href=\"https:\/\/portail.reseaubibart.inha.fr\/?page_id=66\" data-type=\"page\" data-id=\"66\">\u00c9cole nationale sup\u00e9rieure d&rsquo;architecture de Clermont-Ferrand<\/a><\/strong><br>Clermont-Ferrand<br><em><em><em>Biblioth\u00e8que d&rsquo;\u00e9cole d&rsquo;architecture<\/em><\/em><\/em><\/p>\n\n\n\n<p class=\"has-text-align-center has-accent-5-background-color has-background wp-container-content-d2eb3c98\"><strong><a href=\"https:\/\/portail.reseaubibart.inha.fr\/?page_id=1114\" data-type=\"page\" data-id=\"1114\">\u00c9cole nationale sup\u00e9rieure d&rsquo;architecture de Grenoble<\/a><\/strong><br>Grenoble<br><em>Biblioth\u00e8que d&rsquo;\u00e9cole d&rsquo;architecture<\/em><\/p>\n\n\n\n<p class=\"has-text-align-center has-accent-5-background-color has-background wp-container-content-d2eb3c98\"><strong><a href=\"https:\/\/portail.reseaubibart.inha.fr\/?page_id=1114\" data-type=\"page\" data-id=\"1114\">\u00c9cole nationale sup\u00e9rieure d&rsquo;architecture de Grenoble<\/a><\/strong><br>Grenoble<br><em>Biblioth\u00e8que du laboratoire Cresson<\/em><\/p>\n\n\n\n<p class=\"has-text-align-center has-accent-5-background-color has-background\"><strong><a href=\"https:\/\/portail.reseaubibart.inha.fr\/?page_id=1143\" data-type=\"page\" data-id=\"1143\">\u00c9cole nationale sup\u00e9rieure d&rsquo;architecture de Lyon<\/a><\/strong><br>Lyon<br><em><em><em>Biblioth\u00e8que d&rsquo;\u00e9cole d&rsquo;architecture<\/em><\/em><\/em><\/p>\n\n\n\n<p class=\"has-text-align-center has-accent-5-background-color has-background\"><strong><a href=\"https:\/\/portail.reseaubibart.inha.fr\/?page_id=1449\" data-type=\"page\" data-id=\"1449\">\u00c9cole nationale sup\u00e9rieure d&rsquo;architecture de Marseille<\/a><\/strong><br>Marseille<br><em><em>Biblioth\u00e8que d&rsquo;\u00e9cole d&rsquo;architecture<\/em><\/em><\/p>\n\n\n\n<p class=\"has-text-align-center has-accent-5-background-color has-background\"><strong><a href=\"https:\/\/portail.reseaubibart.inha.fr\/?page_id=1438\" data-type=\"page\" data-id=\"1438\">\u00c9cole nationale sup\u00e9rieure d&rsquo;architecture de Montpellier<\/a><\/strong><br>Montpellier<br><em><em><em>Biblioth\u00e8que d&rsquo;\u00e9cole d&rsquo;architecture<\/em><\/em><\/em><\/p>\n\n\n\n<p class=\"has-text-align-center has-accent-5-background-color has-background\"><strong><a href=\"https:\/\/portail.reseaubibart.inha.fr\/?page_id=1363\" data-type=\"page\" data-id=\"1363\">\u00c9cole nationale sup\u00e9rieure d&rsquo;architecture de Nancy<\/a><\/strong><br>Nancy<br><em><em><em>Biblioth\u00e8que d&rsquo;\u00e9cole d&rsquo;architecture<\/em><\/em><\/em><\/p>\n\n\n\n<p class=\"has-text-align-center has-accent-5-background-color has-background wp-container-content-d2eb3c98\"><strong><a href=\"https:\/\/portail.reseaubibart.inha.fr\/?page_id=1445\" data-type=\"page\" data-id=\"1445\">\u00c9cole nationale sup\u00e9rieure d&rsquo;architecture de Nantes<\/a><\/strong><br>Nantes<br><em><em><em>Biblioth\u00e8que d&rsquo;\u00e9cole d&rsquo;architecture<\/em><\/em><\/em><\/p>\n\n\n\n<p class=\"has-text-align-center has-accent-5-background-color has-background wp-container-content-d2eb3c98\"><strong><a href=\"https:\/\/portail.reseaubibart.inha.fr\/?page_id=1445\" data-type=\"page\" data-id=\"1445\">\u00c9cole nationale sup\u00e9rieure d&rsquo;architecture de Nantes<\/a><\/strong><br>Nantes<br><em><em><em>Biblioth\u00e8que du Centre de Recherche CRENAU<\/em><\/em><\/em><\/p>\n\n\n\n<p class=\"has-text-align-center has-accent-5-background-color has-background\"><strong><a href=\"https:\/\/portail.reseaubibart.inha.fr\/?page_id=1420\" data-type=\"page\" data-id=\"1420\">\u00c9cole nationale sup\u00e9rieure d&rsquo;architecture de Normandie<\/a><\/strong><br>Rouen<br><em><em><em>Biblioth\u00e8que d&rsquo;\u00e9cole d&rsquo;architecture<\/em><\/em><\/em><\/p>\n\n\n\n<p class=\"has-text-align-center has-accent-5-background-color has-background\"><strong><a href=\"https:\/\/portail.reseaubibart.inha.fr\/?page_id=1301\" data-type=\"page\" data-id=\"1301\">\u00c9cole nationale sup\u00e9rieure d&rsquo;architecture de Paris &#8211; Belleville<\/a><\/strong><br>Paris<br><em><em><em>Biblioth\u00e8que d&rsquo;\u00e9cole d&rsquo;architecture<\/em><\/em><\/em><\/p>\n\n\n\n<p class=\"has-text-align-center has-accent-5-background-color has-background\"><strong><a href=\"https:\/\/portail.reseaubibart.inha.fr\/?page_id=1301\" data-type=\"page\" data-id=\"1301\">\u00c9cole nationale sup\u00e9rieure d&rsquo;architecture de Paris &#8211; Belleville<\/a><\/strong><br>Paris<br><em><em><em>Biblioth\u00e8que du Centre de Recherche Ipraus <\/em><\/em><\/em><\/p>\n\n\n\n<p class=\"has-text-align-center has-accent-5-background-color has-background\"><strong><a href=\"https:\/\/portail.reseaubibart.inha.fr\/?page_id=1298\" data-type=\"page\" data-id=\"1298\">\u00c9cole d&rsquo;architecture de la ville et des territoires Paris-Est<\/a><\/strong><br>Champs sur Marne<br><em><em><em>Biblioth\u00e8que d&rsquo;\u00e9cole d&rsquo;architecture<\/em><\/em><\/em><\/p>\n\n\n\n<p class=\"has-text-align-center has-accent-5-background-color has-background\"><strong><a href=\"https:\/\/portail.reseaubibart.inha.fr\/?page_id=1302\" data-type=\"page\" data-id=\"1302\">\u00c9cole nationale sup\u00e9rieure d&rsquo;architecture de Paris &#8211; La Villette<\/a><\/strong><br>Paris<br><em><em><em>Biblioth\u00e8que d&rsquo;\u00e9cole d&rsquo;architecture<\/em><\/em><\/em><\/p>\n\n\n\n<p class=\"has-text-align-center has-accent-5-background-color has-background\"><strong><a href=\"https:\/\/portail.reseaubibart.inha.fr\/?page_id=1303\" data-type=\"page\" data-id=\"1303\">\u00c9cole nationale sup\u00e9rieure d&rsquo;architecture de Paris-Malaquais<\/a><\/strong><br>Paris<br><em><em><em>Biblioth\u00e8que d&rsquo;\u00e9cole d&rsquo;architecture<\/em><\/em><\/em><\/p>\n\n\n\n<p class=\"has-text-align-center has-accent-5-background-color has-background\"><strong><a href=\"https:\/\/portail.reseaubibart.inha.fr\/?page_id=1304\" data-type=\"page\" data-id=\"1304\">\u00c9cole nationale sup\u00e9rieure d&rsquo;architecture de Paris &#8211; Val de Seine<\/a><\/strong><br>Paris<br><em><em><em>Biblioth\u00e8que d&rsquo;\u00e9cole d&rsquo;architecture<\/em><\/em><\/em><\/p>\n\n\n\n<p class=\"has-text-align-center has-accent-5-background-color has-background\"><strong><a href=\"https:\/\/portail.reseaubibart.inha.fr\/?page_id=1152\" data-type=\"page\" data-id=\"1152\">\u00c9cole nationale sup\u00e9rieure d&rsquo;architecture de Saint-Etienne<\/a><\/strong><br>Saint-Etienne<br><em><em><em>Biblioth\u00e8que d&rsquo;\u00e9cole d&rsquo;architecture<\/em><\/em><\/em><\/p>\n\n\n\n<p class=\"has-text-align-center has-accent-5-background-color has-background\"><strong><a href=\"https:\/\/portail.reseaubibart.inha.fr\/?page_id=1439\" data-type=\"page\" data-id=\"1439\">\u00c9cole nationale sup\u00e9rieure d&rsquo;architecture de Toulouse<\/a><\/strong><br>Toulouse<br><em><em><em>Biblioth\u00e8que d&rsquo;\u00e9cole d&rsquo;architecture<\/em><\/em><\/em><\/p>\n\n\n\n<p class=\"has-text-align-center has-accent-5-background-color has-background\"><strong><a href=\"https:\/\/portail.reseaubibart.inha.fr\/?page_id=1305\" data-type=\"page\" data-id=\"1305\">\u00c9cole nationale sup\u00e9rieure d&rsquo;architecture de Versailles<\/a><\/strong><br>Versailles<br><em><em><em>Biblioth\u00e8que d&rsquo;\u00e9cole d&rsquo;architecture<\/em><\/em><\/em><\/p>\n\n\n\n<p class=\"has-text-align-center has-accent-5-background-color has-background\"><strong><a href=\"https:\/\/portail.reseaubibart.inha.fr\/?page_id=1364\" data-type=\"page\" data-id=\"1364\">\u00c9cole nationale sup\u00e9rieure d&rsquo;architecture de Strasbourg<\/a><\/strong><br>Strasbourg<br><em><em><em>Biblioth\u00e8que d&rsquo;\u00e9cole d&rsquo;architecture<\/em><\/em><\/em><\/p>\n\n\n\n<p class=\"has-text-align-center has-accent-5-background-color has-background\"><a href=\"https:\/\/portail.reseaubibart.inha.fr\/?page_id=1429\" data-type=\"page\" data-id=\"1429\"><strong>\u00c9cole nationale sup\u00e9rieure d&rsquo;architecture et de paysage de Bordeaux<\/strong><\/a><br>Bordeaux<br><em>M\u00e9diath\u00e8que<\/em><br><br><\/p>\n\n\n\n<p class=\"has-text-align-center has-accent-5-background-color has-background\"><strong><a href=\"https:\/\/portail.reseaubibart.inha.fr\/?page_id=1405\" data-type=\"page\" data-id=\"1405\">\u00c9cole nationale sup\u00e9rieure d&rsquo;architecture et de paysage de Lille<\/a><\/strong><br>Lille<br><em><em><em>Biblioth\u00e8que d&rsquo;\u00e9cole d&rsquo;architecture<\/em><\/em><\/em><\/p>\n<\/div>\n\n\n\n<div class=\"wp-block-columns is-layout-flex wp-container-core-columns-is-layout-28f84493 wp-block-columns-is-layout-flex\">\n<div class=\"wp-block-column is-layout-flow wp-block-column-is-layout-flow\">\n<h2 class=\"wp-block-heading\">Localiser sur une carte<\/h2>\n<\/div>\n<\/div>\n\n\n\n<div class=\"wp-block-columns is-layout-flex wp-container-core-columns-is-layout-28f84493 wp-block-columns-is-layout-flex\">\n<div class=\"wp-block-column is-layout-flow wp-block-column-is-layout-flow\">\n<iframe loading=\"lazy\" width=\"800\" height=\"600\" src=\"https:\/\/reseaubibart.inha.fr\/map?iframe=1&#038;fullTaxonomy=0&#038;noheader=1#\/carte\/@47.86,1.23,6z?cat=all@kd264lg293li295lk297lm299lo301lq213kh303ls305lu307lw309ig310lz312mb215mc315me317mg319ii217mi321mk323mm325mo327mq329ik226it383ou385ow387il253ms331mu333mw335my220iu229iw337na339nc341in342nf344nh346nj348nl350nn352np222nq355ns357nu359nw361ny363oa365oc223od368of370oh224oi373ok375om377ir381ic211ie232iz235jc237op247oo248jp250kt280kv282kx284kz286lc289lb290lf275ko273km277kq241ji245jk243jv257jy256hu190hj192hl194hn196\" frameborder=\"0\" marginheight=\"0\" marginwidth=\"0\"><\/iframe>\n<\/div>\n<\/div>\n","protected":false},"excerpt":{"rendered":"<p>\u00c9cole nationale sup\u00e9rieure d&rsquo;architecture de BretagneRennesBiblioth\u00e8que d&rsquo;\u00e9cole d&rsquo;architecture \u00c9cole nationale sup\u00e9rieure d&rsquo;architecture de Clermont-FerrandClermont-FerrandBiblioth\u00e8que d&rsquo;\u00e9cole d&rsquo;architecture \u00c9cole nationale sup\u00e9rieure d&rsquo;architecture de GrenobleGrenobleBiblioth\u00e8que d&rsquo;\u00e9cole d&rsquo;architecture \u00c9cole nationale sup\u00e9rieure d&rsquo;architecture de GrenobleGrenobleBiblioth\u00e8que du laboratoire Cresson \u00c9cole nationale sup\u00e9rieure d&rsquo;architecture de LyonLyonBiblioth\u00e8que d&rsquo;\u00e9cole d&rsquo;architecture \u00c9cole nationale sup\u00e9rieure d&rsquo;architecture de MarseilleMarseilleBiblioth\u00e8que d&rsquo;\u00e9cole d&rsquo;architecture \u00c9cole nationale sup\u00e9rieure d&rsquo;architecture de MontpellierMontpellierBiblioth\u00e8que [&hellip;]<\/p>\n","protected":false},"author":1,"featured_media":0,"parent":15,"menu_order":0,"comment_status":"closed","ping_status":"closed","template":"","meta":{"footnotes":""},"class_list":["post-2400","page","type-page","status-publish","hentry"],"_links":{"self":[{"href":"https:\/\/portail.reseaubibart.inha.fr\/index.php?rest_route=\/wp\/v2\/pages\/2400","targetHints":{"allow":["GET"]}}],"collection":[{"href":"https:\/\/portail.reseaubibart.inha.fr\/index.php?rest_route=\/wp\/v2\/pages"}],"about":[{"href":"https:\/\/portail.reseaubibart.inha.fr\/index.php?rest_route=\/wp\/v2\/types\/page"}],"author":[{"embeddable":true,"href":"https:\/\/portail.reseaubibart.inha.fr\/index.php?rest_route=\/wp\/v2\/users\/1"}],"replies":[{"embeddable":true,"href":"https:\/\/portail.reseaubibart.inha.fr\/index.php?rest_route=%2Fwp%2Fv2%2Fcomments&post=2400"}],"version-history":[{"count":30,"href":"https:\/\/portail.reseaubibart.inha.fr\/index.php?rest_route=\/wp\/v2\/pages\/2400\/revisions"}],"predecessor-version":[{"id":4028,"href":"https:\/\/portail.reseaubibart.inha.fr\/index.php?rest_route=\/wp\/v2\/pages\/2400\/revisions\/4028"}],"up":[{"embeddable":true,"href":"https:\/\/portail.reseaubibart.inha.fr\/index.php?rest_route=\/wp\/v2\/pages\/15"}],"wp:attachment":[{"href":"https:\/\/portail.reseaubibart.inha.fr\/index.php?rest_route=%2Fwp%2Fv2%2Fmedia&parent=2400"}],"curies":[{"name":"wp","href":"https:\/\/api.w.org\/{rel}","templated":true}]}}