{"id":2465,"date":"2025-05-23T16:34:43","date_gmt":"2025-05-23T14:34:43","guid":{"rendered":"https:\/\/bibart.inha.fr\/?page_id=2465"},"modified":"2025-10-08T17:00:34","modified_gmt":"2025-10-08T15:00:34","slug":"bibliotheques-du-reseau-rbmn","status":"publish","type":"page","link":"https:\/\/portail.reseaubibart.inha.fr\/?page_id=2465","title":{"rendered":"Biblioth\u00e8ques du r\u00e9seau RBMN"},"content":{"rendered":"\n<figure class=\"wp-block-image aligncenter size-large is-resized\"><img loading=\"lazy\" decoding=\"async\" width=\"1024\" height=\"344\" src=\"https:\/\/bibart.inha.fr\/wp-content\/uploads\/2025\/03\/RBMN_deploye-logo-1024x344.jpg\" alt=\"Logo RBMN\" class=\"wp-image-107\" style=\"width:301px;height:auto\" srcset=\"https:\/\/portail.reseaubibart.inha.fr\/wp-content\/uploads\/2025\/03\/RBMN_deploye-logo-1024x344.jpg 1024w, https:\/\/portail.reseaubibart.inha.fr\/wp-content\/uploads\/2025\/03\/RBMN_deploye-logo-300x101.jpg 300w, https:\/\/portail.reseaubibart.inha.fr\/wp-content\/uploads\/2025\/03\/RBMN_deploye-logo-768x258.jpg 768w, https:\/\/portail.reseaubibart.inha.fr\/wp-content\/uploads\/2025\/03\/RBMN_deploye-logo-1536x516.jpg 1536w, https:\/\/portail.reseaubibart.inha.fr\/wp-content\/uploads\/2025\/03\/RBMN_deploye-logo.jpg 1698w\" sizes=\"auto, (max-width: 1024px) 100vw, 1024px\" \/><\/figure>\n\n\n\n<div class=\"wp-block-group alignwide is-layout-grid wp-container-core-group-is-layout-bcb8ac2c wp-block-group-is-layout-grid\">\n<p class=\"has-text-align-center has-accent-5-background-color has-background\"><a href=\"https:\/\/portail.reseaubibart.inha.fr\/?page_id=1289\" data-type=\"page\" data-id=\"1289\"><strong>Centre de recherche du Ch\u00e2teau de Versailles<\/strong><\/a><br>Versailles<br><em><em>Biblioth\u00e8que sp\u00e9cialis\u00e9e<\/em><\/em><br><br><\/p>\n\n\n\n<p class=\"has-text-align-center has-accent-5-background-color has-background wp-container-content-d2eb3c98\"><strong><a href=\"https:\/\/portail.reseaubibart.inha.fr\/?page_id=1290\" data-type=\"page\" data-id=\"1290\">Centre de recherche et de restauration des mus\u00e9es de France<\/a><\/strong><br>Paris<br><em><em><em>Biblioth\u00e8que sp\u00e9cialis\u00e9e<\/em><\/em><\/em><\/p>\n\n\n\n<p class=\"has-text-align-center has-accent-5-background-color has-background\"><strong><a href=\"https:\/\/portail.reseaubibart.inha.fr\/?page_id=1403\" data-type=\"page\" data-id=\"1403\">Ch\u00e2teau de Compi\u00e8gne<\/a><\/strong><br>Compi\u00e8gne<br><em><em><em><em><em><em><em><em>Biblioth\u00e8que de mus\u00e9e<\/em><\/em><\/em><\/em><\/em><\/em><\/em><\/em><\/p>\n\n\n\n<p class=\"has-text-align-center has-accent-5-background-color has-background wp-container-content-d2eb3c98\"><strong><a href=\"https:\/\/portail.reseaubibart.inha.fr\/?page_id=1292\" data-type=\"page\" data-id=\"1292\">Ch\u00e2teau de Fontainebleau<\/a><\/strong><br>Fontainebleau <em><em><em>Biblioth\u00e8que de mus\u00e9e<\/em><\/em><\/em><\/p>\n\n\n\n<p class=\"has-text-align-center has-accent-5-background-color has-background wp-container-content-d2eb3c98\"><strong><a href=\"https:\/\/portail.reseaubibart.inha.fr\/?page_id=1293\" data-type=\"page\" data-id=\"1293\">Ch\u00e2teau de Versailles<\/a><\/strong><br>Versailles<br><em><em><em><em>Biblioth\u00e8que de mus\u00e9e<\/em><\/em><\/em><\/em><\/p>\n\n\n\n<p class=\"has-text-align-center has-accent-5-background-color has-background\"><strong><a href=\"https:\/\/portail.reseaubibart.inha.fr\/?page_id=1294\" data-type=\"page\" data-id=\"1294\">Cit\u00e9 de l&rsquo;architecture et du patrimoine<\/a><\/strong><br>Paris<br><em><em><em><em>Biblioth\u00e8que de mus\u00e9e<\/em><\/em><\/em><\/em><\/p>\n\n\n\n<p class=\"has-text-align-center has-accent-5-background-color has-background\"><a href=\"https:\/\/portail.reseaubibart.inha.fr\/?page_id=1433\" data-type=\"page\" data-id=\"1433\"><strong>Cit\u00e9 de la C\u00e9ramique \u2013 Limoges \u2013 mus\u00e9e Adrien Dubouch\u00e9<\/strong><\/a><br>Limoges<br><em><em><em><em><em><em><em><em>Biblioth\u00e8que de mus\u00e9e<\/em><\/em><\/em><\/em><\/em><\/em><\/em><\/em><\/p>\n\n\n\n<p class=\"has-text-align-center has-accent-5-background-color has-background\"><strong><a href=\"https:\/\/portail.reseaubibart.inha.fr\/?page_id=1318\" data-type=\"page\" data-id=\"1318\">Mus\u00e9e d&rsquo;arch\u00e9ologie nationale<\/a><\/strong><br>Saint-Germain-en-Laye<br><em><em><em><em>Biblioth\u00e8que de mus\u00e9e<\/em><\/em><\/em><\/em><\/p>\n\n\n\n<p class=\"has-text-align-center has-accent-5-background-color has-background\"><strong><a href=\"https:\/\/portail.reseaubibart.inha.fr\/?page_id=1316\" data-type=\"page\" data-id=\"1316\">Mus\u00e9e d&rsquo;Orsay<\/a><\/strong><br>Paris<br><em><em><em><em><em><em><em><em>Biblioth\u00e8que de mus\u00e9e<\/em><\/em><\/em><\/em><\/em><\/em><\/em><\/em><\/p>\n\n\n\n<p class=\"has-text-align-center has-accent-5-background-color has-background\"><strong><a href=\"https:\/\/portail.reseaubibart.inha.fr\/?page_id=1317\" data-type=\"page\" data-id=\"1317\">Mus\u00e9e de Cluny &#8211; Mus\u00e9e national du Moyen \u00c2ge<\/a><\/strong><br>Paris<br><em><em><em><em><em><em><em><em>Biblioth\u00e8que de mus\u00e9e<\/em><\/em><\/em><\/em><\/em><\/em><\/em><\/em><\/p>\n\n\n\n<p class=\"has-text-align-center has-accent-5-background-color has-background\"><strong><a href=\"https:\/\/portail.reseaubibart.inha.fr\/?page_id=1320\" data-type=\"page\" data-id=\"1320\">Mus\u00e9e de l&rsquo;Orangerie<\/a><\/strong><br>Paris<br><em><em><em><em><em><em><em><em>Biblioth\u00e8que de mus\u00e9e<\/em><\/em><\/em><\/em><\/em><\/em><\/em><\/em><\/p>\n\n\n\n<p class=\"has-text-align-center has-accent-5-background-color has-background\"><strong><a href=\"https:\/\/portail.reseaubibart.inha.fr\/?page_id=1322\" data-type=\"page\" data-id=\"1322\">Mus\u00e9e du Louvre &#8211; Centre Dominique-Vivant Denon<\/a><\/strong><br>Paris<br><em><em><em><em><em><em><em><em>Biblioth\u00e8que de mus\u00e9e<\/em><\/em><\/em><\/em><\/em><\/em><\/em><\/em><\/p>\n\n\n\n<p class=\"has-text-align-center has-accent-5-background-color has-background\"><strong><a href=\"https:\/\/portail.reseaubibart.inha.fr\/?page_id=1323\" data-type=\"page\" data-id=\"1323\">Mus\u00e9e du Louvre &#8211; D\u00e9partement des Antiquit\u00e9s \u00e9gyptiennes<\/a><\/strong><br>Paris<br><em><em><em><em><em><em><em><em>Biblioth\u00e8que de mus\u00e9e<\/em><\/em><\/em><\/em><\/em><\/em><\/em><\/em><\/p>\n\n\n\n<p class=\"has-text-align-center has-accent-5-background-color has-background\"><strong><a href=\"https:\/\/portail.reseaubibart.inha.fr\/?page_id=1324\" data-type=\"page\" data-id=\"1324\">Mus\u00e9e du Louvre &#8211; D\u00e9partement des Antiquit\u00e9s grecques, \u00e9trusques et romaines<\/a><\/strong><br>Paris<br><em><em><em><em><em><em><em><em>Biblioth\u00e8que de mus\u00e9e<\/em><\/em><\/em><\/em><\/em><\/em><\/em><\/em><\/p>\n\n\n\n<p class=\"has-text-align-center has-accent-5-background-color has-background\"><strong><a href=\"https:\/\/portail.reseaubibart.inha.fr\/?page_id=1325\" data-type=\"page\" data-id=\"1325\">Mus\u00e9e du Louvre &#8211; D\u00e9partement des Antiquit\u00e9s orientales<\/a><\/strong><br>Paris<br><em><em><em><em><em><em><em><em>Biblioth\u00e8que de mus\u00e9e<\/em><\/em><\/em><\/em><\/em><\/em><\/em><\/em><\/p>\n\n\n\n<p class=\"has-text-align-center has-accent-5-background-color has-background\"><strong><a href=\"https:\/\/portail.reseaubibart.inha.fr\/?page_id=1326\" data-type=\"page\" data-id=\"1326\">Mus\u00e9e du Louvre &#8211; D\u00e9partement des Arts de l&rsquo;Islam<\/a><\/strong><br>Paris<br><em><em><em><em><em><em><em><em>Biblioth\u00e8que de mus\u00e9e<\/em><\/em><\/em><\/em><\/em><\/em><\/em><\/em><\/p>\n\n\n\n<p class=\"has-text-align-center has-accent-5-background-color has-background\"><strong><a href=\"https:\/\/portail.reseaubibart.inha.fr\/?page_id=1327\" data-type=\"page\" data-id=\"1327\">Mus\u00e9e du Louvre &#8211; D\u00e9partement des Arts graphiques<\/a><\/strong><br>Paris<br><em><em><em><em><em><em><em><em>Biblioth\u00e8que de mus\u00e9e<\/em><\/em><\/em><\/em><\/em><\/em><\/em><\/em><\/p>\n\n\n\n<p class=\"has-text-align-center has-accent-5-background-color has-background\"><strong><a href=\"https:\/\/portail.reseaubibart.inha.fr\/?page_id=1328\" data-type=\"page\" data-id=\"1328\">Mus\u00e9e du Louvre &#8211; D\u00e9partement des Objets d&rsquo;art<\/a><\/strong><br>Paris<br><em><em><em><em><em><em><em><em>Biblioth\u00e8que de mus\u00e9e<\/em><\/em><\/em><\/em><\/em><\/em><\/em><\/em><\/p>\n\n\n\n<p class=\"has-text-align-center has-accent-5-background-color has-background\"><strong><a href=\"https:\/\/portail.reseaubibart.inha.fr\/?page_id=1329\" data-type=\"page\" data-id=\"1329\">Mus\u00e9e du Louvre -D\u00e9partement des Peintures<\/a><\/strong><br>Paris<br><em><em><em><em><em><em><em><em>Biblioth\u00e8que de mus\u00e9e<\/em><\/em><\/em><\/em><\/em><\/em><\/em><\/em><\/p>\n\n\n\n<p class=\"has-text-align-center has-accent-5-background-color has-background\"><strong><a href=\"https:\/\/portail.reseaubibart.inha.fr\/?page_id=1331\" data-type=\"page\" data-id=\"1331\">Mus\u00e9e du Louvre -D\u00e9partement des Sculptures<\/a><\/strong><br>Paris<br><em><em><em><em><em><em><em><em>Biblioth\u00e8que de mus\u00e9e<\/em><\/em><\/em><\/em><\/em><\/em><\/em><\/em><\/p>\n\n\n\n<p class=\"has-text-align-center has-accent-5-background-color has-background\"><a href=\"https:\/\/portail.reseaubibart.inha.fr\/?page_id=1416\" data-type=\"page\" data-id=\"1416\"><strong>Mus\u00e9e Franco-Am\u00e9ricain du ch\u00e2teau de Bl\u00e9rancourt<\/strong><\/a><br>Bl\u00e9rancourt<br><em><em><em><em><em><em><em><em>Biblioth\u00e8que de mus\u00e9e<\/em><\/em><\/em><\/em><\/em><\/em><\/em><\/em><\/p>\n\n\n\n<p class=\"has-text-align-center has-accent-5-background-color has-background\"><strong><a href=\"https:\/\/portail.reseaubibart.inha.fr\/?page_id=1207\" data-type=\"page\" data-id=\"1207\">Mus\u00e9e Magnin<\/a><\/strong><br>Dijon<br><em><em><em><em><em><em><em><em>Biblioth\u00e8que de mus\u00e9e<\/em><\/em><\/em><\/em><\/em><\/em><\/em><\/em><\/p>\n\n\n\n<p class=\"has-text-align-center has-accent-5-background-color has-background\"><strong><a href=\"https:\/\/portail.reseaubibart.inha.fr\/?page_id=1402\" data-type=\"page\" data-id=\"1402\">Mus\u00e9e national de la Maison Bonaparte<\/a><\/strong><br>Ajaccio<br><em><em><em><em><em><em><em><em>Biblioth\u00e8que de mus\u00e9e<\/em><\/em><\/em><\/em><\/em><\/em><\/em><\/em><\/p>\n\n\n\n<p class=\"has-text-align-center has-accent-5-background-color has-background\"><strong><a href=\"https:\/\/portail.reseaubibart.inha.fr\/?page_id=1333\" data-type=\"page\" data-id=\"1333\">Mus\u00e9e national de la Renaissance<\/a><\/strong><br>Ecouen<br><em><em><em><em><em><em><em><em>Biblioth\u00e8que de mus\u00e9e<\/em><\/em><\/em><\/em><\/em><\/em><\/em><\/em><\/p>\n\n\n\n<p class=\"has-text-align-center has-accent-5-background-color has-background\"><strong><a href=\"https:\/\/portail.reseaubibart.inha.fr\/?page_id=1334\" data-type=\"page\" data-id=\"1334\">Mus\u00e9e national de Port-Royal des Champs<\/a><\/strong><br>Magny-les-Hameaux<br><em><em><em><em><em><em><em><em>Biblioth\u00e8que de mus\u00e9e<\/em><\/em><\/em><\/em><\/em><\/em><\/em><\/em><\/p>\n\n\n\n<p class=\"has-text-align-center has-accent-5-background-color has-background\"><strong><a href=\"https:\/\/portail.reseaubibart.inha.fr\/?page_id=1434\" data-type=\"page\" data-id=\"1434\">Mus\u00e9e national de Pr\u00e9histoire<\/a><\/strong><br>Eyzies-de-Taillac-Sireuil<br><em><em><em><em><em><em><em><em>Biblioth\u00e8que de mus\u00e9e<\/em><\/em><\/em><\/em><\/em><\/em><\/em><\/em><\/p>\n\n\n\n<p class=\"has-text-align-center has-accent-5-background-color has-background\"><strong><a href=\"https:\/\/portail.reseaubibart.inha.fr\/?page_id=1332\" data-type=\"page\" data-id=\"1332\">Mus\u00e9e national des arts asiatiques &#8211; Guimet<\/a><\/strong><br>Paris<br><em><em><em><em><em><em><em><em>Biblioth\u00e8que de mus\u00e9e<\/em><\/em><\/em><\/em><\/em><\/em><\/em><\/em><\/p>\n\n\n\n<p class=\"has-text-align-center has-accent-5-background-color has-background\"><strong><a href=\"https:\/\/portail.reseaubibart.inha.fr\/?page_id=1336\" data-type=\"page\" data-id=\"1336\">Mus\u00e9e national des ch\u00e2teaux de Malmaison et Bois-Pr\u00e9au<\/a><\/strong><br>Rueil-Malmaison<br><em><em><em><em><em><em><em><em>Biblioth\u00e8que de mus\u00e9e<\/em><\/em><\/em><\/em><\/em><\/em><\/em><\/em><\/p>\n\n\n\n<p class=\"has-text-align-center has-accent-5-background-color has-background wp-container-content-d2eb3c98\"><a href=\"https:\/\/portail.reseaubibart.inha.fr\/?page_id=1435\" data-type=\"page\" data-id=\"1435\"><strong>Mus\u00e9e national et domaine du ch\u00e2teau de Pau<\/strong><\/a><br>Pau<br><em><em><em><em><em><em><em><em>Biblioth\u00e8que de mus\u00e9e<\/em><\/em><\/em><\/em><\/em><\/em><\/em><\/em><\/p>\n\n\n\n<p class=\"has-text-align-center has-accent-5-background-color has-background\"><strong><a href=\"https:\/\/portail.reseaubibart.inha.fr\/?page_id=1337\" data-type=\"page\" data-id=\"1337\">Mus\u00e9e national Eug\u00e8ne Delacroix<\/a><\/strong><br>Paris<br><em><em><em><em><em><em><em><em>Biblioth\u00e8que de mus\u00e9e<\/em><\/em><\/em><\/em><\/em><\/em><\/em><\/em><\/p>\n\n\n\n<p class=\"has-text-align-center has-accent-5-background-color has-background\"><a href=\"https:\/\/portail.reseaubibart.inha.fr\/?page_id=1456\" data-type=\"page\" data-id=\"1456\"><strong>Mus\u00e9e national Fernand L\u00e9ger<\/strong><\/a><br>Biot<br><em><em><em><em><em><em><em><em>Biblioth\u00e8que de mus\u00e9e<\/em><\/em><\/em><\/em><\/em><\/em><\/em><\/em><\/p>\n\n\n\n<p class=\"has-text-align-center has-accent-5-background-color has-background\"><strong><a href=\"https:\/\/portail.reseaubibart.inha.fr\/?page_id=1457\" data-type=\"page\" data-id=\"1457\">Mus\u00e9e national Marc Chagall<\/a><\/strong><br>Nice <em><em><em><em><em><em><em><em>Biblioth\u00e8que de mus\u00e9e<\/em><\/em><\/em><\/em><\/em><\/em><\/em><\/em><\/p>\n\n\n\n<p class=\"has-text-align-center has-accent-5-background-color has-background\"><strong><a href=\"https:\/\/portail.reseaubibart.inha.fr\/?page_id=1338\" data-type=\"page\" data-id=\"1338\">Mus\u00e9e national Picasso<\/a><\/strong><br>Paris <em><em><em><em><em><em><em><em>Biblioth\u00e8que de mus\u00e9e<\/em><\/em><\/em><\/em><\/em><\/em><\/em><\/em><\/p>\n\n\n\n<p><\/p>\n<\/div>\n\n\n\n<div class=\"wp-block-columns is-layout-flex wp-container-core-columns-is-layout-28f84493 wp-block-columns-is-layout-flex\">\n<div class=\"wp-block-column is-layout-flow wp-block-column-is-layout-flow\">\n<h2 class=\"wp-block-heading\">Localiser sur une carte<\/h2>\n<\/div>\n<\/div>\n\n\n\n<div class=\"wp-block-columns is-layout-flex wp-container-core-columns-is-layout-28f84493 wp-block-columns-is-layout-flex\">\n<div class=\"wp-block-column is-layout-flow wp-block-column-is-layout-flow\">\n<iframe loading=\"lazy\" width=\"800\" height=\"600\" src=\"https:\/\/reseaubibart.inha.fr\/map?iframe=1&#038;noheader=1#\/carte\/@46.53,2.15,5z?cat=all@kd264lg293li295lk297lm299lo301lq213kh303ls305lu307lw309ig310lz312mb215mc315me317mg319ii217mi321mk323mm325mo327mq329ik226it383ou385ow387il253ms331mu333mw335my220iu229iw337na339nc341in342nf344nh346nj348nl350nn352np222nq355ns357nu359nw361ny363oa365oc223od368of370oh224oi373ok375om377ir381ic211ie232iz235jc237op247oo248jp250kt280kv282kx284kz286lc289lb290lf275ko273km277kq241ji245jk243jv257jy256hs190hj192hl194hn196\" frameborder=\"0\" marginheight=\"0\" marginwidth=\"0\"><\/iframe>\n<\/div>\n<\/div>\n","protected":false},"excerpt":{"rendered":"<p>Centre de recherche du Ch\u00e2teau de VersaillesVersaillesBiblioth\u00e8que sp\u00e9cialis\u00e9e Centre de recherche et de restauration des mus\u00e9es de FranceParisBiblioth\u00e8que sp\u00e9cialis\u00e9e Ch\u00e2teau de Compi\u00e8gneCompi\u00e8gneBiblioth\u00e8que de mus\u00e9e Ch\u00e2teau de FontainebleauFontainebleau Biblioth\u00e8que de mus\u00e9e Ch\u00e2teau de VersaillesVersaillesBiblioth\u00e8que de mus\u00e9e Cit\u00e9 de l&rsquo;architecture et du patrimoineParisBiblioth\u00e8que de mus\u00e9e Cit\u00e9 de la C\u00e9ramique \u2013 Limoges \u2013 mus\u00e9e Adrien Dubouch\u00e9LimogesBiblioth\u00e8que de mus\u00e9e [&hellip;]<\/p>\n","protected":false},"author":1,"featured_media":0,"parent":15,"menu_order":0,"comment_status":"closed","ping_status":"closed","template":"","meta":{"footnotes":""},"class_list":["post-2465","page","type-page","status-publish","hentry"],"_links":{"self":[{"href":"https:\/\/portail.reseaubibart.inha.fr\/index.php?rest_route=\/wp\/v2\/pages\/2465","targetHints":{"allow":["GET"]}}],"collection":[{"href":"https:\/\/portail.reseaubibart.inha.fr\/index.php?rest_route=\/wp\/v2\/pages"}],"about":[{"href":"https:\/\/portail.reseaubibart.inha.fr\/index.php?rest_route=\/wp\/v2\/types\/page"}],"author":[{"embeddable":true,"href":"https:\/\/portail.reseaubibart.inha.fr\/index.php?rest_route=\/wp\/v2\/users\/1"}],"replies":[{"embeddable":true,"href":"https:\/\/portail.reseaubibart.inha.fr\/index.php?rest_route=%2Fwp%2Fv2%2Fcomments&post=2465"}],"version-history":[{"count":30,"href":"https:\/\/portail.reseaubibart.inha.fr\/index.php?rest_route=\/wp\/v2\/pages\/2465\/revisions"}],"predecessor-version":[{"id":4032,"href":"https:\/\/portail.reseaubibart.inha.fr\/index.php?rest_route=\/wp\/v2\/pages\/2465\/revisions\/4032"}],"up":[{"embeddable":true,"href":"https:\/\/portail.reseaubibart.inha.fr\/index.php?rest_route=\/wp\/v2\/pages\/15"}],"wp:attachment":[{"href":"https:\/\/portail.reseaubibart.inha.fr\/index.php?rest_route=%2Fwp%2Fv2%2Fmedia&parent=2465"}],"curies":[{"name":"wp","href":"https:\/\/api.w.org\/{rel}","templated":true}]}}