{"id":2491,"date":"2025-05-26T11:30:10","date_gmt":"2025-05-26T09:30:10","guid":{"rendered":"https:\/\/bibart.inha.fr\/?page_id=2491"},"modified":"2025-05-27T16:30:04","modified_gmt":"2025-05-27T14:30:04","slug":"rencontre-bibart-2024","status":"publish","type":"page","link":"https:\/\/portail.reseaubibart.inha.fr\/?page_id=2491","title":{"rendered":"Rencontre BibArt 2024"},"content":{"rendered":"\n<h2 class=\"wp-block-heading\">Visionner les interventions<\/h2>\n\n\n\n<div class=\"wp-block-group alignfull has-global-padding is-layout-constrained wp-container-core-group-is-layout-ebee8dc1 wp-block-group-is-layout-constrained\" style=\"margin-top:0;margin-bottom:0;padding-top:var(--wp--preset--spacing--50);padding-bottom:var(--wp--preset--spacing--50)\">\n<div class=\"wp-block-group alignwide is-layout-grid wp-container-core-group-is-layout-1ce758a5 wp-block-group-is-layout-grid\">\n<figure class=\"wp-block-embed is-type-video is-provider-youtube wp-block-embed-youtube wp-embed-aspect-16-9 wp-has-aspect-ratio\"><div class=\"wp-block-embed__wrapper\">\n<iframe loading=\"lazy\" title=\"Rencontre des biblioth\u00e8ques d\u2019art et d\u2019histoire de l\u2019art, 2024 - 1\/4\" width=\"500\" height=\"281\" src=\"https:\/\/www.youtube.com\/embed\/sFWvBqFJmjI?feature=oembed\" frameborder=\"0\" allow=\"accelerometer; autoplay; clipboard-write; encrypted-media; gyroscope; picture-in-picture; web-share\" referrerpolicy=\"strict-origin-when-cross-origin\" allowfullscreen><\/iframe>\n<\/div><figcaption class=\"wp-element-caption\"><strong>Ouverture de la rencontre<\/strong><br>\u00c9ric de Chassey (directeur g\u00e9n\u00e9ral de l\u2019Institut national<br>d\u2019histoire de l\u2019art) ; J\u00e9r\u00f4me Bessi\u00e8re (directeur du d\u00e9partement<br>de la Biblioth\u00e8que et de la documentation de l\u2019INHA)<br><br><br><br><br><br><\/figcaption><\/figure>\n\n\n\n<figure class=\"wp-block-embed is-type-video is-provider-youtube wp-block-embed-youtube wp-embed-aspect-16-9 wp-has-aspect-ratio wp-container-content-98e6c26e\"><div class=\"wp-block-embed__wrapper\">\n<iframe loading=\"lazy\" title=\"Rencontre des biblioth\u00e8ques d\u2019art et d\u2019histoire de l\u2019art, 2024 - 1\/4\" width=\"500\" height=\"281\" src=\"https:\/\/www.youtube.com\/embed\/sFWvBqFJmjI?start=757&#038;feature=oembed\" frameborder=\"0\" allow=\"accelerometer; autoplay; clipboard-write; encrypted-media; gyroscope; picture-in-picture; web-share\" referrerpolicy=\"strict-origin-when-cross-origin\" allowfullscreen><\/iframe>\n<\/div><figcaption class=\"wp-element-caption\"><strong>Point sur le projet du portail des biblioth\u00e8ques d\u2019art et d\u2019histoire de l\u2019art<\/strong><br>Sophie Derrot (directrice adjointe du d\u00e9partement), Anne Cardinael (responsable de la coop\u00e9ration avec le r\u00e9seau des biblioth\u00e8ques d\u2019art) &#8211; D\u00e9partement de la biblioth\u00e8que et de la documentation de l\u2019INHA<br><a href=\"https:\/\/bibart.inha.fr\/wp-content\/uploads\/2025\/03\/Point-avancement-projet-portail-Bibart202403282.pdf\">Support de Sophie Derrot et Anne Cardinael (PDF, 720 Ko)<\/a><\/figcaption><\/figure>\n\n\n\n<figure class=\"wp-block-embed is-type-video is-provider-youtube wp-block-embed-youtube wp-embed-aspect-16-9 wp-has-aspect-ratio\"><div class=\"wp-block-embed__wrapper\">\n<iframe loading=\"lazy\" title=\"Rencontre des biblioth\u00e8ques d\u2019art et d\u2019histoire de l\u2019art, 2024 - 1\/4\" width=\"500\" height=\"281\" src=\"https:\/\/www.youtube.com\/embed\/sFWvBqFJmjI?start=1333&#038;feature=oembed\" frameborder=\"0\" allow=\"accelerometer; autoplay; clipboard-write; encrypted-media; gyroscope; picture-in-picture; web-share\" referrerpolicy=\"strict-origin-when-cross-origin\" allowfullscreen><\/iframe>\n<\/div><figcaption class=\"wp-element-caption\"><strong>Une collection et son magasin patrimonial : retour sur le chantier de r\u00e9implantation des estampes XIX<sup>e<\/sup>-XXI<sup>e<\/sup> si\u00e8cles de la biblioth\u00e8que de l&rsquo;INHA<\/strong><br>El\u00e9a Sicre (charg\u00e9e de mission Estampes au Service du Patrimoine) et Ezilda Mouveroux (assistante de conservation au Service de la conservation et des magasins) &#8211; D\u00e9partement de la biblioth\u00e8que et de la documentation de l\u2019INHA<br><a href=\"https:\/\/bibart.inha.fr\/wp-content\/uploads\/2025\/03\/Sicre_Mouveroux_BibArt20240328_compressed-1.pdf\">Support d&rsquo;El\u00e9a Sicre et Ezilda Mouveroux (PDF, 777 Ko)<\/a><\/figcaption><\/figure>\n\n\n\n<figure class=\"wp-block-embed is-type-video is-provider-youtube wp-block-embed-youtube wp-embed-aspect-16-9 wp-has-aspect-ratio wp-container-content-98e6c26e\"><div class=\"wp-block-embed__wrapper\">\n<iframe loading=\"lazy\" title=\"Rencontre des biblioth\u00e8ques d\u2019art et d\u2019histoire de l\u2019art, 2024 - 1\/4\" width=\"500\" height=\"281\" src=\"https:\/\/www.youtube.com\/embed\/sFWvBqFJmjI?feature=oembed\" frameborder=\"0\" allow=\"accelerometer; autoplay; clipboard-write; encrypted-media; gyroscope; picture-in-picture; web-share\" referrerpolicy=\"strict-origin-when-cross-origin\" allowfullscreen><\/iframe>\n<\/div><figcaption class=\"wp-element-caption\"><strong>Deux fonds iconographiques de la Biblioth\u00e8que des Arts d\u00e9coratifs : les \u00e9ph\u00e9m\u00e8res et les archives visuelles des expositions. Questions de r\u00e9f\u00e9rencement et d&rsquo;indexation<\/strong><br>Anne-Laure Charrier-Ranoux (responsable du d\u00e9partement Biblioth\u00e8que-Archives-Documentation) &#8211; Mus\u00e9e des Arts d\u00e9coratifs<br><a href=\"https:\/\/bibart.inha.fr\/wp-content\/uploads\/2025\/03\/Charrier-Ranoux_BibArt20240328-partie-1.pdf\">Support d&rsquo;Anne-Laure Charrier-Ranoux 1\/2 (PDF, 670 Ko)<\/a><br><a href=\"https:\/\/bibart.inha.fr\/wp-content\/uploads\/2025\/03\/Charrier-Ranoux_BibArt20240328-partie-2.pdf\">Support d&rsquo;Anne-Laure Charrier-Ranoux 2\/2 (PDF, 1578 Ko)<\/a><\/figcaption><\/figure>\n\n\n\n<figure class=\"wp-block-embed is-type-video is-provider-youtube wp-block-embed-youtube wp-embed-aspect-16-9 wp-has-aspect-ratio\"><div class=\"wp-block-embed__wrapper\">\n<iframe loading=\"lazy\" title=\"Rencontre des biblioth\u00e8ques d\u2019art et d\u2019histoire de l\u2019art, 2024 - 2\/4\" width=\"500\" height=\"281\" src=\"https:\/\/www.youtube.com\/embed\/FaCoJz9lMB4?feature=oembed\" frameborder=\"0\" allow=\"accelerometer; autoplay; clipboard-write; encrypted-media; gyroscope; picture-in-picture; web-share\" referrerpolicy=\"strict-origin-when-cross-origin\" allowfullscreen><\/iframe>\n<\/div><figcaption class=\"wp-element-caption\"><strong>Les collections photographiques : traitement, signalement, conservation<\/strong><br>Mathilde Falgui\u00e8re-L\u00e9onard (responsable du d\u00e9partement de la photographie) &#8211; M\u00e9diath\u00e8que du patrimoine et de la photographie, de B\u00e9reng\u00e8re de l&rsquo;Epine (responsable du d\u00e9partement des Photographies) &#8211; Biblioth\u00e8que historique de la Ville de Paris et de Bruno Le Namouric (conservateur-restaurateur de photographies, responsable de l&rsquo;\u00e9quipe de conservation) &#8211; Atelier de restauration et de conservation des photographies de la Ville de Parisi\u00e8cle, d\u00e9partement des \u00e9tudes et de la recherche de l&rsquo;INHA)<\/figcaption><\/figure>\n\n\n\n<figure class=\"wp-block-embed is-type-video is-provider-youtube wp-block-embed-youtube wp-embed-aspect-16-9 wp-has-aspect-ratio wp-container-content-98e6c26e\"><div class=\"wp-block-embed__wrapper\">\n<iframe loading=\"lazy\" title=\"Rencontre des biblioth\u00e8ques d&#039;art et d&#039;histoire de l&#039;art, 2024 - 3\/4\" width=\"500\" height=\"281\" src=\"https:\/\/www.youtube.com\/embed\/233ipNzDuCM?feature=oembed\" frameborder=\"0\" allow=\"accelerometer; autoplay; clipboard-write; encrypted-media; gyroscope; picture-in-picture; web-share\" referrerpolicy=\"strict-origin-when-cross-origin\" allowfullscreen><\/iframe>\n<\/div><figcaption class=\"wp-element-caption\"><strong>Num\u00e9riser des collections iconographiques<\/strong><br>Pierre-Marie Bartoli (adjoint au chef du Service de l&rsquo;informatique documentaire et de la num\u00e9risation) &#8211; D\u00e9partement de la biblioth\u00e8que et de la documentation de l\u2019INHA<br><a href=\"https:\/\/bibart.inha.fr\/wp-content\/uploads\/2025\/03\/Bartoli_BibArt240328_compressed.pdf\">Support de de Pierre-Marie Bartoli (PDF, 1470 Ko)<\/a><br><\/figcaption><\/figure>\n\n\n\n<figure class=\"wp-block-embed is-type-video is-provider-youtube wp-block-embed-youtube wp-embed-aspect-16-9 wp-has-aspect-ratio\"><div class=\"wp-block-embed__wrapper\">\n<iframe loading=\"lazy\" title=\"Rencontre des biblioth\u00e8ques d&#039;art et d&#039;histoire de l&#039;art, 2024 - 3\/4\" width=\"500\" height=\"281\" src=\"https:\/\/www.youtube.com\/embed\/233ipNzDuCM?start=1479&#038;feature=oembed\" frameborder=\"0\" allow=\"accelerometer; autoplay; clipboard-write; encrypted-media; gyroscope; picture-in-picture; web-share\" referrerpolicy=\"strict-origin-when-cross-origin\" allowfullscreen><\/iframe>\n<\/div><figcaption class=\"wp-element-caption\"><strong>Reproduire et diffuser des images issues des fonds de documentation et de biblioth\u00e8ques : principes et mises en application au sein du mus\u00e9e du Louvreion et actualit\u00e9 de la section des biblioth\u00e8ques d\u2019art de l\u2019IFLA<\/strong><br>Maureen Huault-Gavaudo (cheffe de l&rsquo;Unit\u00e9 Images) et Audrey Guyonnet (iconographe) &#8211; Direction du Soutien aux collections &#8211; Service de l&rsquo;Ing\u00e9nierie Documentaire, des Images et de la Traduction &#8211; Mus\u00e9e du Louvre<br><a href=\"https:\/\/bibart.inha.fr\/wp-content\/uploads\/2025\/03\/Diaporama_Huault-Gavaudo_guyonnet_BibArt20240328_compressed.pdf\">Support de Maureen Huault-Gavaudo et Audrey Guyonnet (PDF, 1,07 Mo)<\/a><\/figcaption><\/figure>\n\n\n\n<figure class=\"wp-block-embed is-type-video is-provider-youtube wp-block-embed-youtube wp-embed-aspect-16-9 wp-has-aspect-ratio\"><div class=\"wp-block-embed__wrapper\">\n<iframe loading=\"lazy\" title=\"Rencontre des biblioth\u00e8ques d&#039;art et d&#039;histoire de l&#039;art, 2024 - 4\/4\" width=\"500\" height=\"281\" src=\"https:\/\/www.youtube.com\/embed\/R9o0B8u8z3c?feature=oembed\" frameborder=\"0\" allow=\"accelerometer; autoplay; clipboard-write; encrypted-media; gyroscope; picture-in-picture; web-share\" referrerpolicy=\"strict-origin-when-cross-origin\" allowfullscreen><\/iframe>\n<\/div><figcaption class=\"wp-element-caption\"><strong>Des collections iconographiques pour la recherche : enjeux, exemples, usages<\/strong><br>Juliette Trey (directrice adjointe du d\u00e9partement), Pauline Chevalier (conseill\u00e8re scientifique Histoire des disciplines et des techniques artistiques) &#8211; D\u00e9partement des \u00e9tudes et de la recherche de l\u2019INHA et Guillaume Blanc-Marianne (chercheur boursier au DFK et secr\u00e9taire g\u00e9n\u00e9ral de la Soci\u00e9t\u00e9 fran\u00e7aise de photographie) &#8211; Deutsches Forum f\u00fcr Kunstgeschichte Paris &#8211; Soci\u00e9t\u00e9 fran\u00e7aise de photographie<br><a href=\"https:\/\/bibart.inha.fr\/wp-content\/uploads\/2025\/03\/Diaporama_Table_Ronde_Recherche_Rencontre_BibArt_20240328_compressed.pdf\">Support de Juliette Trey, Guillaume Blanc-Marianne et Pauline Chevalier (PDF, 1,44 Mo<\/a><\/figcaption><\/figure>\n\n\n\n<p class=\"has-small-font-size wp-container-content-98e6c26e\"><strong>Valorisation des collections iconographiques : l&rsquo;exemple de la Biblioth\u00e8que Forney<\/strong><br>Jean Guillemain (chef du p\u00f4le Collections sp\u00e9cialis\u00e9es) &#8211; Biblioth\u00e8que Forney<br><a href=\"https:\/\/bibart.inha.fr\/wp-content\/uploads\/2025\/03\/Diaporama-Jean-Guillemain-Bibart-2024.pdf\">Support de Jean Guillemain (PDF, 1,78 Mo)<\/a><\/p>\n\n\n\n<p class=\"wp-container-content-98e6c26e\"><\/p>\n<\/div>\n<\/div>\n\n\n\n<h2 class=\"wp-block-heading\">Programme de la rencontre<\/h2>\n\n\n\n<div data-wp-interactive=\"core\/file\" class=\"wp-block-file\"><object data-wp-bind--hidden=\"!state.hasPdfPreview\" hidden class=\"wp-block-file__embed\" data=\"https:\/\/bibart.inha.fr\/wp-content\/uploads\/2025\/03\/Programme__JE_BibArt_20240328.pdf\" type=\"application\/pdf\" style=\"width:100%;height:600px\" aria-label=\"Contenu embarqu\u00e9 Programme__JE_BibArt_20240328.\"><\/object><a id=\"wp-block-file--media-683a8443-fa24-402c-9e8e-7d5e170ee947\" href=\"https:\/\/bibart.inha.fr\/wp-content\/uploads\/2025\/03\/Programme__JE_BibArt_20240328.pdf\">Programme__JE_BibArt_20240328<\/a><a href=\"https:\/\/bibart.inha.fr\/wp-content\/uploads\/2025\/03\/Programme__JE_BibArt_20240328.pdf\" class=\"wp-block-file__button wp-element-button\" download aria-describedby=\"wp-block-file--media-683a8443-fa24-402c-9e8e-7d5e170ee947\">T\u00e9l\u00e9charger<\/a><\/div>\n","protected":false},"excerpt":{"rendered":"<p>Visionner les interventions Valorisation des collections iconographiques : l&rsquo;exemple de la Biblioth\u00e8que ForneyJean Guillemain (chef du p\u00f4le Collections sp\u00e9cialis\u00e9es) &#8211; Biblioth\u00e8que ForneySupport de Jean Guillemain (PDF, 1,78 Mo) Programme de la rencontre<\/p>\n","protected":false},"author":1,"featured_media":0,"parent":142,"menu_order":0,"comment_status":"closed","ping_status":"closed","template":"","meta":{"footnotes":""},"class_list":["post-2491","page","type-page","status-publish","hentry"],"_links":{"self":[{"href":"https:\/\/portail.reseaubibart.inha.fr\/index.php?rest_route=\/wp\/v2\/pages\/2491","targetHints":{"allow":["GET"]}}],"collection":[{"href":"https:\/\/portail.reseaubibart.inha.fr\/index.php?rest_route=\/wp\/v2\/pages"}],"about":[{"href":"https:\/\/portail.reseaubibart.inha.fr\/index.php?rest_route=\/wp\/v2\/types\/page"}],"author":[{"embeddable":true,"href":"https:\/\/portail.reseaubibart.inha.fr\/index.php?rest_route=\/wp\/v2\/users\/1"}],"replies":[{"embeddable":true,"href":"https:\/\/portail.reseaubibart.inha.fr\/index.php?rest_route=%2Fwp%2Fv2%2Fcomments&post=2491"}],"version-history":[{"count":9,"href":"https:\/\/portail.reseaubibart.inha.fr\/index.php?rest_route=\/wp\/v2\/pages\/2491\/revisions"}],"predecessor-version":[{"id":2546,"href":"https:\/\/portail.reseaubibart.inha.fr\/index.php?rest_route=\/wp\/v2\/pages\/2491\/revisions\/2546"}],"up":[{"embeddable":true,"href":"https:\/\/portail.reseaubibart.inha.fr\/index.php?rest_route=\/wp\/v2\/pages\/142"}],"wp:attachment":[{"href":"https:\/\/portail.reseaubibart.inha.fr\/index.php?rest_route=%2Fwp%2Fv2%2Fmedia&parent=2491"}],"curies":[{"name":"wp","href":"https:\/\/api.w.org\/{rel}","templated":true}]}}