{"id":2492,"date":"2025-05-26T11:29:25","date_gmt":"2025-05-26T09:29:25","guid":{"rendered":"https:\/\/bibart.inha.fr\/?page_id=2492"},"modified":"2025-05-27T16:30:14","modified_gmt":"2025-05-27T14:30:14","slug":"rencontre-bibart-2023","status":"publish","type":"page","link":"https:\/\/portail.reseaubibart.inha.fr\/?page_id=2492","title":{"rendered":"Rencontre BibArt 2023"},"content":{"rendered":"\n<p>La rencontre des biblioth\u00e8ques d&rsquo;art et d&rsquo;histoire de l&rsquo;art 2023 s&rsquo;est tenue le 17 mai,au mus\u00e9e du Quai Branly, sur le th\u00e8me \u00ab G\u00e9rer des p\u00e9riodiques \u00bb.<\/p>\n\n\n\n<h2 class=\"wp-block-heading\">Programme de la rencontre<\/h2>\n\n\n\n<div data-wp-interactive=\"core\/file\" class=\"wp-block-file\"><object data-wp-bind--hidden=\"!state.hasPdfPreview\" hidden class=\"wp-block-file__embed\" data=\"https:\/\/bibart.inha.fr\/wp-content\/uploads\/2025\/05\/Programme-rencontre-bibliotheques-dart-2023.pdf\" type=\"application\/pdf\" style=\"width:100%;height:600px\" aria-label=\"Contenu embarqu\u00e9 Programme rencontre biblioth\u00e8ques d&apos;art 2023.\"><\/object><a id=\"wp-block-file--media-7e222c74-9176-43d8-a88a-d2b054b94a66\" href=\"https:\/\/bibart.inha.fr\/wp-content\/uploads\/2025\/05\/Programme-rencontre-bibliotheques-dart-2023.pdf\">Programme rencontre biblioth\u00e8ques d&rsquo;art 2023<\/a><a href=\"https:\/\/bibart.inha.fr\/wp-content\/uploads\/2025\/05\/Programme-rencontre-bibliotheques-dart-2023.pdf\" class=\"wp-block-file__button wp-element-button\" download aria-describedby=\"wp-block-file--media-7e222c74-9176-43d8-a88a-d2b054b94a66\">T\u00e9l\u00e9charger<\/a><\/div>\n","protected":false},"excerpt":{"rendered":"<p>La rencontre des biblioth\u00e8ques d&rsquo;art et d&rsquo;histoire de l&rsquo;art 2023 s&rsquo;est tenue le 17 mai,au mus\u00e9e du Quai Branly, sur le th\u00e8me \u00ab G\u00e9rer des p\u00e9riodiques \u00bb. Programme de la rencontre<\/p>\n","protected":false},"author":1,"featured_media":0,"parent":142,"menu_order":0,"comment_status":"closed","ping_status":"closed","template":"","meta":{"footnotes":""},"class_list":["post-2492","page","type-page","status-publish","hentry"],"_links":{"self":[{"href":"https:\/\/portail.reseaubibart.inha.fr\/index.php?rest_route=\/wp\/v2\/pages\/2492","targetHints":{"allow":["GET"]}}],"collection":[{"href":"https:\/\/portail.reseaubibart.inha.fr\/index.php?rest_route=\/wp\/v2\/pages"}],"about":[{"href":"https:\/\/portail.reseaubibart.inha.fr\/index.php?rest_route=\/wp\/v2\/types\/page"}],"author":[{"embeddable":true,"href":"https:\/\/portail.reseaubibart.inha.fr\/index.php?rest_route=\/wp\/v2\/users\/1"}],"replies":[{"embeddable":true,"href":"https:\/\/portail.reseaubibart.inha.fr\/index.php?rest_route=%2Fwp%2Fv2%2Fcomments&post=2492"}],"version-history":[{"count":3,"href":"https:\/\/portail.reseaubibart.inha.fr\/index.php?rest_route=\/wp\/v2\/pages\/2492\/revisions"}],"predecessor-version":[{"id":2544,"href":"https:\/\/portail.reseaubibart.inha.fr\/index.php?rest_route=\/wp\/v2\/pages\/2492\/revisions\/2544"}],"up":[{"embeddable":true,"href":"https:\/\/portail.reseaubibart.inha.fr\/index.php?rest_route=\/wp\/v2\/pages\/142"}],"wp:attachment":[{"href":"https:\/\/portail.reseaubibart.inha.fr\/index.php?rest_route=%2Fwp%2Fv2%2Fmedia&parent=2492"}],"curies":[{"name":"wp","href":"https:\/\/api.w.org\/{rel}","templated":true}]}}