{"id":2512,"date":"2025-05-26T16:22:18","date_gmt":"2025-05-26T14:22:18","guid":{"rendered":"https:\/\/bibart.inha.fr\/?page_id=2512"},"modified":"2025-05-27T16:29:47","modified_gmt":"2025-05-27T14:29:47","slug":"rencontre-catalogueurs-2021","status":"publish","type":"page","link":"https:\/\/portail.reseaubibart.inha.fr\/?page_id=2512","title":{"rendered":"Rencontre des catalogueurs 2021"},"content":{"rendered":"\n<h2 class=\"wp-block-heading\">Consulter les supports de pr\u00e9sentation<\/h2>\n\n\n\n<div class=\"wp-block-columns is-layout-flex wp-container-core-columns-is-layout-28f84493 wp-block-columns-is-layout-flex\">\n<div class=\"wp-block-column is-layout-flow wp-block-column-is-layout-flow\">\n<p class=\"has-medium-font-size\"><strong>Point d&rsquo;actualit\u00e9s du catalogage<\/strong><\/p>\n\n\n\n<p class=\"has-medium-font-size\">Laure Jestaz (service Monographie, Archives et autres ressources \u00e0 l&rsquo;Agence bibliographique de l&rsquo;Enseignement sup\u00e9rieur [ABES]) et Olivier Mabille (service catalogue, INHA)<br><a href=\"https:\/\/bibart.inha.fr\/wp-content\/uploads\/2025\/03\/Laure-Jestaz.pdf\">Support de Laure Jestaz et Olivier Mabille (PDF, 908 Ko)<\/a><\/p>\n<\/div>\n\n\n\n<div class=\"wp-block-column is-layout-flow wp-block-column-is-layout-flow\">\n<p class=\"has-medium-font-size\"><strong>Actualit\u00e9s des \u00e9tablissements du r\u00e9seau : Archives de la critique d\u2019art<\/strong><\/p>\n\n\n\n<p class=\"has-medium-font-size\">Emmanuelle Rossignol<br><a href=\"https:\/\/bibart.inha.fr\/wp-content\/uploads\/2025\/03\/Emmanuelle-Rossignol-Powerpoint.pdf\">Support d&rsquo;Emmanuelle Rossignol (PDF, 96 Ko)<\/a><br><a href=\"https:\/\/bibart.inha.fr\/wp-content\/uploads\/2025\/03\/Emmanuelle-Rossignol-Texte-presentation.pdf\">Texte d&rsquo;Emmanuelle Rossignol (PDF, 88 Ko)<\/a><\/p>\n<\/div>\n\n\n\n<div class=\"wp-block-column is-layout-flow wp-block-column-is-layout-flow\">\n<p class=\"has-medium-font-size\"><strong>Actualit\u00e9s des \u00e9tablissements du r\u00e9seau : Biblioth\u00e8que Kandinsky<\/strong><\/p>\n\n\n\n<p class=\"has-medium-font-size\">Sonia Descamps<br><a href=\"https:\/\/bibart.inha.fr\/wp-content\/uploads\/2025\/03\/Sonia-Descamps.pdf\">Support de Sonia Descamps (PDF, 264 Ko)<\/a><\/p>\n<\/div>\n<\/div>\n\n\n\n<div class=\"wp-block-columns is-layout-flex wp-container-core-columns-is-layout-28f84493 wp-block-columns-is-layout-flex\">\n<div class=\"wp-block-column is-layout-flow wp-block-column-is-layout-flow\">\n<p class=\"has-medium-font-size\"><strong>Illustration des diff\u00e9rentes utilisations de Calames pour les collections patrimoniales de l&rsquo;INHA<\/strong><\/p>\n\n\n\n<p class=\"has-medium-font-size\">\u00c9quipe du service patrimoine (INHA<br><a href=\"https:\/\/bibart.inha.fr\/wp-content\/uploads\/2025\/03\/Sophie-Lesiewicz_compressed.pdf\">Support de l&rsquo;\u00e9quipe du service patrimoine de l&rsquo;INHA (PDF, 5,42 Mo)<\/a><\/p>\n<\/div>\n\n\n\n<div class=\"wp-block-column is-layout-flow wp-block-column-is-layout-flow\">\n<p class=\"has-medium-font-size\"><strong>Le catalogage des estampes \u00e0 la Biblioth\u00e8que Sainte-Genevi\u00e8ve<\/strong><\/p>\n\n\n\n<p class=\"has-medium-font-size\">Jocelyn Bouquillard (la R\u00e9serve, biblioth\u00e8que Sainte-Genevi\u00e8ve)<br><a href=\"https:\/\/bibart.inha.fr\/wp-content\/uploads\/2025\/03\/Estampes_Bouquillard_2022.pdf\">Support de Jocelyn Bouquillard (PDF, 1,09 Mo)<\/a><\/p>\n<\/div>\n\n\n\n<div class=\"wp-block-column is-layout-flow wp-block-column-is-layout-flow\">\n<p class=\"has-medium-font-size\"><strong>Le catalogage des photographies \u00e0 la Biblioth\u00e8que Kandinsky<\/strong><\/p>\n\n\n\n<p class=\"has-medium-font-size\">Val\u00e9rie Juilliard (Fonds photographiques modernes, biblioth\u00e8que Kandinsky)<br><a href=\"https:\/\/bibart.inha.fr\/wp-content\/uploads\/2025\/03\/Valerie-Juilliard-BK.pdf\">Support de Val\u00e9rie Juilliard (PDF, 1,82 Mo)<\/a><\/p>\n<\/div>\n<\/div>\n\n\n\n<div class=\"wp-block-columns is-layout-flex wp-container-core-columns-is-layout-28f84493 wp-block-columns-is-layout-flex\">\n<div class=\"wp-block-column is-layout-flow wp-block-column-is-layout-flow\">\n<p class=\"has-medium-font-size\"><strong>Le catalogage des collections sp\u00e9cialis\u00e9es \u00e0 la Biblioth\u00e8que Forney<\/strong><\/p>\n\n\n\n<p class=\"has-medium-font-size\">Jo\u00eblle Garcia (P\u00f4le des collections sp\u00e9cialis\u00e9es, biblioth\u00e8que Forney) et Julie Jolivet (catalogage pour les documents iconographiques, biblioth\u00e8que Forney)<br><a href=\"https:\/\/bibart.inha.fr\/wp-content\/uploads\/2025\/03\/Joelle-Garcia-Julie-Jolivet_compressed.pdf\">Support de Jo\u00eblle Garcia et Julie Jolivet (PDF, 5,50 Mo)<\/a><\/p>\n<\/div>\n\n\n\n<div class=\"wp-block-column is-layout-flow wp-block-column-is-layout-flow\">\n<p class=\"has-medium-font-size\"><strong>Le catalogage des documents sonores au Mus\u00e9e du Quai Branly &#8211; Jacques Chirac<\/strong><\/p>\n\n\n\n<p class=\"has-medium-font-size\">\u00c9lodie Saget (d\u00e9partement du patrimoine et des collections, Mus\u00e9e du Quai Branly &#8211; Jacques Chirac)<br><a href=\"https:\/\/bibart.inha.fr\/wp-content\/uploads\/2025\/03\/Elodie-Saget.pdf\">Support d&rsquo;Elodie Saget (PDF, 1,14 Mo)<\/a><\/p>\n<\/div>\n\n\n\n<div class=\"wp-block-column is-layout-flow wp-block-column-is-layout-flow\"><\/div>\n<\/div>\n\n\n\n<h2 class=\"wp-block-heading\">Programme de la rencontre<\/h2>\n\n\n\n<div data-wp-interactive=\"core\/file\" class=\"wp-block-file\"><object data-wp-bind--hidden=\"!state.hasPdfPreview\" hidden class=\"wp-block-file__embed\" data=\"https:\/\/bibart.inha.fr\/wp-content\/uploads\/2025\/05\/Rencontre-des-catalogueurs-du-mardi-16-novembre-2021.pdf\" type=\"application\/pdf\" style=\"width:100%;height:600px\" aria-label=\"Contenu embarqu\u00e9 Rencontre des catalogueurs du mardi 16 novembre 2021.\"><\/object><a id=\"wp-block-file--media-850e91dd-7e52-491c-9b34-e0f406f05ba7\" href=\"https:\/\/bibart.inha.fr\/wp-content\/uploads\/2025\/05\/Rencontre-des-catalogueurs-du-mardi-16-novembre-2021.pdf\">Rencontre des catalogueurs du mardi 16 novembre 2021<\/a><a href=\"https:\/\/bibart.inha.fr\/wp-content\/uploads\/2025\/05\/Rencontre-des-catalogueurs-du-mardi-16-novembre-2021.pdf\" class=\"wp-block-file__button wp-element-button\" download aria-describedby=\"wp-block-file--media-850e91dd-7e52-491c-9b34-e0f406f05ba7\">T\u00e9l\u00e9charger<\/a><\/div>\n","protected":false},"excerpt":{"rendered":"<p>Consulter les supports de pr\u00e9sentation Point d&rsquo;actualit\u00e9s du catalogage Laure Jestaz (service Monographie, Archives et autres ressources \u00e0 l&rsquo;Agence bibliographique de l&rsquo;Enseignement sup\u00e9rieur [ABES]) et Olivier Mabille (service catalogue, INHA)Support de Laure Jestaz et Olivier Mabille (PDF, 908 Ko) Actualit\u00e9s des \u00e9tablissements du r\u00e9seau : Archives de la critique d\u2019art Emmanuelle RossignolSupport d&rsquo;Emmanuelle Rossignol (PDF, [&hellip;]<\/p>\n","protected":false},"author":1,"featured_media":0,"parent":142,"menu_order":0,"comment_status":"closed","ping_status":"closed","template":"","meta":{"footnotes":""},"class_list":["post-2512","page","type-page","status-publish","hentry"],"_links":{"self":[{"href":"https:\/\/portail.reseaubibart.inha.fr\/index.php?rest_route=\/wp\/v2\/pages\/2512","targetHints":{"allow":["GET"]}}],"collection":[{"href":"https:\/\/portail.reseaubibart.inha.fr\/index.php?rest_route=\/wp\/v2\/pages"}],"about":[{"href":"https:\/\/portail.reseaubibart.inha.fr\/index.php?rest_route=\/wp\/v2\/types\/page"}],"author":[{"embeddable":true,"href":"https:\/\/portail.reseaubibart.inha.fr\/index.php?rest_route=\/wp\/v2\/users\/1"}],"replies":[{"embeddable":true,"href":"https:\/\/portail.reseaubibart.inha.fr\/index.php?rest_route=%2Fwp%2Fv2%2Fcomments&post=2512"}],"version-history":[{"count":11,"href":"https:\/\/portail.reseaubibart.inha.fr\/index.php?rest_route=\/wp\/v2\/pages\/2512\/revisions"}],"predecessor-version":[{"id":2547,"href":"https:\/\/portail.reseaubibart.inha.fr\/index.php?rest_route=\/wp\/v2\/pages\/2512\/revisions\/2547"}],"up":[{"embeddable":true,"href":"https:\/\/portail.reseaubibart.inha.fr\/index.php?rest_route=\/wp\/v2\/pages\/142"}],"wp:attachment":[{"href":"https:\/\/portail.reseaubibart.inha.fr\/index.php?rest_route=%2Fwp%2Fv2%2Fmedia&parent=2512"}],"curies":[{"name":"wp","href":"https:\/\/api.w.org\/{rel}","templated":true}]}}