{"id":2538,"date":"2025-05-27T16:03:03","date_gmt":"2025-05-27T14:03:03","guid":{"rendered":"https:\/\/bibart.inha.fr\/?page_id=2538"},"modified":"2025-05-27T16:29:53","modified_gmt":"2025-05-27T14:29:53","slug":"rencontre-catalogueurs-2023","status":"publish","type":"page","link":"https:\/\/portail.reseaubibart.inha.fr\/?page_id=2538","title":{"rendered":"Rencontre des catalogueurs 2023"},"content":{"rendered":"\n<h2 class=\"wp-block-heading\">Consulter les supports de pr\u00e9sentation<\/h2>\n\n\n\n<h3 class=\"wp-block-heading\">Actualit\u00e9s des \u00e9tablissements du r\u00e9seau sur les outils de catalogage<\/h3>\n\n\n\n<div class=\"wp-block-columns is-layout-flex wp-container-core-columns-is-layout-28f84493 wp-block-columns-is-layout-flex\">\n<div class=\"wp-block-column is-layout-flow wp-block-column-is-layout-flow\">\n<p class=\"has-medium-font-size\"><strong>Point sur les outils de catalogage ArchiR\u00e8s<\/strong><\/p>\n\n\n\n<p class=\"has-medium-font-size\">Sophie Annoepel-Cabrignac (ENSA-PB)<br><a href=\"https:\/\/bibart.inha.fr\/wp-content\/uploads\/2025\/03\/1-Sophie_Annoepel-Cabrignac_Actualites_JE_Catalogueurs_2023.pdf\">Support de Sophie Annoepel-Cabrignac (PDF, 145 Ko)<\/a><\/p>\n<\/div>\n\n\n\n<div class=\"wp-block-column is-layout-flow wp-block-column-is-layout-flow\">\n<p class=\"has-medium-font-size\"><strong>La modernisation du SIGB du r\u00e9seau des biblioth\u00e8ques des mus\u00e9es nationaux<\/strong><\/p>\n\n\n\n<p class=\"has-medium-font-size\">Pascale Gillet (C2RMF)<br><a href=\"https:\/\/bibart.inha.fr\/wp-content\/uploads\/2025\/03\/2-Pascale_Gillet_Actualites_JE_Catalogueurs_2023.pdf\">Support de Pascale Gillet (PDF, 1,09 Mo)<\/a>)<\/p>\n<\/div>\n\n\n\n<div class=\"wp-block-column is-layout-flow wp-block-column-is-layout-flow\">\n<p class=\"has-medium-font-size\"><strong>Signalement des collections<\/strong><\/p>\n\n\n\n<p class=\"has-medium-font-size\">Mika\u00ebl Pengam (Mus\u00e9e d\u2019Arts de Nantes)<br><a href=\"https:\/\/bibart.inha.fr\/wp-content\/uploads\/2025\/03\/3-Mikael_Pengam_Actualites_JE_Catalogueurs_2023.pdf\">Support de Mika\u00ebl Pengam (PDF, 1,52 Mo)<\/a><\/p>\n<\/div>\n<\/div>\n\n\n\n<h3 class=\"wp-block-heading\">Table ronde \u00ab Panorama des documents \u00e9lectroniques dans le r\u00e9seau \u00bb<\/h3>\n\n\n\n<div class=\"wp-block-columns is-layout-flex wp-container-core-columns-is-layout-28f84493 wp-block-columns-is-layout-flex\">\n<div class=\"wp-block-column is-layout-flow wp-block-column-is-layout-flow\">\n<p class=\"has-medium-font-size\">Elena Prozumente (\u00c9cole Camondo)<br><a href=\"https:\/\/bibart.inha.fr\/wp-content\/uploads\/2025\/03\/4-Elena_Prozumente_table_ronde_JE_Catalogueurs_2023_compressed.pdf\">Support d&rsquo;Elena Prozumente (PDF, 960 Ko)<\/a><\/p>\n<\/div>\n\n\n\n<div class=\"wp-block-column is-layout-flow wp-block-column-is-layout-flow\">\n<p class=\"has-medium-font-size\">Laurine Arnould (ENSAD)<br><a href=\"https:\/\/bibart.inha.fr\/wp-content\/uploads\/2025\/03\/5-Laurine_Arnould_Tableronde_JE_Catalogueurs_2023.pdf\">Support de Laurine Arnould (PDF, 485 Ko)<\/a><\/p>\n<\/div>\n\n\n\n<div class=\"wp-block-column is-layout-flow wp-block-column-is-layout-flow\">\n<p class=\"has-medium-font-size\">Marie Garambois (INHA)<br><a href=\"https:\/\/bibart.inha.fr\/wp-content\/uploads\/2025\/03\/6-Marie_Garambois_Table-ronde_JE_Catalogueurs_2023.pdf\">Support de Marie Garambois (PDF, 1,03 Mo)<\/a><\/p>\n<\/div>\n<\/div>\n\n\n\n<h3 class=\"wp-block-heading\">Signaler les ressources \u00e9lectroniques en ligne : quel apport des donn\u00e9es et applications mises \u00e0 disposition par l\u2019Abes ?<\/h3>\n\n\n\n<div class=\"wp-block-columns is-layout-flex wp-container-core-columns-is-layout-28f84493 wp-block-columns-is-layout-flex\">\n<div class=\"wp-block-column is-layout-flow wp-block-column-is-layout-flow\">\n<p class=\"has-medium-font-size\">Raluca Pierrot (ABES)<br><a href=\"https:\/\/bibart.inha.fr\/wp-content\/uploads\/2025\/03\/7-Raluca_Pierrot_-Intervention_Abes_JE_Catalogueurs_2023.pdf\">Support de Raluca Pierrot (PDF, 1,14 Mo)<\/a><\/p>\n<\/div>\n<\/div>\n\n\n\n<h2 class=\"wp-block-heading\">Programme de la rencontre<\/h2>\n\n\n\n<div data-wp-interactive=\"core\/file\" class=\"wp-block-file\"><object data-wp-bind--hidden=\"!state.hasPdfPreview\" hidden class=\"wp-block-file__embed\" data=\"https:\/\/bibart.inha.fr\/wp-content\/uploads\/2025\/03\/Rencontre-_catalogueurs_2023_Programme-1.pdf\" type=\"application\/pdf\" style=\"width:100%;height:600px\" aria-label=\"Contenu embarqu\u00e9 Rencontre _catalogueurs_2023_Programme.\"><\/object><a id=\"wp-block-file--media-f3d2f6fa-edcc-44bc-a39e-b7fda3db4410\" href=\"https:\/\/bibart.inha.fr\/wp-content\/uploads\/2025\/03\/Rencontre-_catalogueurs_2023_Programme-1.pdf\">Rencontre _catalogueurs_2023_Programme<\/a><a href=\"https:\/\/bibart.inha.fr\/wp-content\/uploads\/2025\/03\/Rencontre-_catalogueurs_2023_Programme-1.pdf\" class=\"wp-block-file__button wp-element-button\" download aria-describedby=\"wp-block-file--media-f3d2f6fa-edcc-44bc-a39e-b7fda3db4410\">T\u00e9l\u00e9charger<\/a><\/div>\n","protected":false},"excerpt":{"rendered":"<p>Consulter les supports de pr\u00e9sentation Actualit\u00e9s des \u00e9tablissements du r\u00e9seau sur les outils de catalogage Point sur les outils de catalogage ArchiR\u00e8s Sophie Annoepel-Cabrignac (ENSA-PB)Support de Sophie Annoepel-Cabrignac (PDF, 145 Ko) La modernisation du SIGB du r\u00e9seau des biblioth\u00e8ques des mus\u00e9es nationaux Pascale Gillet (C2RMF)Support de Pascale Gillet (PDF, 1,09 Mo)) Signalement des collections Mika\u00ebl [&hellip;]<\/p>\n","protected":false},"author":1,"featured_media":0,"parent":142,"menu_order":0,"comment_status":"closed","ping_status":"closed","template":"","meta":{"footnotes":""},"class_list":["post-2538","page","type-page","status-publish","hentry"],"_links":{"self":[{"href":"https:\/\/portail.reseaubibart.inha.fr\/index.php?rest_route=\/wp\/v2\/pages\/2538","targetHints":{"allow":["GET"]}}],"collection":[{"href":"https:\/\/portail.reseaubibart.inha.fr\/index.php?rest_route=\/wp\/v2\/pages"}],"about":[{"href":"https:\/\/portail.reseaubibart.inha.fr\/index.php?rest_route=\/wp\/v2\/types\/page"}],"author":[{"embeddable":true,"href":"https:\/\/portail.reseaubibart.inha.fr\/index.php?rest_route=\/wp\/v2\/users\/1"}],"replies":[{"embeddable":true,"href":"https:\/\/portail.reseaubibart.inha.fr\/index.php?rest_route=%2Fwp%2Fv2%2Fcomments&post=2538"}],"version-history":[{"count":4,"href":"https:\/\/portail.reseaubibart.inha.fr\/index.php?rest_route=\/wp\/v2\/pages\/2538\/revisions"}],"predecessor-version":[{"id":2543,"href":"https:\/\/portail.reseaubibart.inha.fr\/index.php?rest_route=\/wp\/v2\/pages\/2538\/revisions\/2543"}],"up":[{"embeddable":true,"href":"https:\/\/portail.reseaubibart.inha.fr\/index.php?rest_route=\/wp\/v2\/pages\/142"}],"wp:attachment":[{"href":"https:\/\/portail.reseaubibart.inha.fr\/index.php?rest_route=%2Fwp%2Fv2%2Fmedia&parent=2538"}],"curies":[{"name":"wp","href":"https:\/\/api.w.org\/{rel}","templated":true}]}}