{"id":269,"date":"2025-03-11T09:48:59","date_gmt":"2025-03-11T08:48:59","guid":{"rendered":"https:\/\/bibart.inha.fr\/?page_id=269"},"modified":"2026-02-03T17:17:48","modified_gmt":"2026-02-03T16:17:48","slug":"faq","status":"publish","type":"page","link":"https:\/\/portail.reseaubibart.inha.fr\/?page_id=269","title":{"rendered":"Foire aux questions"},"content":{"rendered":"\n<div class=\"wp-block-group alignfull has-global-padding is-layout-constrained wp-block-group-is-layout-constrained\" style=\"margin-top:0;margin-bottom:0\">\n<div class=\"wp-block-group alignwide is-layout-flow wp-container-core-group-is-layout-d58a0413 wp-block-group-is-layout-flow\" style=\"padding-top:var(--wp--preset--spacing--50);padding-bottom:var(--wp--preset--spacing--50)\">\n<div class=\"wp-block-columns is-layout-flex wp-container-core-columns-is-layout-cbe57604 wp-block-columns-is-layout-flex\">\n<div class=\"wp-block-column is-layout-flow wp-block-column-is-layout-flow\">\n<div class=\"wp-block-group is-layout-flow wp-block-group-is-layout-flow\" style=\"border-top-color:var(--wp--preset--color--accent-6);border-top-width:1px;padding-top:var(--wp--preset--spacing--30);padding-bottom:var(--wp--preset--spacing--30)\">\n<h3 class=\"wp-block-heading\">Comment s\u2019abonner \u00e0 la liste de diffusion du r\u00e9seau ?<\/h3>\n\n\n\n<p class=\"has-medium-font-size\">La liste de diffusion du r\u00e9seau BibArt est ouverte \u00e0 toute personne exer\u00e7ant ou ayant exerc\u00e9 dans une biblioth\u00e8que d&rsquo;art ou d&rsquo;histoire de l&rsquo;art recouvrant les domaines des arts visuels. Les demandes sont \u00e0 envoyer par <a href=\"mailto: contact-reseaubibart@inha.fr\">courriel aux administrateurs<\/a>.<\/p>\n<\/div>\n<\/div>\n\n\n\n<div class=\"wp-block-column is-layout-flow wp-block-column-is-layout-flow\">\n<div class=\"wp-block-group is-layout-flow wp-block-group-is-layout-flow\" style=\"border-top-color:var(--wp--preset--color--accent-6);border-top-width:1px;padding-top:var(--wp--preset--spacing--30);padding-bottom:var(--wp--preset--spacing--30)\">\n<h3 class=\"wp-block-heading\">Puis-je m\u2019inscrire sur la liste de diffusion du r\u00e9seau m\u00eame si mon \u00e9tablissement n\u2019est pas conventionn\u00e9 avec le r\u00e9seau ?<\/h3>\n\n\n\n<p class=\"has-medium-font-size\">Le r\u00e9seau BibArt se d\u00e9cline en deux niveaux d&rsquo;acc\u00e8s :<\/p>\n\n\n\n<ul class=\"wp-block-list has-medium-font-size\">\n<li>L&rsquo;inscription \u00e0 la liste de discussion est accessible \u00e0 tous les professionnels des biblioth\u00e8ques d&rsquo;art et d&rsquo;histoire de l&rsquo;art sur simple <a href=\"mailto: contact-reseaubibart@inha.fr\">demande aux administrateurs<\/a>.<\/li>\n\n\n\n<li>L&rsquo;adh\u00e9sion au r\u00e9seau BibArt n\u00e9cessite quant \u00e0 elle la signature d&rsquo;une convention au niveau de l&rsquo;\u00e9tablissement concern\u00e9, avec l&rsquo;Institut national d&rsquo;histoire de l&rsquo;art, coordonnateur du r\u00e9seau.<\/li>\n<\/ul>\n<\/div>\n<\/div>\n<\/div>\n\n\n\n<div class=\"wp-block-columns is-layout-flex wp-container-core-columns-is-layout-cbe57604 wp-block-columns-is-layout-flex\">\n<div class=\"wp-block-column is-layout-flow wp-block-column-is-layout-flow\">\n<div class=\"wp-block-group is-layout-flow wp-block-group-is-layout-flow\" style=\"border-top-color:var(--wp--preset--color--accent-6);border-top-width:1px;padding-top:var(--wp--preset--spacing--30);padding-bottom:var(--wp--preset--spacing--30)\">\n<h3 class=\"wp-block-heading\">Quels types de messages peuvent \u00eatre transmis sur la liste de diffusion ?<\/h3>\n\n\n\n<p class=\"has-medium-font-size\">La liste de diffusion est un espace convivial d\u2019\u00e9changes professionnels. Les th\u00e9matiques m\u00e9tier suivantes y sont abord\u00e9es&nbsp;: actualit\u00e9s des biblioth\u00e8ques d&rsquo;\u00e9tablissements, appels \u00e0 communication, colloques et journ\u00e9es d\u2019\u00e9tudes, conseils professionnels, dons et \u00e9changes, expositions et visites, offres d\u2019emploi ou de formation, publications, sondages et enqu\u00eates, transition bibliographique.<br><\/p>\n<\/div>\n\n\n\n<div class=\"wp-block-group is-layout-flow wp-block-group-is-layout-flow\" style=\"border-top-color:var(--wp--preset--color--accent-6);border-top-width:1px;padding-top:var(--wp--preset--spacing--30);padding-bottom:var(--wp--preset--spacing--30)\">\n<h3 class=\"wp-block-heading\">Comment mon \u00e9tablissement peut-il adh\u00e9rer au r\u00e9seau BibArt ?<\/h3>\n\n\n\n<p class=\"has-medium-font-size\">Le r\u00e9seau BibArt est un r\u00e9seau professionnel rassemblant des biblioth\u00e8ques sp\u00e9cialis\u00e9es en histoire de l\u2019art, patrimoine et arch\u00e9ologie. Il est centr\u00e9 sur les arts visuels (arch\u00e9ologie, architecture, beaux-arts, arts d\u00e9coratifs-design, critique d\u2019art, photographie, arts du spectacle-cin\u00e9ma)<em>.<\/em> L&rsquo;adh\u00e9sion au R\u00e9seau de tout nouveau membre se fait par la signature d&rsquo;une convention.<\/p>\n\n\n\n<p class=\"has-medium-font-size\">Pour toute demande d&rsquo;adh\u00e9sion ou d&rsquo;informations en vue d&rsquo;une adh\u00e9sion, veuillez <a href=\"mailto: contact-reseaubibart@inha.fr\">contacter les administrateurs<\/a>.<\/p>\n<\/div>\n\n\n\n<div class=\"wp-block-group is-layout-flow wp-block-group-is-layout-flow\" style=\"border-top-color:var(--wp--preset--color--accent-6);border-top-width:1px;padding-top:var(--wp--preset--spacing--30);padding-bottom:var(--wp--preset--spacing--30)\"><\/div>\n<\/div>\n\n\n\n<div class=\"wp-block-column is-layout-flow wp-block-column-is-layout-flow\">\n<div class=\"wp-block-group is-layout-flow wp-block-group-is-layout-flow\" style=\"border-top-color:var(--wp--preset--color--accent-6);border-top-width:1px;padding-top:var(--wp--preset--spacing--30);padding-bottom:var(--wp--preset--spacing--30)\">\n<h3 class=\"wp-block-heading\">Comment transmettre un message sur la liste de diffusion ?<\/h3>\n\n\n\n<p class=\"has-medium-font-size\">Il est possible d&rsquo;envoyer un courriel sur <a href=\"mailto: reseau-bibart@listes.inha.fr\">la liste de diffusion<\/a>. Celle-ci fait l&rsquo;objet d&rsquo;une mod\u00e9ration.<\/p>\n<\/div>\n\n\n\n<div class=\"wp-block-group is-layout-flow wp-block-group-is-layout-flow\" style=\"border-top-color:var(--wp--preset--color--accent-6);border-top-width:1px;padding-top:var(--wp--preset--spacing--30);padding-bottom:var(--wp--preset--spacing--30)\">\n<h3 class=\"wp-block-heading\">Qui dois-je contacter pour la mise \u00e0 jour des informations de la fiche de ma biblioth\u00e8que ?<\/h3>\n\n\n\n<p class=\"has-medium-font-size\">Pour demander la mise \u00e0 jour de la fiche de votre biblioth\u00e8que, <a href=\"mailto: contact-reseaubibart@inha.fr\">contactez les administrateurs du site<\/a>.<\/p>\n<\/div>\n\n\n\n<h3 class=\"wp-block-heading\">Je n&rsquo;ai pas trouv\u00e9 la r\u00e9ponse \u00e0 ma question<\/h3>\n\n\n\n<p class=\"has-medium-font-size\">Contactez les <a href=\"mailto: contact-reseaubibart@inha.fr\">administrateurs du site<\/a>.<\/p>\n<\/div>\n<\/div>\n<\/div>\n<\/div>\n\n\n\n<p><\/p>\n","protected":false},"excerpt":{"rendered":"<p>Comment s\u2019abonner \u00e0 la liste de diffusion du r\u00e9seau ? La liste de diffusion du r\u00e9seau BibArt est ouverte \u00e0 toute personne exer\u00e7ant ou ayant exerc\u00e9 dans une biblioth\u00e8que d&rsquo;art ou d&rsquo;histoire de l&rsquo;art recouvrant les domaines des arts visuels. Les demandes sont \u00e0 envoyer par courriel aux administrateurs. Puis-je m\u2019inscrire sur la liste de [&hellip;]<\/p>\n","protected":false},"author":1,"featured_media":0,"parent":0,"menu_order":0,"comment_status":"closed","ping_status":"closed","template":"","meta":{"footnotes":""},"class_list":["post-269","page","type-page","status-publish","hentry"],"_links":{"self":[{"href":"https:\/\/portail.reseaubibart.inha.fr\/index.php?rest_route=\/wp\/v2\/pages\/269","targetHints":{"allow":["GET"]}}],"collection":[{"href":"https:\/\/portail.reseaubibart.inha.fr\/index.php?rest_route=\/wp\/v2\/pages"}],"about":[{"href":"https:\/\/portail.reseaubibart.inha.fr\/index.php?rest_route=\/wp\/v2\/types\/page"}],"author":[{"embeddable":true,"href":"https:\/\/portail.reseaubibart.inha.fr\/index.php?rest_route=\/wp\/v2\/users\/1"}],"replies":[{"embeddable":true,"href":"https:\/\/portail.reseaubibart.inha.fr\/index.php?rest_route=%2Fwp%2Fv2%2Fcomments&post=269"}],"version-history":[{"count":23,"href":"https:\/\/portail.reseaubibart.inha.fr\/index.php?rest_route=\/wp\/v2\/pages\/269\/revisions"}],"predecessor-version":[{"id":4618,"href":"https:\/\/portail.reseaubibart.inha.fr\/index.php?rest_route=\/wp\/v2\/pages\/269\/revisions\/4618"}],"wp:attachment":[{"href":"https:\/\/portail.reseaubibart.inha.fr\/index.php?rest_route=%2Fwp%2Fv2%2Fmedia&parent=269"}],"curies":[{"name":"wp","href":"https:\/\/api.w.org\/{rel}","templated":true}]}}