{"id":382,"date":"2025-03-13T14:31:35","date_gmt":"2025-03-13T13:31:35","guid":{"rendered":"https:\/\/bibart.inha.fr\/?page_id=382"},"modified":"2026-01-15T11:17:05","modified_gmt":"2026-01-15T10:17:05","slug":"ressources-en-ligne","status":"publish","type":"page","link":"https:\/\/portail.reseaubibart.inha.fr\/?page_id=382","title":{"rendered":"Ressources en ligne"},"content":{"rendered":"\n<p class=\"has-accent-5-background-color has-background has-medium-font-size\"><em><mark style=\"background-color:#a18e8712\" class=\"has-inline-color has-contrast-color\">Le r\u00e9seau BibArt est un r\u00e9seau professionnel rassemblant des biblioth\u00e8ques en histoire de l\u2019art, patrimoine et arch\u00e9ologie. Il est le reflet de la diversit\u00e9 et de la richesse des biblioth\u00e8ques qui le composent. Venez d\u00e9couvrir notre s\u00e9lection de ressources en ligne  propos\u00e9e par les biblioth\u00e9caires du r\u00e9seau<\/mark><\/em><\/p>\n\n\n\n<figure class=\"wp-block-image size-full\"><img loading=\"lazy\" decoding=\"async\" width=\"608\" height=\"342\" src=\"https:\/\/portail.reseaubibart.inha.fr\/wp-content\/uploads\/2025\/11\/F96A2081-copie-e1724750197816-edited-1.jpg\" alt=\"\" class=\"wp-image-4495\" srcset=\"https:\/\/portail.reseaubibart.inha.fr\/wp-content\/uploads\/2025\/11\/F96A2081-copie-e1724750197816-edited-1.jpg 608w, https:\/\/portail.reseaubibart.inha.fr\/wp-content\/uploads\/2025\/11\/F96A2081-copie-e1724750197816-edited-1-300x169.jpg 300w, https:\/\/portail.reseaubibart.inha.fr\/wp-content\/uploads\/2025\/11\/F96A2081-copie-e1724750197816-edited-1-18x10.jpg 18w\" sizes=\"auto, (max-width: 608px) 100vw, 608px\" \/><\/figure>\n\n\n\n<h2 class=\"wp-block-heading\">Consulter notre s\u00e9lection de sites :<\/h2>\n\n\n\n<ul class=\"wp-block-list\">\n<li><a href=\"https:\/\/portail.reseaubibart.inha.fr\/?page_id=390\" data-type=\"page\" data-id=\"390\">R\u00e9f\u00e9rences<\/a><\/li>\n\n\n\n<li><a href=\"https:\/\/portail.reseaubibart.inha.fr\/?page_id=394\" data-type=\"page\" data-id=\"394\">Bases de donn\u00e9es sp\u00e9cialis\u00e9es<\/a><\/li>\n\n\n\n<li><a href=\"https:\/\/portail.reseaubibart.inha.fr\/?page_id=398\" data-type=\"page\" data-id=\"398\">Biblioth\u00e8ques num\u00e9riques<\/a><\/li>\n\n\n\n<li><a href=\"https:\/\/portail.reseaubibart.inha.fr\/?page_id=401\" data-type=\"page\" data-id=\"401\">Autres ressources<\/a><\/li>\n<\/ul>\n\n\n\n<p><\/p>\n","protected":false},"excerpt":{"rendered":"<p>Le r\u00e9seau BibArt est un r\u00e9seau professionnel rassemblant des biblioth\u00e8ques en histoire de l\u2019art, patrimoine et arch\u00e9ologie. Il est le reflet de la diversit\u00e9 et de la richesse des biblioth\u00e8ques qui le composent. Venez d\u00e9couvrir notre s\u00e9lection de ressources en ligne propos\u00e9e par les biblioth\u00e9caires du r\u00e9seau Consulter notre s\u00e9lection de sites :<\/p>\n","protected":false},"author":1,"featured_media":0,"parent":0,"menu_order":0,"comment_status":"closed","ping_status":"closed","template":"","meta":{"footnotes":""},"class_list":["post-382","page","type-page","status-publish","hentry"],"_links":{"self":[{"href":"https:\/\/portail.reseaubibart.inha.fr\/index.php?rest_route=\/wp\/v2\/pages\/382","targetHints":{"allow":["GET"]}}],"collection":[{"href":"https:\/\/portail.reseaubibart.inha.fr\/index.php?rest_route=\/wp\/v2\/pages"}],"about":[{"href":"https:\/\/portail.reseaubibart.inha.fr\/index.php?rest_route=\/wp\/v2\/types\/page"}],"author":[{"embeddable":true,"href":"https:\/\/portail.reseaubibart.inha.fr\/index.php?rest_route=\/wp\/v2\/users\/1"}],"replies":[{"embeddable":true,"href":"https:\/\/portail.reseaubibart.inha.fr\/index.php?rest_route=%2Fwp%2Fv2%2Fcomments&post=382"}],"version-history":[{"count":37,"href":"https:\/\/portail.reseaubibart.inha.fr\/index.php?rest_route=\/wp\/v2\/pages\/382\/revisions"}],"predecessor-version":[{"id":4607,"href":"https:\/\/portail.reseaubibart.inha.fr\/index.php?rest_route=\/wp\/v2\/pages\/382\/revisions\/4607"}],"wp:attachment":[{"href":"https:\/\/portail.reseaubibart.inha.fr\/index.php?rest_route=%2Fwp%2Fv2%2Fmedia&parent=382"}],"curies":[{"name":"wp","href":"https:\/\/api.w.org\/{rel}","templated":true}]}}