{"id":390,"date":"2025-03-13T14:47:59","date_gmt":"2025-03-13T13:47:59","guid":{"rendered":"https:\/\/bibart.inha.fr\/?page_id=390"},"modified":"2026-03-23T09:35:35","modified_gmt":"2026-03-23T08:35:35","slug":"ressources-en-ligne-de-reference","status":"publish","type":"page","link":"https:\/\/portail.reseaubibart.inha.fr\/?page_id=390","title":{"rendered":"Ressources en ligne de r\u00e9f\u00e9rence"},"content":{"rendered":"\n<p class=\"has-accent-5-background-color has-background has-medium-font-size\"><em>Venez d\u00e9couvrir notre s\u00e9lection de ressources en ligne de r\u00e9f\u00e9rence propos\u00e9e par les biblioth\u00e9caires du r\u00e9seau<\/em><\/p>\n\n\n\n<p class=\"is-style-text-annotation has-contrast-color has-text-color has-link-color wp-elements-8355ab36941d4ff43d110221f2628c2e is-style-text-annotation--1\"><em>Les bases de donn\u00e9es payantes sont indiqu\u00e9s par le symbole <\/em><strong>[$]<\/strong><em>. Merci de vous rapprocher d\u2019une biblioth\u00e8que ayant un abonnement en cours.<\/em><\/p>\n\n\n\n\n\n<hr class=\"wp-block-separator has-alpha-channel-opacity\"\/>\n\n\n\n<h2 class=\"wp-block-heading\">Portails<\/h2>\n\n\n\n<ul class=\"wp-block-list\">\n<li><strong><a href=\"https:\/\/www.archires.archi.fr\/\">Archir\u00e8s<\/a><\/strong> : Portail documentaire du r\u00e9seau des biblioth\u00e8ques  d&rsquo;\u00e9coles&nbsp;d\u2019architecture et de paysage.&nbsp;La base de donn\u00e9es bibliographiques Archir\u00e8s,consacr\u00e9e aux articles de revues et travaux d&rsquo;\u00e9tudiants est accessible gratuitement \u00e0 tous. <\/li>\n\n\n\n<li><a href=\"https:\/\/www.archivesdelacritiquedart.org\/\"><strong>Archives de la critique d&rsquo;art<\/strong><\/a> : Site de r\u00e9f\u00e9rence sur la critique d&rsquo;art et la th\u00e9orie de l\u2019art contemporain. Les collections des ACA sont accessibles \u00e0 partir du portail documentaire.<\/li>\n\n\n\n<li><a href=\"https:\/\/www.arthistoricum.net\/\"><strong>Arthistoricum<\/strong><\/a> : Portail allemand d\u00e9di\u00e9 \u00e0 la recherche et \u00e0 l&rsquo;enseignement en histoire de l&rsquo;art offrant un acc\u00e8s complet aux publications et images d&rsquo;histoire de l&rsquo;art.<\/li>\n\n\n\n<li><a href=\"https:\/\/artdiscovery.net\/\"><strong>Art Discovery Group Catalogue<\/strong><\/a> [ADGC]: Catalogue du groupe WorldCat d&rsquo;OCLC regroupant un nombre important de biblioth\u00e8ques d&rsquo;art dont les notices et autres m\u00e9tadonn\u00e9es sont librement accessibles. <\/li>\n\n\n\n<li><strong><a href=\"http:\/\/blog.apahau.org\/\">Association des professeurs d&rsquo;arch\u00e9ologie et d&rsquo;histoire de l&rsquo;art des universit\u00e9s<\/a><\/strong>[ApAhAu] : Site web de l&rsquo;association ayant pour but de cr\u00e9er un lien entre les enseignants d&rsquo;arch\u00e9ologie et d&rsquo;histoire de l&rsquo;art des \u00e9tablissements de l&rsquo;enseignement sup\u00e9rieur et de favoriser le d\u00e9veloppement et la diffusion des \u00e9tudes dans ce domaine. <\/li>\n\n\n\n<li><strong><a href=\"https:\/\/www.base-search.net\/\">BASE<\/a> <\/strong>[Bielefeld Academic Search Engine]: Moteur de recherche sp\u00e9cialis\u00e9 sur les publications acad\u00e9miques en libre acc\u00e8s (archives ouvertes, th\u00e8ses en ligne, ouvrages, revues) d\u00e9velopp\u00e9 par l\u2019universit\u00e9 de Bielefeld (Allemagne). Il se distingue par sa capacit\u00e9 de trouver des ressources appartenant au web profond (non index\u00e9 par les moteurs commerciaux), l\u2019utilisation de la recherche plein texte et la pr\u00e9sentation des r\u00e9sultats de recherche accompagn\u00e9s des donn\u00e9es bibliographiques.<\/li>\n\n\n\n<li><strong><a href=\"https:\/\/calames.abes.fr\/pub\/#\">CALAMES<\/a> <\/strong>[Catalogue en ligne des archives et des manuscrits de l&rsquo;enseignement sup\u00e9rieur] : Catalogue collectif national d\u00e9di\u00e9 aux fonds de manuscrits et archives conserv\u00e9s dans les \u00e9tablissements fran\u00e7ais d&rsquo;enseignement sup\u00e9rieur et de recherche.<\/li>\n\n\n\n<li><strong><a href=\"https:\/\/museeorsay.hypotheses.org\/\">Carnet de recherche des mus\u00e9es d&rsquo;Orsay et de l&rsquo;Orangerie<\/a><\/strong> :  Carnet scientifique mettant en lumi\u00e8re les activit\u00e9s, ressources documentaires et recherches men\u00e9s par les \u00e9quipes du Centre de ressources et de recherche Daniel Marchesseau des mus\u00e9es d&rsquo;Orsay et de l&rsquo;Orangerie.                                                                                    <\/li>\n\n\n\n<li><strong><a href=\"https:\/\/cipac.net\/\">CIPAC<\/a><\/strong> [F\u00e9d\u00e9ration des professionnels de l&rsquo;art contemporain] : Site de la f\u00e9d\u00e9ration regroupant des organisations professionnelles et des r\u00e9seaux engag\u00e9s pour le soutien \u00e0 la cr\u00e9ation et la diffusion de l&rsquo;art contemporain en France. <\/li>\n\n\n\n<li><strong><a href=\"https:\/\/www.cnap.fr\/\">Centre national des arts plastiques<\/a><\/strong> [CNAP] : Portail du CNAP dont les missions sont de soutenir et de promouvoir la cr\u00e9ation contemporaine et d&rsquo;apporter son expertise \u00e0 l\u2019\u00e9mergence de nouvelles formes d&rsquo;art en accompagnant les artistes et professionnels. <\/li>\n\n\n\n<li><strong><a href=\"https:\/\/portal.getty.edu\/\">Getty Research Portal<\/a><\/strong> : Portail de r\u00e9f\u00e9rence d\u00e9di\u00e9 \u00e0 la recherche en art permettant d&rsquo;acc\u00e9der \u00e0 une vaste collection de textes d&rsquo;histoire de l&rsquo;art num\u00e9ris\u00e9s provenant de diverses institutions. <\/li>\n\n\n\n<li><strong><a href=\"https:\/\/www.inha.fr\/\">Institut national d&rsquo;histoire de l&rsquo;art<\/a><\/strong> [INHA] : Portail de l&rsquo;INHA, organisme fran\u00e7ais de r\u00e9f\u00e9rence pour l\u2019histoire des arts, permettant d&rsquo;acc\u00e9der aux actualit\u00e9s, publications, ressources et offres de services de l&rsquo;\u00e9tablissement. Lieu de <strong>diffusion et de coop\u00e9ration aux niveaux national, europ\u00e9en et international,<\/strong> centre de ressources et de production d\u2019une <strong>recherche innovante,<\/strong> l\u2019INHA est l\u2019organisme fran\u00e7ais de r\u00e9f\u00e9rence pour l\u2019histoire des arts.<\/li>\n\n\n\n<li><strong><a href=\"https:\/\/www.inp.fr\/\">Institut national du patrimoine<\/a><\/strong> [INP]: \u00c9tablissement d&rsquo;enseignement sup\u00e9rieur du minist\u00e8re de la Culture ayant   pour mission le recrutement sur concours et la formation initiale des conservateurs du patrimoine et des restaurateurs  habilit\u00e9s \u00e0 travailler sur les collections publiques. <\/li>\n\n\n\n<li><strong><a href=\"https:\/\/www.kubikat.org\/\">KUBIKAT<\/a><\/strong> : Catalogue collectif des biblioth\u00e8ques des instituts allemands en histoire de l&rsquo;art (Kunsthistorisches Institut in Florenz, Florence \/ Zentralinstitut f\u00fcr Kunstgeschichte, Munich \/ Deutsches Forum f\u00fcr Kunstgeschichte &#8211; Centre allemand d&rsquo;histoire de l&rsquo;art, Paris \/ Bibliotheca Hertziana, Rome)<\/li>\n\n\n\n<li><strong><a href=\"https:\/\/www.ocim.fr\/\">Office de coop\u00e9ration et d&rsquo;information mus\u00e9ales <\/a><\/strong>[OCIM]: Site de l&rsquo;OCIM, acteur cl\u00e9 dans le domaine de la mus\u00e9ographie et de la mus\u00e9ologie en France.<\/li>\n\n\n\n<li><a href=\"https:\/\/www.sudoc.abes.fr\/\" target=\"_blank\" rel=\"noreferrer noopener\"><strong>Sudoc<\/strong> <\/a>: Catalogue collectif des biblioth\u00e8ques universitaires fran\u00e7aises et de nombreux \u00e9tablissements documentaires de recherche. <\/li>\n\n\n\n<li><a href=\"https:\/\/tram-idf.fr\/\"><strong>TRAM<\/strong> <strong>&#8211;<\/strong> <strong>R\u00e9seau art contemporain Paris \/\u00cele-de-France<\/strong><\/a> : Site de l&rsquo;association regroupant des lieux engag\u00e9s dans la production et la diffusion de l&rsquo;art contemporain en \u00cele-de-France.  <\/li>\n\n\n\n<li><strong><a href=\"https:\/\/search.worldcat.org\/fr\">Worldcat<\/a><\/strong> : Catalogue en ligne de l&rsquo;OCLC, l&rsquo;un des plus important catalogue collectif en ligne, donnant acc\u00e8s aux collections et aux services de plus de 10 000 biblioth\u00e8ques \u00e0 travers le monde.<\/li>\n<\/ul>\n\n\n\n<hr class=\"wp-block-separator has-alpha-channel-opacity\"\/>\n\n\n\n<h2 class=\"wp-block-heading\">Bases de donn\u00e9es g\u00e9n\u00e9ralistes<\/h2>\n\n\n\n<ul class=\"wp-block-list\">\n<li><strong><a href=\"https:\/\/agorha.inha.fr\/\">AGORHA<\/a><\/strong> : Base commune de donn\u00e9es. Elle donne un acc\u00e8s unifi\u00e9 aux bases de donn\u00e9es produites par l\u2019INHA et ses partenaires. Ces donn\u00e9es sont issues de projets de recherche scientifique en histoire de l\u2019art et arch\u00e9ologie. La plateforme se d\u00e9veloppe continuellement, t\u00e9moignant de la diversit\u00e9 des probl\u00e9matiques de ces disciplines.<\/li>\n\n\n\n<li><strong><a href=\"https:\/\/about.ebsco.com\/fr-fr\/products\/research-databases\/art-architecture-complete\">Art &amp; Architecture Source<\/a><\/strong> (EBSCO) <mark style=\"background-color:rgba(0, 0, 0, 0)\" class=\"has-inline-color has-accent-1-color\">[<strong>$<\/strong>]<\/mark>: Base de donn\u00e9es de recherche en texte int\u00e9gral, la plus importante qui soit sur l\u2019art. Son contenu couvre les beaux-arts, les arts d\u00e9coratifs, l\u2019art commercial, ainsi que l\u2019architecture.<\/li>\n\n\n\n<li><a href=\"https:\/\/shs.cairn.info\/disc-arts?lang=fr\"><strong>Cairn.info<\/strong><\/a> : Plateforme de publication en ligne de revues fran\u00e7aises dans le domaine des sciences humaines. 70 % des articles diffus\u00e9s sont en acc\u00e8s gratuit.<\/li>\n\n\n\n<li><a href=\"https:\/\/www.contemporaryartissue.com\/\"><strong>Contemporary Art Issue<\/strong><\/a> [CAI] : Plateforme hybride d&rsquo;art contemporain bas\u00e9e en Belgique, fournissant du contenu \u00e9ducatif et critique sur l&rsquo;art contemporain et sur la pratique curatoriale.<\/li>\n\n\n\n<li><strong><a href=\"https:\/\/doaj.org\/\">Directory of Open Access Journals<\/a> <\/strong>[DOAJ]: Index unique et d\u00e9taill\u00e9 de diverses revues en libre acc\u00e8s du monde entier.<\/li>\n\n\n\n<li><a href=\"https:\/\/www.entrevues.org\/\"><strong>Ent&rsquo;Revues<\/strong><\/a> : Espace d\u2019information, de rencontre et de r\u00e9flexion pour la pr\u00e9servation, l\u2019\u00e9tude et la promotion des revues culturelles et scientifiques.<\/li>\n\n\n\n<li><strong><a href=\"https:\/\/www.erudit.org\/fr\/\">Erudit<\/a><\/strong> : Site de diffusion des revues savantes de sciences humaines et sociales (SHS) des universit\u00e9s de Montr\u00e9al, Laval et Qu\u00e9bec.  <\/li>\n\n\n\n<li><strong><a href=\"https:\/\/www.jstor.org\/\">Jstor<\/a> <\/strong>[Journal Storage] <mark style=\"background-color:rgba(0, 0, 0, 0)\" class=\"has-inline-color has-accent-1-color\">[<strong>$<\/strong>]<\/mark>: Biblioth\u00e8que num\u00e9rique am\u00e9ricaine de publications acad\u00e9miques et pluridisciplinaires, fond\u00e9 en 1995. contenant le texte int\u00e9gral de plus de 2 800 <strong>revues<\/strong>. Int\u00e9gr\u00e9e \u00e0 JSTOR en 2024, la <strong>collection Artstor<\/strong> comprend des millions d\u2019images et autres m\u00e9dias destin\u00e9s \u00e0 l\u2019\u00e9ducation et \u00e0 la recherche. <\/li>\n\n\n\n<li><strong><a href=\"https:\/\/reseau-mirabel.info\/\">Mir@bel<\/a><\/strong> : Site fran\u00e7ais cr\u00e9\u00e9 en 2009 ayant pour vocation de valoriser les contenus des p\u00e9riodiques scientifiques accessibles en ligne. Il m\u00eale veille documentaire partag\u00e9e et r\u00e9cup\u00e9ration automatique \u00e0 la source, <\/li>\n\n\n\n<li><strong><a href=\"https:\/\/www.openedition.org\/\">OpenEdition<\/a><\/strong> : Portail fran\u00e7ais de ressources \u00e9lectroniques en sciences humaines et sociales. Elle rassemble quatre plateformes d\u00e9di\u00e9es aux revues avec OpenEdition Journals, aux collections de livres avec OpenEdition Books, aux carnets de recherche avec Hypoth\u00e8ses et aux \u00e9v\u00e9nements scientifiques avec Calenda. Infrastructure de recherche nationale, il est port\u00e9e par l&rsquo;Unit\u00e9 de service et de recherche (USR 2004) du CNRS, d\u2019Aix-Marseille Universit\u00e9, de l\u2019EHESS et d\u2019Avignon Universit\u00e9.<\/li>\n\n\n\n<li><strong><a href=\"https:\/\/www.persee.fr\/\">Pers\u00e9e<\/a><\/strong> : Portail fan\u00e7ais de diffusion de publications scientifiques, principalement dans le domaine des sciences humaines et sociales. Ouvert en 2005, il assure la diffusion de collections patrimoniales en texte int\u00e9gral et en libre acc\u00e8s. Il est port\u00e9 par l&rsquo;universit\u00e9  et l&rsquo;ENS de Lyon ainsi que le CNRS. <\/li>\n\n\n\n<li><strong><a href=\"https:\/\/sismo.inha.fr\/s\/fr\/page\/welcome\">Portail mondial des revues<\/a><\/strong> : Portail recensant plus de 1000 p\u00e9riodiques critiques et culturels non-europ\u00e9ens, r\u00e9alis\u00e9s suite aux courants r\u00e9volutionnaires de la fin du XVIIIe si\u00e8cle et jusqu&rsquo;\u00e0 la fin du monde des deux blocs en 1989. Ce site a \u00e9t\u00e9 d\u00e9velopp\u00e9 dans le cadre du domaine de recherches<em> Histoire de l&rsquo;art mondialis\u00e9e<\/em> \u00e0  l&rsquo;Institut national d&rsquo;histoire de l&rsquo;art (INHA).&nbsp;<\/li>\n<\/ul>\n\n\n\n<hr class=\"wp-block-separator has-alpha-channel-opacity\"\/>\n\n\n\n<h2 class=\"wp-block-heading\">Revues<\/h2>\n\n\n\n<ul class=\"wp-block-list\">\n<li><a href=\"https:\/\/fr.artmediaagency.com\/magazines\/\"><strong>Art Media Agency<\/strong> <\/a>[AMA]: Revue publi\u00e9e par l&rsquo;AMA, agence internationale d\u2019information sur le march\u00e9 de l\u2019art. <\/li>\n\n\n\n<li><strong><a href=\"https:\/\/www.contemporaryartcuratormagazine.com\/\">Contemporary art curator magazine<\/a><\/strong> : Magazine d&rsquo;art contemporain en ligne d\u00e9di\u00e9 \u00e0 la promotion et au soutien des artistes contemporains. <\/li>\n\n\n\n<li><a href=\"https:\/\/www.e-flux.com\/journal\"><strong>E-Flux Journal<\/strong><\/a> :  Publication d&rsquo;art mensuelle am\u00e9ricaine lanc\u00e9e en 2008 mettant en lumi\u00e8re des \u00e9crits de certains des artistes et penseurs contemporains.<\/li>\n\n\n\n<li><a href=\"https:\/\/www.imageandnarrative.be\/\"><strong>Image and narrative<\/strong><\/a> : Revue belge en ligne sur la narratologie visuelle et les \u00e9tudes de mots et d&rsquo;images au sens le plus large. <\/li>\n\n\n\n<li><a href=\"https:\/\/journals.openedition.org\/imagesrevues\/\"><strong>Images re-Vues Histoire, anthropologie et th\u00e9orie de l&rsquo;art<\/strong><\/a> : Revue annuelle fran\u00e7aise fond\u00e9e en 2005 se positionnant comme un espace rigoureux de recherche et de r\u00e9flexion autour de l\u2019image, toutes p\u00e9riodes et approches confondues. <\/li>\n\n\n\n<li><a href=\"https:\/\/inferno-magazine.com\/\"><strong>Inferno-magazine<\/strong><\/a> : Revue semestrielle bilingue n\u00e9e en 2013 sur l&rsquo;art contemporain, les sc\u00e8nes actuelles (performance, danse, nouvelles formes) et les litt\u00e9ratures contemporaines.<\/li>\n\n\n\n<li><strong><a href=\"https:\/\/initiartmagazine.com\/\">InitiArt magazine<\/a><\/strong> : Talkazine d&rsquo;art en ligne fond\u00e9 en 2009 pr\u00e9sentant des conversations en profondeur avec des artistes, des collectionneurs, des conservateurs et des propri\u00e9taires de galeries.<\/li>\n\n\n\n<li><strong><a href=\"https:\/\/www.jca-online.com\/\">Journal of Contemporary Art<\/a><\/strong> [JCA] : Archive en ligne de la revue JCA publi\u00e9e de 1988 \u00e0 1995 pr\u00e9sentant de nombreuses interviews d&rsquo;artistes contemporains. <\/li>\n\n\n\n<li><strong><a href=\"https:\/\/linsatiable.org\/\">L&rsquo;insatiable<\/a><\/strong> : Site d&rsquo;information ayant pour ambition de mettre en valeur des actions artistiques essentielles mais peu visibles soucieux de r\u00e9fl\u00e9chir aux enjeux port\u00e9s par l\u2019art et la culture dans la soci\u00e9t\u00e9 contemporaine. <\/li>\n\n\n\n<li><strong><a href=\"https:\/\/jeudepaume.org\/palm\/\">PALM<\/a><\/strong> : Magazine en ligne \u00e9dit\u00e9 par le Jeu de Paume et consacr\u00e9 aux cultures visuelles historiques et contemporaines.<\/li>\n\n\n\n<li><a href=\"https:\/\/www.revuepossible.fr\/accueil\"><strong>Possible<\/strong><\/a> : Revue d&rsquo;art contemporain en ligne constituant un espace d&rsquo;\u00e9criture et de r\u00e9flexion qui se propose de questionner la <em>critique d&rsquo;art<\/em>.<\/li>\n\n\n\n<li><strong><a href=\"http:\/\/www.revue-proteus.com\/\">Proteus<\/a><\/strong> : Publication universitaire bisannuelle cr\u00e9\u00e9e en 2009 consacr\u00e9e aux multiples visages de l&rsquo;art.<\/li>\n\n\n\n<li><strong><a href=\"http:\/\/www.riha-institutes.org\/RIHAJournal\">RIHA Journal<\/a><\/strong> : Journal \u00e9lectronique consacr\u00e9 \u00e0 l&rsquo;ensemble de l&rsquo;histoire de l&rsquo;art et de la culture visuelle. Il a \u00e9t\u00e9 lanc\u00e9 en 2010 par l&rsquo;Association internationale des instituts de recherche en histoire des arts (RIHA).<\/li>\n\n\n\n<li><strong><a href=\"https:\/\/www.tate.org.uk\/research\/tate-papers\">Tate Papers<\/a><\/strong> : Revue consacr\u00e9e \u00e0 l&rsquo;art britannique, l&rsquo;histoire de l&rsquo;art et l&rsquo;art international contemporain.<\/li>\n<\/ul>\n\n\n\n<hr class=\"wp-block-separator has-alpha-channel-opacity\"\/>\n\n\n\n<h2 class=\"wp-block-heading\">Dictionnaires<\/h2>\n\n\n\n<ul class=\"wp-block-list\">\n<li><a href=\"https:\/\/aow.degruyter.com\/\"><strong>Allgemeines K\u00fcnstlerlexikon \/ Artists of the world<\/strong><\/a> :  Base de donn\u00e9es de r\u00e9f\u00e9rence sur les artistes visuels comprenant des informations biographiques, des entr\u00e9es sur des familles, des groupes, des collectifs d&rsquo;artistes, des agences d&rsquo;architecture, du monde entier et de toutes les \u00e9poques. L&rsquo;AOW (<em>Artists of the world<\/em>) est issue de l&rsquo;AKL (<em>Allgemeines K\u00fcnstlerlexikon<\/em>).<\/li>\n\n\n\n<li><a href=\"https:\/\/awarewomenartists.com\/\"><strong>Aware<\/strong><\/a> : Base de donn\u00e9es sur les femmes artistes du XVII<sup>e<\/sup> au XXI<sup>e <\/sup>si\u00e8cle.<\/li>\n\n\n\n<li><a href=\"https:\/\/www.ledelarge.fr\/\"><strong>Le Delarge<\/strong><\/a> : Dictionnaire des arts plastiques modernes et contemporains, paru originellement sous la forme imprim\u00e9 en 2001 et depuis d\u00e9mat\u00e9rialis\u00e9. <\/li>\n\n\n\n<li><strong><a href=\"https:\/\/www.oxfordartonline.com\/benezit\">Benezit Dictionary of artists<\/a><\/strong> : Base de donn\u00e9es de r\u00e9f\u00e9rence  sur les biographies d&rsquo;artistes des origines \u00e0 nos jours, issu de la version imprim\u00e9 du <em>Dictionnaire critique et documentaire des peintres, sculpteurs, dessinateurs et graveurs de tous les temps et de tous les pays<\/em>, publi\u00e9 sous la direction d\u2019Emmanuel B\u00e9n\u00e9zit pour la premi\u00e8re fois en 1911. <\/li>\n\n\n\n<li><a href=\"http:\/\/www.pastellists.com\/\"><strong>Pastels &amp; pastellists<\/strong><\/a> (The dictionary of pastellists before 1800): Site de r\u00e9f\u00e9rence consacr\u00e9 aux pastels d&rsquo;artistes de toutes les \u00e9coles jusqu&rsquo;au XVIIIe si\u00e8cle issu de la version imprim\u00e9 de Neil Jeffares, historien de l&rsquo;art. <\/li>\n<\/ul>\n\n\n\n<hr class=\"wp-block-separator has-alpha-channel-opacity\"\/>\n\n\n\n<h2 class=\"wp-block-heading\">Encyclop\u00e9dies<\/h2>\n\n\n\n<ul class=\"wp-block-list\">\n<li><strong><a href=\"https:\/\/link.springer.com\/referencework\/10.1007\/978-3-030-30018-0?\">Encyclopedia of global archaeology<\/a><\/strong> <mark style=\"background-color:rgba(0, 0, 0, 0)\" class=\"has-inline-color has-accent-1-color\">[<strong>$<\/strong>]<\/mark> : Base de donn\u00e9es issue de la version imprim\u00e9e en 11 volumes dirig\u00e9e par Claire Smith chez Springer, offrant une synth\u00e8se de cette discipline. <\/li>\n\n\n\n<li><strong><a href=\"https:\/\/www.newmedia-art.org\/\">Encyclop\u00e9die nouveaux m\u00e9dias<\/a><\/strong> : Site d\u00e9di\u00e9 \u00e0 la cr\u00e9ation artistique sur les nouveaux supports (bandes vid\u00e9o, installations vid\u00e9o et multim\u00e9dia, CD-Roms, Internet).<\/li>\n\n\n\n<li><a href=\"https:\/\/referenceworks.brill.com\/display\/db\/npoe\"><strong>New Pauly<\/strong><\/a>  <mark style=\"background-color:rgba(0, 0, 0, 0)\" class=\"has-inline-color has-accent-1-color\">[<strong>$<\/strong>]<\/mark>: Encyclop\u00e9die en ligne sp\u00e9cialis\u00e9e sur la civilisation grecque et romaine du deuxi\u00e8me mill\u00e9naire avant J.-C. jusqu&rsquo;\u00e0 800 apr\u00e8s J.-C. traitant \u00e9galement des cultures s\u00e9mitiques, celtiques, germaniques et slaves. <\/li>\n<\/ul>\n\n\n\n<hr class=\"wp-block-separator has-alpha-channel-opacity\"\/>\n\n\n\n<h2 class=\"wp-block-heading\">Bibliographies<\/h2>\n\n\n\n<ul class=\"wp-block-list\">\n<li><a href=\"https:\/\/about.proquest.com\/en\/products-services\/Arts_and_Humanities\/\"><strong>Arts &amp; Humanities Database<\/strong><\/a>  <mark style=\"background-color:rgba(0, 0, 0, 0)\" class=\"has-inline-color has-accent-1-color\">[<strong>$<\/strong>]<\/mark>: Base de donn\u00e9es proposant plus de 600 titres en texte int\u00e9gral dans tous les domaines des sciences humaines et des arts. <\/li>\n\n\n\n<li><strong><a href=\"https:\/\/bcin.info\/vufind\/\">BCIN<\/a> <\/strong>[<em>Bibliographic Database of the Conservation Information Network<\/em>]: Base de donn\u00e9es bibliographiques du R\u00e9seau d&rsquo;information sur la conservation d\u00e9di\u00e9e \u00e0 la recherche d\u2019informations bibliographiques sur la conservation du patrimoine culturel.<\/li>\n\n\n\n<li><a href=\"https:\/\/primo.getty.edu\/primo-explore\/search?vid=BHA&amp;lang=en_US\"><strong>BHA &amp; RILA<\/strong><\/a> : Base de donn\u00e9es bibliographiques consultable sur le site du Getty Research Institute donnant acc\u00e8s \u00e0 la BHA (<em>Bibliographie de l&rsquo;histoire de l&rsquo;art<\/em> 1990-2007) et au RILA (R\u00e9pertoire international de la litt\u00e9rature de l&rsquo;art 1975-1989)<\/li>\n\n\n\n<li><strong><a href=\"https:\/\/about.proquest.com\/en\/products-services\/iba\/\">IBA<\/a> <\/strong>[<em>International Bibliography of Art<\/em>]: Base de donn\u00e9es bibliographiques de r\u00e9f\u00e9rence sur l&rsquo;art occidental. L&rsquo;IBA succ\u00e8de \u00e0 la BHA et comprend des notices cr\u00e9\u00e9es par le Getty Research Institute pour la p\u00e9riode 2008-2009 ainsi que de nouvelles notices cr\u00e9\u00e9es par ProQuest \u00e0 partir de 2010. <\/li>\n\n\n\n<li><a href=\"https:\/\/openbibart.fr\/\"><strong>OpenBibart<\/strong><\/a>  : Base de donn\u00e9es bibliographiques cr\u00e9\u00e9e en 2022 r\u00e9unissant les quatre bases de donn\u00e9es distinctes existantes (RAA 1910-1972 \/ RAA 1973-1990 \/ RILA 1975-1990 \/ BHA 1990-2007)qu\u2019il permet d\u2019interroger simultan\u00e9ment.<\/li>\n<\/ul>\n\n\n\n<hr class=\"wp-block-separator has-alpha-channel-opacity\"\/>\n\n\n\n<div class=\"wp-block-group alignfull has-global-padding is-layout-constrained wp-container-core-group-is-layout-54af5b55 wp-block-group-is-layout-constrained\" style=\"margin-top:0;margin-bottom:0;padding-top:var(--wp--preset--spacing--60);padding-bottom:var(--wp--preset--spacing--60)\">\n<h2 class=\"wp-block-heading alignwide has-text-align-center has-x-large-font-size\">Parcourir les autres guides th\u00e9matiques<\/h2>\n\n\n\n<div class=\"wp-block-buttons alignwide has-custom-font-size has-medium-font-size is-content-justification-center is-layout-flex wp-container-core-buttons-is-layout-c124d1c4 wp-block-buttons-is-layout-flex\">\n<div class=\"wp-block-button\"><a class=\"wp-block-button__link wp-element-button\" href=\"https:\/\/portail.reseaubibart.inha.fr\/?page_id=394\">Bases de donn\u00e9es sp\u00e9cialis\u00e9es<\/a><\/div>\n\n\n\n<div class=\"wp-block-button\"><a class=\"wp-block-button__link wp-element-button\" href=\"https:\/\/portail.reseaubibart.inha.fr\/?page_id=398\">Biblioth\u00e8ques num\u00e9riques<\/a><\/div>\n\n\n\n<div class=\"wp-block-button\"><a class=\"wp-block-button__link wp-element-button\" href=\"https:\/\/portail.reseaubibart.inha.fr\/?page_id=401\">Autres ressources<\/a><\/div>\n<\/div>\n\n\n\n<p class=\"has-text-align-center has-medium-font-size\"><\/p>\n<\/div>\n\n\n\n\n\n<p><\/p>\n","protected":false},"excerpt":{"rendered":"<p>Venez d\u00e9couvrir notre s\u00e9lection de ressources en ligne de r\u00e9f\u00e9rence propos\u00e9e par les biblioth\u00e9caires du r\u00e9seau Les bases de donn\u00e9es payantes sont indiqu\u00e9s par le symbole [$]. Merci de vous rapprocher d\u2019une biblioth\u00e8que ayant un abonnement en cours. Portails Bases de donn\u00e9es g\u00e9n\u00e9ralistes Revues Dictionnaires Encyclop\u00e9dies Bibliographies Parcourir les autres guides th\u00e9matiques<\/p>\n","protected":false},"author":1,"featured_media":0,"parent":382,"menu_order":0,"comment_status":"closed","ping_status":"closed","template":"","meta":{"footnotes":"[]"},"class_list":["post-390","page","type-page","status-publish","hentry"],"_links":{"self":[{"href":"https:\/\/portail.reseaubibart.inha.fr\/index.php?rest_route=\/wp\/v2\/pages\/390","targetHints":{"allow":["GET"]}}],"collection":[{"href":"https:\/\/portail.reseaubibart.inha.fr\/index.php?rest_route=\/wp\/v2\/pages"}],"about":[{"href":"https:\/\/portail.reseaubibart.inha.fr\/index.php?rest_route=\/wp\/v2\/types\/page"}],"author":[{"embeddable":true,"href":"https:\/\/portail.reseaubibart.inha.fr\/index.php?rest_route=\/wp\/v2\/users\/1"}],"replies":[{"embeddable":true,"href":"https:\/\/portail.reseaubibart.inha.fr\/index.php?rest_route=%2Fwp%2Fv2%2Fcomments&post=390"}],"version-history":[{"count":98,"href":"https:\/\/portail.reseaubibart.inha.fr\/index.php?rest_route=\/wp\/v2\/pages\/390\/revisions"}],"predecessor-version":[{"id":4697,"href":"https:\/\/portail.reseaubibart.inha.fr\/index.php?rest_route=\/wp\/v2\/pages\/390\/revisions\/4697"}],"up":[{"embeddable":true,"href":"https:\/\/portail.reseaubibart.inha.fr\/index.php?rest_route=\/wp\/v2\/pages\/382"}],"wp:attachment":[{"href":"https:\/\/portail.reseaubibart.inha.fr\/index.php?rest_route=%2Fwp%2Fv2%2Fmedia&parent=390"}],"curies":[{"name":"wp","href":"https:\/\/api.w.org\/{rel}","templated":true}]}}