{"id":394,"date":"2025-03-13T15:48:07","date_gmt":"2025-03-13T14:48:07","guid":{"rendered":"https:\/\/bibart.inha.fr\/?page_id=394"},"modified":"2026-02-04T14:27:25","modified_gmt":"2026-02-04T13:27:25","slug":"bases-de-donnees-specialisees","status":"publish","type":"page","link":"https:\/\/portail.reseaubibart.inha.fr\/?page_id=394","title":{"rendered":"Bases de donn\u00e9es sp\u00e9cialis\u00e9es"},"content":{"rendered":"\n<p class=\"has-accent-5-background-color has-background has-medium-font-size\"><em>D\u00e9couvrez notre s\u00e9lection de bases de donn\u00e9es sp\u00e9cialis\u00e9es propos\u00e9e par les biblioth\u00e9caires du r\u00e9seau<\/em><\/p>\n\n\n\n\n\n<hr class=\"wp-block-separator has-alpha-channel-opacity\"\/>\n\n\n\n<h2 class=\"wp-block-heading\">Arch\u00e9ologie<\/h2>\n\n\n\n<ul class=\"wp-block-list\">\n<li><a href=\"https:\/\/www.frantiq.fr\/\">FRANTIQ<\/a> : F\u00e9d\u00e9ration et ressources sur l&rsquo;Antiquit\u00e9<\/li>\n\n\n\n<li><a href=\"https:\/\/archeoliens.hypotheses.org\/\">Arch\u00e9O&rsquo;liens<\/a> : Actualit\u00e9 et ressources du r\u00e9seau des documentalistes de l&rsquo;INRAP<\/li>\n<\/ul>\n\n\n\n<hr class=\"wp-block-separator has-alpha-channel-opacity\"\/>\n\n\n\n<h2 class=\"wp-block-heading\">Architecture <\/h2>\n\n\n\n<ul class=\"wp-block-list\">\n<li><a href=\"https:\/\/www.archires.archi.fr\/\">ArchiR\u00e8s<\/a> : R\u00e9seau de biblioth\u00e8ques d&rsquo;\u00e9coles nationales d\u2019architecture et de paysage<\/li>\n\n\n\n<li><a href=\"https:\/\/library.columbia.edu\/libraries\/avery\/avery-index.html\">Avery index to architectural periodicals<\/a> : Base de donn\u00e9es de l&rsquo;Universit\u00e9 de Columbia indexant des articles de revues sur l&rsquo;architecture, le design, l&rsquo;architecture paysag\u00e8re, l&rsquo;urbanisme, la pr\u00e9servation du patrimoine et le design d&rsquo;int\u00e9rieur<\/li>\n<\/ul>\n\n\n\n<hr class=\"wp-block-separator has-alpha-channel-opacity\"\/>\n\n\n\n<h2 class=\"wp-block-heading\">Art \u00e0 l&rsquo;\u00e9tranger<\/h2>\n\n\n\n<ul class=\"wp-block-list\">\n<li><a href=\"https:\/\/www.aaa.si.edu\/\">Archives of American Art<\/a> : Base de donn\u00e9es sur l&rsquo;histoire des arts visuels \u00e9tasuniens g\u00e9r\u00e9e par le Smithsonian Institution<\/li>\n\n\n\n<li><a href=\"https:\/\/artuk.org\/\">Art UK<\/a> : Base de donn\u00e9es sur la peinture et la sculpture des collections publiques britannique<\/li>\n\n\n\n<li><a href=\"https:\/\/ccca.art\/\">Canadian Art Database<\/a> [CCCA]: Base de donn\u00e9es sur l&rsquo;art canadien<\/li>\n<\/ul>\n\n\n\n<hr class=\"wp-block-separator has-alpha-channel-opacity\"\/>\n\n\n\n<h2 class=\"wp-block-heading\">Art contemporain<\/h2>\n\n\n\n<ul class=\"wp-block-list\">\n<li><a href=\"https:\/\/proquest.libguides.com\/abm\">Artbibliographies Modern<\/a> [ABM]: Base de donn\u00e9es bibliographiques couvrant toutes les formes d\u2019art visuel, d\u2019arts d\u00e9coratifs et appliqu\u00e9s, y compris l\u2019art de performance et l\u2019art vid\u00e9o<\/li>\n\n\n\n<li><a href=\"https:\/\/habitants-paysagistes.musee-lam.fr\/\">Habitants-paysagistes<\/a> : Cartographie des maisons et jardins singuliers con\u00e7ue par le LaM (Lille M\u00e9tropole Mus\u00e9e d&rsquo;art moderne, d&rsquo;art contemporain et d&rsquo;art brut)<\/li>\n\n\n\n<li><a href=\"https:\/\/performancesources.com\/\">Performance sources<\/a> :Site d\u00e9di\u00e9 aux artistes de la performance<\/li>\n\n\n\n<li><a href=\"https:\/\/reseau-dda.org\/fr\">R\u00e9seau d&rsquo;artistes<\/a> : Site de la f\u00e9d\u00e9ration des Documents d\u2019artistes en r\u00e9gions.<\/li>\n\n\n\n<li><a href=\"https:\/\/rn13bis.fr\/home\">RN 13bis<\/a> : Site de l&rsquo;association d\u00e9di\u00e9 \u00e0 l&rsquo;art contemporain en Normandie.<\/li>\n\n\n\n<li><a href=\"http:\/\/www.thislongcentury.com\/\">This long century<\/a> : Archives d&rsquo;artistes, d&rsquo;\u00e9crivains, de po\u00e8tes, de cin\u00e9astes, de musiciens du monde entier, r\u00e9unissant un travail intime tel que des carnets de croquis, des \u00e9ph\u00e9m\u00e8res ou des souvenirs personnels.<\/li>\n\n\n\n<li><a href=\"https:\/\/www.ubu.com\/\">UbuWeb<\/a> : Site web anglophone d&rsquo;avant-garde, fond\u00e9 en novembre 1996 et maintenu jusqu&rsquo;en 2024 par le po\u00e8te et critique musical Kenneth Goldsmith.<\/li>\n\n\n\n<li><a href=\"https:\/\/videomuseum.fr\/fr\">Videomuseum<\/a> : Base de donn\u00e9es du R\u00e9seau des collections publiques d\u2019art moderne et contemporain : mus\u00e9es nationaux, Cnap, Frac, fondations.<\/li>\n<\/ul>\n\n\n\n<hr class=\"wp-block-separator has-alpha-channel-opacity\"\/>\n\n\n\n<h2 class=\"wp-block-heading\">Arts d\u00e9coratifs \/ design \/ arts appliqu\u00e9s<\/h2>\n\n\n\n<ul class=\"wp-block-list\">\n<li><a href=\"https:\/\/about.proquest.com\/en\/products-services\/daai-set-c\/\">Design and applied Arts Index<\/a> [DAAI] : Base de donn\u00e9es sur tous les aspects du design et de l&rsquo;artisanat.<\/li>\n\n\n\n<li><a href=\"https:\/\/www.lescollectionsdesign.fr\/\">Les Collections Design<\/a> : Base de donn\u00e9es sur les objets et mobiliers des XXe et XXIe si\u00e8cles dans les collections publiques fran\u00e7aises).<\/li>\n<\/ul>\n\n\n\n<hr class=\"wp-block-separator has-alpha-channel-opacity\"\/>\n\n\n\n<h2 class=\"wp-block-heading\">Arts du spectacle<\/h2>\n\n\n\n<ul class=\"wp-block-list\">\n<li><a href=\"https:\/\/actions-recherche.bnf.fr\/bnf\/anirw3.nsf\/IX01\/A2013000317_repertoire-des-collections-sur-les-arts-du-spectacle-conservees-en-france\">R\u00e9pertoire des arts du spectacle<\/a> : Base de donn\u00e9es recensant les ressources sur les arts du spectacle conserv\u00e9es en France.<\/li>\n<\/ul>\n\n\n\n<hr class=\"wp-block-separator has-alpha-channel-opacity\"\/>\n\n\n\n<h2 class=\"wp-block-heading\">Cin\u00e9ma<\/h2>\n\n\n\n<ul class=\"wp-block-list\">\n<li>Archives fran\u00e7aises du film : Service charg\u00e9 de la gestion des collections de <a href=\"https:\/\/fr.wikipedia.org\/wiki\/Cin%C3%A9ma\">films<\/a> confi\u00e9es \u00e0 l&rsquo;<a href=\"https:\/\/fr.wikipedia.org\/wiki\/%C3%89tat_en_France\">\u00c9tat fran\u00e7ais<\/a>.<\/li>\n\n\n\n<li><a href=\"http:\/\/www.cineressources.net\/recherche_t.php\">Cin\u00e9-Ressources<\/a> : Catalogue collectif des biblioth\u00e8ques et archives de cin\u00e9ma fran\u00e7ais administr\u00e9 par la Cin\u00e9math\u00e8que fran\u00e7aise.<\/li>\n\n\n\n<li><a href=\"https:\/\/www.film-documentaire.fr\/\">Film-documentaire.fr<\/a> : Plateforme de recherche et d&rsquo;information du film documentaire.<\/li>\n\n\n\n<li><a href=\"https:\/\/about.proquest.com\/en\/subjects\/the-arts\/film-studies\/\">ProQuest Film Studies<\/a> : Plateforme consacr\u00e9e aux ressources sp\u00e9cialis\u00e9es en \u00e9tudes cin\u00e9matographiques.<\/li>\n<\/ul>\n\n\n\n<hr class=\"wp-block-separator has-alpha-channel-opacity\"\/>\n\n\n\n<h2 class=\"wp-block-heading\">Collections<\/h2>\n\n\n\n<ul class=\"wp-block-list\">\n<li><a href=\"https:\/\/corpus.louvre.fr\/s\/catalogue-des-ceramiques-coptes-du-musee-du-louvre-base-clemence-neyret\/page\/accueil\">Base Cl\u00e9mence Neyret<\/a> : Corpus Louvre &#8211; Catalogue en ligne des c\u00e9ramiques coptes du mus\u00e9e du Louvre.<\/li>\n\n\n\n<li><a href=\"https:\/\/www.louvre.fr\/recherche-et-conservation\/vie-des-projets\/base-des-antiquaires-demotte-fonds-photographique\">Base photographique des collections Demotte<\/a> : Corpus Louvre &#8211; Base consacr\u00e9e au fonds photographique des antiquaires Demotte.<\/li>\n\n\n\n<li><a href=\"https:\/\/corpus.louvre.fr\/s\/la-fayette\/page\/accueil\">Catalogue La Fayette<\/a> : Corpus Louvre &#8211; Base des \u0153uvres am\u00e9ricaines [1620-1940]dans les collections publiques fran\u00e7aises.<\/li>\n\n\n\n<li><a href=\"https:\/\/www.culture.gouv.fr\/thematiques\/musees\/Les-musees-en-France\/les-collections-des-musees-de-france\/joconde-catalogue-collectif-des-collections-des-musees-de-france\">Joconde<\/a> : Catalogue collectif des collections des mus\u00e9es de France, accessible depuis 2019 sur la <a href=\"https:\/\/www.pop.culture.gouv.fr\/search\/list?base=%5B%22Collections%20des%20mus%C3%A9es%20de%20France%20%28Joconde%29%22%5D\">plateforme ouverte du patrimoine, POP<\/a>.<\/li>\n\n\n\n<li><a href=\"https:\/\/memoirevive.besancon.fr\/\">M\u00e9moire vive<\/a> : Site d\u00e9di\u00e9 au patrimoine num\u00e9ris\u00e9 de Besan\u00e7on.<\/li>\n\n\n\n<li><a href=\"https:\/\/www.culture.gouv.fr\/fr\/espace-documentation\/bases-de-donnees\/Fiches-bases-de-donnees\/merimee-une-base-de-donnees-du-patrimoine-monumental-francais-de-la-prehistoire-a-nos-jours\">M\u00e9rim\u00e9e<\/a> : Base de donn\u00e9es sur le patrimoine architectural fran\u00e7ais.<\/li>\n\n\n\n<li><a href=\"https:\/\/www.culture.gouv.fr\/fr\/espace-documentation\/bases-de-donnees\/Fiches-bases-de-donnees\/palissy-un-recensement-du-patrimoine-mobilier-francais-de-la-prehistoire-a-nos-jours\">Palissy<\/a> : Base de donn\u00e9es sur le patrimoine mobilier fran\u00e7ais de la pr\u00e9histoire \u00e0 nos jours.<\/li>\n<\/ul>\n\n\n\n<hr class=\"wp-block-separator has-alpha-channel-opacity\"\/>\n\n\n\n<h2 class=\"wp-block-heading\">Conservation<\/h2>\n\n\n\n<ul class=\"wp-block-list\">\n<li><a href=\"https:\/\/bcin.info\/vufind\/\">Bibliographic Database of the conservation information network<\/a> [BCIN]: Base de donn\u00e9es bibliographique sur la conservation du patrimoine culturel.<\/li>\n\n\n\n<li><a href=\"https:\/\/cameo.mfa.org\/wiki\/Main_Page\">Conservation and Art Materials Encyclopedia Online<\/a> [CAMEO] : Encyclop\u00e9die en ligne sur la conservation et les mat\u00e9riaux d&rsquo;art.<\/li>\n<\/ul>\n\n\n\n<hr class=\"wp-block-separator has-alpha-channel-opacity\"\/>\n\n\n\n<h2 class=\"wp-block-heading\">Critique d&rsquo;art<\/h2>\n\n\n\n<ul class=\"wp-block-list\">\n<li><a href=\"https:\/\/calames.abes.fr\/pub\/#details?id=FileId-4135\">Base des fonds d&rsquo;archives ACA<\/a> : Base de donn\u00e9es des fonds d&rsquo;archives de la collection des Archives de la critique d\u2019art.<\/li>\n\n\n\n<li><a href=\"https:\/\/www.archivesdelacritiquedart.org\/auteur?filter=A\">R\u00e9pertoire des critiques d&rsquo;art<\/a> : Biographies et bibliographies des auteurs ayant un fonds d\u2019\u00e9crits aux Archives de la critique d\u2019art.<\/li>\n<\/ul>\n\n\n\n<hr class=\"wp-block-separator has-alpha-channel-opacity\"\/>\n\n\n\n<h2 class=\"wp-block-heading\">Femmes artistes<\/h2>\n\n\n\n<ul class=\"wp-block-list\">\n<li><a href=\"https:\/\/awarewomenartists.com\/\">Aware<\/a> : Base de donn\u00e9es sur les femmes artistes du XVII<sup>e<\/sup> au XXI<sup>e <\/sup>si\u00e8cle.<\/li>\n<\/ul>\n\n\n\n<hr class=\"wp-block-separator has-alpha-channel-opacity\"\/>\n\n\n\n<h2 class=\"wp-block-heading\">Iconographie<\/h2>\n\n\n\n<ul class=\"wp-block-list\">\n<li><a href=\"https:\/\/art.rmngp.fr\/fr\">Art-RMNGP<\/a> [R\u00e9union des Mus\u00e9es Nationaux &#8211; Grand Palais] : Base d&rsquo;images et de donn\u00e9es d\u2019\u0153uvres d&rsquo;art des mus\u00e9es fran\u00e7ais.<\/li>\n\n\n\n<li><a href=\"https:\/\/www.jstor.org\/images#artstor-collections\">Artstor <\/a>: Base de donn\u00e9es iconographique de la plateforme Jstor.<\/li>\n\n\n\n<li><a href=\"https:\/\/initiale.irht.cnrs.fr\/\">Initiale<\/a> : Catalogue de manuscrits enlumin\u00e9s du Moyen \u00c2ge hors BnF.<\/li>\n\n\n\n<li><a href=\"https:\/\/mandragore.bnf.fr\/html\/accueil.html\">Mandragore<\/a> : Base iconographique pour les manuscrits de la BnF.<\/li>\n\n\n\n<li><a href=\"https:\/\/pop.culture.gouv.fr\/\">Plateforme ouverte du patrimoine<\/a> [POP] : Plateforme des contenus num\u00e9riques du patrimoine fran\u00e7ais agr\u00e9geant les bases de donn\u00e9es Joconde \/ M\u00e9rim\u00e9e \/ Palissy \/ MNR-Rose Valland \/ M\u00e9moire \/ Enluminures.<\/li>\n\n\n\n<li><a href=\"https:\/\/prometheus-bildarchiv.de\/\">Prometheus<\/a> : Banque d&rsquo;images allemande con\u00e7ue par l&rsquo;Institut d&rsquo;histoire de l&rsquo;art de l&rsquo;Universit\u00e9 de Cologne.<\/li>\n\n\n\n<li><a href=\"https:\/\/theindex.princeton.edu\/\">The index of medieval art<\/a> : Base d\u2019iconographie sur l\u2019art m\u00e9di\u00e9val.<\/li>\n\n\n\n<li><a href=\"https:\/\/videomuseum.fr\/fr\">Videomuseum<\/a> : Base de donn\u00e9es du R\u00e9seau des collections publiques d\u2019art moderne et contemporain : mus\u00e9es nationaux, Cnap, Frac, fondations.<\/li>\n\n\n\n<li><a href=\"https:\/\/www.vads.ac.uk\/\">Visual Arts Data Service<\/a> [VADS] : Base d&rsquo;images provenant de collections d&rsquo;art et de design du Royaume-Uni.<\/li>\n<\/ul>\n\n\n\n<hr class=\"wp-block-separator has-alpha-channel-opacity\"\/>\n\n\n\n<h2 class=\"wp-block-heading\">M\u00e9diation &#8211; Ressources p\u00e9dagogiques<\/h2>\n\n\n\n<ul class=\"wp-block-list\">\n<li><a href=\"https:\/\/histoiredesarts.culture.gouv.fr\/\">Histoire des arts<\/a> : Portail ressemblant des ressources gratuites autour de l\u2019histoire des arts destin\u00e9 aux acteurs \u00e9ducatifs et au grand public.<\/li>\n\n\n\n<li><a href=\"https:\/\/histoire-image.org\/\">Histoire par l&rsquo;image<\/a> : Site permettant de d\u00e9crypter l&rsquo;histoire au travers des collections des mus\u00e9es.<\/li>\n\n\n\n<li><a href=\"https:\/\/www.preac-artcontemporain.fr\/\">PREAC Art contemporain<\/a> : P\u00f4le de ressources pour l&rsquo;\u00e9ducation artistique et culturelle en art contemporain.<\/li>\n\n\n\n<li><a href=\"https:\/\/monoskop.org\/Monoskop\">Monoskop<\/a> : Wiki consacr\u00e9s aux arts fond\u00e9 par l&rsquo;artiste Dusan Barok.<\/li>\n\n\n\n<li><a href=\"https:\/\/museo.app\/\">Museo<\/a> : Moteur de recherche visuel consacr\u00e9 aux \u0153uvres de l&rsquo;Art Institute of Chicago, du Rijksmuseum, de l&rsquo;Harvard Art Museums, du Minneapolis Institute of Art, du Cleveland Museum of art et de la New York Public Library.<\/li>\n\n\n\n<li><a href=\"https:\/\/panoramadelart.com\/\">Panorama de l&rsquo;art<\/a> : Site p\u00e9dagogique sur l&rsquo;histoire de l&rsquo;art, de la pr\u00e9histoire jusqu&rsquo;\u00e0 l&rsquo;art moderne con\u00e7u par le Grand Palais RMN.<\/li>\n\n\n\n<li><a href=\"https:\/\/smarthistory.org\/\">Smart history<\/a> : Ressources [audio, vid\u00e9o et essais] pour l&rsquo;\u00e9tude de l&rsquo;histoire de l&rsquo;art cr\u00e9\u00e9e par les historiens de l&rsquo;art Beth Harris et Steven Zucker.<\/li>\n<\/ul>\n\n\n\n<hr class=\"wp-block-separator has-alpha-channel-opacity\"\/>\n\n\n\n<h2 class=\"wp-block-heading\">M\u00e9moires<\/h2>\n\n\n\n<ul class=\"wp-block-list\">\n<li><a href=\"https:\/\/www.archires.archi.fr\/widget\/render-menu-entry\/parent\/5\/menu_profil\/1\/menu\/77\/id_profil\/\">ArchiR\u00e8s<\/a> : Portail documentaires des \u00e9coles d&rsquo;architecture permettant la consultation en ligne de m\u00e9moires \u00e9tudiants.<\/li>\n\n\n\n<li><a href=\"https:\/\/www.bsad.eu\/index.php?search_type_asked=extended_search&amp;onglet_persopac=2&amp;limitsearch=0\">Base sp\u00e9cialis\u00e9e Art &amp; Design<\/a> [BSAD] : Site du r\u00e9seau BEAR des biblioth\u00e8ques d&rsquo;\u00e9coles d&rsquo;art incluant un moteur de recherche pour les m\u00e9moires \u00e9tudiants en art et design.<\/li>\n\n\n\n<li><a href=\"https:\/\/dumas.ccsd.cnrs.fr\/\">D\u00e9p\u00f4t universitaire de m\u00e9moires apr\u00e8s soutenance<\/a> [DUMAS]: Portail d&rsquo;archives ouvertes de m\u00e9moires d&rsquo;\u00e9tudiants \u00e0 partir de BAC+4, valid\u00e9s par un jury.<\/li>\n\n\n\n<li><a href=\"https:\/\/www.inp.fr\/bibliotheques-mediatheque-numerique\/memoires-rapports-detude\">Institut national du patrimoine<\/a> [INP] : Portail de l&rsquo;INP permettant la consultation de m\u00e9moires de dipl\u00f4me et rapports d&rsquo;\u00e9tude.<\/li>\n\n\n\n<li><a href=\"https:\/\/www.inha.fr\/recherche\/donnees-recherche\/base-de-donnees\/travaux-de-recherche-en-histoire-de-lart-et-archeologie-trhaa\/\">Travaux de recherche en histoire de l&rsquo;art et d&rsquo;arch\u00e9ologie <\/a>[TRHAA]: Base de donn\u00e9es recensant l\u2019ensemble des travaux soutenus en histoire de l\u2019art et en arch\u00e9ologie \u00e0 partir du master.<\/li>\n<\/ul>\n\n\n\n<hr class=\"wp-block-separator has-alpha-channel-opacity\"\/>\n\n\n\n<h2 class=\"wp-block-heading\">Photographie<\/h2>\n\n\n\n<ul class=\"wp-block-list\">\n<li><a href=\"https:\/\/www.culture.gouv.fr\/fr\/espace-documentation\/bases-de-donnees\/Fiches-bases-de-donnees\/arago-le-portail-de-la-photographie\">Arago<\/a> : Portail des collections de photographies conserv\u00e9es en France.<\/li>\n\n\n\n<li><a href=\"https:\/\/iconos-photo.fr\/\">Iconos photo<\/a> : R\u00e9pertoire des collections et archives du patrimoine photographique fran\u00e7ais con\u00e7u par la Soci\u00e9t\u00e9 fran\u00e7aise de photographie.<\/li>\n\n\n\n<li><a href=\"https:\/\/pharosartresearch.org\/\">Pharos<\/a> [The international consortium of photo archives]: Plateforme de recherche num\u00e9rique permettant un acc\u00e8s aux images d&rsquo;archives photographiques documentant des \u0153uvres d&rsquo;art, de l&rsquo;architecture et l&rsquo;histoire de la photographie.<br><\/li>\n<\/ul>\n\n\n\n<hr class=\"wp-block-separator has-alpha-channel-opacity\"\/>\n\n\n\n<h2 class=\"wp-block-heading\">Provenance<\/h2>\n\n\n\n<ul class=\"wp-block-list\">\n<li><a href=\"https:\/\/agorha.inha.fr\/database\/76\">R\u00e9pertoire des acteurs du march\u00e9 de l&rsquo;art en France sous l&rsquo;Occupation<\/a> [RAMA]: Ressource num\u00e9rique sur les figures cl\u00e9s du march\u00e9 de l\u2019art en France entre 1940 et 1945 compl\u00e9t\u00e9e par une cartographie.<\/li>\n<\/ul>\n\n\n\n<hr class=\"wp-block-separator has-alpha-channel-opacity\"\/>\n\n\n\n<h2 class=\"wp-block-heading\">Salons et expositions<\/h2>\n\n\n\n<ul class=\"wp-block-list\">\n<li><a href=\"https:\/\/salons.musee-orsay.fr\/\">Base salons<\/a> : Base de donn\u00e9es sur les Salons et exposition de groupes en France de 1673 \u00e0 1914. <\/li>\n\n\n\n<li><a href=\"https:\/\/www.bnf.fr\/fr\/salons-et-expositions-artistiques\">Guide de recherche Bnf Salons et expositions artistiques<\/a> : quatre m\u00e9mos de recherche \u00ab Chercher &amp; trouver \u00bb sur les Salons et expositions artistiques en France abordant le Salon officiel et ses h\u00e9ritiers, les nouveaux salons, expositions-manifestes, biennales et foires, la critique d&rsquo;art aux salons et galeries et mus\u00e9es<\/li>\n<\/ul>\n\n\n\n<hr class=\"wp-block-separator has-alpha-channel-opacity\"\/>\n\n\n\n<h2 class=\"wp-block-heading\">Sculpture<\/h2>\n\n\n\n<ul class=\"wp-block-list\">\n<li><a href=\"https:\/\/anosgrandshommes.musee-orsay.fr\/\">A nos grands hommes<\/a> : Site internet consacr\u00e9 \u00e0 la statuaire publique de la Renaissance \u00e0 1945.<\/li>\n\n\n\n<li><a href=\"https:\/\/sculptures-polychromes.musee-orsay.fr\/\">R\u00e9pertoire des sculptures polychromes dans les collections publiques fran\u00e7aises 1848 &#8211; 1916<\/a> : Site internet consacr\u00e9 \u00e0 la sculpture polychromecr\u00e9\u00e9es entre 1848 et 1916.<\/li>\n\n\n\n<li><a href=\"https:\/\/sculpturo.huma-num.fr\/\">Sculpturo<\/a> : Plateforme de recherche sur sculpture romaine.<\/li>\n<\/ul>\n\n\n\n<hr class=\"wp-block-separator has-alpha-channel-opacity\"\/>\n\n\n\n<h2 class=\"wp-block-heading\">Th\u00e8ses<\/h2>\n\n\n\n<ul class=\"wp-block-list\">\n<li><a href=\"https:\/\/hicsa.pantheonsorbonne.fr\/production\/theses-soutenues\">Centre de recherche HiCSA<\/a> [Histoire culturelle et sociale des arts] de l\u2019universit\u00e9 Paris 1 Panth\u00e9on-Sorbonne : Centre de documentation conservant les m\u00e9moires et meilleures th\u00e8ses soutenues depuis 1971.<\/li>\n\n\n\n<li><a href=\"https:\/\/theses.hal.science\/\">HAL-th\u00e8ses<\/a> [ex TEL Th\u00e8ses en ligne]: Serveur permettant l&rsquo;auto-archivage en ligne des th\u00e8ses de doctorat et habilitations \u00e0 diriger des recherches [HDR].<\/li>\n\n\n\n<li><a href=\"https:\/\/ndltd.org\/\">NDLTD<\/a> [Networked Digital Library of Theses and Dissertations] : Biblioth\u00e8que num\u00e9rique internationale de th\u00e8ses et m\u00e9moires \u00e9lectroniques.<\/li>\n\n\n\n<li><a href=\"https:\/\/stage-about.proquest.com\/en\/products-services\/pqdtglobal\/\">ProQuest dissertations and theses<\/a> : Base de donn\u00e9es la plus compl\u00e8te recensant des m\u00e9moires et th\u00e8ses en sciences humaines et sciences sociales des pays anglo-saxons publi\u00e9es depuis 1861.<\/li>\n\n\n\n<li><a href=\"https:\/\/www.sudoc.abes.fr\/cbs\/\">SUDOC<\/a> : Catalogue collectif signalant les th\u00e8ses depuis 1972 poss\u00e9d\u00e9es par les biblioth\u00e8ques de l\u2019enseignement sup\u00e9rieur et de la recherche.<\/li>\n\n\n\n<li><a href=\"https:\/\/bibnum.chartes.psl.eu\/s\/thenca\/page\/accueil\">THenc@ <\/a>: Site recensant les th\u00e8ses et position de th\u00e8ses des \u00e9l\u00e8ves de l\u2019\u00c9cole nationale des chartes soutenues depuis 1849.<\/li>\n\n\n\n<li><a href=\"https:\/\/theses.fr\/?domaine=theses\">Theses.fr<\/a> : Moteur de recherche des th\u00e8ses fran\u00e7aises<\/li>\n\n\n\n<li><a href=\"https:\/\/agorha.inha.fr\/database\/58\">Travaux de recherche en histoire de l&rsquo;art et d&rsquo;arch\u00e9ologie<\/a> [TRHAA]: Base de donn\u00e9es recensant l\u2019ensemble des travaux soutenus en histoire de l\u2019art et en arch\u00e9ologie \u00e0 partir du master.<\/li>\n<\/ul>\n\n\n\n<hr class=\"wp-block-separator has-alpha-channel-opacity\"\/>\n\n\n\n<h2 class=\"wp-block-heading\">Ventes aux ench\u00e8res<\/h2>\n\n\n\n<ul class=\"wp-block-list\">\n<li><a href=\"https:\/\/www.artnet.fr\/\">Artnet<\/a> : Plateforme en ligne destin\u00e9e au march\u00e9 international de l&rsquo;art permettant de suivre les r\u00e9sultats des ventes aux ench\u00e8res d&rsquo;\u0153uvres d\u2019art, les artistes et leur cote.<\/li>\n\n\n\n<li><a href=\"https:\/\/www.artkhade.com\/fr\">Artkhade<\/a> : Base de donn\u00e9es de r\u00e9f\u00e9rence du march\u00e9 des arts anciens d\u2019Afrique, d\u2019Asie, d\u2019Oc\u00e9anie et des Am\u00e9riques.<\/li>\n\n\n\n<li><a href=\"https:\/\/fr.artprice.com\/\">Artprice<\/a> : Base de donn\u00e9es fran\u00e7aise sur le march\u00e9 de l\u2019art contemporain et veille sur les ventes de plus de 4 500 maisons de vente dans le monde.<\/li>\n<\/ul>\n\n\n\n<hr class=\"wp-block-separator has-alpha-channel-opacity\"\/>\n\n\n\n<div class=\"wp-block-group alignfull has-global-padding is-layout-constrained wp-container-core-group-is-layout-54af5b55 wp-block-group-is-layout-constrained\" style=\"margin-top:0;margin-bottom:0;padding-top:var(--wp--preset--spacing--60);padding-bottom:var(--wp--preset--spacing--60)\">\n<h2 class=\"wp-block-heading alignwide has-text-align-center has-x-large-font-size\">Parcourir les autres guides th\u00e9matiques<\/h2>\n\n\n\n<div class=\"wp-block-buttons alignwide has-custom-font-size has-medium-font-size is-content-justification-center is-layout-flex wp-container-core-buttons-is-layout-c124d1c4 wp-block-buttons-is-layout-flex\">\n<div class=\"wp-block-button\"><a class=\"wp-block-button__link wp-element-button\" href=\"https:\/\/portail.reseaubibart.inha.fr\/?page_id=390\">R\u00e9f\u00e9rences<\/a><\/div>\n\n\n\n<div class=\"wp-block-button\"><a class=\"wp-block-button__link wp-element-button\" href=\"https:\/\/portail.reseaubibart.inha.fr\/?page_id=398\">Biblioth\u00e8ques num\u00e9riques<\/a><\/div>\n\n\n\n<div class=\"wp-block-button\"><a class=\"wp-block-button__link wp-element-button\" href=\"https:\/\/portail.reseaubibart.inha.fr\/?page_id=401\">Autres ressources<\/a><\/div>\n<\/div>\n\n\n\n<p class=\"has-text-align-center has-medium-font-size\"><\/p>\n<\/div>\n","protected":false},"excerpt":{"rendered":"<p>D\u00e9couvrez notre s\u00e9lection de bases de donn\u00e9es sp\u00e9cialis\u00e9es propos\u00e9e par les biblioth\u00e9caires du r\u00e9seau Arch\u00e9ologie Architecture Art \u00e0 l&rsquo;\u00e9tranger Art contemporain Arts d\u00e9coratifs \/ design \/ arts appliqu\u00e9s Arts du spectacle Cin\u00e9ma Collections Conservation Critique d&rsquo;art Femmes artistes Iconographie M\u00e9diation &#8211; Ressources p\u00e9dagogiques M\u00e9moires Photographie Provenance Salons et expositions Sculpture Th\u00e8ses Ventes aux ench\u00e8res Parcourir [&hellip;]<\/p>\n","protected":false},"author":1,"featured_media":0,"parent":382,"menu_order":1,"comment_status":"closed","ping_status":"closed","template":"","meta":{"footnotes":""},"class_list":["post-394","page","type-page","status-publish","hentry"],"_links":{"self":[{"href":"https:\/\/portail.reseaubibart.inha.fr\/index.php?rest_route=\/wp\/v2\/pages\/394","targetHints":{"allow":["GET"]}}],"collection":[{"href":"https:\/\/portail.reseaubibart.inha.fr\/index.php?rest_route=\/wp\/v2\/pages"}],"about":[{"href":"https:\/\/portail.reseaubibart.inha.fr\/index.php?rest_route=\/wp\/v2\/types\/page"}],"author":[{"embeddable":true,"href":"https:\/\/portail.reseaubibart.inha.fr\/index.php?rest_route=\/wp\/v2\/users\/1"}],"replies":[{"embeddable":true,"href":"https:\/\/portail.reseaubibart.inha.fr\/index.php?rest_route=%2Fwp%2Fv2%2Fcomments&post=394"}],"version-history":[{"count":98,"href":"https:\/\/portail.reseaubibart.inha.fr\/index.php?rest_route=\/wp\/v2\/pages\/394\/revisions"}],"predecessor-version":[{"id":4620,"href":"https:\/\/portail.reseaubibart.inha.fr\/index.php?rest_route=\/wp\/v2\/pages\/394\/revisions\/4620"}],"up":[{"embeddable":true,"href":"https:\/\/portail.reseaubibart.inha.fr\/index.php?rest_route=\/wp\/v2\/pages\/382"}],"wp:attachment":[{"href":"https:\/\/portail.reseaubibart.inha.fr\/index.php?rest_route=%2Fwp%2Fv2%2Fmedia&parent=394"}],"curies":[{"name":"wp","href":"https:\/\/api.w.org\/{rel}","templated":true}]}}