{"id":401,"date":"2025-03-13T16:03:24","date_gmt":"2025-03-13T15:03:24","guid":{"rendered":"https:\/\/bibart.inha.fr\/?page_id=401"},"modified":"2025-11-19T17:16:14","modified_gmt":"2025-11-19T16:16:14","slug":"autres-ressources-en-ligne","status":"publish","type":"page","link":"https:\/\/portail.reseaubibart.inha.fr\/?page_id=401","title":{"rendered":"Autres ressources en ligne"},"content":{"rendered":"\n<p class=\"has-accent-5-background-color has-background has-medium-font-size\"><em>D\u00e9couvrez notre s\u00e9lection de ressources en ligne de r\u00e9f\u00e9rence propos\u00e9e par les biblioth\u00e9caires du r\u00e9seau<\/em>.<\/p>\n\n\n\n\n\n<hr class=\"wp-block-separator has-alpha-channel-opacity\"\/>\n\n\n\n<h2 class=\"wp-block-heading\">Art imprim\u00e9 et micro-\u00e9dition<\/h2>\n\n\n\n<ul class=\"wp-block-list\">\n<li><a href=\"https:\/\/www.centredelagravure.be\/\">Centre de la gravure et de l&rsquo;image imprim\u00e9e de la F\u00e9d\u00e9ration Wallonie-Bruxelles<\/a> : Mus\u00e9e \/ Centre d\u2019art d\u00e9di\u00e9 \u00e0 l\u2019art imprim\u00e9<\/li>\n\n\n\n<li><a href=\"https:\/\/cneai.com\/\">Centre National de l&rsquo;Edition et de l&rsquo;Art Imprim\u00e9 \u00e0 Paris<\/a> [CNEAI]:  Centre d\u2019art contemporain avec un focus sur l\u2019image contemporaine et l\u2019\u00e9dition. I<\/li>\n\n\n\n<li><a href=\"https:\/\/www.fanzino.org\/presentation\/presentation\/#enpratique\">Fanzinoth\u00e8que de Poitiers<\/a> : Centre de documentation sp\u00e9cialis\u00e9, d\u00e9di\u00e9 aux formes d\u2019expression des cultures de marge au moyen de la micro-\u00e9dition, de l\u2019\u00e9dition dite alternative.<\/li>\n\n\n\n<li><a href=\"https:\/\/www.graphzines.net\/\">Graphzines<\/a> : Biblioth\u00e8que en ligne d&rsquo;un collectionneur de graphzines, de livres d&rsquo;artistes et autres publications alternatives des 80&rsquo;s \u00e0 aujourd&rsquo;hui.<\/li>\n\n\n\n<li><a href=\"https:\/\/www.illustrissimo.fr\/\">Illustrissimo<\/a> : Site pr\u00e9sentant une large s\u00e9lection d&rsquo;illustrateurs europ\u00e9ens.<\/li>\n<\/ul>\n\n\n\n<hr class=\"wp-block-separator has-alpha-channel-opacity\"\/>\n\n\n\n<h2 class=\"wp-block-heading\">Audio<\/h2>\n\n\n\n<ul class=\"wp-block-list\">\n<li><strong>Podcasts de l&rsquo;INHA<\/strong>  (\u00ab\u00a0<em>La recherche \u00e0 l\u2019\u0153uvre<\/em>\u00ab\u00a0) <a href=\"https:\/\/www.inha.fr\/actualites\/la-recherche-a-loeuvre-le-podcast-de-linha-saison-1\/\">saison 1<\/a> \/ <a href=\"https:\/\/www.inha.fr\/actualites\/la-recherche-a-loeuvre-le-podcast-de-linha-saison-2\/\">saison 2<\/a> \/ <a href=\"https:\/\/www.inha.fr\/actualites\/la-recherche-a-loeuvre-le-podcast-de-linha-saison-3\/\">saison 3<\/a> \/ <a href=\"https:\/\/www.inha.fr\/actualites\/la-recherche-a-loeuvre-le-podcast-de-linha-saison-4\/\">saison 4<\/a><\/li>\n\n\n\n<li><a href=\"https:\/\/artaufeminin.fr\/podcasts\/\">Podcasts \u00ab\u00a0Art au f\u00e9minin\u00a0\u00bb<\/a><\/li>\n\n\n\n<li><a href=\"https:\/\/www.louvre.fr\/louvreplus\/podcasts\">Podcasts du mus\u00e9e du Louvre<\/a><\/li>\n\n\n\n<li><a href=\"https:\/\/www.musee-orsay.fr\/fr\/magazine\/podcasts\">Podcasts du mus\u00e9e d&rsquo;Orsay<\/a><\/li>\n\n\n\n<li><a href=\"https:\/\/www.grandpalais.fr\/fr\/magazine\/lhistoire-du-monument-au-creux-de-vos-oreilles-ecoutez-lecho-du-grand-palais\">Podcasts du Grand Palais<\/a><\/li>\n\n\n\n<li><a href=\"https:\/\/www.getty.edu\/podcasts\/\">Podcasts du Getty<\/a><\/li>\n<\/ul>\n\n\n\n<hr class=\"wp-block-separator has-alpha-channel-opacity\"\/>\n\n\n\n<h2 class=\"wp-block-heading\">Catalogues raisonn\u00e9s d&rsquo;artistes<\/h2>\n\n\n\n<h3 class=\"wp-block-heading\">S\u00e9lection de catalogues raisonn\u00e9s d&rsquo;artistes en ligne<\/h3>\n\n\n\n<ul class=\"wp-block-list\">\n<li><a href=\"https:\/\/www.estampesbergman.eu\/\">Bergman Anna-Eva <\/a><\/li>\n\n\n\n<li><a href=\"http:\/\/janbrueghel.net\/\">Brueghel Jan Complete Catalog<\/a><\/li>\n\n\n\n<li><a href=\"https:\/\/catalogue.danielburen.com\/pages\/5\">Buren Daniel<\/a> <\/li>\n\n\n\n<li><a href=\"https:\/\/www.polbury.org\/le-catalogue-raisonne-digital\">Bury Pol<\/a> <\/li>\n\n\n\n<li><a href=\"https:\/\/www.cezannecatalogue.com\/\">C\u00e9zanne Paul <\/a><\/li>\n\n\n\n<li><a href=\"https:\/\/www.olivierdebre-catalogueraisonne.com\/\">Debr\u00e9 Olivier<\/a><\/li>\n\n\n\n<li><a href=\"https:\/\/helenedelprat.dcr.arteia.com\/\">Delprat H\u00e9l\u00e8ne<\/a> <\/li>\n\n\n\n<li><a href=\"https:\/\/hanshartung.com\/\">Hartung Hans<\/a><\/li>\n\n\n\n<li><a href=\"https:\/\/www.jean-helion.fr\/catalogue-raisonne\/\">H\u00e9lion Jean<\/a><\/li>\n\n\n\n<li><a href=\"https:\/\/picasso.shsu.edu\/\">Picasso Pablo<\/a> (Online Picasso Project)<\/li>\n\n\n\n<li><a href=\"https:\/\/webmuseo.com\/ws\/tal-coat\/app\/collection\/expo\/69\">Tal Coat Pierre<\/a><\/li>\n<\/ul>\n\n\n\n<h3 class=\"wp-block-heading\">R\u00e9pertoires de r\u00e9f\u00e9rences des catalogues raisonn\u00e9s d&rsquo;artistes<\/h3>\n\n\n\n<ul class=\"wp-block-list\">\n<li><a href=\"https:\/\/www.culture.gouv.fr\/fr\/thematiques\/musees\/Les-musees-en-France\/les-collections-des-musees-de-france\/decouvrir-les-collections\/catalogues-raisonnes-numeriques-d-artistes\">Catalogues raisonn\u00e9s num\u00e9riques d&rsquo;artistes<\/a> : Site du minist\u00e8re de la Culture offrant un panorama exhaustif des catalogues raisonn\u00e9es num\u00e9riques d&rsquo;artistes<\/li>\n\n\n\n<li><a href=\"https:\/\/www.catalogueraisonne.org\/\">Catalogue Raisonn\u00e9 Scholars Association<\/a> [CRSA] : Portail de l&rsquo;association des chercheurs en catalogue raisonn\u00e9 fond\u00e9e en 1993. <\/li>\n\n\n\n<li><a href=\"https:\/\/printcouncil.org\/search\/\">Index to print catalogues raisonn\u00e9<\/a> : Site de r\u00e9f\u00e9rence r\u00e9pertoriant les catalogues raisonn\u00e9s imprim\u00e9s de l&rsquo;American print council.<\/li>\n\n\n\n<li>International Foundation of Art Research [IFAR] : R\u00e9pertoire des catalogues raisonn\u00e9s de l\u2019International Foundation for Art Research (<em>Service arr\u00eat\u00e9 en 2025 en attente de migration des donn\u00e9es<\/em>).<\/li>\n<\/ul>\n\n\n\n<hr class=\"wp-block-separator has-alpha-channel-opacity\"\/>\n\n\n\n<h2 class=\"wp-block-heading\">Ebooks<\/h2>\n\n\n\n<ul class=\"wp-block-list\">\n<li><a href=\"https:\/\/www.artbookmagazine.com\/fr\">Art Book Magazine<\/a><\/li>\n\n\n\n<li><a href=\"https:\/\/www.casalini.it\/digital_library.asp\">Casalini<\/a><\/li>\n\n\n\n<li><a href=\"https:\/\/icaa.mfah.org\/s\/en\/page\/publications\">International center for the arts of the Americas at the museum of fine arts Houston<\/a> [ICAA]<\/li>\n\n\n\n<li><a href=\"https:\/\/www.metmuseum.org\/met-publications\">Metropolitan Museum of New York<\/a> [MET New York]<\/li>\n\n\n\n<li><a href=\"https:\/\/bibliotecadigital.museodelprado.es\/pradobib\/es\/home\/home.do\">Mus\u00e9e du Prado Madrid<\/a><\/li>\n\n\n\n<li><a href=\"https:\/\/www.naimaeditions.com\/categorie\/media\/livre-numerique\/\">NAIMA Digital art publishing<\/a><\/li>\n<\/ul>\n\n\n\n<hr class=\"wp-block-separator has-alpha-channel-opacity\"\/>\n\n\n\n<h2 class=\"wp-block-heading\">Livres d&rsquo;artistes <\/h2>\n\n\n\n<ul class=\"wp-block-list\">\n<li><a href=\"https:\/\/www.archipel-butor.fr\/\">Archipel Butor<\/a> : Portail de la biblioth\u00e8que patrimoniale d\u00e9di\u00e9e aux livres d&rsquo;artistes de Lucinges abritant la collection de Michel Butor.<\/li>\n\n\n\n<li><a href=\"https:\/\/www.bu.univ-rennes2.fr\/nous-connaitre\/bibliotheque-centrale\/cabinet-livre-dartiste\">Cabinet du livre d&rsquo;artiste de Rennes<\/a> : Fonds documentaire th\u00e9matique consacr\u00e9 aux publications d&rsquo;artistes<\/li>\n\n\n\n<li><a href=\"https:\/\/cdla.info\/about\/\">Centre des livres d&rsquo;artistes<\/a> de Saint-Yrieix-la-Perche [CDLA] : Institution d\u00e9di\u00e9e aux livres d&rsquo;artistes abritant la troisi\u00e8me collection fran\u00e7aise en importance et en qualit\u00e9.<\/li>\n\n\n\n<li><a href=\"https:\/\/edcat.net\/\">Edcat<\/a> : Catalogue pour les publications d&rsquo;art dont les livres d&rsquo;artistes. <\/li>\n\n\n\n<li><a href=\"http:\/\/www.labibliothequefantastique.net\/\">La biblioth\u00e8que Fantastique<\/a> : Structure d&rsquo;\u00e9dition de livres d\u2019artistes, dont les livres sont gratuits et t\u00e9l\u00e9chargeables sur internet. <\/li>\n\n\n\n<li><a href=\"https:\/\/nmwa.org\/learn\/library-research\/artists-books\/\">National museum of women in the arts<\/a> : Collection du mus\u00e9e comprenant plus de 1&nbsp;000 livres cr\u00e9\u00e9s par des femmes artistes dans des formats vari\u00e9s, des rouleaux et accord\u00e9ons aux codex et sculptures. <\/li>\n\n\n\n<li><a href=\"https:\/\/www.oplamerano.eu\/\">OPLA &#8211; Merano<\/a> : Centre d&rsquo;\u00e9tudes, biblioth\u00e8que et espaces d&rsquo;exposition \u00e0 Merano en Italie consacr\u00e9s aux livres d&rsquo;artistes pour enfants. <\/li>\n\n\n\n<li><a href=\"https:\/\/www.prixdulivredartiste.com\/\">Prix Bob Calle du livre d&rsquo;artiste<\/a> : Site d\u00e9di\u00e9 au prix Bob Calle pour le livre d&rsquo;artiste ayant pour objectif de c\u00e9l\u00e9brer cette forme d&rsquo;art et d&rsquo;aider \u00e0 sa reconnaissance. <\/li>\n\n\n\n<li><a href=\"https:\/\/satellites.univ-rennes2.fr\/cabinet-livre-artiste\/incertain-sens\/journal.htm\">Sans niveau ni m\u00e8tre<\/a> : Journal du Cabinet du livre d&rsquo;artiste  de Rennes<\/li>\n<\/ul>\n\n\n\n<hr class=\"wp-block-separator has-alpha-channel-opacity\"\/>\n\n\n\n<h2 class=\"wp-block-heading\">Vid\u00e9o<\/h2>\n\n\n\n<ul class=\"wp-block-list\">\n<li><a href=\"https:\/\/www.arte.tv\/fr\/videos\/RC-014311\/l-atelier-a\/\">Atelier A (Arte)<\/a>: S\u00e9rie de portraits d&rsquo;artistes en partenariat avec le R\u00e9seau Documents d&rsquo;artistes<\/li>\n\n\n\n<li><a href=\"https:\/\/doc.macval.fr\/default\/videotheque.aspx?_lg=fr-FR\">Archives audiovisuelles MAC VAL<\/a> : Archives comprenant des entretiens d&rsquo;artistes expos\u00e9s, des vid\u00e9os de pr\u00e9sentation d&rsquo;expositions, d&rsquo;accrochages de la collection et d&rsquo;\u00e9v\u00e8nements tir\u00e9s de la programmation mus\u00e9ale. <\/li>\n\n\n\n<li><a href=\"https:\/\/www.youtube.com\/channel\/UCeW2LPOgwuxLdJTLMz5sTzQ\">Cha\u00eene Youtube Art Absolument<\/a> : Vid\u00e9os d&rsquo;artistes contemporains publi\u00e9s par la revue Art Absolument<\/li>\n\n\n\n<li><a href=\"https:\/\/www.youtube.com\/channel\/UCvWtEiy6IYIJLQhIWlohhkQ\">Cha\u00eene Youtube de l&rsquo;INHA<\/a> : Vid\u00e9os de colloques, conf\u00e9rences, journ\u00e9es d&rsquo;\u00e9tudes et \u00e9v\u00e9nements organis\u00e9s par l&rsquo;Institut national d&rsquo;histoire de l&rsquo;art.<\/li>\n\n\n\n<li><a href=\"https:\/\/www.youtube.com\/channel\/UCTBakMdzW_XUlIZ7d3qz_ng\/featured\">Cha\u00eene Youtube Festival de l&rsquo;histoire de l&rsquo;art<\/a> : Vid\u00e9o des conf\u00e9rences, tables rondes ou spectacles s\u00e9lectionn\u00e9s parmi les 200 \u00e9v\u00e9nements organis\u00e9s chaque ann\u00e9e autour d&rsquo;un th\u00e8me et d&rsquo;un pays invit\u00e9.<\/li>\n\n\n\n<li><a href=\"https:\/\/www.louvre.fr\/louvreplus\/conferences?mediaType=video\">Conf\u00e9rence du Louvre<\/a> : S\u00e9lection de conf\u00e9rences capt\u00e9es \u00e0 l&rsquo;Auditorium du Louvre en lien avec l&rsquo;actualit\u00e9 des mus\u00e9es, de l&rsquo;histoire de l&rsquo;art et de la mus\u00e9ographie.<\/li>\n\n\n\n<li><a href=\"https:\/\/www.heure-exquise.org\/\">Heure exquise<\/a> : Site d\u00e9di\u00e9 \u00e0 la diffusion d&rsquo;art vid\u00e9o et de documentaires.<\/li>\n\n\n\n<li><a href=\"https:\/\/www.ubu.com\/film\/index.html\">Ubu Web<\/a> : Site web fond\u00e9 en 1996 et maintenu jusqu&rsquo;en 2024 par le po\u00e8te et critique musical <a href=\"https:\/\/fr.wikipedia.org\/wiki\/Kenneth_Goldsmith\">Kenneth Goldsmith<\/a> proposant des vid\u00e9os abordant diff\u00e9rents domaines artistiques. <\/li>\n\n\n\n<li><a href=\"https:\/\/www.vdb.org\/\">Video Data Bank<\/a> : Base de donn\u00e9es d\u00e9di\u00e9e aux \u0153uvres vid\u00e9o exp\u00e9rimentales, documentaires d&rsquo;artistes et entretiens avec des artistes visuels.<\/li>\n\n\n\n<li><a href=\"https:\/\/videoformes.com\/\">Videoformes<\/a> : Site de l&rsquo;association Vid\u00e9oformes organisatrice du festival international homonyme d\u00e9di\u00e9 \u00e0 l&rsquo;art vid\u00e9o et et aux cultures num\u00e9riques dans l&rsquo;art contemporain.<\/li>\n<\/ul>\n\n\n\n<hr class=\"wp-block-separator has-alpha-channel-opacity\"\/>\n\n\n\n<div class=\"wp-block-group alignfull has-global-padding is-layout-constrained wp-container-core-group-is-layout-54af5b55 wp-block-group-is-layout-constrained\" style=\"margin-top:0;margin-bottom:0;padding-top:var(--wp--preset--spacing--60);padding-bottom:var(--wp--preset--spacing--60)\">\n<h2 class=\"wp-block-heading alignwide has-text-align-center has-x-large-font-size\">Parcourir les autres guides th\u00e9matiques<\/h2>\n\n\n\n<div class=\"wp-block-buttons alignwide has-custom-font-size has-medium-font-size is-content-justification-center is-layout-flex wp-container-core-buttons-is-layout-c124d1c4 wp-block-buttons-is-layout-flex\">\n<div class=\"wp-block-button\"><a class=\"wp-block-button__link wp-element-button\" href=\"https:\/\/portail.reseaubibart.inha.fr\/?page_id=390\">R\u00e9f\u00e9rences<\/a><\/div>\n\n\n\n<div class=\"wp-block-button\"><a class=\"wp-block-button__link wp-element-button\" href=\"https:\/\/portail.reseaubibart.inha.fr\/?page_id=394\">Bases de donn\u00e9es sp\u00e9cialis\u00e9es<\/a><\/div>\n\n\n\n<div class=\"wp-block-button\"><a class=\"wp-block-button__link wp-element-button\" href=\"https:\/\/portail.reseaubibart.inha.fr\/?page_id=398\">Biblioth\u00e8ques num\u00e9riques<\/a><\/div>\n<\/div>\n\n\n\n<p class=\"has-text-align-center has-medium-font-size\"><\/p>\n<\/div>\n","protected":false},"excerpt":{"rendered":"<p>D\u00e9couvrez notre s\u00e9lection de ressources en ligne de r\u00e9f\u00e9rence propos\u00e9e par les biblioth\u00e9caires du r\u00e9seau. Art imprim\u00e9 et micro-\u00e9dition Audio Catalogues raisonn\u00e9s d&rsquo;artistes S\u00e9lection de catalogues raisonn\u00e9s d&rsquo;artistes en ligne R\u00e9pertoires de r\u00e9f\u00e9rences des catalogues raisonn\u00e9s d&rsquo;artistes Ebooks Livres d&rsquo;artistes Vid\u00e9o Parcourir les autres guides th\u00e9matiques<\/p>\n","protected":false},"author":1,"featured_media":0,"parent":382,"menu_order":3,"comment_status":"closed","ping_status":"closed","template":"","meta":{"footnotes":""},"class_list":["post-401","page","type-page","status-publish","hentry"],"_links":{"self":[{"href":"https:\/\/portail.reseaubibart.inha.fr\/index.php?rest_route=\/wp\/v2\/pages\/401","targetHints":{"allow":["GET"]}}],"collection":[{"href":"https:\/\/portail.reseaubibart.inha.fr\/index.php?rest_route=\/wp\/v2\/pages"}],"about":[{"href":"https:\/\/portail.reseaubibart.inha.fr\/index.php?rest_route=\/wp\/v2\/types\/page"}],"author":[{"embeddable":true,"href":"https:\/\/portail.reseaubibart.inha.fr\/index.php?rest_route=\/wp\/v2\/users\/1"}],"replies":[{"embeddable":true,"href":"https:\/\/portail.reseaubibart.inha.fr\/index.php?rest_route=%2Fwp%2Fv2%2Fcomments&post=401"}],"version-history":[{"count":25,"href":"https:\/\/portail.reseaubibart.inha.fr\/index.php?rest_route=\/wp\/v2\/pages\/401\/revisions"}],"predecessor-version":[{"id":4494,"href":"https:\/\/portail.reseaubibart.inha.fr\/index.php?rest_route=\/wp\/v2\/pages\/401\/revisions\/4494"}],"up":[{"embeddable":true,"href":"https:\/\/portail.reseaubibart.inha.fr\/index.php?rest_route=\/wp\/v2\/pages\/382"}],"wp:attachment":[{"href":"https:\/\/portail.reseaubibart.inha.fr\/index.php?rest_route=%2Fwp%2Fv2%2Fmedia&parent=401"}],"curies":[{"name":"wp","href":"https:\/\/api.w.org\/{rel}","templated":true}]}}