{"id":6,"date":"2025-03-06T14:13:11","date_gmt":"2025-03-06T13:13:11","guid":{"rendered":"https:\/\/bibart.inha.fr\/?page_id=6"},"modified":"2025-10-08T16:05:45","modified_gmt":"2025-10-08T14:05:45","slug":"accueil","status":"publish","type":"page","link":"https:\/\/portail.reseaubibart.inha.fr\/","title":{"rendered":"R\u00e9seau des biblioth\u00e8ques d&rsquo;art et d&rsquo;histoire de l&rsquo;art &#8211; R\u00e9seau BibArt"},"content":{"rendered":"\n<div class=\"wp-block-group alignfull is-style-section-5 has-global-padding is-layout-constrained wp-container-core-group-is-layout-0c9c989a wp-block-group-is-layout-constrained has-background is-style-section-5--1\" style=\"min-height:0vh;margin-top:0;margin-bottom:0;padding-top:var(--wp--preset--spacing--70);padding-right:var(--wp--preset--spacing--40);padding-bottom:var(--wp--preset--spacing--70);padding-left:var(--wp--preset--spacing--40);background-image:url(&apos;https:\/\/bibart.inha.fr\/wp-content\/uploads\/2025\/03\/0000134485_OG.jpg&apos;);background-position:54% 51%;background-size:cover;\">\n<div class=\"wp-block-group is-nowrap is-layout-flex wp-container-core-group-is-layout-6c531013 wp-block-group-is-layout-flex\">\n<p><a href=\"https:\/\/bibart.inha.fr\/wp-admin\/edit.php?post_type=page\"><\/a><\/p>\n\n\n\n<div class=\"wp-block-group has-global-padding is-layout-constrained wp-container-core-group-is-layout-346627ba wp-block-group-is-layout-constrained\">\n<p class=\"has-text-align-center\">Le r\u00e9seau des biblioth\u00e8ques d\u2019art et d\u2019histoire de l\u2019art, appel\u00e9 r\u00e9seau BibArt, est un r\u00e9seau professionnel rassemblant plus de 130 biblioth\u00e8ques sp\u00e9cialis\u00e9es en histoire de l\u2019art, patrimoine et arch\u00e9ologie. Il est compos\u00e9 de r\u00e9seaux partenaires (ArchiR\u00e8s, BEAR, RBMN) et de biblioth\u00e8ques hors r\u00e9seaux partenaires, de statuts et tutelles vari\u00e9s. Le r\u00e9seau est anim\u00e9 et pilot\u00e9 par la biblioth\u00e8que de l\u2019INHA.<\/p>\n\n\n\n<div class=\"wp-block-buttons is-content-justification-center is-layout-flex wp-container-core-buttons-is-layout-a89b3969 wp-block-buttons-is-layout-flex\">\n<div class=\"wp-block-button\"><a class=\"wp-block-button__link wp-element-button\" href=\"https:\/\/portail.reseaubibart.inha.fr\/?page_id=103\">En savoir plus<\/a><\/div>\n<\/div>\n<\/div>\n<\/div>\n<\/div>\n\n\n\n<div class=\"wp-block-group alignfull has-global-padding is-layout-constrained wp-container-core-group-is-layout-ebee8dc1 wp-block-group-is-layout-constrained\" style=\"margin-top:0;margin-bottom:0;padding-top:var(--wp--preset--spacing--50);padding-bottom:var(--wp--preset--spacing--50)\">\n<h2 class=\"wp-block-heading alignwide\">Explorer<\/h2>\n\n\n\n<div class=\"wp-block-columns alignwide is-layout-flex wp-container-core-columns-is-layout-28f84493 wp-block-columns-is-layout-flex\">\n<div class=\"wp-block-column is-layout-flow wp-block-column-is-layout-flow\">\n<figure class=\"wp-block-image size-full\"><img loading=\"lazy\" decoding=\"async\" width=\"447\" height=\"313\" src=\"https:\/\/bibart.inha.fr\/wp-content\/uploads\/2025\/06\/affiche-seminaire-2019.png\" alt=\"\" class=\"wp-image-2961\" style=\"aspect-ratio:4\/3;object-fit:cover\" srcset=\"https:\/\/portail.reseaubibart.inha.fr\/wp-content\/uploads\/2025\/06\/affiche-seminaire-2019.png 447w, https:\/\/portail.reseaubibart.inha.fr\/wp-content\/uploads\/2025\/06\/affiche-seminaire-2019-300x210.png 300w\" sizes=\"auto, (max-width: 447px) 100vw, 447px\" \/><\/figure>\n\n\n\n<h3 class=\"wp-block-heading\"><a href=\"https:\/\/portail.reseaubibart.inha.fr\/?page_id=2898\" data-type=\"page\" data-id=\"2898\">Actualit\u00e9s du r\u00e9seau<\/a><\/h3>\n\n\n\n<p class=\"has-medium-font-size\">Consultez les \u00e9v\u00e9nements du r\u00e9seau<\/p>\n<\/div>\n\n\n\n<div class=\"wp-block-column is-layout-flow wp-block-column-is-layout-flow\">\n<figure class=\"wp-block-image size-full\" style=\"margin-bottom:24px\"><img loading=\"lazy\" decoding=\"async\" width=\"2500\" height=\"1531\" src=\"https:\/\/bibart.inha.fr\/wp-content\/uploads\/2025\/03\/807.3378500023689437.56507136859785004.2620931444543062.9554995801846-1091_doucet_VO_Fra_Par_030_00000111-1.jpg\" alt=\"\" class=\"wp-image-378\" style=\"aspect-ratio:4\/3;object-fit:cover\" srcset=\"https:\/\/portail.reseaubibart.inha.fr\/wp-content\/uploads\/2025\/03\/807.3378500023689437.56507136859785004.2620931444543062.9554995801846-1091_doucet_VO_Fra_Par_030_00000111-1.jpg 2500w, https:\/\/portail.reseaubibart.inha.fr\/wp-content\/uploads\/2025\/03\/807.3378500023689437.56507136859785004.2620931444543062.9554995801846-1091_doucet_VO_Fra_Par_030_00000111-1-300x184.jpg 300w, https:\/\/portail.reseaubibart.inha.fr\/wp-content\/uploads\/2025\/03\/807.3378500023689437.56507136859785004.2620931444543062.9554995801846-1091_doucet_VO_Fra_Par_030_00000111-1-1024x627.jpg 1024w, https:\/\/portail.reseaubibart.inha.fr\/wp-content\/uploads\/2025\/03\/807.3378500023689437.56507136859785004.2620931444543062.9554995801846-1091_doucet_VO_Fra_Par_030_00000111-1-768x470.jpg 768w, https:\/\/portail.reseaubibart.inha.fr\/wp-content\/uploads\/2025\/03\/807.3378500023689437.56507136859785004.2620931444543062.9554995801846-1091_doucet_VO_Fra_Par_030_00000111-1-1536x941.jpg 1536w, https:\/\/portail.reseaubibart.inha.fr\/wp-content\/uploads\/2025\/03\/807.3378500023689437.56507136859785004.2620931444543062.9554995801846-1091_doucet_VO_Fra_Par_030_00000111-1-2048x1254.jpg 2048w\" sizes=\"auto, (max-width: 2500px) 100vw, 2500px\" \/><\/figure>\n\n\n\n<h3 class=\"wp-block-heading\"><a href=\"https:\/\/portail.reseaubibart.inha.fr\/?page_id=15\" data-type=\"page\" data-id=\"15\">R\u00e9pertoire des biblioth\u00e8ques<\/a><\/h3>\n\n\n\n<p class=\"has-medium-font-size\">Notre r\u00e9pertoire recense les biblioth\u00e8ques d&rsquo;art et d&rsquo;histoire de l&rsquo;art, par r\u00e9gion ou par r\u00e9seau partenaire.<\/p>\n<\/div>\n\n\n\n<div class=\"wp-block-column is-layout-flow wp-block-column-is-layout-flow\">\n<figure class=\"wp-block-image size-full\" style=\"margin-bottom:24px\"><img loading=\"lazy\" decoding=\"async\" width=\"2421\" height=\"2420\" src=\"https:\/\/bibart.inha.fr\/wp-content\/uploads\/2025\/03\/pexels-nurseryart-363766.jpg\" alt=\"\" class=\"wp-image-13\" style=\"aspect-ratio:4\/3;object-fit:cover\" srcset=\"https:\/\/portail.reseaubibart.inha.fr\/wp-content\/uploads\/2025\/03\/pexels-nurseryart-363766.jpg 2421w, https:\/\/portail.reseaubibart.inha.fr\/wp-content\/uploads\/2025\/03\/pexels-nurseryart-363766-300x300.jpg 300w, https:\/\/portail.reseaubibart.inha.fr\/wp-content\/uploads\/2025\/03\/pexels-nurseryart-363766-1024x1024.jpg 1024w, https:\/\/portail.reseaubibart.inha.fr\/wp-content\/uploads\/2025\/03\/pexels-nurseryart-363766-150x150.jpg 150w, https:\/\/portail.reseaubibart.inha.fr\/wp-content\/uploads\/2025\/03\/pexels-nurseryart-363766-768x768.jpg 768w, https:\/\/portail.reseaubibart.inha.fr\/wp-content\/uploads\/2025\/03\/pexels-nurseryart-363766-1536x1536.jpg 1536w, https:\/\/portail.reseaubibart.inha.fr\/wp-content\/uploads\/2025\/03\/pexels-nurseryart-363766-2048x2048.jpg 2048w\" sizes=\"auto, (max-width: 2421px) 100vw, 2421px\" \/><\/figure>\n\n\n\n<h3 class=\"wp-block-heading\"><a href=\"https:\/\/portail.reseaubibart.inha.fr\/?page_id=382\" data-type=\"page\" data-id=\"382\">Ressources en ligne<\/a><\/h3>\n\n\n\n<p class=\"has-medium-font-size\">Parcourez notre s\u00e9lection de ressources en ligne sur les domaines de l&rsquo;art et de l&rsquo;histoire de l&rsquo;art.<\/p>\n<\/div>\n\n\n\n<div class=\"wp-block-column is-layout-flow wp-block-column-is-layout-flow\">\n<figure class=\"wp-block-image size-full\" style=\"margin-bottom:24px\"><a href=\"https:\/\/reseaubibart.inha.fr\/map#\/carte\/@46.54,-1.03,6z?cat=all\"><img loading=\"lazy\" decoding=\"async\" width=\"699\" height=\"699\" src=\"https:\/\/bibart.inha.fr\/wp-content\/uploads\/2025\/03\/Screenshot-2024-11-15-at-14-46-55-Reseau-BibArt-Carte-des-bibliotheques.png\" alt=\"\" class=\"wp-image-12\" style=\"aspect-ratio:4\/3;object-fit:cover\" srcset=\"https:\/\/portail.reseaubibart.inha.fr\/wp-content\/uploads\/2025\/03\/Screenshot-2024-11-15-at-14-46-55-Reseau-BibArt-Carte-des-bibliotheques.png 699w, https:\/\/portail.reseaubibart.inha.fr\/wp-content\/uploads\/2025\/03\/Screenshot-2024-11-15-at-14-46-55-Reseau-BibArt-Carte-des-bibliotheques-300x300.png 300w, https:\/\/portail.reseaubibart.inha.fr\/wp-content\/uploads\/2025\/03\/Screenshot-2024-11-15-at-14-46-55-Reseau-BibArt-Carte-des-bibliotheques-150x150.png 150w\" sizes=\"auto, (max-width: 699px) 100vw, 699px\" \/><\/a><\/figure>\n\n\n\n<h3 class=\"wp-block-heading\"><a href=\"https:\/\/reseaubibart.inha.fr\/map#\/carte\/@46.54,-1.03,6z?cat=all\" target=\"_blank\" rel=\"noreferrer noopener\">Cartographie du r\u00e9seau<\/a><\/h3>\n\n\n\n<p class=\"has-medium-font-size\">Parcourez notre outil de cartographie, qui recense toutes les biblioth\u00e8ques du r\u00e9seau.<\/p>\n<\/div>\n<\/div>\n<\/div>\n\n\n\n<div class=\"wp-block-group alignfull has-accent-5-background-color has-background has-global-padding is-layout-constrained wp-container-core-group-is-layout-08655630 wp-block-group-is-layout-constrained\" style=\"margin-top:0;margin-bottom:0;padding-top:var(--wp--preset--spacing--80);padding-bottom:var(--wp--preset--spacing--80)\">\n<div class=\"wp-block-group alignwide is-layout-flow wp-block-group-is-layout-flow\">\n<h2 class=\"wp-block-heading has-text-align-center is-style-text-display is-style-text-display--2\">Des questions ?<\/h2>\n\n\n\n<div class=\"wp-block-buttons is-content-justification-center is-layout-flex wp-container-core-buttons-is-layout-a89b3969 wp-block-buttons-is-layout-flex\">\n<div class=\"wp-block-button is-style-outline is-style-outline--3\"><a class=\"wp-block-button__link wp-element-button\" href=\"https:\/\/portail.reseaubibart.inha.fr\/?page_id=269\"><span class=\"wp-rich-text-font-awesome-icon wp-font-awesome-icon\"><svg aria-hidden=\"true\" focusable=\"false\" data-prefix=\"far\" data-icon=\"circle-question\" class=\"svg-inline--fa fa-circle-question \" role=\"img\" xmlns=\"http:\/\/www.w3.org\/2000\/svg\" viewBox=\"0 0 512 512\"><path fill=\"currentColor\" d=\"M464 256A208 208 0 1 0 48 256a208 208 0 1 0 416 0zM0 256a256 256 0 1 1 512 0A256 256 0 1 1 0 256zm169.8-90.7c7.9-22.3 29.1-37.3 52.8-37.3l58.3 0c34.9 0 63.1 28.3 63.1 63.1c0 22.6-12.1 43.5-31.7 54.8L280 264.4c-.2 13-10.9 23.6-24 23.6c-13.3 0-24-10.7-24-24l0-13.5c0-8.6 4.6-16.5 12.1-20.8l44.3-25.4c4.7-2.7 7.6-7.7 7.6-13.1c0-8.4-6.8-15.1-15.1-15.1l-58.3 0c-3.4 0-6.4 2.1-7.5 5.3l-.4 1.2c-4.4 12.5-18.2 19-30.6 14.6s-19-18.2-14.6-30.6l.4-1.2zM224 352a32 32 0 1 1 64 0 32 32 0 1 1 -64 0z\"><\/path><\/svg><\/span> Consulter la FAQ<\/a><\/div>\n<\/div>\n\n\n\n<p class=\"has-text-align-center\">Pour nous adresser un message, contactez-nous par courriel :<\/p>\n\n\n\n<div class=\"wp-block-buttons is-content-justification-center is-layout-flex wp-container-core-buttons-is-layout-a89b3969 wp-block-buttons-is-layout-flex\">\n<div class=\"wp-block-button is-style-outline is-style-outline--4\"><a class=\"wp-block-button__link wp-element-button\" href=\"mailto: contact-reseaubibart@inha.fr\" target=\"_blank\" rel=\"noreferrer noopener\"><span class=\"wp-rich-text-font-awesome-icon wp-font-awesome-icon\"><svg aria-hidden=\"true\" focusable=\"false\" data-prefix=\"far\" data-icon=\"envelope\" class=\"svg-inline--fa fa-envelope \" role=\"img\" xmlns=\"http:\/\/www.w3.org\/2000\/svg\" viewBox=\"0 0 512 512\"><path fill=\"currentColor\" d=\"M64 112c-8.8 0-16 7.2-16 16l0 22.1L220.5 291.7c20.7 17 50.4 17 71.1 0L464 150.1l0-22.1c0-8.8-7.2-16-16-16L64 112zM48 212.2L48 384c0 8.8 7.2 16 16 16l384 0c8.8 0 16-7.2 16-16l0-171.8L322 328.8c-38.4 31.5-93.7 31.5-132 0L48 212.2zM0 128C0 92.7 28.7 64 64 64l384 0c35.3 0 64 28.7 64 64l0 256c0 35.3-28.7 64-64 64L64 448c-35.3 0-64-28.7-64-64L0 128z\"><\/path><\/svg><\/span> R\u00e9seau BibArt<\/a><\/div>\n<\/div>\n\n\n\n<p class=\"has-text-align-center\">Pour toute demande concernant les r\u00e9seaux partenaires, vous pouvez vous rendre sur leurs pages de contact respectives :<\/p>\n\n\n\n<div class=\"wp-block-buttons is-content-justification-center is-layout-flex wp-container-core-buttons-is-layout-a89b3969 wp-block-buttons-is-layout-flex\">\n<div class=\"wp-block-button is-style-outline is-style-outline--5\"><a class=\"wp-block-button__link wp-element-button\" href=\"https:\/\/www.archires.archi.fr\/index\/formulairecontact\" target=\"_blank\" rel=\"noreferrer noopener\"><span class=\"wp-rich-text-font-awesome-icon wp-font-awesome-icon\"><svg aria-hidden=\"true\" focusable=\"false\" data-prefix=\"far\" data-icon=\"envelope\" class=\"svg-inline--fa fa-envelope \" role=\"img\" xmlns=\"http:\/\/www.w3.org\/2000\/svg\" viewBox=\"0 0 512 512\"><path fill=\"currentColor\" d=\"M64 112c-8.8 0-16 7.2-16 16l0 22.1L220.5 291.7c20.7 17 50.4 17 71.1 0L464 150.1l0-22.1c0-8.8-7.2-16-16-16L64 112zM48 212.2L48 384c0 8.8 7.2 16 16 16l384 0c8.8 0 16-7.2 16-16l0-171.8L322 328.8c-38.4 31.5-93.7 31.5-132 0L48 212.2zM0 128C0 92.7 28.7 64 64 64l384 0c35.3 0 64 28.7 64 64l0 256c0 35.3-28.7 64-64 64L64 448c-35.3 0-64-28.7-64-64L0 128z\"><\/path><\/svg><\/span> Archir\u00e8s<\/a><\/div>\n\n\n\n<div class=\"wp-block-button is-style-outline is-style-outline--6\"><a class=\"wp-block-button__link wp-element-button\" href=\"https:\/\/www.bsad.eu\/index.php?lvl=cmspage&amp;pageid=6&amp;id_rubrique=184\" target=\"_blank\" rel=\"noreferrer noopener\"><span class=\"wp-rich-text-font-awesome-icon wp-font-awesome-icon\"><svg aria-hidden=\"true\" focusable=\"false\" data-prefix=\"far\" data-icon=\"envelope\" class=\"svg-inline--fa fa-envelope \" role=\"img\" xmlns=\"http:\/\/www.w3.org\/2000\/svg\" viewBox=\"0 0 512 512\"><path fill=\"currentColor\" d=\"M64 112c-8.8 0-16 7.2-16 16l0 22.1L220.5 291.7c20.7 17 50.4 17 71.1 0L464 150.1l0-22.1c0-8.8-7.2-16-16-16L64 112zM48 212.2L48 384c0 8.8 7.2 16 16 16l384 0c8.8 0 16-7.2 16-16l0-171.8L322 328.8c-38.4 31.5-93.7 31.5-132 0L48 212.2zM0 128C0 92.7 28.7 64 64 64l384 0c35.3 0 64 28.7 64 64l0 256c0 35.3-28.7 64-64 64L64 448c-35.3 0-64-28.7-64-64L0 128z\"><\/path><\/svg><\/span> BEAR<\/a><\/div>\n\n\n\n<div class=\"wp-block-button is-style-outline is-style-outline--7\"><a class=\"wp-block-button__link wp-element-button\" href=\"https:\/\/c2rmf.fr\/contact\" target=\"_blank\" rel=\"noreferrer noopener\"><span class=\"wp-rich-text-font-awesome-icon wp-font-awesome-icon\"><svg aria-hidden=\"true\" focusable=\"false\" data-prefix=\"far\" data-icon=\"envelope\" class=\"svg-inline--fa fa-envelope \" role=\"img\" xmlns=\"http:\/\/www.w3.org\/2000\/svg\" viewBox=\"0 0 512 512\"><path fill=\"currentColor\" d=\"M64 112c-8.8 0-16 7.2-16 16l0 22.1L220.5 291.7c20.7 17 50.4 17 71.1 0L464 150.1l0-22.1c0-8.8-7.2-16-16-16L64 112zM48 212.2L48 384c0 8.8 7.2 16 16 16l384 0c8.8 0 16-7.2 16-16l0-171.8L322 328.8c-38.4 31.5-93.7 31.5-132 0L48 212.2zM0 128C0 92.7 28.7 64 64 64l384 0c35.3 0 64 28.7 64 64l0 256c0 35.3-28.7 64-64 64L64 448c-35.3 0-64-28.7-64-64L0 128z\"><\/path><\/svg><\/span> RBMN<\/a><\/div>\n<\/div>\n<\/div>\n<\/div>\n\n\n\n<p><\/p>\n","protected":false},"excerpt":{"rendered":"<p>Le r\u00e9seau des biblioth\u00e8ques d\u2019art et d\u2019histoire de l\u2019art, appel\u00e9 r\u00e9seau BibArt, est un r\u00e9seau professionnel rassemblant plus de 130 biblioth\u00e8ques sp\u00e9cialis\u00e9es en histoire de l\u2019art, patrimoine et arch\u00e9ologie. Il est compos\u00e9 de r\u00e9seaux partenaires (ArchiR\u00e8s, BEAR, RBMN) et de biblioth\u00e8ques hors r\u00e9seaux partenaires, de statuts et tutelles vari\u00e9s. Le r\u00e9seau est anim\u00e9 et pilot\u00e9 [&hellip;]<\/p>\n","protected":false},"author":1,"featured_media":0,"parent":0,"menu_order":0,"comment_status":"closed","ping_status":"closed","template":"","meta":{"footnotes":""},"class_list":["post-6","page","type-page","status-publish","hentry"],"_links":{"self":[{"href":"https:\/\/portail.reseaubibart.inha.fr\/index.php?rest_route=\/wp\/v2\/pages\/6","targetHints":{"allow":["GET"]}}],"collection":[{"href":"https:\/\/portail.reseaubibart.inha.fr\/index.php?rest_route=\/wp\/v2\/pages"}],"about":[{"href":"https:\/\/portail.reseaubibart.inha.fr\/index.php?rest_route=\/wp\/v2\/types\/page"}],"author":[{"embeddable":true,"href":"https:\/\/portail.reseaubibart.inha.fr\/index.php?rest_route=\/wp\/v2\/users\/1"}],"replies":[{"embeddable":true,"href":"https:\/\/portail.reseaubibart.inha.fr\/index.php?rest_route=%2Fwp%2Fv2%2Fcomments&post=6"}],"version-history":[{"count":95,"href":"https:\/\/portail.reseaubibart.inha.fr\/index.php?rest_route=\/wp\/v2\/pages\/6\/revisions"}],"predecessor-version":[{"id":4014,"href":"https:\/\/portail.reseaubibart.inha.fr\/index.php?rest_route=\/wp\/v2\/pages\/6\/revisions\/4014"}],"wp:attachment":[{"href":"https:\/\/portail.reseaubibart.inha.fr\/index.php?rest_route=%2Fwp%2Fv2%2Fmedia&parent=6"}],"curies":[{"name":"wp","href":"https:\/\/api.w.org\/{rel}","templated":true}]}}