{"id":620,"date":"2025-03-26T14:19:42","date_gmt":"2025-03-26T13:19:42","guid":{"rendered":"https:\/\/bibart.inha.fr\/?page_id=620"},"modified":"2025-10-08T16:13:18","modified_gmt":"2025-10-08T14:13:18","slug":"rencontre-bibart-2020","status":"publish","type":"page","link":"https:\/\/portail.reseaubibart.inha.fr\/?page_id=620","title":{"rendered":"Rencontre Bibart 2020"},"content":{"rendered":"\n<h2 class=\"wp-block-heading alignwide has-text-align-left is-style-text-subtitle has-x-large-font-size is-style-text-subtitle--1\">Visionner les interventions<\/h2>\n\n\n\n<div class=\"wp-block-group alignfull has-global-padding is-layout-constrained wp-container-core-group-is-layout-ebee8dc1 wp-block-group-is-layout-constrained\" style=\"margin-top:0;margin-bottom:0;padding-top:var(--wp--preset--spacing--50);padding-bottom:var(--wp--preset--spacing--50)\">\n<div class=\"wp-block-group alignwide is-layout-grid wp-container-core-group-is-layout-1ce758a5 wp-block-group-is-layout-grid\">\n<figure class=\"wp-block-embed is-type-video is-provider-youtube wp-block-embed-youtube wp-embed-aspect-16-9 wp-has-aspect-ratio\"><div class=\"wp-block-embed__wrapper\">\n<iframe loading=\"lazy\" title=\"Journ\u00e9e d&#039;\u00e9tudes l Rencontre des biblioth\u00e8ques d\u2019art et d\u2019histoire de l\u2019art 1\/4\" width=\"500\" height=\"281\" src=\"https:\/\/www.youtube.com\/embed\/hRGWxYFG3Ug?start=918&#038;feature=oembed\" frameborder=\"0\" allow=\"accelerometer; autoplay; clipboard-write; encrypted-media; gyroscope; picture-in-picture; web-share\" referrerpolicy=\"strict-origin-when-cross-origin\" allowfullscreen><\/iframe>\n<\/div><figcaption class=\"wp-element-caption\"><strong>La politique documentaire ou une formalisation n\u00e9cessaire<\/strong><br>David B\u00e9don (responsable de la biblioth\u00e8que municipale Maurice Genevoix \u00e0 Eaubonne)<br><a href=\"https:\/\/bibart.inha.fr\/wp-content\/uploads\/2025\/03\/David-Bedon_presentation_compressed-1.pdf\">Support de David B\u00e9don (PDF, 420 Ko)<\/a><br><br><br><br><\/figcaption><\/figure>\n\n\n\n<figure class=\"wp-block-embed is-type-video is-provider-youtube wp-block-embed-youtube wp-embed-aspect-16-9 wp-has-aspect-ratio\"><div class=\"wp-block-embed__wrapper\">\n<iframe loading=\"lazy\" title=\"Journ\u00e9e d&#039;\u00e9tudes l Rencontre des biblioth\u00e8ques d\u2019art et d\u2019histoire de l\u2019art 1\/4\" width=\"500\" height=\"281\" src=\"https:\/\/www.youtube.com\/embed\/hRGWxYFG3Ug?start=3045&#038;feature=oembed\" frameborder=\"0\" allow=\"accelerometer; autoplay; clipboard-write; encrypted-media; gyroscope; picture-in-picture; web-share\" referrerpolicy=\"strict-origin-when-cross-origin\" allowfullscreen><\/iframe>\n<\/div><figcaption class=\"wp-element-caption\"><strong>Les outils de la politique documentaire<\/strong><br>Claire Nguyen (responsable du service de la politique documentaire, service commun de documentation, universit\u00e9 Paris Dauphine \/ PSL)<br><a href=\"https:\/\/bibart.inha.fr\/wp-content\/uploads\/2025\/03\/INHA-24-novembre-2020_Claire-N_copie.pdf\">Support de Claire Nguyen (PDF, 1889 Ko)<\/a><\/figcaption><\/figure>\n\n\n\n<figure class=\"wp-block-embed is-type-video is-provider-youtube wp-block-embed-youtube wp-embed-aspect-16-9 wp-has-aspect-ratio\"><div class=\"wp-block-embed__wrapper\">\n<iframe loading=\"lazy\" title=\"Journ\u00e9e d&#039;\u00e9tudes l Rencontre des biblioth\u00e8ques d\u2019art et d\u2019histoire de l\u2019art 2\/4\" width=\"500\" height=\"281\" src=\"https:\/\/www.youtube.com\/embed\/xlmKxxyCF_8?feature=oembed\" frameborder=\"0\" allow=\"accelerometer; autoplay; clipboard-write; encrypted-media; gyroscope; picture-in-picture; web-share\" referrerpolicy=\"strict-origin-when-cross-origin\" allowfullscreen><\/iframe>\n<\/div><figcaption class=\"wp-element-caption\"><strong>Les enjeux d\u2019une politique documentaire en r\u00e9seau<\/strong><br>J\u00e9r\u00f4me Pouchol (directeur de la politique documentaire et des syst\u00e8mes d\u2019information du r\u00e9seau des m\u00e9diath\u00e8ques Ouest Provence)<br><a href=\"https:\/\/bibart.inha.fr\/wp-content\/uploads\/2025\/03\/Enjeux-politique-documentaire-en-reseau-Jerome-Pouchol_compressed.pdf\">Support de J\u00e9r\u00f4me Pouchol (PDF, 1333 Ko)<\/a><\/figcaption><\/figure>\n\n\n\n<figure class=\"wp-block-embed is-type-video is-provider-youtube wp-block-embed-youtube wp-embed-aspect-16-9 wp-has-aspect-ratio\"><div class=\"wp-block-embed__wrapper\">\n<iframe loading=\"lazy\" title=\"Journ\u00e9e d&#039;\u00e9tudes l Rencontre des biblioth\u00e8ques d\u2019art et d\u2019histoire de l\u2019art 3\/4\" width=\"500\" height=\"281\" src=\"https:\/\/www.youtube.com\/embed\/2HdUa_Ll6ao?feature=oembed\" frameborder=\"0\" allow=\"accelerometer; autoplay; clipboard-write; encrypted-media; gyroscope; picture-in-picture; web-share\" referrerpolicy=\"strict-origin-when-cross-origin\" allowfullscreen><\/iframe>\n<\/div><figcaption class=\"wp-element-caption\"><strong>\u00c9vocation du projet de portail des biblioth\u00e8ques d\u2019art et d\u2019histoire de l\u2019art<\/strong><br>J\u00e9r\u00f4me Bessi\u00e8re (directeur adjoint du d\u00e9partement de la biblioth\u00e8que et de la documentation de l\u2019INHA) et Anne Cardinael (responsable de la coop\u00e9ration avec le r\u00e9seau des biblioth\u00e8ques d\u2019art, d\u00e9partement de la biblioth\u00e8que et de la documentation de de l\u2019INHA)<br><a href=\"https:\/\/bibart.inha.fr\/wp-content\/uploads\/2025\/03\/Bessiere-jerome-projet-portail-1.pdf\">Support de J\u00e9r\u00f4me Bessi\u00e8re (PDF, 868 Ko)<\/a><\/figcaption><\/figure>\n\n\n\n<figure class=\"wp-block-embed is-type-video is-provider-youtube wp-block-embed-youtube wp-embed-aspect-16-9 wp-has-aspect-ratio\"><div class=\"wp-block-embed__wrapper\">\n<iframe loading=\"lazy\" title=\"Journ\u00e9e d&#039;\u00e9tudes l Rencontre des biblioth\u00e8ques d\u2019art et d\u2019histoire de l\u2019art 3\/4\" width=\"500\" height=\"281\" src=\"https:\/\/www.youtube.com\/embed\/2HdUa_Ll6ao?start=1967&#038;feature=oembed\" frameborder=\"0\" allow=\"accelerometer; autoplay; clipboard-write; encrypted-media; gyroscope; picture-in-picture; web-share\" referrerpolicy=\"strict-origin-when-cross-origin\" allowfullscreen><\/iframe>\n<\/div><figcaption class=\"wp-element-caption\"><strong>Le changement dans la continuit\u00e9\u2026 quelques r\u00e9flexions au sujet de la refonte de la charte documentaire de la biblioth\u00e8que du Mus\u00e9e des Arts d\u00e9coratifs<\/strong><br>St\u00e9phanie Rivoire (directrice de la biblioth\u00e8que et des ressources documentaires, Mus\u00e9e des Arts D\u00e9coratifs)<br><a href=\"https:\/\/bibart.inha.fr\/wp-content\/uploads\/2025\/03\/Presentation-Stephanie-Rivoire_compressed.pdf\">Support de St\u00e9phanie Rivoire (PDF, 1315 Ko)<\/a><\/figcaption><\/figure>\n\n\n\n<figure class=\"wp-block-embed is-type-video is-provider-youtube wp-block-embed-youtube wp-embed-aspect-16-9 wp-has-aspect-ratio\"><div class=\"wp-block-embed__wrapper\">\n<iframe loading=\"lazy\" title=\"Journ\u00e9e d&#039;\u00e9tudes l Rencontre des biblioth\u00e8ques d\u2019art et d\u2019histoire de l\u2019art 3\/4\" width=\"500\" height=\"281\" src=\"https:\/\/www.youtube.com\/embed\/2HdUa_Ll6ao?start=3819&#038;feature=oembed\" frameborder=\"0\" allow=\"accelerometer; autoplay; clipboard-write; encrypted-media; gyroscope; picture-in-picture; web-share\" referrerpolicy=\"strict-origin-when-cross-origin\" allowfullscreen><\/iframe>\n<\/div><figcaption class=\"wp-element-caption\"><strong>La charte documentaire des collections courantes de l\u2019INHA<\/strong><br>Christophe Thomet (chef du service du d\u00e9veloppement des collections, d\u00e9partement de la biblioth\u00e8que et de la documentation de l\u2019INHA)<br><a href=\"https:\/\/bibart.inha.fr\/wp-content\/uploads\/2025\/03\/Charte-des-collections-courantes-INHA-Christophe-Thomet.pdf\">Texte de Christophe Thomet (PDF, 506 Ko)<\/a><br><\/figcaption><\/figure>\n\n\n\n<figure class=\"wp-block-embed is-type-video is-provider-youtube wp-block-embed-youtube wp-embed-aspect-16-9 wp-has-aspect-ratio\"><div class=\"wp-block-embed__wrapper\">\n<iframe loading=\"lazy\" title=\"Journ\u00e9e d&#039;\u00e9tudes l Rencontre des biblioth\u00e8ques d\u2019art et d\u2019histoire de l\u2019art 4\/4\" width=\"500\" height=\"281\" src=\"https:\/\/www.youtube.com\/embed\/2l2hsvof0t8?start=3819&#038;feature=oembed\" frameborder=\"0\" allow=\"accelerometer; autoplay; clipboard-write; encrypted-media; gyroscope; picture-in-picture; web-share\" referrerpolicy=\"strict-origin-when-cross-origin\" allowfullscreen><\/iframe>\n<\/div><figcaption class=\"wp-element-caption\"><strong>La charte documentaire du d\u00e9partement Litt\u00e9rature et art de la BnF<\/strong><br>Florence Leleu (adjointe au directeur du d\u00e9partement Litt\u00e9rature et art de la BnF)<br><a href=\"https:\/\/bibart.inha.fr\/wp-content\/uploads\/2025\/03\/Presentation-Florence-Leleu.pdf\">Support de Florence Leleu (PDF, 289 Ko)<\/a><\/figcaption><\/figure>\n\n\n\n<figure class=\"wp-block-embed is-type-video is-provider-youtube wp-block-embed-youtube wp-embed-aspect-16-9 wp-has-aspect-ratio wp-container-content-98e6c26e\"><div class=\"wp-block-embed__wrapper\">\n<iframe loading=\"lazy\" title=\"Journ\u00e9e d&#039;\u00e9tudes l Rencontre des biblioth\u00e8ques d\u2019art et d\u2019histoire de l\u2019art 4\/4\" width=\"500\" height=\"281\" src=\"https:\/\/www.youtube.com\/embed\/2l2hsvof0t8?start=4281&#038;feature=oembed\" frameborder=\"0\" allow=\"accelerometer; autoplay; clipboard-write; encrypted-media; gyroscope; picture-in-picture; web-share\" referrerpolicy=\"strict-origin-when-cross-origin\" allowfullscreen><\/iframe>\n<\/div><figcaption class=\"wp-element-caption\"><strong>La charte documentaire des collections patrimoniales de l\u2019INHA<\/strong><br>Caroline Fieschi (cheffe du service patrimoine, d\u00e9partement de la biblioth\u00e8que et de la documentation de l\u2019INHA)<br><a href=\"https:\/\/bibart.inha.fr\/wp-content\/uploads\/2025\/03\/Presentation-Caroline-Fieschi.pdf\">Support de Caroline Fieschi (PDF, 587 Ko)<\/a><\/figcaption><\/figure>\n<\/div>\n<\/div>\n\n\n\n<h2 class=\"wp-block-heading\">Programme de la rencontre<\/h2>\n\n\n\n<div data-wp-interactive=\"core\/file\" class=\"wp-block-file\"><object data-wp-bind--hidden=\"!state.hasPdfPreview\" hidden class=\"wp-block-file__embed\" data=\"https:\/\/bibart.inha.fr\/wp-content\/uploads\/2025\/03\/programme-Rencontre-2020-visioconference.pdf\" type=\"application\/pdf\" style=\"width:100%;height:600px\" aria-label=\"Contenu embarqu\u00e9 programme Rencontre 2020 visioconfe\u0301rence.\"><\/object><a id=\"wp-block-file--media-91b0a381-c8f1-468b-b061-9f67549c4067\" href=\"https:\/\/bibart.inha.fr\/wp-content\/uploads\/2025\/03\/programme-Rencontre-2020-visioconference.pdf\">programme Rencontre 2020 visioconfe\u0301rence<\/a><a href=\"https:\/\/bibart.inha.fr\/wp-content\/uploads\/2025\/03\/programme-Rencontre-2020-visioconference.pdf\" class=\"wp-block-file__button wp-element-button\" download aria-describedby=\"wp-block-file--media-91b0a381-c8f1-468b-b061-9f67549c4067\">T\u00e9l\u00e9charger<\/a><\/div>\n","protected":false},"excerpt":{"rendered":"<p>Visionner les interventions Programme de la rencontre<\/p>\n","protected":false},"author":1,"featured_media":0,"parent":142,"menu_order":1,"comment_status":"closed","ping_status":"closed","template":"","meta":{"footnotes":""},"class_list":["post-620","page","type-page","status-publish","hentry"],"_links":{"self":[{"href":"https:\/\/portail.reseaubibart.inha.fr\/index.php?rest_route=\/wp\/v2\/pages\/620","targetHints":{"allow":["GET"]}}],"collection":[{"href":"https:\/\/portail.reseaubibart.inha.fr\/index.php?rest_route=\/wp\/v2\/pages"}],"about":[{"href":"https:\/\/portail.reseaubibart.inha.fr\/index.php?rest_route=\/wp\/v2\/types\/page"}],"author":[{"embeddable":true,"href":"https:\/\/portail.reseaubibart.inha.fr\/index.php?rest_route=\/wp\/v2\/users\/1"}],"replies":[{"embeddable":true,"href":"https:\/\/portail.reseaubibart.inha.fr\/index.php?rest_route=%2Fwp%2Fv2%2Fcomments&post=620"}],"version-history":[{"count":9,"href":"https:\/\/portail.reseaubibart.inha.fr\/index.php?rest_route=\/wp\/v2\/pages\/620\/revisions"}],"predecessor-version":[{"id":4020,"href":"https:\/\/portail.reseaubibart.inha.fr\/index.php?rest_route=\/wp\/v2\/pages\/620\/revisions\/4020"}],"up":[{"embeddable":true,"href":"https:\/\/portail.reseaubibart.inha.fr\/index.php?rest_route=\/wp\/v2\/pages\/142"}],"wp:attachment":[{"href":"https:\/\/portail.reseaubibart.inha.fr\/index.php?rest_route=%2Fwp%2Fv2%2Fmedia&parent=620"}],"curies":[{"name":"wp","href":"https:\/\/api.w.org\/{rel}","templated":true}]}}